{"id":14512,"date":"2024-09-12T12:03:51","date_gmt":"2024-09-12T08:03:51","guid":{"rendered":"https:\/\/www.casinomauritius.mu\/conditions-dutilisation\/"},"modified":"2025-04-10T09:16:18","modified_gmt":"2025-04-10T05:16:18","slug":"conditions-dutilisation","status":"publish","type":"page","link":"https:\/\/www.casinomauritius.mu\/fr\/conditions-dutilisation\/","title":{"rendered":"Conditions d&rsquo;utilisation"},"content":{"rendered":"<div class=\"wpb-content-wrapper\"><p>[vc_row][vc_column][vc_empty_space][vc_column_text]<\/p>\n<h1>Conditions d&rsquo;utilisation<\/h1>\n<p><strong>Conditions<\/strong><\/p>\n<p>En acc\u00e9dant \u00e0 <a href=\"https:\/\/www.casinomauritius.mu\/fr\/\">casinomauritius.mu<\/a>, vous acceptez d&rsquo;\u00eatre li\u00e9 par les pr\u00e9sentes conditions d&rsquo;utilisation, par toutes les lois et r\u00e9glementations applicables, et vous acceptez d&rsquo;\u00eatre responsable du respect de toutes les lois locales applicables. Si vous n&rsquo;\u00eates pas d&rsquo;accord avec l&rsquo;une de ces conditions, il vous est interdit d&rsquo;utiliser ce site ou d&rsquo;y acc\u00e9der. Le mat\u00e9riel contenu dans ce site web est prot\u00e9g\u00e9 par la l\u00e9gislation applicable en mati\u00e8re de droits d&rsquo;auteur et de marques d\u00e9pos\u00e9es.<\/p>\n<p><strong>Licence d&rsquo;utilisation<\/strong><\/p>\n<p>Il est permis de t\u00e9l\u00e9charger temporairement des copies du mat\u00e9riel (informations ou logiciels) sur le site casinomauritius.mu \u00e0 des fins de visualisation transitoire personnelle et non commerciale. Il s&rsquo;agit de l&rsquo;octroi d&rsquo;une licence et non d&rsquo;un transfert de titre, et en vertu de cette licence, vous ne pouvez pas.. :<\/p>\n<ul>\n<li>modifier ou copier le mat\u00e9riel ;<\/li>\n<li>utiliser le mat\u00e9riel \u00e0 des fins commerciales ou pour une pr\u00e9sentation publique (commerciale ou non) ;<\/li>\n<\/ul>\n<p>Tenter de d\u00e9compiler ou de d\u00e9sosser tout logiciel contenu sur le site casinomauritius.mu ;<\/p>\n<ul>\n<li>supprimer toute mention de droit d&rsquo;auteur ou autre mention de propri\u00e9t\u00e9 du mat\u00e9riel ; ou<\/li>\n<li>de transf\u00e9rer le mat\u00e9riel \u00e0 une autre personne ou de cr\u00e9er un \u00ab\u00a0miroir\u00a0\u00bb du mat\u00e9riel sur un autre serveur.<\/li>\n<li>Cette licence sera automatiquement r\u00e9sili\u00e9e si vous violez l&rsquo;une de ces restrictions et peut \u00eatre r\u00e9sili\u00e9e par casinomauritius.mu \u00e0 tout moment. Lorsque vous cessez de consulter ces documents ou lorsque la pr\u00e9sente licence prend fin, vous devez d\u00e9truire tous les documents t\u00e9l\u00e9charg\u00e9s en votre possession, qu&rsquo;ils soient sous forme \u00e9lectronique ou imprim\u00e9e.<\/li>\n<\/ul>\n<p><strong>Licences de tiers<\/strong><\/p>\n<p>L&rsquo;octroi de licences pour les jeux se fait par le biais d&rsquo;accords avec les fournisseurs de logiciels de jeux.<\/p>\n<p><strong>Clause de non-responsabilit\u00e9<\/strong><\/p>\n<p>Le contenu du site casinomauritius.mu est fourni \u00ab\u00a0en l&rsquo;\u00e9tat\u00a0\u00bb. casinomauritius.mu ne donne aucune garantie, expresse ou implicite, et rejette par la pr\u00e9sente toutes les autres garanties, y compris, sans limitation, les garanties ou conditions implicites de qualit\u00e9 marchande, d&rsquo;ad\u00e9quation \u00e0 un usage particulier, ou de non-violation de la propri\u00e9t\u00e9 intellectuelle ou d&rsquo;autres violations des droits. En outre, casinomauritius.mu ne garantit pas et ne fait aucune d\u00e9claration concernant l&rsquo;exactitude, les r\u00e9sultats probables ou la fiabilit\u00e9 de l&rsquo;utilisation des documents sur son site Web ou concernant ces documents ou tout autre site li\u00e9 \u00e0 ce site.<\/p>\n<p><strong>Limites<\/strong><\/p>\n<p>En aucun cas casinomauritius.mu ou ses fournisseurs ne seront responsables des dommages (y compris, mais sans s&rsquo;y limiter, les dommages li\u00e9s \u00e0 la perte de donn\u00e9es ou de b\u00e9n\u00e9fices, ou \u00e0 l&rsquo;interruption d&rsquo;activit\u00e9) r\u00e9sultant de l&rsquo;utilisation ou de l&rsquo;impossibilit\u00e9 d&rsquo;utiliser les documents de casinomauritius.mu, m\u00eame si le repr\u00e9sentant autoris\u00e9 de casinomauritius.mu a \u00e9t\u00e9 inform\u00e9 oralement ou par \u00e9crit de la possibilit\u00e9 de tels dommages. Comme certaines juridictions n&rsquo;autorisent pas les limitations sur les garanties implicites ou les limitations de responsabilit\u00e9 pour les dommages cons\u00e9cutifs ou accidentels, ces limitations peuvent ne pas s&rsquo;appliquer \u00e0 vous.<\/p>\n<p><strong>R\u00e9visions et errata<\/strong><\/p>\n<p>Les documents figurant sur ce site web peuvent contenir des erreurs techniques, typographiques ou photographiques. casinomauritius.mu ne garantit pas que les documents figurant sur son site Web sont exacts, complets ou \u00e0 jour. casinomauritius.mu peut apporter des modifications au contenu de son site Internet \u00e0 tout moment et sans pr\u00e9avis.<\/p>\n<p><strong>Liens<\/strong><\/p>\n<p>casinomauritius.mu n&rsquo;a pas examin\u00e9 tous les sites li\u00e9s \u00e0 son site Web et n&rsquo;est pas responsable du contenu de ces sites li\u00e9s. L&rsquo;utilisation de ces contenus li\u00e9s se fait aux risques et p\u00e9rils de l&rsquo;utilisateur.<\/p>\n<p><strong>Modifications des conditions d&rsquo;utilisation du site<\/strong><\/p>\n<p>casinomauritius.mu peut r\u00e9viser les pr\u00e9sentes conditions d&rsquo;utilisation de son site Internet \u00e0 tout moment et sans pr\u00e9avis. En utilisant ce site web, vous acceptez d&rsquo;\u00eatre li\u00e9 par la version en vigueur de ces conditions d&rsquo;utilisation.<\/p>\n<p><strong>Conditions g\u00e9n\u00e9rales d&rsquo;utilisation<\/strong><\/p>\n<p>Conditions g\u00e9n\u00e9rales applicables \u00e0 l&rsquo;utilisation du site casinomauritius.mu.<\/p>\n<p>Les pr\u00e9sentes conditions g\u00e9n\u00e9rales ont \u00e9t\u00e9 modifi\u00e9es pour la derni\u00e8re fois le 22 juillet 2020<sup>.<\/sup><\/p>\n<p>La derni\u00e8re r\u00e9vision de ces conditions g\u00e9n\u00e9rales a eu lieu le<sup>22<\/sup> juillet 2020.[\/vc_column_text][\/vc_column][\/vc_row]<\/p>\n<\/div>","protected":false},"excerpt":{"rendered":"<p> [&hellip;]<\/p>\n","protected":false},"author":1,"featured_media":0,"parent":0,"menu_order":0,"comment_status":"closed","ping_status":"closed","template":"","meta":{"site-sidebar-layout":"no-sidebar","site-content-layout":"plain-container","ast-site-content-layout":"normal-width-container","site-content-style":"unboxed","site-sidebar-style":"unboxed","ast-global-header-display":"","ast-banner-title-visibility":"","ast-main-header-display":"","ast-hfb-above-header-display":"","ast-hfb-below-header-display":"","ast-hfb-mobile-header-display":"","site-post-title":"disabled","ast-breadcrumbs-content":"","ast-featured-img":"disabled","footer-sml-layout":"","ast-disable-related-posts":"","theme-transparent-header-meta":"default","adv-header-id-meta":"","stick-header-meta":"default","header-above-stick-meta":"","header-main-stick-meta":"","header-below-stick-meta":"","astra-migrate-meta-layouts":"set","ast-page-background-enabled":"default","ast-page-background-meta":{"desktop":{"background-color":"","background-image":"","background-repeat":"repeat","background-position":"center center","background-size":"auto","background-attachment":"scroll","background-type":"","background-media":"","overlay-type":"","overlay-color":"","overlay-opacity":"","overlay-gradient":""},"tablet":{"background-color":"","background-image":"","background-repeat":"repeat","background-position":"center center","background-size":"auto","background-attachment":"scroll","background-type":"","background-media":"","overlay-type":"","overlay-color":"","overlay-opacity":"","overlay-gradient":""},"mobile":{"background-color":"","background-image":"","background-repeat":"repeat","background-position":"center center","background-size":"auto","background-attachment":"scroll","background-type":"","background-media":"","overlay-type":"","overlay-color":"","overlay-opacity":"","overlay-gradient":""}},"ast-content-background-meta":{"desktop":{"background-color":"var(--ast-global-color-5)","background-image":"","background-repeat":"repeat","background-position":"center center","background-size":"auto","background-attachment":"scroll","background-type":"","background-media":"","overlay-type":"","overlay-color":"","overlay-opacity":"","overlay-gradient":""},"tablet":{"background-color":"var(--ast-global-color-5)","background-image":"","background-repeat":"repeat","background-position":"center center","background-size":"auto","background-attachment":"scroll","background-type":"","background-media":"","overlay-type":"","overlay-color":"","overlay-opacity":"","overlay-gradient":""},"mobile":{"background-color":"var(--ast-global-color-5)","background-image":"","background-repeat":"repeat","background-position":"center center","background-size":"auto","background-attachment":"scroll","background-type":"","background-media":"","overlay-type":"","overlay-color":"","overlay-opacity":"","overlay-gradient":""}},"footnotes":""},"categories":[],"tags":[],"class_list":["post-14512","page","type-page","status-publish","hentry"],"yoast_head":"<!-- This site is optimized with the Yoast SEO plugin v27.4 - https:\/\/yoast.com\/product\/yoast-seo-wordpress\/ -->\n<title>Conditions d&#039;utilisation - Casino de l&#039;\u00eele Maurice<\/title>\n<meta name=\"description\" content=\"Lisez attentivement nos Conditions d&#039;utilisation pour comprendre vos droits, responsabilit\u00e9s et les r\u00e8gles applicables sur Casino Mauritius.\" \/>\n<meta name=\"robots\" content=\"index, follow, max-snippet:-1, max-image-preview:large, max-video-preview:-1\" \/>\n<link rel=\"canonical\" href=\"https:\/\/www.casinomauritius.mu\/fr\/conditions-dutilisation\/\" \/>\n<meta property=\"og:locale\" content=\"fr_FR\" \/>\n<meta property=\"og:type\" content=\"article\" \/>\n<meta property=\"og:title\" content=\"Conditions d&#039;utilisation - Casino de l&#039;\u00eele Maurice\" \/>\n<meta property=\"og:description\" content=\"Lisez attentivement nos Conditions d&#039;utilisation pour comprendre vos droits, responsabilit\u00e9s et les r\u00e8gles applicables sur Casino Mauritius.\" \/>\n<meta property=\"og:url\" content=\"https:\/\/www.casinomauritius.mu\/fr\/conditions-dutilisation\/\" \/>\n<meta property=\"og:site_name\" content=\"Casino de l&#039;\u00eele Maurice\" \/>\n<meta property=\"article:modified_time\" content=\"2025-04-10T05:16:18+00:00\" \/>\n<meta name=\"twitter:card\" content=\"summary_large_image\" \/>\n<meta name=\"twitter:label1\" content=\"Dur\u00e9e de lecture estim\u00e9e\" \/>\n\t<meta name=\"twitter:data1\" content=\"3 minutes\" \/>\n<script type=\"application\/ld+json\" class=\"yoast-schema-graph\">{\"@context\":\"https:\\\/\\\/schema.org\",\"@graph\":[{\"@type\":\"WebPage\",\"@id\":\"https:\\\/\\\/www.casinomauritius.mu\\\/fr\\\/conditions-dutilisation\\\/\",\"url\":\"https:\\\/\\\/www.casinomauritius.mu\\\/fr\\\/conditions-dutilisation\\\/\",\"name\":\"Conditions d'utilisation - Casino de l'\u00eele Maurice\",\"isPartOf\":{\"@id\":\"https:\\\/\\\/www.casinomauritius.mu\\\/fr\\\/#website\"},\"datePublished\":\"2024-09-12T08:03:51+00:00\",\"dateModified\":\"2025-04-10T05:16:18+00:00\",\"description\":\"Lisez attentivement nos Conditions d'utilisation pour comprendre vos droits, responsabilit\u00e9s et les r\u00e8gles applicables sur Casino Mauritius.\",\"breadcrumb\":{\"@id\":\"https:\\\/\\\/www.casinomauritius.mu\\\/fr\\\/conditions-dutilisation\\\/#breadcrumb\"},\"inLanguage\":\"fr-FR\",\"potentialAction\":[{\"@type\":\"ReadAction\",\"target\":[\"https:\\\/\\\/www.casinomauritius.mu\\\/fr\\\/conditions-dutilisation\\\/\"]}]},{\"@type\":\"BreadcrumbList\",\"@id\":\"https:\\\/\\\/www.casinomauritius.mu\\\/fr\\\/conditions-dutilisation\\\/#breadcrumb\",\"itemListElement\":[{\"@type\":\"ListItem\",\"position\":1,\"name\":\"Home\",\"item\":\"https:\\\/\\\/www.casinomauritius.mu\\\/fr\\\/\"},{\"@type\":\"ListItem\",\"position\":2,\"name\":\"Conditions d'utilisation\"}]},{\"@type\":\"WebSite\",\"@id\":\"https:\\\/\\\/www.casinomauritius.mu\\\/fr\\\/#website\",\"url\":\"https:\\\/\\\/www.casinomauritius.mu\\\/fr\\\/\",\"name\":\"Casino de l'\u00eele Maurice\",\"description\":\"Venez le c\u0153ur plein, repartez le portefeuille plein\",\"publisher\":{\"@id\":\"https:\\\/\\\/www.casinomauritius.mu\\\/fr\\\/#organization\"},\"potentialAction\":[{\"@type\":\"SearchAction\",\"target\":{\"@type\":\"EntryPoint\",\"urlTemplate\":\"https:\\\/\\\/www.casinomauritius.mu\\\/fr\\\/?s={search_term_string}\"},\"query-input\":{\"@type\":\"PropertyValueSpecification\",\"valueRequired\":true,\"valueName\":\"search_term_string\"}}],\"inLanguage\":\"fr-FR\"},{\"@type\":\"Organization\",\"@id\":\"https:\\\/\\\/www.casinomauritius.mu\\\/fr\\\/#organization\",\"name\":\"Casino de l'\u00eele Maurice\",\"url\":\"https:\\\/\\\/www.casinomauritius.mu\\\/fr\\\/\",\"logo\":{\"@type\":\"ImageObject\",\"inLanguage\":\"fr-FR\",\"@id\":\"https:\\\/\\\/www.casinomauritius.mu\\\/fr\\\/#\\\/schema\\\/logo\\\/image\\\/\",\"url\":\"https:\\\/\\\/www.casinomauritius.mu\\\/wp-content\\\/uploads\\\/2020\\\/06\\\/Casino_Mauritius_Logo-01.png\",\"contentUrl\":\"https:\\\/\\\/www.casinomauritius.mu\\\/wp-content\\\/uploads\\\/2020\\\/06\\\/Casino_Mauritius_Logo-01.png\",\"width\":200,\"height\":63,\"caption\":\"Casino de l'\u00eele Maurice\"},\"image\":{\"@id\":\"https:\\\/\\\/www.casinomauritius.mu\\\/fr\\\/#\\\/schema\\\/logo\\\/image\\\/\"}}]}<\/script>\n<!-- \/ Yoast SEO plugin. -->","yoast_head_json":{"title":"Conditions d'utilisation - Casino de l'\u00eele Maurice","description":"Lisez attentivement nos Conditions d'utilisation pour comprendre vos droits, responsabilit\u00e9s et les r\u00e8gles applicables sur Casino Mauritius.","robots":{"index":"index","follow":"follow","max-snippet":"max-snippet:-1","max-image-preview":"max-image-preview:large","max-video-preview":"max-video-preview:-1"},"canonical":"https:\/\/www.casinomauritius.mu\/fr\/conditions-dutilisation\/","og_locale":"fr_FR","og_type":"article","og_title":"Conditions d'utilisation - Casino de l'\u00eele Maurice","og_description":"Lisez attentivement nos Conditions d'utilisation pour comprendre vos droits, responsabilit\u00e9s et les r\u00e8gles applicables sur Casino Mauritius.","og_url":"https:\/\/www.casinomauritius.mu\/fr\/conditions-dutilisation\/","og_site_name":"Casino de l'\u00eele Maurice","article_modified_time":"2025-04-10T05:16:18+00:00","twitter_card":"summary_large_image","twitter_misc":{"Dur\u00e9e de lecture estim\u00e9e":"3 minutes"},"schema":{"@context":"https:\/\/schema.org","@graph":[{"@type":"WebPage","@id":"https:\/\/www.casinomauritius.mu\/fr\/conditions-dutilisation\/","url":"https:\/\/www.casinomauritius.mu\/fr\/conditions-dutilisation\/","name":"Conditions d'utilisation - Casino de l'\u00eele Maurice","isPartOf":{"@id":"https:\/\/www.casinomauritius.mu\/fr\/#website"},"datePublished":"2024-09-12T08:03:51+00:00","dateModified":"2025-04-10T05:16:18+00:00","description":"Lisez attentivement nos Conditions d'utilisation pour comprendre vos droits, responsabilit\u00e9s et les r\u00e8gles applicables sur Casino Mauritius.","breadcrumb":{"@id":"https:\/\/www.casinomauritius.mu\/fr\/conditions-dutilisation\/#breadcrumb"},"inLanguage":"fr-FR","potentialAction":[{"@type":"ReadAction","target":["https:\/\/www.casinomauritius.mu\/fr\/conditions-dutilisation\/"]}]},{"@type":"BreadcrumbList","@id":"https:\/\/www.casinomauritius.mu\/fr\/conditions-dutilisation\/#breadcrumb","itemListElement":[{"@type":"ListItem","position":1,"name":"Home","item":"https:\/\/www.casinomauritius.mu\/fr\/"},{"@type":"ListItem","position":2,"name":"Conditions d'utilisation"}]},{"@type":"WebSite","@id":"https:\/\/www.casinomauritius.mu\/fr\/#website","url":"https:\/\/www.casinomauritius.mu\/fr\/","name":"Casino de l'\u00eele Maurice","description":"Venez le c\u0153ur plein, repartez le portefeuille plein","publisher":{"@id":"https:\/\/www.casinomauritius.mu\/fr\/#organization"},"potentialAction":[{"@type":"SearchAction","target":{"@type":"EntryPoint","urlTemplate":"https:\/\/www.casinomauritius.mu\/fr\/?s={search_term_string}"},"query-input":{"@type":"PropertyValueSpecification","valueRequired":true,"valueName":"search_term_string"}}],"inLanguage":"fr-FR"},{"@type":"Organization","@id":"https:\/\/www.casinomauritius.mu\/fr\/#organization","name":"Casino de l'\u00eele Maurice","url":"https:\/\/www.casinomauritius.mu\/fr\/","logo":{"@type":"ImageObject","inLanguage":"fr-FR","@id":"https:\/\/www.casinomauritius.mu\/fr\/#\/schema\/logo\/image\/","url":"https:\/\/www.casinomauritius.mu\/wp-content\/uploads\/2020\/06\/Casino_Mauritius_Logo-01.png","contentUrl":"https:\/\/www.casinomauritius.mu\/wp-content\/uploads\/2020\/06\/Casino_Mauritius_Logo-01.png","width":200,"height":63,"caption":"Casino de l'\u00eele Maurice"},"image":{"@id":"https:\/\/www.casinomauritius.mu\/fr\/#\/schema\/logo\/image\/"}}]}},"_links":{"self":[{"href":"https:\/\/www.casinomauritius.mu\/fr\/wp-json\/wp\/v2\/pages\/14512","targetHints":{"allow":["GET"]}}],"collection":[{"href":"https:\/\/www.casinomauritius.mu\/fr\/wp-json\/wp\/v2\/pages"}],"about":[{"href":"https:\/\/www.casinomauritius.mu\/fr\/wp-json\/wp\/v2\/types\/page"}],"author":[{"embeddable":true,"href":"https:\/\/www.casinomauritius.mu\/fr\/wp-json\/wp\/v2\/users\/1"}],"replies":[{"embeddable":true,"href":"https:\/\/www.casinomauritius.mu\/fr\/wp-json\/wp\/v2\/comments?post=14512"}],"version-history":[{"count":1,"href":"https:\/\/www.casinomauritius.mu\/fr\/wp-json\/wp\/v2\/pages\/14512\/revisions"}],"predecessor-version":[{"id":20993,"href":"https:\/\/www.casinomauritius.mu\/fr\/wp-json\/wp\/v2\/pages\/14512\/revisions\/20993"}],"wp:attachment":[{"href":"https:\/\/www.casinomauritius.mu\/fr\/wp-json\/wp\/v2\/media?parent=14512"}],"wp:term":[{"taxonomy":"category","embeddable":true,"href":"https:\/\/www.casinomauritius.mu\/fr\/wp-json\/wp\/v2\/categories?post=14512"},{"taxonomy":"post_tag","embeddable":true,"href":"https:\/\/www.casinomauritius.mu\/fr\/wp-json\/wp\/v2\/tags?post=14512"}],"curies":[{"name":"wp","href":"https:\/\/api.w.org\/{rel}","templated":true}]}}