{"id":14565,"date":"2024-09-12T10:53:31","date_gmt":"2024-09-12T06:53:31","guid":{"rendered":"https:\/\/www.casinomauritius.mu\/politique-de-confidentialite\/"},"modified":"2025-09-26T15:02:03","modified_gmt":"2025-09-26T11:02:03","slug":"politique-de-confidentialite","status":"publish","type":"page","link":"https:\/\/www.casinomauritius.mu\/fr\/politique-de-confidentialite\/","title":{"rendered":"Politique de confidentialit\u00e9"},"content":{"rendered":"<div class=\"wpb-content-wrapper\"><p>[vc_row][vc_column][vc_empty_space][vc_column_text]<\/p>\n<h1>Politique de confidentialit\u00e9<\/h1>\n<p><strong>Quelles informations collectons-nous ?<\/strong><\/p>\n<p>Nous collectons des informations sur les visiteurs de notre site <a href=\"https:\/\/www.casinomauritius.mu\/fr\/\">casinomauritius.mu<\/a> via Google Analytics et la Search Console. Aucune information personnelle n&rsquo;est collect\u00e9e. <\/p>\n<p><strong>\u00c0 quoi servent vos informations ?<\/strong><\/p>\n<p>Toutes les informations que nous recueillons aupr\u00e8s de vous peuvent \u00eatre utilis\u00e9es de l&rsquo;une des mani\u00e8res suivantes : Pour personnaliser votre exp\u00e9rience (vos informations nous aident \u00e0 mieux r\u00e9pondre \u00e0 vos besoins individuels)<\/p>\n<p><strong>Comment prot\u00e9geons-nous vos informations ?<\/strong><\/p>\n<p>Bien que nous ne stockions aucune de vos informations personnelles, lorsque vous utilisez notre site, celles-ci sont s\u00e9curis\u00e9es via le protocole SSL.<\/p>\n<p><strong>Utilisons-nous des cookies ?<\/strong><\/p>\n<p>Oui (les cookies sont de petits fichiers qu&rsquo;un site ou son fournisseur de services transf\u00e8re sur le disque dur de votre ordinateur via votre navigateur Web (si vous l&rsquo;autorisez) qui permettent aux sites ou aux syst\u00e8mes des fournisseurs de services de reconna\u00eetre votre navigateur et de capturer et de m\u00e9moriser certaines informations.<\/p>\n<p><strong>Divulguons-nous des informations \u00e0 des tiers ?<\/strong><\/p>\n<p>Nous ne vendons, n&rsquo;\u00e9changeons ni ne transf\u00e9rons aucune information \u00e0 des tiers. Ceci n&rsquo;inclut pas les tiers de confiance qui nous aident \u00e0 exploiter notre site, \u00e0 mener nos activit\u00e9s ou \u00e0 vous fournir des services, \u00e0 condition que ces tiers s&rsquo;engagent \u00e0 pr\u00e9server la confidentialit\u00e9 de ces informations. Nous pouvons \u00e9galement divulguer vos informations lorsque nous estimons que cela est n\u00e9cessaire pour respecter la loi, appliquer les politiques de notre application ou prot\u00e9ger nos droits, notre propri\u00e9t\u00e9 ou notre s\u00e9curit\u00e9, ou ceux d&rsquo;autrui. Cependant, des informations non personnelles concernant les visiteurs peuvent \u00eatre communiqu\u00e9es \u00e0 des tiers \u00e0 des fins marketing, publicitaires ou autres.   <\/p>\n<p><strong>Liens tiers<\/strong><\/p>\n<p>Nous pouvons occasionnellement, \u00e0 notre discr\u00e9tion, inclure ou proposer des jeux ou services tiers sur notre site web. Ces applications tierces disposent de politiques de confidentialit\u00e9 distinctes et ind\u00e9pendantes. Par cons\u00e9quent, nous d\u00e9clinons toute responsabilit\u00e9 quant au contenu et aux activit\u00e9s de ces sites li\u00e9s. N\u00e9anmoins, nous nous effor\u00e7ons de prot\u00e9ger l&rsquo;int\u00e9grit\u00e9 de notre site web et nous invitons tout commentaire concernant ces applications \u00e0 nous faire part de vos commentaires.   <\/p>\n<p><strong>Conformit\u00e9 \u00e0 la loi sur la protection de la vie priv\u00e9e des enfants en ligne<\/strong><\/p>\n<p>Nous respectons les exigences de la loi COPPA (Childrens Online Privacy Protection Act) et ne collectons aucune information aupr\u00e8s des personnes de moins de 18 ans. Notre application, nos produits et nos services sont destin\u00e9s aux personnes \u00e2g\u00e9es de 18 ans ou plus. <\/p>\n<p><strong>Politique de confidentialit\u00e9 en ligne uniquement<\/strong><\/p>\n<p>Cette politique de confidentialit\u00e9 en ligne s&rsquo;applique uniquement aux informations collect\u00e9es via casinomauritius.mu et non aux informations collect\u00e9es hors ligne.<\/p>\n<p><strong>Votre consentement<\/strong><\/p>\n<p>En utilisant notre site Web, vous consentez \u00e0 notre politique de confidentialit\u00e9.<\/p>\n<p><strong>Modifications de notre politique de confidentialit\u00e9<\/strong><\/p>\n<p>Si nous d\u00e9cidons de modifier notre politique de confidentialit\u00e9, nous publierons ces modifications sur cette page.<\/p>\n<p>Cette politique a \u00e9t\u00e9 modifi\u00e9e pour la derni\u00e8re fois le <sup>22 juillet 2020<\/sup>.<\/p>\n<p>Pour toute question concernant notre site Web, veuillez envoyer un e-mail \u00e0 info@casinomauritius.mu<\/p>\n<p>[\/vc_column_text][\/vc_column][\/vc_row]<\/p>\n<\/div>","protected":false},"excerpt":{"rendered":"<p> [&hellip;]<\/p>\n","protected":false},"author":1,"featured_media":0,"parent":0,"menu_order":0,"comment_status":"closed","ping_status":"closed","template":"","meta":{"site-sidebar-layout":"no-sidebar","site-content-layout":"plain-container","ast-site-content-layout":"normal-width-container","site-content-style":"unboxed","site-sidebar-style":"unboxed","ast-global-header-display":"","ast-banner-title-visibility":"","ast-main-header-display":"","ast-hfb-above-header-display":"","ast-hfb-below-header-display":"","ast-hfb-mobile-header-display":"","site-post-title":"disabled","ast-breadcrumbs-content":"","ast-featured-img":"disabled","footer-sml-layout":"","ast-disable-related-posts":"","theme-transparent-header-meta":"default","adv-header-id-meta":"","stick-header-meta":"default","header-above-stick-meta":"","header-main-stick-meta":"","header-below-stick-meta":"","astra-migrate-meta-layouts":"default","ast-page-background-enabled":"default","ast-page-background-meta":{"desktop":{"background-color":"","background-image":"","background-repeat":"repeat","background-position":"center center","background-size":"auto","background-attachment":"scroll","background-type":"","background-media":"","overlay-type":"","overlay-color":"","overlay-opacity":"","overlay-gradient":""},"tablet":{"background-color":"","background-image":"","background-repeat":"repeat","background-position":"center center","background-size":"auto","background-attachment":"scroll","background-type":"","background-media":"","overlay-type":"","overlay-color":"","overlay-opacity":"","overlay-gradient":""},"mobile":{"background-color":"","background-image":"","background-repeat":"repeat","background-position":"center center","background-size":"auto","background-attachment":"scroll","background-type":"","background-media":"","overlay-type":"","overlay-color":"","overlay-opacity":"","overlay-gradient":""}},"ast-content-background-meta":{"desktop":{"background-color":"var(--ast-global-color-5)","background-image":"","background-repeat":"repeat","background-position":"center center","background-size":"auto","background-attachment":"scroll","background-type":"","background-media":"","overlay-type":"","overlay-color":"","overlay-opacity":"","overlay-gradient":""},"tablet":{"background-color":"var(--ast-global-color-5)","background-image":"","background-repeat":"repeat","background-position":"center center","background-size":"auto","background-attachment":"scroll","background-type":"","background-media":"","overlay-type":"","overlay-color":"","overlay-opacity":"","overlay-gradient":""},"mobile":{"background-color":"var(--ast-global-color-5)","background-image":"","background-repeat":"repeat","background-position":"center center","background-size":"auto","background-attachment":"scroll","background-type":"","background-media":"","overlay-type":"","overlay-color":"","overlay-opacity":"","overlay-gradient":""}},"footnotes":""},"categories":[],"tags":[],"class_list":["post-14565","page","type-page","status-publish","hentry"],"yoast_head":"<!-- This site is optimized with the Yoast SEO plugin v27.4 - https:\/\/yoast.com\/product\/yoast-seo-wordpress\/ -->\n<title>Politique de confidentialit\u00e9 - Casino de l&#039;\u00eele Maurice<\/title>\n<meta name=\"description\" content=\"Lisez la politique de confidentialit\u00e9 du Casino Mauritius pour comprendre comment vos donn\u00e9es sont collect\u00e9es, prot\u00e9g\u00e9es et utilis\u00e9es en toute s\u00e9curit\u00e9.\" \/>\n<meta name=\"robots\" content=\"index, follow, max-snippet:-1, max-image-preview:large, max-video-preview:-1\" \/>\n<link rel=\"canonical\" href=\"https:\/\/www.casinomauritius.mu\/fr\/politique-de-confidentialite\/\" \/>\n<meta property=\"og:locale\" content=\"fr_FR\" \/>\n<meta property=\"og:type\" content=\"article\" \/>\n<meta property=\"og:title\" content=\"Politique de confidentialit\u00e9 - Casino de l&#039;\u00eele Maurice\" \/>\n<meta property=\"og:description\" content=\"Lisez la politique de confidentialit\u00e9 du Casino Mauritius pour comprendre comment vos donn\u00e9es sont collect\u00e9es, prot\u00e9g\u00e9es et utilis\u00e9es en toute s\u00e9curit\u00e9.\" \/>\n<meta property=\"og:url\" content=\"https:\/\/www.casinomauritius.mu\/fr\/politique-de-confidentialite\/\" \/>\n<meta property=\"og:site_name\" content=\"Casino de l&#039;\u00eele Maurice\" \/>\n<meta property=\"article:modified_time\" content=\"2025-09-26T11:02:03+00:00\" \/>\n<meta name=\"twitter:card\" content=\"summary_large_image\" \/>\n<meta name=\"twitter:label1\" content=\"Dur\u00e9e de lecture estim\u00e9e\" \/>\n\t<meta name=\"twitter:data1\" content=\"2 minutes\" \/>\n<script type=\"application\/ld+json\" class=\"yoast-schema-graph\">{\"@context\":\"https:\\\/\\\/schema.org\",\"@graph\":[{\"@type\":\"WebPage\",\"@id\":\"https:\\\/\\\/www.casinomauritius.mu\\\/fr\\\/politique-de-confidentialite\\\/\",\"url\":\"https:\\\/\\\/www.casinomauritius.mu\\\/fr\\\/politique-de-confidentialite\\\/\",\"name\":\"Politique de confidentialit\u00e9 - Casino de l'\u00eele Maurice\",\"isPartOf\":{\"@id\":\"https:\\\/\\\/www.casinomauritius.mu\\\/fr\\\/#website\"},\"datePublished\":\"2024-09-12T06:53:31+00:00\",\"dateModified\":\"2025-09-26T11:02:03+00:00\",\"description\":\"Lisez la politique de confidentialit\u00e9 du Casino Mauritius pour comprendre comment vos donn\u00e9es sont collect\u00e9es, prot\u00e9g\u00e9es et utilis\u00e9es en toute s\u00e9curit\u00e9.\",\"breadcrumb\":{\"@id\":\"https:\\\/\\\/www.casinomauritius.mu\\\/fr\\\/politique-de-confidentialite\\\/#breadcrumb\"},\"inLanguage\":\"fr-FR\",\"potentialAction\":[{\"@type\":\"ReadAction\",\"target\":[\"https:\\\/\\\/www.casinomauritius.mu\\\/fr\\\/politique-de-confidentialite\\\/\"]}]},{\"@type\":\"BreadcrumbList\",\"@id\":\"https:\\\/\\\/www.casinomauritius.mu\\\/fr\\\/politique-de-confidentialite\\\/#breadcrumb\",\"itemListElement\":[{\"@type\":\"ListItem\",\"position\":1,\"name\":\"Home\",\"item\":\"https:\\\/\\\/www.casinomauritius.mu\\\/fr\\\/\"},{\"@type\":\"ListItem\",\"position\":2,\"name\":\"Politique de confidentialit\u00e9\"}]},{\"@type\":\"WebSite\",\"@id\":\"https:\\\/\\\/www.casinomauritius.mu\\\/fr\\\/#website\",\"url\":\"https:\\\/\\\/www.casinomauritius.mu\\\/fr\\\/\",\"name\":\"Casino de l'\u00eele Maurice\",\"description\":\"Venez le c\u0153ur plein, repartez le portefeuille plein\",\"publisher\":{\"@id\":\"https:\\\/\\\/www.casinomauritius.mu\\\/fr\\\/#organization\"},\"potentialAction\":[{\"@type\":\"SearchAction\",\"target\":{\"@type\":\"EntryPoint\",\"urlTemplate\":\"https:\\\/\\\/www.casinomauritius.mu\\\/fr\\\/?s={search_term_string}\"},\"query-input\":{\"@type\":\"PropertyValueSpecification\",\"valueRequired\":true,\"valueName\":\"search_term_string\"}}],\"inLanguage\":\"fr-FR\"},{\"@type\":\"Organization\",\"@id\":\"https:\\\/\\\/www.casinomauritius.mu\\\/fr\\\/#organization\",\"name\":\"Casino de l'\u00eele Maurice\",\"url\":\"https:\\\/\\\/www.casinomauritius.mu\\\/fr\\\/\",\"logo\":{\"@type\":\"ImageObject\",\"inLanguage\":\"fr-FR\",\"@id\":\"https:\\\/\\\/www.casinomauritius.mu\\\/fr\\\/#\\\/schema\\\/logo\\\/image\\\/\",\"url\":\"https:\\\/\\\/www.casinomauritius.mu\\\/wp-content\\\/uploads\\\/2020\\\/06\\\/Casino_Mauritius_Logo-01.png\",\"contentUrl\":\"https:\\\/\\\/www.casinomauritius.mu\\\/wp-content\\\/uploads\\\/2020\\\/06\\\/Casino_Mauritius_Logo-01.png\",\"width\":200,\"height\":63,\"caption\":\"Casino de l'\u00eele Maurice\"},\"image\":{\"@id\":\"https:\\\/\\\/www.casinomauritius.mu\\\/fr\\\/#\\\/schema\\\/logo\\\/image\\\/\"}}]}<\/script>\n<!-- \/ Yoast SEO plugin. -->","yoast_head_json":{"title":"Politique de confidentialit\u00e9 - Casino de l'\u00eele Maurice","description":"Lisez la politique de confidentialit\u00e9 du Casino Mauritius pour comprendre comment vos donn\u00e9es sont collect\u00e9es, prot\u00e9g\u00e9es et utilis\u00e9es en toute s\u00e9curit\u00e9.","robots":{"index":"index","follow":"follow","max-snippet":"max-snippet:-1","max-image-preview":"max-image-preview:large","max-video-preview":"max-video-preview:-1"},"canonical":"https:\/\/www.casinomauritius.mu\/fr\/politique-de-confidentialite\/","og_locale":"fr_FR","og_type":"article","og_title":"Politique de confidentialit\u00e9 - Casino de l'\u00eele Maurice","og_description":"Lisez la politique de confidentialit\u00e9 du Casino Mauritius pour comprendre comment vos donn\u00e9es sont collect\u00e9es, prot\u00e9g\u00e9es et utilis\u00e9es en toute s\u00e9curit\u00e9.","og_url":"https:\/\/www.casinomauritius.mu\/fr\/politique-de-confidentialite\/","og_site_name":"Casino de l'\u00eele Maurice","article_modified_time":"2025-09-26T11:02:03+00:00","twitter_card":"summary_large_image","twitter_misc":{"Dur\u00e9e de lecture estim\u00e9e":"2 minutes"},"schema":{"@context":"https:\/\/schema.org","@graph":[{"@type":"WebPage","@id":"https:\/\/www.casinomauritius.mu\/fr\/politique-de-confidentialite\/","url":"https:\/\/www.casinomauritius.mu\/fr\/politique-de-confidentialite\/","name":"Politique de confidentialit\u00e9 - Casino de l'\u00eele Maurice","isPartOf":{"@id":"https:\/\/www.casinomauritius.mu\/fr\/#website"},"datePublished":"2024-09-12T06:53:31+00:00","dateModified":"2025-09-26T11:02:03+00:00","description":"Lisez la politique de confidentialit\u00e9 du Casino Mauritius pour comprendre comment vos donn\u00e9es sont collect\u00e9es, prot\u00e9g\u00e9es et utilis\u00e9es en toute s\u00e9curit\u00e9.","breadcrumb":{"@id":"https:\/\/www.casinomauritius.mu\/fr\/politique-de-confidentialite\/#breadcrumb"},"inLanguage":"fr-FR","potentialAction":[{"@type":"ReadAction","target":["https:\/\/www.casinomauritius.mu\/fr\/politique-de-confidentialite\/"]}]},{"@type":"BreadcrumbList","@id":"https:\/\/www.casinomauritius.mu\/fr\/politique-de-confidentialite\/#breadcrumb","itemListElement":[{"@type":"ListItem","position":1,"name":"Home","item":"https:\/\/www.casinomauritius.mu\/fr\/"},{"@type":"ListItem","position":2,"name":"Politique de confidentialit\u00e9"}]},{"@type":"WebSite","@id":"https:\/\/www.casinomauritius.mu\/fr\/#website","url":"https:\/\/www.casinomauritius.mu\/fr\/","name":"Casino de l'\u00eele Maurice","description":"Venez le c\u0153ur plein, repartez le portefeuille plein","publisher":{"@id":"https:\/\/www.casinomauritius.mu\/fr\/#organization"},"potentialAction":[{"@type":"SearchAction","target":{"@type":"EntryPoint","urlTemplate":"https:\/\/www.casinomauritius.mu\/fr\/?s={search_term_string}"},"query-input":{"@type":"PropertyValueSpecification","valueRequired":true,"valueName":"search_term_string"}}],"inLanguage":"fr-FR"},{"@type":"Organization","@id":"https:\/\/www.casinomauritius.mu\/fr\/#organization","name":"Casino de l'\u00eele Maurice","url":"https:\/\/www.casinomauritius.mu\/fr\/","logo":{"@type":"ImageObject","inLanguage":"fr-FR","@id":"https:\/\/www.casinomauritius.mu\/fr\/#\/schema\/logo\/image\/","url":"https:\/\/www.casinomauritius.mu\/wp-content\/uploads\/2020\/06\/Casino_Mauritius_Logo-01.png","contentUrl":"https:\/\/www.casinomauritius.mu\/wp-content\/uploads\/2020\/06\/Casino_Mauritius_Logo-01.png","width":200,"height":63,"caption":"Casino de l'\u00eele Maurice"},"image":{"@id":"https:\/\/www.casinomauritius.mu\/fr\/#\/schema\/logo\/image\/"}}]}},"_links":{"self":[{"href":"https:\/\/www.casinomauritius.mu\/fr\/wp-json\/wp\/v2\/pages\/14565","targetHints":{"allow":["GET"]}}],"collection":[{"href":"https:\/\/www.casinomauritius.mu\/fr\/wp-json\/wp\/v2\/pages"}],"about":[{"href":"https:\/\/www.casinomauritius.mu\/fr\/wp-json\/wp\/v2\/types\/page"}],"author":[{"embeddable":true,"href":"https:\/\/www.casinomauritius.mu\/fr\/wp-json\/wp\/v2\/users\/1"}],"replies":[{"embeddable":true,"href":"https:\/\/www.casinomauritius.mu\/fr\/wp-json\/wp\/v2\/comments?post=14565"}],"version-history":[{"count":3,"href":"https:\/\/www.casinomauritius.mu\/fr\/wp-json\/wp\/v2\/pages\/14565\/revisions"}],"predecessor-version":[{"id":22981,"href":"https:\/\/www.casinomauritius.mu\/fr\/wp-json\/wp\/v2\/pages\/14565\/revisions\/22981"}],"wp:attachment":[{"href":"https:\/\/www.casinomauritius.mu\/fr\/wp-json\/wp\/v2\/media?parent=14565"}],"wp:term":[{"taxonomy":"category","embeddable":true,"href":"https:\/\/www.casinomauritius.mu\/fr\/wp-json\/wp\/v2\/categories?post=14565"},{"taxonomy":"post_tag","embeddable":true,"href":"https:\/\/www.casinomauritius.mu\/fr\/wp-json\/wp\/v2\/tags?post=14565"}],"curies":[{"name":"wp","href":"https:\/\/api.w.org\/{rel}","templated":true}]}}