{"id":14582,"date":"2024-09-12T08:47:43","date_gmt":"2024-09-12T04:47:43","guid":{"rendered":"https:\/\/www.casinomauritius.mu\/offres-demploi-et-de-travail-a-pagename\/"},"modified":"2025-11-13T11:41:27","modified_gmt":"2025-11-13T07:41:27","slug":"offres-demploi-et-de-travail-a-pagename","status":"publish","type":"page","link":"https:\/\/www.casinomauritius.mu\/fr\/offres-demploi-et-de-travail-a-pagename\/","title":{"rendered":"Emplois et opportunit\u00e9s de travail dans les casinos \u00e0 Maurice"},"content":{"rendered":"<div class=\"wpb-content-wrapper\"><p>[vc_row][vc_column][vc_empty_space][vc_column_text]<\/p>\n<h1>Casino Mauritius  Emplois<\/h1>\n<p>Le grand nombre de casinos \u00e0 l&rsquo;\u00eele Maurice offre de nombreuses possibilit\u00e9s d&#8217;emploi aux r\u00e9sidents et aux non-r\u00e9sidents. Vous souhaitez faire carri\u00e8re dans l&rsquo;industrie du jeu ?  <strong>Casino Mauritius <\/strong>propose r\u00e9guli\u00e8rement des <strong>postes<\/strong> de <em>caissier<\/em> \/ <em>employ\u00e9 d&rsquo;\u00e9tage<\/em> \/ <em>croupier<\/em> ou <em>croupi\u00e8re<\/em> et bien d&rsquo;autres encore.<\/p>\n<h3>Choisissez un casino et postulez \u00e0 un emploi<\/h3>\n<p>Il y a plus de 10 casinos \u00e0 Maurice. S\u00e9lectionnez un lieu dans la liste ci-dessous et contactez Casino par t\u00e9l\u00e9phone ou par e-mail. Certains postes requi\u00e8rent une exp\u00e9rience pr\u00e9alable, mais toute personne est encourag\u00e9e \u00e0 postuler (si elle n&rsquo;a pas d&rsquo;exp\u00e9rience, une formation lui sera dispens\u00e9e).<\/p>\n<p><strong>Comment augmenter vos chances d&rsquo;obtenir un entretien ?<\/strong><\/p>\n<ul>\n<li>Joignez une lettre de motivation \u00e0 votre curriculum vitae.<\/li>\n<li>Si vous ne recevez pas de r\u00e9ponse \u00e0 votre courriel dans un d\u00e9lai d&rsquo;une semaine, passez un coup de fil.<\/li>\n<li>Visitez le casino en personne et demandez le responsable des ressources humaines.<\/li>\n<li>Faites des recherches sur le casino avant de vous rendre \u00e0 un entretien.<\/li>\n<\/ul>\n<p>[\/vc_column_text][vc_column_text]<a href=\"https:\/\/www.casinomauritius.mu\/fr\/emplacement-des-casinos-a-maurice\/\"><strong>Cliquez ici pour consulter le site Casino Mauritius.<\/strong><\/a>[\/vc_column_text][\/vc_column][\/vc_row]<\/p>\n<\/div>","protected":false},"excerpt":{"rendered":"<p> [&hellip;]<\/p>\n","protected":false},"author":1,"featured_media":19251,"parent":0,"menu_order":0,"comment_status":"closed","ping_status":"closed","template":"","meta":{"site-sidebar-layout":"no-sidebar","site-content-layout":"plain-container","ast-site-content-layout":"normal-width-container","site-content-style":"unboxed","site-sidebar-style":"unboxed","ast-global-header-display":"","ast-banner-title-visibility":"","ast-main-header-display":"","ast-hfb-above-header-display":"","ast-hfb-below-header-display":"","ast-hfb-mobile-header-display":"","site-post-title":"disabled","ast-breadcrumbs-content":"","ast-featured-img":"disabled","footer-sml-layout":"","ast-disable-related-posts":"","theme-transparent-header-meta":"default","adv-header-id-meta":"","stick-header-meta":"default","header-above-stick-meta":"","header-main-stick-meta":"","header-below-stick-meta":"","astra-migrate-meta-layouts":"default","ast-page-background-enabled":"default","ast-page-background-meta":{"desktop":{"background-color":"","background-image":"","background-repeat":"repeat","background-position":"center center","background-size":"auto","background-attachment":"scroll","background-type":"","background-media":"","overlay-type":"","overlay-color":"","overlay-opacity":"","overlay-gradient":""},"tablet":{"background-color":"","background-image":"","background-repeat":"repeat","background-position":"center center","background-size":"auto","background-attachment":"scroll","background-type":"","background-media":"","overlay-type":"","overlay-color":"","overlay-opacity":"","overlay-gradient":""},"mobile":{"background-color":"","background-image":"","background-repeat":"repeat","background-position":"center center","background-size":"auto","background-attachment":"scroll","background-type":"","background-media":"","overlay-type":"","overlay-color":"","overlay-opacity":"","overlay-gradient":""}},"ast-content-background-meta":{"desktop":{"background-color":"var(--ast-global-color-5)","background-image":"","background-repeat":"repeat","background-position":"center center","background-size":"auto","background-attachment":"scroll","background-type":"","background-media":"","overlay-type":"","overlay-color":"","overlay-opacity":"","overlay-gradient":""},"tablet":{"background-color":"var(--ast-global-color-5)","background-image":"","background-repeat":"repeat","background-position":"center center","background-size":"auto","background-attachment":"scroll","background-type":"","background-media":"","overlay-type":"","overlay-color":"","overlay-opacity":"","overlay-gradient":""},"mobile":{"background-color":"var(--ast-global-color-5)","background-image":"","background-repeat":"repeat","background-position":"center center","background-size":"auto","background-attachment":"scroll","background-type":"","background-media":"","overlay-type":"","overlay-color":"","overlay-opacity":"","overlay-gradient":""}},"footnotes":""},"categories":[],"tags":[],"class_list":["post-14582","page","type-page","status-publish","has-post-thumbnail","hentry"],"yoast_head":"<!-- This site is optimized with the Yoast SEO plugin v27.4 - https:\/\/yoast.com\/product\/yoast-seo-wordpress\/ -->\n<title>Emplois et opportunit\u00e9s de travail dans les casinos \u00e0 Maurice - Casino de l&#039;\u00eele Maurice<\/title>\n<meta name=\"description\" content=\"D\u00e9couvrez les offres d&#039;emploi et les opportunit\u00e9s de carri\u00e8re passionnantes propos\u00e9es par Casino Mauritius, avec divers postes \u00e0 pourvoir. Rejoignez notre \u00e9quipe dynamique d\u00e8s aujourd&#039;hui !\" \/>\n<meta name=\"robots\" content=\"index, follow, max-snippet:-1, max-image-preview:large, max-video-preview:-1\" \/>\n<link rel=\"canonical\" href=\"https:\/\/www.casinomauritius.mu\/fr\/offres-demploi-et-de-travail-a-pagename\/\" \/>\n<meta property=\"og:locale\" content=\"fr_FR\" \/>\n<meta property=\"og:type\" content=\"article\" \/>\n<meta property=\"og:title\" content=\"Emplois et opportunit\u00e9s de travail dans les casinos \u00e0 Maurice - Casino de l&#039;\u00eele Maurice\" \/>\n<meta property=\"og:description\" content=\"D\u00e9couvrez les offres d&#039;emploi et les opportunit\u00e9s de carri\u00e8re passionnantes propos\u00e9es par Casino Mauritius, avec divers postes \u00e0 pourvoir. Rejoignez notre \u00e9quipe dynamique d\u00e8s aujourd&#039;hui !\" \/>\n<meta property=\"og:url\" content=\"https:\/\/www.casinomauritius.mu\/fr\/offres-demploi-et-de-travail-a-pagename\/\" \/>\n<meta property=\"og:site_name\" content=\"Casino de l&#039;\u00eele Maurice\" \/>\n<meta property=\"article:modified_time\" content=\"2025-11-13T07:41:27+00:00\" \/>\n<meta property=\"og:image\" content=\"https:\/\/www.casinomauritius.mu\/wp-content\/uploads\/2024\/10\/Jobs-and-Work-Opportunities-at-Casino-Mauritius.webp\" \/>\n\t<meta property=\"og:image:width\" content=\"1280\" \/>\n\t<meta property=\"og:image:height\" content=\"720\" \/>\n\t<meta property=\"og:image:type\" content=\"image\/webp\" \/>\n<meta name=\"twitter:card\" content=\"summary_large_image\" \/>\n<meta name=\"twitter:label1\" content=\"Dur\u00e9e de lecture estim\u00e9e\" \/>\n\t<meta name=\"twitter:data1\" content=\"1 minute\" \/>\n<script type=\"application\/ld+json\" class=\"yoast-schema-graph\">{\"@context\":\"https:\\\/\\\/schema.org\",\"@graph\":[{\"@type\":\"WebPage\",\"@id\":\"https:\\\/\\\/www.casinomauritius.mu\\\/fr\\\/offres-demploi-et-de-travail-a-pagename\\\/\",\"url\":\"https:\\\/\\\/www.casinomauritius.mu\\\/fr\\\/offres-demploi-et-de-travail-a-pagename\\\/\",\"name\":\"Emplois et opportunit\u00e9s de travail dans les casinos \u00e0 Maurice - Casino de l'\u00eele Maurice\",\"isPartOf\":{\"@id\":\"https:\\\/\\\/www.casinomauritius.mu\\\/fr\\\/#website\"},\"primaryImageOfPage\":{\"@id\":\"https:\\\/\\\/www.casinomauritius.mu\\\/fr\\\/offres-demploi-et-de-travail-a-pagename\\\/#primaryimage\"},\"image\":{\"@id\":\"https:\\\/\\\/www.casinomauritius.mu\\\/fr\\\/offres-demploi-et-de-travail-a-pagename\\\/#primaryimage\"},\"thumbnailUrl\":\"https:\\\/\\\/www.casinomauritius.mu\\\/wp-content\\\/uploads\\\/2024\\\/10\\\/Jobs-and-Work-Opportunities-at-Casino-Mauritius.webp\",\"datePublished\":\"2024-09-12T04:47:43+00:00\",\"dateModified\":\"2025-11-13T07:41:27+00:00\",\"description\":\"D\u00e9couvrez les offres d'emploi et les opportunit\u00e9s de carri\u00e8re passionnantes propos\u00e9es par Casino Mauritius, avec divers postes \u00e0 pourvoir. Rejoignez notre \u00e9quipe dynamique d\u00e8s aujourd'hui !\",\"breadcrumb\":{\"@id\":\"https:\\\/\\\/www.casinomauritius.mu\\\/fr\\\/offres-demploi-et-de-travail-a-pagename\\\/#breadcrumb\"},\"inLanguage\":\"fr-FR\",\"potentialAction\":[{\"@type\":\"ReadAction\",\"target\":[\"https:\\\/\\\/www.casinomauritius.mu\\\/fr\\\/offres-demploi-et-de-travail-a-pagename\\\/\"]}]},{\"@type\":\"ImageObject\",\"inLanguage\":\"fr-FR\",\"@id\":\"https:\\\/\\\/www.casinomauritius.mu\\\/fr\\\/offres-demploi-et-de-travail-a-pagename\\\/#primaryimage\",\"url\":\"https:\\\/\\\/www.casinomauritius.mu\\\/wp-content\\\/uploads\\\/2024\\\/10\\\/Jobs-and-Work-Opportunities-at-Casino-Mauritius.webp\",\"contentUrl\":\"https:\\\/\\\/www.casinomauritius.mu\\\/wp-content\\\/uploads\\\/2024\\\/10\\\/Jobs-and-Work-Opportunities-at-Casino-Mauritius.webp\",\"width\":1280,\"height\":720,\"caption\":\"Emplois et opportunit\u00e9s de travail au Casino Mauritius\"},{\"@type\":\"BreadcrumbList\",\"@id\":\"https:\\\/\\\/www.casinomauritius.mu\\\/fr\\\/offres-demploi-et-de-travail-a-pagename\\\/#breadcrumb\",\"itemListElement\":[{\"@type\":\"ListItem\",\"position\":1,\"name\":\"Home\",\"item\":\"https:\\\/\\\/www.casinomauritius.mu\\\/fr\\\/\"},{\"@type\":\"ListItem\",\"position\":2,\"name\":\"Emplois et opportunit\u00e9s de travail dans les casinos \u00e0 Maurice\"}]},{\"@type\":\"WebSite\",\"@id\":\"https:\\\/\\\/www.casinomauritius.mu\\\/fr\\\/#website\",\"url\":\"https:\\\/\\\/www.casinomauritius.mu\\\/fr\\\/\",\"name\":\"Casino de l'\u00eele Maurice\",\"description\":\"Venez le c\u0153ur plein, repartez le portefeuille plein\",\"publisher\":{\"@id\":\"https:\\\/\\\/www.casinomauritius.mu\\\/fr\\\/#organization\"},\"potentialAction\":[{\"@type\":\"SearchAction\",\"target\":{\"@type\":\"EntryPoint\",\"urlTemplate\":\"https:\\\/\\\/www.casinomauritius.mu\\\/fr\\\/?s={search_term_string}\"},\"query-input\":{\"@type\":\"PropertyValueSpecification\",\"valueRequired\":true,\"valueName\":\"search_term_string\"}}],\"inLanguage\":\"fr-FR\"},{\"@type\":\"Organization\",\"@id\":\"https:\\\/\\\/www.casinomauritius.mu\\\/fr\\\/#organization\",\"name\":\"Casino de l'\u00eele Maurice\",\"url\":\"https:\\\/\\\/www.casinomauritius.mu\\\/fr\\\/\",\"logo\":{\"@type\":\"ImageObject\",\"inLanguage\":\"fr-FR\",\"@id\":\"https:\\\/\\\/www.casinomauritius.mu\\\/fr\\\/#\\\/schema\\\/logo\\\/image\\\/\",\"url\":\"https:\\\/\\\/www.casinomauritius.mu\\\/wp-content\\\/uploads\\\/2020\\\/06\\\/Casino_Mauritius_Logo-01.png\",\"contentUrl\":\"https:\\\/\\\/www.casinomauritius.mu\\\/wp-content\\\/uploads\\\/2020\\\/06\\\/Casino_Mauritius_Logo-01.png\",\"width\":200,\"height\":63,\"caption\":\"Casino de l'\u00eele Maurice\"},\"image\":{\"@id\":\"https:\\\/\\\/www.casinomauritius.mu\\\/fr\\\/#\\\/schema\\\/logo\\\/image\\\/\"}}]}<\/script>\n<!-- \/ Yoast SEO plugin. -->","yoast_head_json":{"title":"Emplois et opportunit\u00e9s de travail dans les casinos \u00e0 Maurice - Casino de l'\u00eele Maurice","description":"D\u00e9couvrez les offres d'emploi et les opportunit\u00e9s de carri\u00e8re passionnantes propos\u00e9es par Casino Mauritius, avec divers postes \u00e0 pourvoir. Rejoignez notre \u00e9quipe dynamique d\u00e8s aujourd'hui !","robots":{"index":"index","follow":"follow","max-snippet":"max-snippet:-1","max-image-preview":"max-image-preview:large","max-video-preview":"max-video-preview:-1"},"canonical":"https:\/\/www.casinomauritius.mu\/fr\/offres-demploi-et-de-travail-a-pagename\/","og_locale":"fr_FR","og_type":"article","og_title":"Emplois et opportunit\u00e9s de travail dans les casinos \u00e0 Maurice - Casino de l'\u00eele Maurice","og_description":"D\u00e9couvrez les offres d'emploi et les opportunit\u00e9s de carri\u00e8re passionnantes propos\u00e9es par Casino Mauritius, avec divers postes \u00e0 pourvoir. Rejoignez notre \u00e9quipe dynamique d\u00e8s aujourd'hui !","og_url":"https:\/\/www.casinomauritius.mu\/fr\/offres-demploi-et-de-travail-a-pagename\/","og_site_name":"Casino de l'\u00eele Maurice","article_modified_time":"2025-11-13T07:41:27+00:00","og_image":[{"width":1280,"height":720,"url":"https:\/\/www.casinomauritius.mu\/wp-content\/uploads\/2024\/10\/Jobs-and-Work-Opportunities-at-Casino-Mauritius.webp","type":"image\/webp"}],"twitter_card":"summary_large_image","twitter_misc":{"Dur\u00e9e de lecture estim\u00e9e":"1 minute"},"schema":{"@context":"https:\/\/schema.org","@graph":[{"@type":"WebPage","@id":"https:\/\/www.casinomauritius.mu\/fr\/offres-demploi-et-de-travail-a-pagename\/","url":"https:\/\/www.casinomauritius.mu\/fr\/offres-demploi-et-de-travail-a-pagename\/","name":"Emplois et opportunit\u00e9s de travail dans les casinos \u00e0 Maurice - Casino de l'\u00eele Maurice","isPartOf":{"@id":"https:\/\/www.casinomauritius.mu\/fr\/#website"},"primaryImageOfPage":{"@id":"https:\/\/www.casinomauritius.mu\/fr\/offres-demploi-et-de-travail-a-pagename\/#primaryimage"},"image":{"@id":"https:\/\/www.casinomauritius.mu\/fr\/offres-demploi-et-de-travail-a-pagename\/#primaryimage"},"thumbnailUrl":"https:\/\/www.casinomauritius.mu\/wp-content\/uploads\/2024\/10\/Jobs-and-Work-Opportunities-at-Casino-Mauritius.webp","datePublished":"2024-09-12T04:47:43+00:00","dateModified":"2025-11-13T07:41:27+00:00","description":"D\u00e9couvrez les offres d'emploi et les opportunit\u00e9s de carri\u00e8re passionnantes propos\u00e9es par Casino Mauritius, avec divers postes \u00e0 pourvoir. Rejoignez notre \u00e9quipe dynamique d\u00e8s aujourd'hui !","breadcrumb":{"@id":"https:\/\/www.casinomauritius.mu\/fr\/offres-demploi-et-de-travail-a-pagename\/#breadcrumb"},"inLanguage":"fr-FR","potentialAction":[{"@type":"ReadAction","target":["https:\/\/www.casinomauritius.mu\/fr\/offres-demploi-et-de-travail-a-pagename\/"]}]},{"@type":"ImageObject","inLanguage":"fr-FR","@id":"https:\/\/www.casinomauritius.mu\/fr\/offres-demploi-et-de-travail-a-pagename\/#primaryimage","url":"https:\/\/www.casinomauritius.mu\/wp-content\/uploads\/2024\/10\/Jobs-and-Work-Opportunities-at-Casino-Mauritius.webp","contentUrl":"https:\/\/www.casinomauritius.mu\/wp-content\/uploads\/2024\/10\/Jobs-and-Work-Opportunities-at-Casino-Mauritius.webp","width":1280,"height":720,"caption":"Emplois et opportunit\u00e9s de travail au Casino Mauritius"},{"@type":"BreadcrumbList","@id":"https:\/\/www.casinomauritius.mu\/fr\/offres-demploi-et-de-travail-a-pagename\/#breadcrumb","itemListElement":[{"@type":"ListItem","position":1,"name":"Home","item":"https:\/\/www.casinomauritius.mu\/fr\/"},{"@type":"ListItem","position":2,"name":"Emplois et opportunit\u00e9s de travail dans les casinos \u00e0 Maurice"}]},{"@type":"WebSite","@id":"https:\/\/www.casinomauritius.mu\/fr\/#website","url":"https:\/\/www.casinomauritius.mu\/fr\/","name":"Casino de l'\u00eele Maurice","description":"Venez le c\u0153ur plein, repartez le portefeuille plein","publisher":{"@id":"https:\/\/www.casinomauritius.mu\/fr\/#organization"},"potentialAction":[{"@type":"SearchAction","target":{"@type":"EntryPoint","urlTemplate":"https:\/\/www.casinomauritius.mu\/fr\/?s={search_term_string}"},"query-input":{"@type":"PropertyValueSpecification","valueRequired":true,"valueName":"search_term_string"}}],"inLanguage":"fr-FR"},{"@type":"Organization","@id":"https:\/\/www.casinomauritius.mu\/fr\/#organization","name":"Casino de l'\u00eele Maurice","url":"https:\/\/www.casinomauritius.mu\/fr\/","logo":{"@type":"ImageObject","inLanguage":"fr-FR","@id":"https:\/\/www.casinomauritius.mu\/fr\/#\/schema\/logo\/image\/","url":"https:\/\/www.casinomauritius.mu\/wp-content\/uploads\/2020\/06\/Casino_Mauritius_Logo-01.png","contentUrl":"https:\/\/www.casinomauritius.mu\/wp-content\/uploads\/2020\/06\/Casino_Mauritius_Logo-01.png","width":200,"height":63,"caption":"Casino de l'\u00eele Maurice"},"image":{"@id":"https:\/\/www.casinomauritius.mu\/fr\/#\/schema\/logo\/image\/"}}]}},"_links":{"self":[{"href":"https:\/\/www.casinomauritius.mu\/fr\/wp-json\/wp\/v2\/pages\/14582","targetHints":{"allow":["GET"]}}],"collection":[{"href":"https:\/\/www.casinomauritius.mu\/fr\/wp-json\/wp\/v2\/pages"}],"about":[{"href":"https:\/\/www.casinomauritius.mu\/fr\/wp-json\/wp\/v2\/types\/page"}],"author":[{"embeddable":true,"href":"https:\/\/www.casinomauritius.mu\/fr\/wp-json\/wp\/v2\/users\/1"}],"replies":[{"embeddable":true,"href":"https:\/\/www.casinomauritius.mu\/fr\/wp-json\/wp\/v2\/comments?post=14582"}],"version-history":[{"count":3,"href":"https:\/\/www.casinomauritius.mu\/fr\/wp-json\/wp\/v2\/pages\/14582\/revisions"}],"predecessor-version":[{"id":27553,"href":"https:\/\/www.casinomauritius.mu\/fr\/wp-json\/wp\/v2\/pages\/14582\/revisions\/27553"}],"wp:featuredmedia":[{"embeddable":true,"href":"https:\/\/www.casinomauritius.mu\/fr\/wp-json\/wp\/v2\/media\/19251"}],"wp:attachment":[{"href":"https:\/\/www.casinomauritius.mu\/fr\/wp-json\/wp\/v2\/media?parent=14582"}],"wp:term":[{"taxonomy":"category","embeddable":true,"href":"https:\/\/www.casinomauritius.mu\/fr\/wp-json\/wp\/v2\/categories?post=14582"},{"taxonomy":"post_tag","embeddable":true,"href":"https:\/\/www.casinomauritius.mu\/fr\/wp-json\/wp\/v2\/tags?post=14582"}],"curies":[{"name":"wp","href":"https:\/\/api.w.org\/{rel}","templated":true}]}}