{"id":14607,"date":"2024-09-12T05:23:17","date_gmt":"2024-09-12T01:23:17","guid":{"rendered":"https:\/\/www.casinomauritius.mu\/bonus\/"},"modified":"2025-04-05T07:44:30","modified_gmt":"2025-04-05T03:44:30","slug":"bonus","status":"publish","type":"page","link":"https:\/\/www.casinomauritius.mu\/fr\/bonus\/","title":{"rendered":"Bonus"},"content":{"rendered":"<div class=\"wpb-content-wrapper\"><p>[vc_row full_width=\u00a0\u00bbstretch_row_content_no_spaces\u00a0\u00bb][vc_column][vc_single_image image=\u00a0\u00bb9957&Prime; img_size=\u00a0\u00bbfull\u00a0\u00bb alignment=\u00a0\u00bbcenter\u00a0\u00bb onclick=\u00a0\u00bbcustom_link\u00a0\u00bb link=\u00a0\u00bb\/go\/joinnow.php\u00a0\u00bb][\/vc_column][\/vc_row][vc_row][vc_column][vc_column_text css=\u00a0\u00bb\u00a0\u00bb]<\/p>\n<h1 style=\"text-align: center;\">Chance GRATUITE de toucher un jackpot garanti d&rsquo;un million de dollars ! PLUS 40 bonus suppl\u00e9mentaire pour seulement 1$ sur votre premier d\u00e9p\u00f4t !<\/h1>\n<p>[\/vc_column_text][vc_btn title=\u00a0\u00bbR\u00c9CLAMEZ VOTRE BONUS DE BIENVENUE\u00a0\u00bb color=\u00a0\u00bbwarning\u00a0\u00bb size=\u00a0\u00bbsm\u00a0\u00bb align=\u00a0\u00bbcenter\u00a0\u00bb link=\u00a0\u00bburl:%2Fgo%2Fjoin-now.php|\u00a0\u00bb][\/vc_column][\/vc_row][vc_row][vc_column][vc_separator][\/vc_column][\/vc_row][vc_row full_width=\u00a0\u00bbstretch_row\u00a0\u00bb gap=\u00a0\u00bb5&Prime; equal_height=\u00a0\u00bbyes\u00a0\u00bb content_placement=\u00a0\u00bbmiddle\u00a0\u00bb css=\u00a0\u00bb.vc_custom_1595611676171{background-color: rgba(198,198,198,0.13) !important;*background-color: rgb(198,198,198) !important;}\u00a0\u00bb][vc_column width=\u00a0\u00bb1\/2&Prime;][vc_custom_heading text=\u00a0\u00bbComment r\u00e9clamer votre bonus ?\u00a0\u00bb use_theme_fonts=\u00a0\u00bbyes\u00a0\u00bb css=\u00a0\u00bb\u00a0\u00bb font_size=\u00a0\u00bb20px\u00a0\u00bb font_weight=\u00a0\u00bbbold\u00a0\u00bb][vc_column_text css=\u00a0\u00bb\u00a0\u00bb]Cr\u00e9ez un compte <strong>GRATUIT <\/strong> sur Casino Classic et r\u00e9clamez votre <strong>BONUS GRATUIT<\/strong>.[\/vc_column_text][\/vc_column][vc_column width=\u00a0\u00bb1\/2&Prime;][vc_column_text]<\/p>\n<ol>\n<li>S&rsquo;inscrire<\/li>\n<li>D\u00e9p\u00f4t<\/li>\n<li>Commencez votre aventure au casino !<\/li>\n<\/ol>\n<p>[\/vc_column_text][\/vc_column][\/vc_row][vc_row][vc_column][vc_separator][\/vc_column][\/vc_row][vc_row full_width=\u00a0\u00bbstretch_row\u00a0\u00bb gap=\u00a0\u00bb5&Prime; equal_height=\u00a0\u00bbyes\u00a0\u00bb content_placement=\u00a0\u00bbmiddle\u00a0\u00bb][vc_column width=\u00a0\u00bb1\/2&Prime;][vc_column_text css=\u00a0\u00bb\u00a0\u00bb]<\/p>\n<ol>\n<li>Pour seulement 1 $, vous pouvez d\u00e9bloquer 40 chances suppl\u00e9mentaires. Cela fait <a href=\"https:\/\/www.casinomauritius.mu\/free-spins-bonus\/43-fs\/\"><strong>40 PLUS 3 tours<\/strong><\/a> pour devenir notre prochain millionnaire instantan\u00e9.<\/li>\n<li>R\u00e9clamez un \u00e9norme <strong>bonus de 100 %<\/strong> sur votre deuxi\u00e8me d\u00e9p\u00f4t et doublez vos chances de gagner !<\/li>\n<\/ol>\n<p>[\/vc_column_text][\/vc_column][vc_column width=\u00a0\u00bb1\/2&Prime;][vc_column_text css=\u00a0\u00bb\u00a0\u00bb]Quelle meilleure fa\u00e7on de voir si Casino Classic est le meilleur casino en ligne pour vous que d&rsquo;avoir une chance <strong>GRATUITE <\/strong> de gagner un jackpot garanti d&rsquo;un million de dollars ? En plus de cela, profitez de 40 chances suppl\u00e9mentaires pour seulement 1$ sur votre premier d\u00e9p\u00f4t ! Et comme si cela ne suffisait pas, vous recevrez un \u00e9norme <strong> bonus de 100 % jusqu&rsquo;\u00e0 200 $<\/strong> sur votre deuxi\u00e8me d\u00e9p\u00f4t, doublant ainsi vos chances de gagner ! Casino Classic offre des promotions extraordinaires, vous garantissant les meilleures r\u00e9compenses et un service de premi\u00e8re classe \u00e0 chaque fois que vous en avez besoin.[\/vc_column_text][\/vc_column][\/vc_row][vc_row][vc_column][vc_empty_space][\/vc_column][\/vc_row][vc_row][vc_column][vc_separator][\/vc_column][\/vc_row][vc_row][vc_column][vc_custom_heading text=\u00a0\u00bbOffres de bonus de casino &#8211; Obtenez plus pour votre d\u00e9p\u00f4t !\u00a0\u00bb use_theme_fonts=\u00a0\u00bbyes\u00a0\u00bb css=\u00a0\u00bb\u00a0\u00bb font_size=\u00a0\u00bb20px\u00a0\u00bb font_weight=\u00a0\u00bbbold\u00a0\u00bb][vc_column_text css=\u00a0\u00bb\u00a0\u00bb]Vous cherchez les meilleures offres ? Nous avons ce qu&rsquo;il vous faut ! D\u00e9bloquez des r\u00e9compenses incroyables avec un simple d\u00e9p\u00f4t. Que vous recherchiez des bonus de match ou des fonds suppl\u00e9mentaires pour jouer, ces offres exclusives vous permettront non seulement d&rsquo;am\u00e9liorer votre jeu, mais aussi de maximiser votre exp\u00e9rience. De plus, ces offres sont con\u00e7ues pour vous donner plus d&rsquo;opportunit\u00e9s de gagner, vous assurant ainsi de tirer le meilleur parti de chaque session.[\/vc_column_text][\/vc_column][\/vc_row][vc_row][vc_column][vc_column_text]<\/p>\n<p>[\/vc_column_text][\/vc_column][\/vc_row][vc_row][vc_column width=\u00a0\u00bb1\/2&Prime;][vc_single_image image=\u00a0\u00bb20089&Prime; img_size=\u00a0\u00bbmedium\u00a0\u00bb alignment=\u00a0\u00bbcenter\u00a0\u00bb css=\u00a0\u00bb\u00a0\u00bb][vc_custom_heading text=\u00a0\u00bb\ud83d\udd34 Zodiac Casino \ud83d\udd34\u00a0\u00bb font_container=\u00a0\u00bbtag:h3|text_align:center\u00a0\u00bb use_theme_fonts=\u00a0\u00bbyes\u00a0\u00bb css=\u00a0\u00bb\u00a0\u00bb font_size=\u00a0\u00bb20px\u00a0\u00bb font_weight=\u00a0\u00bbbold\u00a0\u00bb][vc_column_text css=\u00a0\u00bb\u00a0\u00bb]Au Zodiac Casino, commencez par un d\u00e9p\u00f4t de 1 $ qui vous donne droit \u00e0 <a href=\"https:\/\/www.casinomauritius.mu\/fr\/bonus-de-tours-gratuits\/80-tours-gratuits\/\">80 tours <\/a> sur la Roue Mega Money de Casino Rewards. \u00c0 partir de l\u00e0, votre voyage se poursuit avec des r\u00e9compenses suppl\u00e9mentaires, notamment :<\/p>\n<ul>\n<li>Recevez un bonus de 100% sur votre 2\u00e8me d\u00e9p\u00f4t, jusqu&rsquo;\u00e0 100$.<\/li>\n<li>Pour votre 3\u00e8me d\u00e9p\u00f4t, profitez d&rsquo;un bonus de 50%, jusqu&rsquo;\u00e0 80$.<\/li>\n<li>R\u00e9clamez un bonus de 50% sur votre 4\u00e8me d\u00e9p\u00f4t, jusqu&rsquo;\u00e0 150$.<\/li>\n<li>Profitez d&rsquo;un bonus de 50% sur votre 5\u00e8me d\u00e9p\u00f4t, jusqu&rsquo;\u00e0 150$.<\/li>\n<\/ul>\n<p>Plus de d\u00e9p\u00f4ts signifient plus d&rsquo;avantages, vous donnant des fonds suppl\u00e9mentaires pour jouer et gagner ![\/vc_column_text][vc_btn title=\u00a0\u00bbDEMANDER UN BONUS\u00a0\u00bb color=\u00a0\u00bbwarning\u00a0\u00bb size=\u00a0\u00bbsm\u00a0\u00bb align=\u00a0\u00bbcenter\u00a0\u00bb css=\u00a0\u00bb\u00a0\u00bb link=\u00a0\u00bburl:%2Fgo%2Fzodiac.php|\u00a0\u00bb][\/vc_column][vc_column width=\u00a0\u00bb1\/2&Prime;][vc_single_image image=\u00a0\u00bb20091&Prime; img_size=\u00a0\u00bbmedium\u00a0\u00bb alignment=\u00a0\u00bbcenter\u00a0\u00bb css=\u00a0\u00bb\u00a0\u00bb][vc_custom_heading text=\u00a0\u00bb\ud83d\udfe1 Captain Cook Casino \ud83d\udfe1\u00a0\u00bb font_container=\u00a0\u00bbtag:h3|text_align:center\u00a0\u00bb use_theme_fonts=\u00a0\u00bbyes\u00a0\u00bb css=\u00a0\u00bb\u00a0\u00bb font_size=\u00a0\u00bb20px\u00a0\u00bb font_weight=\u00a0\u00bbbold\u00a0\u00bb][vc_column_text css=\u00a0\u00bb\u00a0\u00bb]Au Captain Cook Casino, un d\u00e9p\u00f4t de 5 $ d\u00e9bloque une offre de <a href=\"https:\/\/www.casinomauritius.mu\/fr\/bonus-de-tours-gratuits\/100-tours-gratuits\/\">100 tours<\/a> sur la Roue Mega Money de Casino Rewards. Et ce n&rsquo;est que le d\u00e9but ! En continuant, profitez de jusqu&rsquo;\u00e0 500 $ de bonus avec :<\/p>\n<ul>\n<li>Un bonus de 100 % vous attend sur votre 2\u00e8me d\u00e9p\u00f4t, jusqu&rsquo;\u00e0 100 $.<\/li>\n<li>Recevez un bonus de 50% sur votre 3\u00e8me d\u00e9p\u00f4t, jusqu&rsquo;\u00e0 150$.<\/li>\n<li>Profitez d&rsquo;un bonus de 25% sur votre 4\u00e8me d\u00e9p\u00f4t, jusqu&rsquo;\u00e0 120$.<\/li>\n<li>Terminez en beaut\u00e9 avec un bonus de 100 % sur votre 5e d\u00e9p\u00f4t, jusqu&rsquo;\u00e0 100 $.<\/li>\n<\/ul>\n<p>Cumulez et jouez avec encore plus d&rsquo;argent ![\/vc_column_text][vc_btn title=\u00a0\u00bbDEMANDER UN BONUS\u00a0\u00bb color=\u00a0\u00bbwarning\u00a0\u00bb size=\u00a0\u00bbsm\u00a0\u00bb align=\u00a0\u00bbcenter\u00a0\u00bb css=\u00a0\u00bb\u00a0\u00bb link=\u00a0\u00bburl:%2Fgo%2Fcooks.php|\u00a0\u00bb][\/vc_column][\/vc_row][vc_row][vc_column][vc_zigzag][\/vc_column][\/vc_row][vc_row][vc_column][vc_column_text]<\/p>\n<p>[\/vc_column_text][\/vc_column][\/vc_row][vc_row][vc_column width=\u00a0\u00bb1\/2&Prime;][vc_single_image image=\u00a0\u00bb20097&Prime; img_size=\u00a0\u00bbmedium\u00a0\u00bb alignment=\u00a0\u00bbcenter\u00a0\u00bb css=\u00a0\u00bb\u00a0\u00bb][vc_custom_heading text=\u00a0\u00bb\ud83d\udfe4 Yukon Gold Casino \ud83d\udfe4\u00a0\u00bb font_container=\u00a0\u00bbtag:h3|text_align:center\u00a0\u00bb use_theme_fonts=\u00a0\u00bbyes\u00a0\u00bb css=\u00a0\u00bb\u00a0\u00bb font_size=\u00a0\u00bb20px\u00a0\u00bb font_weight=\u00a0\u00bbbold\u00a0\u00bb][vc_column_text css=\u00a0\u00bb\u00a0\u00bb]Ressentez l&rsquo;excitation au Yukon Gold Casino ! Commencez votre voyage avec un d\u00e9p\u00f4t de 10 $ et r\u00e9clamez un bonus de <a href=\"https:\/\/www.casinomauritius.mu\/fr\/bonus-de-tours-gratuits\/150-tours-gratuits-yukon-gold\/\">150 tours <\/a> sur la Roue Mega Money de Casino Rewards. De plus, augmentez votre solde avec :<\/p>\n<ul>\n<li>100% de bonus sur votre 2\u00e8me d\u00e9p\u00f4t, jusqu&rsquo;\u00e0 150$.<\/li>\n<\/ul>\n<p>Plus de r\u00e9compenses, plus de plaisir et plus de chances de gagner ![\/vc_column_text][vc_btn title=\u00a0\u00bbDEMANDER UN BONUS\u00a0\u00bb color=\u00a0\u00bbwarning\u00a0\u00bb size=\u00a0\u00bbsm\u00a0\u00bb align=\u00a0\u00bbcenter\u00a0\u00bb css=\u00a0\u00bb\u00a0\u00bb link=\u00a0\u00bburl:%2Fgo%2Fyukon.php|\u00a0\u00bb][\/vc_column][vc_column width=\u00a0\u00bb1\/2&Prime;][vc_single_image image=\u00a0\u00bb20095&Prime; img_size=\u00a0\u00bbmedium\u00a0\u00bb alignment=\u00a0\u00bbcenter\u00a0\u00bb css=\u00a0\u00bb\u00a0\u00bb][vc_custom_heading text=\u00a0\u00bb\u26ab Grand Mondial Casino \u26ab\u00a0\u00bb font_container=\u00a0\u00bbtag:h3|text_align:center\u00a0\u00bb use_theme_fonts=\u00a0\u00bbyes\u00a0\u00bb css=\u00a0\u00bb\u00a0\u00bb font_size=\u00a0\u00bb20px\u00a0\u00bb font_weight=\u00a0\u00bbbold\u00a0\u00bb][vc_column_text css=\u00a0\u00bb\u00a0\u00bb]Au Grand Mondial Casino, un d\u00e9p\u00f4t de 10 $ vous permet d&rsquo;obtenir un bonus de <a href=\"https:\/\/www.casinomauritius.mu\/fr\/bonus-de-tours-gratuits\/150-tours-gratuits-grand-mondial\/\">150 tours<\/a> sur la Roue Mega Money de Casino Rewards. De plus<strong>,<\/strong> continuez sur votre lanc\u00e9e avec des r\u00e9compenses suppl\u00e9mentaires :<\/p>\n<ul>\n<li>100% de bonus sur votre 2\u00e8me d\u00e9p\u00f4t, jusqu&rsquo;\u00e0<\/li>\n<\/ul>\n<p>Maximisez votre temps de jeu avec les meilleurs avantages qui soient ![\/vc_column_text][vc_btn title=\u00a0\u00bbDEMANDER UN BONUS\u00a0\u00bb color=\u00a0\u00bbwarning\u00a0\u00bb size=\u00a0\u00bbsm\u00a0\u00bb align=\u00a0\u00bbcenter\u00a0\u00bb css=\u00a0\u00bb\u00a0\u00bb link=\u00a0\u00bburl:%2Fgo%2Fmondial.php|\u00a0\u00bb][\/vc_column][\/vc_row][vc_row][vc_column][vc_separator][\/vc_column][\/vc_row][vc_row][vc_column][vc_custom_heading text=\u00a0\u00bbD\u00e9couvrez des offres exclusives : Bonus sans d\u00e9p\u00f4t, Tours Gratuits, Riches r\u00e9compenses\ud83c\udf89\u00a0\u00bb use_theme_fonts=\u00a0\u00bbyes\u00a0\u00bb css=\u00a0\u00bb\u00a0\u00bb font_size=\u00a0\u00bb20px\u00a0\u00bb font_weight=\u00a0\u00bbbold\u00a0\u00bb][vc_column_text css=\u00a0\u00bb\u00a0\u00bb]D\u00e9couvrez des offres exclusives au Casino Mauritius, notamment le <a href=\"https:\/\/www.casinomauritius.mu\/fr\/bonus-sans-depot\/\">Bonus sans D\u00e9p\u00f4t<\/a> qui vous permet de profiter de r\u00e9compenses fantastiques sans effectuer de d\u00e9p\u00f4t initial. De plus, profitez des incroyables <a href=\"https:\/\/www.casinomauritius.mu\/fr\/bonus-de-tours-gratuits\/\">tours gratuits,<\/a> qui vous donnent des chances suppl\u00e9mentaires de gagner gros ! De plus, le programme <a href=\"https:\/\/www.casinomauritius.mu\/fr\/bonus\/rewards-riches\/\">Rewards Riches <\/a> offre des avantages permanents, garantissant que votre exp\u00e9rience de jeu reste passionnante.<\/p>\n<p>De plus, ces offres sont con\u00e7ues pour vous aider \u00e0 optimiser chaque session de jeu. De plus, vous d\u00e9bloquerez d&rsquo;autres opportunit\u00e9s au fur et \u00e0 mesure que vous jouerez. Alors, ne manquez pas de d\u00e9couvrir toutes les r\u00e9compenses excitantes qui vous attendent ![\/vc_column_text][\/vc_column][\/vc_row][vc_row][vc_column][vc_separator css=\u00a0\u00bb\u00a0\u00bb][\/vc_column][\/vc_row][vc_row][vc_column][vc_column_text css=\u00a0\u00bb\u00a0\u00bb]\u2728 R\u00e9clamez vos <a href=\"https:\/\/www.casinomauritius.mu\/fr\/bonus\/\">bonus <\/a> maintenant ! \u2728<br \/>\nNe manquez pas ces offres exceptionnelles. Choisissez votre casino, effectuez votre d\u00e9p\u00f4t et profitez de r\u00e9compenses incroyables d\u00e8s aujourd&rsquo;hui ![\/vc_column_text][\/vc_column][\/vc_row]<\/p>\n<\/div>","protected":false},"excerpt":{"rendered":"<p> [&hellip;]<\/p>\n","protected":false},"author":1,"featured_media":16173,"parent":0,"menu_order":0,"comment_status":"closed","ping_status":"closed","template":"","meta":{"site-sidebar-layout":"no-sidebar","site-content-layout":"plain-container","ast-site-content-layout":"normal-width-container","site-content-style":"unboxed","site-sidebar-style":"unboxed","ast-global-header-display":"","ast-banner-title-visibility":"","ast-main-header-display":"","ast-hfb-above-header-display":"","ast-hfb-below-header-display":"","ast-hfb-mobile-header-display":"","site-post-title":"disabled","ast-breadcrumbs-content":"","ast-featured-img":"disabled","footer-sml-layout":"","ast-disable-related-posts":"","theme-transparent-header-meta":"default","adv-header-id-meta":"","stick-header-meta":"default","header-above-stick-meta":"","header-main-stick-meta":"","header-below-stick-meta":"","astra-migrate-meta-layouts":"set","ast-page-background-enabled":"default","ast-page-background-meta":{"desktop":{"background-color":"","background-image":"","background-repeat":"repeat","background-position":"center center","background-size":"auto","background-attachment":"scroll","background-type":"","background-media":"","overlay-type":"","overlay-color":"","overlay-opacity":"","overlay-gradient":""},"tablet":{"background-color":"","background-image":"","background-repeat":"repeat","background-position":"center center","background-size":"auto","background-attachment":"scroll","background-type":"","background-media":"","overlay-type":"","overlay-color":"","overlay-opacity":"","overlay-gradient":""},"mobile":{"background-color":"","background-image":"","background-repeat":"repeat","background-position":"center center","background-size":"auto","background-attachment":"scroll","background-type":"","background-media":"","overlay-type":"","overlay-color":"","overlay-opacity":"","overlay-gradient":""}},"ast-content-background-meta":{"desktop":{"background-color":"var(--ast-global-color-5)","background-image":"","background-repeat":"repeat","background-position":"center center","background-size":"auto","background-attachment":"scroll","background-type":"","background-media":"","overlay-type":"","overlay-color":"","overlay-opacity":"","overlay-gradient":""},"tablet":{"background-color":"var(--ast-global-color-5)","background-image":"","background-repeat":"repeat","background-position":"center center","background-size":"auto","background-attachment":"scroll","background-type":"","background-media":"","overlay-type":"","overlay-color":"","overlay-opacity":"","overlay-gradient":""},"mobile":{"background-color":"var(--ast-global-color-5)","background-image":"","background-repeat":"repeat","background-position":"center center","background-size":"auto","background-attachment":"scroll","background-type":"","background-media":"","overlay-type":"","overlay-color":"","overlay-opacity":"","overlay-gradient":""}},"footnotes":""},"categories":[],"tags":[],"class_list":["post-14607","page","type-page","status-publish","has-post-thumbnail","hentry"],"yoast_head":"<!-- This site is optimized with the Yoast SEO plugin v27.4 - https:\/\/yoast.com\/product\/yoast-seo-wordpress\/ -->\n<title>Nouveaux joueurs uniquement ! - R\u00e9clamez votre Bonus ! - Casino de l&#039;\u00eele Maurice<\/title>\n<meta name=\"description\" content=\"Chance GRATUITE de toucher un jackpot d&#039;un million de dollars ! PLUS 40 bonus suppl\u00e9mentaire pour seulement 1$ sur votre premier d\u00e9p\u00f4t !\" \/>\n<meta name=\"robots\" content=\"index, follow, max-snippet:-1, max-image-preview:large, max-video-preview:-1\" \/>\n<link rel=\"canonical\" href=\"https:\/\/www.casinomauritius.mu\/fr\/bonus\/\" \/>\n<meta property=\"og:locale\" content=\"fr_FR\" \/>\n<meta property=\"og:type\" content=\"article\" \/>\n<meta property=\"og:title\" content=\"Nouveaux joueurs uniquement ! - R\u00e9clamez votre Bonus ! - Casino de l&#039;\u00eele Maurice\" \/>\n<meta property=\"og:description\" content=\"Chance GRATUITE de toucher un jackpot d&#039;un million de dollars ! PLUS 40 bonus suppl\u00e9mentaire pour seulement 1$ sur votre premier d\u00e9p\u00f4t !\" \/>\n<meta property=\"og:url\" content=\"https:\/\/www.casinomauritius.mu\/fr\/bonus\/\" \/>\n<meta property=\"og:site_name\" content=\"Casino de l&#039;\u00eele Maurice\" \/>\n<meta property=\"article:modified_time\" content=\"2025-04-05T03:44:30+00:00\" \/>\n<meta property=\"og:image\" content=\"https:\/\/www.casinomauritius.mu\/wp-content\/uploads\/2023\/07\/Casino-Mauritius-Bonus.webp\" \/>\n\t<meta property=\"og:image:width\" content=\"1024\" \/>\n\t<meta property=\"og:image:height\" content=\"1024\" \/>\n\t<meta property=\"og:image:type\" content=\"image\/webp\" \/>\n<meta name=\"twitter:card\" content=\"summary_large_image\" \/>\n<meta name=\"twitter:label1\" content=\"Dur\u00e9e de lecture estim\u00e9e\" \/>\n\t<meta name=\"twitter:data1\" content=\"4 minutes\" \/>\n<script type=\"application\/ld+json\" class=\"yoast-schema-graph\">{\"@context\":\"https:\\\/\\\/schema.org\",\"@graph\":[{\"@type\":\"WebPage\",\"@id\":\"https:\\\/\\\/www.casinomauritius.mu\\\/fr\\\/bonus\\\/\",\"url\":\"https:\\\/\\\/www.casinomauritius.mu\\\/fr\\\/bonus\\\/\",\"name\":\"Nouveaux joueurs uniquement ! - R\u00e9clamez votre Bonus ! - Casino de l'\u00eele Maurice\",\"isPartOf\":{\"@id\":\"https:\\\/\\\/www.casinomauritius.mu\\\/fr\\\/#website\"},\"primaryImageOfPage\":{\"@id\":\"https:\\\/\\\/www.casinomauritius.mu\\\/fr\\\/bonus\\\/#primaryimage\"},\"image\":{\"@id\":\"https:\\\/\\\/www.casinomauritius.mu\\\/fr\\\/bonus\\\/#primaryimage\"},\"thumbnailUrl\":\"https:\\\/\\\/www.casinomauritius.mu\\\/wp-content\\\/uploads\\\/2023\\\/07\\\/Casino-Mauritius-Bonus.webp\",\"datePublished\":\"2024-09-12T01:23:17+00:00\",\"dateModified\":\"2025-04-05T03:44:30+00:00\",\"description\":\"Chance GRATUITE de toucher un jackpot d'un million de dollars ! PLUS 40 bonus suppl\u00e9mentaire pour seulement 1$ sur votre premier d\u00e9p\u00f4t !\",\"breadcrumb\":{\"@id\":\"https:\\\/\\\/www.casinomauritius.mu\\\/fr\\\/bonus\\\/#breadcrumb\"},\"inLanguage\":\"fr-FR\",\"potentialAction\":[{\"@type\":\"ReadAction\",\"target\":[\"https:\\\/\\\/www.casinomauritius.mu\\\/fr\\\/bonus\\\/\"]}]},{\"@type\":\"ImageObject\",\"inLanguage\":\"fr-FR\",\"@id\":\"https:\\\/\\\/www.casinomauritius.mu\\\/fr\\\/bonus\\\/#primaryimage\",\"url\":\"https:\\\/\\\/www.casinomauritius.mu\\\/wp-content\\\/uploads\\\/2023\\\/07\\\/Casino-Mauritius-Bonus.webp\",\"contentUrl\":\"https:\\\/\\\/www.casinomauritius.mu\\\/wp-content\\\/uploads\\\/2023\\\/07\\\/Casino-Mauritius-Bonus.webp\",\"width\":1024,\"height\":1024},{\"@type\":\"BreadcrumbList\",\"@id\":\"https:\\\/\\\/www.casinomauritius.mu\\\/fr\\\/bonus\\\/#breadcrumb\",\"itemListElement\":[{\"@type\":\"ListItem\",\"position\":1,\"name\":\"Home\",\"item\":\"https:\\\/\\\/www.casinomauritius.mu\\\/fr\\\/\"},{\"@type\":\"ListItem\",\"position\":2,\"name\":\"Bonus\"}]},{\"@type\":\"WebSite\",\"@id\":\"https:\\\/\\\/www.casinomauritius.mu\\\/fr\\\/#website\",\"url\":\"https:\\\/\\\/www.casinomauritius.mu\\\/fr\\\/\",\"name\":\"Casino de l'\u00eele Maurice\",\"description\":\"Venez le c\u0153ur plein, repartez le portefeuille plein\",\"publisher\":{\"@id\":\"https:\\\/\\\/www.casinomauritius.mu\\\/fr\\\/#organization\"},\"potentialAction\":[{\"@type\":\"SearchAction\",\"target\":{\"@type\":\"EntryPoint\",\"urlTemplate\":\"https:\\\/\\\/www.casinomauritius.mu\\\/fr\\\/?s={search_term_string}\"},\"query-input\":{\"@type\":\"PropertyValueSpecification\",\"valueRequired\":true,\"valueName\":\"search_term_string\"}}],\"inLanguage\":\"fr-FR\"},{\"@type\":\"Organization\",\"@id\":\"https:\\\/\\\/www.casinomauritius.mu\\\/fr\\\/#organization\",\"name\":\"Casino de l'\u00eele Maurice\",\"url\":\"https:\\\/\\\/www.casinomauritius.mu\\\/fr\\\/\",\"logo\":{\"@type\":\"ImageObject\",\"inLanguage\":\"fr-FR\",\"@id\":\"https:\\\/\\\/www.casinomauritius.mu\\\/fr\\\/#\\\/schema\\\/logo\\\/image\\\/\",\"url\":\"https:\\\/\\\/www.casinomauritius.mu\\\/wp-content\\\/uploads\\\/2020\\\/06\\\/Casino_Mauritius_Logo-01.png\",\"contentUrl\":\"https:\\\/\\\/www.casinomauritius.mu\\\/wp-content\\\/uploads\\\/2020\\\/06\\\/Casino_Mauritius_Logo-01.png\",\"width\":200,\"height\":63,\"caption\":\"Casino de l'\u00eele Maurice\"},\"image\":{\"@id\":\"https:\\\/\\\/www.casinomauritius.mu\\\/fr\\\/#\\\/schema\\\/logo\\\/image\\\/\"}}]}<\/script>\n<!-- \/ Yoast SEO plugin. -->","yoast_head_json":{"title":"Nouveaux joueurs uniquement ! - R\u00e9clamez votre Bonus ! - Casino de l'\u00eele Maurice","description":"Chance GRATUITE de toucher un jackpot d'un million de dollars ! PLUS 40 bonus suppl\u00e9mentaire pour seulement 1$ sur votre premier d\u00e9p\u00f4t !","robots":{"index":"index","follow":"follow","max-snippet":"max-snippet:-1","max-image-preview":"max-image-preview:large","max-video-preview":"max-video-preview:-1"},"canonical":"https:\/\/www.casinomauritius.mu\/fr\/bonus\/","og_locale":"fr_FR","og_type":"article","og_title":"Nouveaux joueurs uniquement ! - R\u00e9clamez votre Bonus ! - Casino de l'\u00eele Maurice","og_description":"Chance GRATUITE de toucher un jackpot d'un million de dollars ! PLUS 40 bonus suppl\u00e9mentaire pour seulement 1$ sur votre premier d\u00e9p\u00f4t !","og_url":"https:\/\/www.casinomauritius.mu\/fr\/bonus\/","og_site_name":"Casino de l'\u00eele Maurice","article_modified_time":"2025-04-05T03:44:30+00:00","og_image":[{"width":1024,"height":1024,"url":"https:\/\/www.casinomauritius.mu\/wp-content\/uploads\/2023\/07\/Casino-Mauritius-Bonus.webp","type":"image\/webp"}],"twitter_card":"summary_large_image","twitter_misc":{"Dur\u00e9e de lecture estim\u00e9e":"4 minutes"},"schema":{"@context":"https:\/\/schema.org","@graph":[{"@type":"WebPage","@id":"https:\/\/www.casinomauritius.mu\/fr\/bonus\/","url":"https:\/\/www.casinomauritius.mu\/fr\/bonus\/","name":"Nouveaux joueurs uniquement ! - R\u00e9clamez votre Bonus ! - Casino de l'\u00eele Maurice","isPartOf":{"@id":"https:\/\/www.casinomauritius.mu\/fr\/#website"},"primaryImageOfPage":{"@id":"https:\/\/www.casinomauritius.mu\/fr\/bonus\/#primaryimage"},"image":{"@id":"https:\/\/www.casinomauritius.mu\/fr\/bonus\/#primaryimage"},"thumbnailUrl":"https:\/\/www.casinomauritius.mu\/wp-content\/uploads\/2023\/07\/Casino-Mauritius-Bonus.webp","datePublished":"2024-09-12T01:23:17+00:00","dateModified":"2025-04-05T03:44:30+00:00","description":"Chance GRATUITE de toucher un jackpot d'un million de dollars ! PLUS 40 bonus suppl\u00e9mentaire pour seulement 1$ sur votre premier d\u00e9p\u00f4t !","breadcrumb":{"@id":"https:\/\/www.casinomauritius.mu\/fr\/bonus\/#breadcrumb"},"inLanguage":"fr-FR","potentialAction":[{"@type":"ReadAction","target":["https:\/\/www.casinomauritius.mu\/fr\/bonus\/"]}]},{"@type":"ImageObject","inLanguage":"fr-FR","@id":"https:\/\/www.casinomauritius.mu\/fr\/bonus\/#primaryimage","url":"https:\/\/www.casinomauritius.mu\/wp-content\/uploads\/2023\/07\/Casino-Mauritius-Bonus.webp","contentUrl":"https:\/\/www.casinomauritius.mu\/wp-content\/uploads\/2023\/07\/Casino-Mauritius-Bonus.webp","width":1024,"height":1024},{"@type":"BreadcrumbList","@id":"https:\/\/www.casinomauritius.mu\/fr\/bonus\/#breadcrumb","itemListElement":[{"@type":"ListItem","position":1,"name":"Home","item":"https:\/\/www.casinomauritius.mu\/fr\/"},{"@type":"ListItem","position":2,"name":"Bonus"}]},{"@type":"WebSite","@id":"https:\/\/www.casinomauritius.mu\/fr\/#website","url":"https:\/\/www.casinomauritius.mu\/fr\/","name":"Casino de l'\u00eele Maurice","description":"Venez le c\u0153ur plein, repartez le portefeuille plein","publisher":{"@id":"https:\/\/www.casinomauritius.mu\/fr\/#organization"},"potentialAction":[{"@type":"SearchAction","target":{"@type":"EntryPoint","urlTemplate":"https:\/\/www.casinomauritius.mu\/fr\/?s={search_term_string}"},"query-input":{"@type":"PropertyValueSpecification","valueRequired":true,"valueName":"search_term_string"}}],"inLanguage":"fr-FR"},{"@type":"Organization","@id":"https:\/\/www.casinomauritius.mu\/fr\/#organization","name":"Casino de l'\u00eele Maurice","url":"https:\/\/www.casinomauritius.mu\/fr\/","logo":{"@type":"ImageObject","inLanguage":"fr-FR","@id":"https:\/\/www.casinomauritius.mu\/fr\/#\/schema\/logo\/image\/","url":"https:\/\/www.casinomauritius.mu\/wp-content\/uploads\/2020\/06\/Casino_Mauritius_Logo-01.png","contentUrl":"https:\/\/www.casinomauritius.mu\/wp-content\/uploads\/2020\/06\/Casino_Mauritius_Logo-01.png","width":200,"height":63,"caption":"Casino de l'\u00eele Maurice"},"image":{"@id":"https:\/\/www.casinomauritius.mu\/fr\/#\/schema\/logo\/image\/"}}]}},"_links":{"self":[{"href":"https:\/\/www.casinomauritius.mu\/fr\/wp-json\/wp\/v2\/pages\/14607","targetHints":{"allow":["GET"]}}],"collection":[{"href":"https:\/\/www.casinomauritius.mu\/fr\/wp-json\/wp\/v2\/pages"}],"about":[{"href":"https:\/\/www.casinomauritius.mu\/fr\/wp-json\/wp\/v2\/types\/page"}],"author":[{"embeddable":true,"href":"https:\/\/www.casinomauritius.mu\/fr\/wp-json\/wp\/v2\/users\/1"}],"replies":[{"embeddable":true,"href":"https:\/\/www.casinomauritius.mu\/fr\/wp-json\/wp\/v2\/comments?post=14607"}],"version-history":[{"count":2,"href":"https:\/\/www.casinomauritius.mu\/fr\/wp-json\/wp\/v2\/pages\/14607\/revisions"}],"predecessor-version":[{"id":20961,"href":"https:\/\/www.casinomauritius.mu\/fr\/wp-json\/wp\/v2\/pages\/14607\/revisions\/20961"}],"wp:featuredmedia":[{"embeddable":true,"href":"https:\/\/www.casinomauritius.mu\/fr\/wp-json\/wp\/v2\/media\/16173"}],"wp:attachment":[{"href":"https:\/\/www.casinomauritius.mu\/fr\/wp-json\/wp\/v2\/media?parent=14607"}],"wp:term":[{"taxonomy":"category","embeddable":true,"href":"https:\/\/www.casinomauritius.mu\/fr\/wp-json\/wp\/v2\/categories?post=14607"},{"taxonomy":"post_tag","embeddable":true,"href":"https:\/\/www.casinomauritius.mu\/fr\/wp-json\/wp\/v2\/tags?post=14607"}],"curies":[{"name":"wp","href":"https:\/\/api.w.org\/{rel}","templated":true}]}}