{"id":14620,"date":"2024-09-11T23:44:20","date_gmt":"2024-09-11T19:44:20","guid":{"rendered":"https:\/\/www.casinomauritius.mu\/jouer-maintenant\/"},"modified":"2025-04-27T10:41:12","modified_gmt":"2025-04-27T06:41:12","slug":"jouer-maintenant","status":"publish","type":"page","link":"https:\/\/www.casinomauritius.mu\/fr\/jouer-maintenant\/","title":{"rendered":"Jouer maintenant"},"content":{"rendered":"<div class=\"wpb-content-wrapper\"><p>[vc_row full_width=\u00a0\u00bbstretch_row_content\u00a0\u00bb][vc_column][vc_column_text css=\u00a0\u00bb\u00a0\u00bb]\t\t\t\t\t<div class=\"astra-advanced-hook-20311 \">\n\t\t\t\t[vc_row full_width=\"stretch_row_content\"][vc_column][\/vc_column][\/vc_row]\t\t\t\t\t<\/div>\n\t\t\t\t[\/vc_column_text][vc_column_text css=\u00a0\u00bb\u00a0\u00bb][\/vc_column_text][\/vc_column][\/vc_row][vc_row full_width=\u00a0\u00bbstretch_row\u00a0\u00bb][vc_column][vc_column_text]<\/p>\n<h1 style=\"text-align: center;\"><a href=\"\/go\/play2.php\"><span style=\"color: #0d7fd5;\"><strong>Jouer au casino en ligne maintenant<\/strong><\/span><\/a><\/h1>\n<p>[\/vc_column_text][\/vc_column][\/vc_row][vc_row full_width=\u00a0\u00bbstretch_row\u00a0\u00bb][vc_column width=\u00a0\u00bb1\/4&Prime; offset=\u00a0\u00bbvc_hidden-lg vc_hidden-md\u00a0\u00bb][\/vc_column][vc_column width=\u00a0\u00bb1\/2&Prime; offset=\u00a0\u00bbvc_hidden-lg vc_hidden-md\u00a0\u00bb][vc_message message_box_style=\u00a0\u00bb3d\u00a0\u00bb message_box_color=\u00a0\u00bbalert-success\u00a0\u00bb icon_type=\u00a0\u00bbpixelicons\u00a0\u00bb css=\u00a0\u00bb\u00a0\u00bb icon_pixelicons=\u00a0\u00bbvc_pixel_icon vc_pixel_icon-tick\u00a0\u00bb]D\u00e9p\u00f4t minimum de 1$ ![\/vc_message][vc_message message_box_style=\u00a0\u00bb3d\u00a0\u00bb message_box_color=\u00a0\u00bbalert-success\u00a0\u00bb icon_type=\u00a0\u00bbpixelicons\u00a0\u00bb icon_pixelicons=\u00a0\u00bbvc_pixel_icon vc_pixel_icon-tick\u00a0\u00bb]La meilleure exp\u00e9rience de casino dans l&rsquo;oc\u00e9an Indien et bien au-del\u00e0[\/vc_message][vc_message message_box_style=\u00a0\u00bb3d\u00a0\u00bb message_box_color=\u00a0\u00bbalert-success\u00a0\u00bb icon_type=\u00a0\u00bbpixelicons\u00a0\u00bb icon_pixelicons=\u00a0\u00bbvc_pixel_icon vc_pixel_icon-tick\u00a0\u00bb]Un casino en ligne qui ne ferme jamais ses portes[\/vc_message][vc_message message_box_style=\u00a0\u00bb3d\u00a0\u00bb message_box_color=\u00a0\u00bbalert-success\u00a0\u00bb icon_type=\u00a0\u00bbpixelicons\u00a0\u00bb icon_pixelicons=\u00a0\u00bbvc_pixel_icon vc_pixel_icon-tick\u00a0\u00bb]Une exp\u00e9rience de jeu en ligne s\u00fbre et s\u00e9curis\u00e9e[\/vc_message][vc_message message_box_style=\u00a0\u00bb3d\u00a0\u00bb message_box_color=\u00a0\u00bbalert-success\u00a0\u00bb icon_type=\u00a0\u00bbpixelicons\u00a0\u00bb icon_pixelicons=\u00a0\u00bbvc_pixel_icon vc_pixel_icon-tick\u00a0\u00bb]Promotions fr\u00e9quentes pour tous les joueurs[\/vc_message][vc_message message_box_style=\u00a0\u00bb3d\u00a0\u00bb message_box_color=\u00a0\u00bbalert-success\u00a0\u00bb icon_type=\u00a0\u00bbpixelicons\u00a0\u00bb icon_pixelicons=\u00a0\u00bbvc_pixel_icon vc_pixel_icon-tick\u00a0\u00bb]Un programme de fid\u00e9lisation fantastique[\/vc_message][\/vc_column][vc_column width=\u00a0\u00bb1\/4&Prime; offset=\u00a0\u00bbvc_hidden-lg vc_hidden-md\u00a0\u00bb][\/vc_column][\/vc_row][vc_row full_width=\u00a0\u00bbstretch_row\u00a0\u00bb][vc_column width=\u00a0\u00bb1\/3&Prime; offset=\u00a0\u00bbvc_hidden-xs\u00a0\u00bb][vc_message message_box_style=\u00a0\u00bb3d\u00a0\u00bb message_box_color=\u00a0\u00bbalert-success\u00a0\u00bb icon_type=\u00a0\u00bbpixelicons\u00a0\u00bb css=\u00a0\u00bb\u00a0\u00bb icon_pixelicons=\u00a0\u00bbvc_pixel_icon vc_pixel_icon-tick\u00a0\u00bb]D\u00e9p\u00f4t minimum de 1$ ![\/vc_message][vc_message message_box_style=\u00a0\u00bb3d\u00a0\u00bb message_box_color=\u00a0\u00bbalert-success\u00a0\u00bb icon_type=\u00a0\u00bbpixelicons\u00a0\u00bb icon_pixelicons=\u00a0\u00bbvc_pixel_icon vc_pixel_icon-tick\u00a0\u00bb]La meilleure exp\u00e9rience de casino dans l&rsquo;oc\u00e9an Indien et bien au-del\u00e0[\/vc_message][vc_message message_box_style=\u00a0\u00bb3d\u00a0\u00bb message_box_color=\u00a0\u00bbalert-success\u00a0\u00bb icon_type=\u00a0\u00bbpixelicons\u00a0\u00bb icon_pixelicons=\u00a0\u00bbvc_pixel_icon vc_pixel_icon-tick\u00a0\u00bb]Le casino qui ne ferme jamais ses portes[\/vc_message][\/vc_column][vc_column width=\u00a0\u00bb1\/3&Prime; offset=\u00a0\u00bbvc_hidden-xs\u00a0\u00bb][vc_message message_box_style=\u00a0\u00bb3d\u00a0\u00bb message_box_color=\u00a0\u00bbalert-success\u00a0\u00bb icon_type=\u00a0\u00bbpixelicons\u00a0\u00bb icon_pixelicons=\u00a0\u00bbvc_pixel_icon vc_pixel_icon-tick\u00a0\u00bb]Une exp\u00e9rience de jeu en ligne s\u00fbre et s\u00e9curis\u00e9e[\/vc_message][vc_message message_box_style=\u00a0\u00bb3d\u00a0\u00bb message_box_color=\u00a0\u00bbalert-success\u00a0\u00bb icon_type=\u00a0\u00bbpixelicons\u00a0\u00bb icon_pixelicons=\u00a0\u00bbvc_pixel_icon vc_pixel_icon-tick\u00a0\u00bb]Promotions fr\u00e9quentes pour tous les joueurs[\/vc_message][\/vc_column][vc_column width=\u00a0\u00bb1\/3&Prime; offset=\u00a0\u00bbvc_hidden-xs\u00a0\u00bb][vc_message message_box_style=\u00a0\u00bb3d\u00a0\u00bb message_box_color=\u00a0\u00bbalert-success\u00a0\u00bb icon_type=\u00a0\u00bbpixelicons\u00a0\u00bb icon_pixelicons=\u00a0\u00bbvc_pixel_icon vc_pixel_icon-tick\u00a0\u00bb]Programme de fid\u00e9lit\u00e9 et promotions VIP fantastiques[\/vc_message][vc_message message_box_style=\u00a0\u00bb3d\u00a0\u00bb message_box_color=\u00a0\u00bbalert-success\u00a0\u00bb icon_type=\u00a0\u00bbpixelicons\u00a0\u00bb icon_pixelicons=\u00a0\u00bbvc_pixel_icon vc_pixel_icon-tick\u00a0\u00bb]Plus de 1000 jeux gratuits[\/vc_message][\/vc_column][\/vc_row][vc_row css=\u00a0\u00bb.vc_custom_1745736058720{padding-top: 30px !important;}\u00a0\u00bb][vc_column][vc_separator][vc_column_text]<\/p>\n<h2 style=\"text-align: center;\"><span style=\"color: #0d7fd5;\"><strong>Jeux en vogue sur Casino Classic<\/strong><\/span><\/h2>\n<p style=\"text-align: center;\"><em> &#8211; Jeux d&rsquo;aujourd&rsquo;hui &#8211;<\/em><\/p>\n<p>[\/vc_column_text][vc_column_text css=\u00a0\u00bb\u00a0\u00bb]\t\t\t\t\t<div class=\"astra-advanced-hook-18107 \">\n\t\t\t\t<p>[vc_row gap=\"35\"][vc_column width=\"1\/3\"][vc_raw_html css=\"\"]JTNDZGl2JTIwY2xhc3MlM0QlMjJpbWctb3ZlcmxheS1jb250YWluZXIlMjIlM0UlMEQlMEElMjAlMjAlMjAlMjAlM0NhJTIwaHJlZiUzRCUyMiUyMiUyMHRhcmdldCUzRCUyMl9ibGFuayUyMiUzRSUwRCUwQSUyMCUyMCUyMCUyMCUyMCUyMCUyMCUyMCUzQ2ltZyUyMGNsYXNzJTNEJTIyaW1nLW92ZXJsYXktYm90dG9tJTIyJTIwc3JjJTNEJTIyaHR0cHMlM0ElMkYlMkZyZXMuY2xvdWRpbmFyeS5jb20lMkZkbmpseHRpNGclMkZpbWFnZSUyRnVwbG9hZCUyRnRyZW5kaW5nMS53ZWJwJTIyJTIwYWx0JTNEJTIyUGxheSUyME5vdyUyMiUzRSUwRCUwQSUyMCUyMCUyMCUyMCUzQyUyRmElM0UlMEQlMEElMjAlMjAlMjAlMjAlM0NhJTIwaHJlZiUzRCUyMiUyRmdvJTJGdHJlbmRpbmcxLnBocCUyMiUyMHRhcmdldCUzRCUyMl9ibGFuayUyMiUzRSUwRCUwQSUyMCUyMCUyMCUyMCUyMCUyMCUyMCUyMCUzQ2ltZyUyMGNsYXNzJTNEJTIyaW1nLW92ZXJsYXktdG9wJTIyJTIwc3JjJTNEJTIyaHR0cHMlM0ElMkYlMkZ3d3cuY2FzaW5vbWF1cml0aXVzLm11JTJGd3AtY29udGVudCUyRnVwbG9hZHMlMkYyMDI1JTJGMDklMkZIb3QtR2FtZXMtQmFubmVyLndlYnAlMjIlMjBhbHQlM0QlMjJIb3QlMjBHYW1lcyUyMEluZm8lMjIlM0UlMEQlMEElMjAlMjAlMjAlMjAlM0MlMkZhJTNFJTBEJTBBJTNDJTJGZGl2JTNF[\/vc_raw_html][vc_empty_space height=\"20px\"][\/vc_column][vc_column width=\"1\/3\"][vc_raw_html css=\"\"]JTNDZGl2JTIwY2xhc3MlM0QlMjJpbWctb3ZlcmxheS1jb250YWluZXIlMjIlM0UlMEQlMEElMjAlMjAlMjAlMjAlM0NhJTIwaHJlZiUzRCUyMiUyMiUyMHRhcmdldCUzRCUyMl9ibGFuayUyMiUzRSUwRCUwQSUyMCUyMCUyMCUyMCUyMCUyMCUyMCUyMCUzQ2ltZyUyMGNsYXNzJTNEJTIyaW1nLW92ZXJsYXktYm90dG9tJTIyJTIwc3JjJTNEJTIyaHR0cHMlM0ElMkYlMkZyZXMuY2xvdWRpbmFyeS5jb20lMkZkbmpseHRpNGclMkZpbWFnZSUyRnVwbG9hZCUyRnRyZW5kaW5nMi53ZWJwJTIyJTIwYWx0JTNEJTIyUGxheSUyME5vdyUyMiUzRSUwRCUwQSUyMCUyMCUyMCUyMCUzQyUyRmElM0UlMEQlMEElMjAlMjAlMjAlMjAlM0NhJTIwaHJlZiUzRCUyMiUyRmdvJTJGdHJlbmRpbmcyLnBocCUyMiUyMHRhcmdldCUzRCUyMl9ibGFuayUyMiUzRSUwRCUwQSUyMCUyMCUyMCUyMCUyMCUyMCUyMCUyMCUzQ2ltZyUyMGNsYXNzJTNEJTIyaW1nLW92ZXJsYXktdG9wJTIyJTIwc3JjJTNEJTIyaHR0cHMlM0ElMkYlMkZ3d3cuY2FzaW5vbWF1cml0aXVzLm11JTJGd3AtY29udGVudCUyRnVwbG9hZHMlMkYyMDI1JTJGMDklMkZIb3QtR2FtZXMtQmFubmVyLndlYnAlMjIlMjBhbHQlM0QlMjJIb3QlMjBHYW1lcyUyMEluZm8lMjIlM0UlMEQlMEElMjAlMjAlMjAlMjAlM0MlMkZhJTNFJTBEJTBBJTNDJTJGZGl2JTNF[\/vc_raw_html][vc_empty_space height=\"20px\"][\/vc_column][vc_column width=\"1\/3\"][vc_raw_html css=\"\"]JTNDZGl2JTIwY2xhc3MlM0QlMjJpbWctb3ZlcmxheS1jb250YWluZXIlMjIlM0UlMEQlMEElMjAlMjAlMjAlMjAlM0NhJTIwaHJlZiUzRCUyMiUyMiUyMHRhcmdldCUzRCUyMl9ibGFuayUyMiUzRSUwRCUwQSUyMCUyMCUyMCUyMCUyMCUyMCUyMCUyMCUzQ2ltZyUyMGNsYXNzJTNEJTIyaW1nLW92ZXJsYXktYm90dG9tJTIyJTIwc3JjJTNEJTIyaHR0cHMlM0ElMkYlMkZyZXMuY2xvdWRpbmFyeS5jb20lMkZkbmpseHRpNGclMkZpbWFnZSUyRnVwbG9hZCUyRnRyZW5kaW5nMy53ZWJwJTIyJTIwYWx0JTNEJTIyUGxheSUyME5vdyUyMiUzRSUwRCUwQSUyMCUyMCUyMCUyMCUzQyUyRmElM0UlMEQlMEElMjAlMjAlMjAlMjAlM0NhJTIwaHJlZiUzRCUyMiUyRmdvJTJGdHJlbmRpbmczLnBocCUyMiUyMHRhcmdldCUzRCUyMl9ibGFuayUyMiUzRSUwRCUwQSUyMCUyMCUyMCUyMCUyMCUyMCUyMCUyMCUzQ2ltZyUyMGNsYXNzJTNEJTIyaW1nLW92ZXJsYXktdG9wJTIyJTIwc3JjJTNEJTIyaHR0cHMlM0ElMkYlMkZ3d3cuY2FzaW5vbWF1cml0aXVzLm11JTJGd3AtY29udGVudCUyRnVwbG9hZHMlMkYyMDI1JTJGMDklMkZIb3QtR2FtZXMtQmFubmVyLndlYnAlMjIlMjBhbHQlM0QlMjIlMjIlM0UlMEQlMEElMjAlMjAlMjAlMjAlM0MlMkZhJTNFJTBEJTBBJTNDJTJGZGl2JTNF[\/vc_raw_html][vc_empty_space height=\"20px\"][\/vc_column][\/vc_row]<\/p>\r\n\t\t\t\t\t<\/div>\n\t\t\t\t[\/vc_column_text][\/vc_column][\/vc_row][vc_row][vc_column][vc_separator border_width=\u00a0\u00bb2&Prime;][vc_column_text]<\/p>\n<h2 style=\"text-align: center;\"><span style=\"color: #0d7fd5;\"><strong>Promotions quotidiennes<\/strong><\/span><\/h2>\n<p>[\/vc_column_text][vc_basic_grid post_type=\u00a0\u00bbpost\u00a0\u00bb max_items=\u00a0\u00bb3&Prime; gap=\u00a0\u00bb5&Prime; item=\u00a0\u00bb138&Prime; initial_loading_animation=\u00a0\u00bbnone\u00a0\u00bb grid_id=\u00a0\u00bbvc_gid:1745736047821-66e65eb3-73e2-10&Prime; taxonomies=\u00a0\u00bb676&Prime;][\/vc_column][\/vc_row][vc_row][vc_column offset=\u00a0\u00bbvc_hidden-xs\u00a0\u00bb][vc_separator][vc_column_text]<\/p>\n<h3>Questions fr\u00e9quemment pos\u00e9es<\/h3>\n<p>[\/vc_column_text][vc_toggle title=\u00a0\u00bbPuis-je jouer gratuitement au Casino Mauritius ou ai-je besoin d&rsquo;un compte ?\u00a0\u00bb open=\u00a0\u00bbtrue\u00a0\u00bb]Vous n&rsquo;avez pas besoin d&rsquo;un compte pour jouer \u00e0 des jeux gratuits sur Casino Mauritius. Les jeux gratuits ne permettent pas non plus de remporter des gains r\u00e9els. Un compte joueur n&rsquo;est n\u00e9cessaire que si vous jouez avec de l&rsquo;argent r\u00e9el.[\/vc_toggle][vc_toggle title=\u00a0\u00bbLe Casino Mauritius est-il ouvert 24 heures sur 24 ?\u00a0\u00bb open=\u00a0\u00bbtrue\u00a0\u00bb]La r\u00e9ponse courte est oui. Casino Mauritius est ouvert toute la journ\u00e9e, tous les jours. Toutefois, les casinos de l&rsquo;\u00eele Maurice ont leurs propres horaires d&rsquo;ouverture. Pour les casinos terrestres de l&rsquo;\u00eele Maurice, consultez notre page Emplacement pour conna\u00eetre les horaires d&rsquo;ouverture.[\/vc_toggle][vc_toggle title=\u00a0\u00bbPeut-on jouer en toute s\u00e9curit\u00e9 au Casino Mauritius ?\u00a0\u00bb open=\u00a0\u00bbtrue\u00a0\u00bb]La s\u00e9curit\u00e9 est le facteur le plus important lorsque l&rsquo;on joue dans un casino en ligne ou dans n&rsquo;importe quel casino terrestre. Casino Mauritius utilise le cryptage SSL et toutes les transactions des joueurs sont crypt\u00e9es.[\/vc_toggle][\/vc_column][\/vc_row][vc_row full_width=\u00a0\u00bbstretch_row_content\u00a0\u00bb][vc_column offset=\u00a0\u00bbvc_hidden-lg vc_hidden-md vc_hidden-sm\u00a0\u00bb][vc_separator][vc_column_text]<\/p>\n<h3>Questions fr\u00e9quemment pos\u00e9es<\/h3>\n<p>[\/vc_column_text][vc_toggle title=\u00a0\u00bbPuis-je jouer gratuitement au Casino Mauritius ou ai-je besoin d&rsquo;un compte ?\u00a0\u00bb]Vous n&rsquo;avez pas besoin d&rsquo;un compte pour jouer \u00e0 des jeux gratuits sur Casino Mauritius. Les jeux gratuits ne permettent pas non plus de remporter des gains r\u00e9els. Un compte joueur n&rsquo;est n\u00e9cessaire que si vous jouez avec de l&rsquo;argent r\u00e9el.[\/vc_toggle][vc_toggle title=\u00a0\u00bbLe Casino Mauritius est-il ouvert 24 heures sur 24 ?\u00a0\u00bb]La r\u00e9ponse courte est oui. Casino Mauritius est ouvert toute la journ\u00e9e, tous les jours. Toutefois, les casinos de l&rsquo;\u00eele Maurice ont leurs propres horaires d&rsquo;ouverture. Pour les casinos terrestres de l&rsquo;\u00eele Maurice, consultez notre page Emplacement pour conna\u00eetre les horaires d&rsquo;ouverture.[\/vc_toggle][vc_toggle title=\u00a0\u00bbPeut-on jouer en toute s\u00e9curit\u00e9 au Casino Mauritius ?\u00a0\u00bb]La s\u00e9curit\u00e9 est le facteur le plus important lorsque l&rsquo;on joue dans un casino en ligne ou dans n&rsquo;importe quel casino terrestre. Casino Mauritius utilise le cryptage SSL et toutes les transactions des joueurs sont crypt\u00e9es.[\/vc_toggle][\/vc_column][\/vc_row]<\/p>\n<\/div>","protected":false},"excerpt":{"rendered":"<p> [&hellip;]<\/p>\n","protected":false},"author":1,"featured_media":15676,"parent":0,"menu_order":0,"comment_status":"closed","ping_status":"closed","template":"","meta":{"site-sidebar-layout":"no-sidebar","site-content-layout":"plain-container","ast-site-content-layout":"normal-width-container","site-content-style":"unboxed","site-sidebar-style":"unboxed","ast-global-header-display":"","ast-banner-title-visibility":"","ast-main-header-display":"","ast-hfb-above-header-display":"","ast-hfb-below-header-display":"","ast-hfb-mobile-header-display":"","site-post-title":"disabled","ast-breadcrumbs-content":"","ast-featured-img":"disabled","footer-sml-layout":"","ast-disable-related-posts":"","theme-transparent-header-meta":"default","adv-header-id-meta":"","stick-header-meta":"default","header-above-stick-meta":"","header-main-stick-meta":"","header-below-stick-meta":"","astra-migrate-meta-layouts":"set","ast-page-background-enabled":"default","ast-page-background-meta":{"desktop":{"background-color":"","background-image":"","background-repeat":"repeat","background-position":"center center","background-size":"auto","background-attachment":"scroll","background-type":"","background-media":"","overlay-type":"","overlay-color":"","overlay-opacity":"","overlay-gradient":""},"tablet":{"background-color":"","background-image":"","background-repeat":"repeat","background-position":"center center","background-size":"auto","background-attachment":"scroll","background-type":"","background-media":"","overlay-type":"","overlay-color":"","overlay-opacity":"","overlay-gradient":""},"mobile":{"background-color":"","background-image":"","background-repeat":"repeat","background-position":"center center","background-size":"auto","background-attachment":"scroll","background-type":"","background-media":"","overlay-type":"","overlay-color":"","overlay-opacity":"","overlay-gradient":""}},"ast-content-background-meta":{"desktop":{"background-color":"var(--ast-global-color-5)","background-image":"","background-repeat":"repeat","background-position":"center center","background-size":"auto","background-attachment":"scroll","background-type":"","background-media":"","overlay-type":"","overlay-color":"","overlay-opacity":"","overlay-gradient":""},"tablet":{"background-color":"var(--ast-global-color-5)","background-image":"","background-repeat":"repeat","background-position":"center center","background-size":"auto","background-attachment":"scroll","background-type":"","background-media":"","overlay-type":"","overlay-color":"","overlay-opacity":"","overlay-gradient":""},"mobile":{"background-color":"var(--ast-global-color-5)","background-image":"","background-repeat":"repeat","background-position":"center center","background-size":"auto","background-attachment":"scroll","background-type":"","background-media":"","overlay-type":"","overlay-color":"","overlay-opacity":"","overlay-gradient":""}},"footnotes":""},"categories":[],"tags":[],"class_list":["post-14620","page","type-page","status-publish","has-post-thumbnail","hentry"],"yoast_head":"<!-- This site is optimized with the Yoast SEO plugin v27.4 - https:\/\/yoast.com\/product\/yoast-seo-wordpress\/ -->\n<title>Jouer au casino en ligne maintenant avec seulement 1$ de d\u00e9p\u00f4t - Casino de l&#039;\u00eele Maurice<\/title>\n<meta name=\"description\" content=\"La meilleure exp\u00e9rience de casino dans l&#039;oc\u00e9an Indien. Un casino en ligne ouvert 24hr\/7jr. Des jeux s\u00fbrs et s\u00e9curis\u00e9s. Jouer maintenant !\" \/>\n<meta name=\"robots\" content=\"index, follow, max-snippet:-1, max-image-preview:large, max-video-preview:-1\" \/>\n<link rel=\"canonical\" href=\"https:\/\/www.casinomauritius.mu\/fr\/jouer-maintenant\/\" \/>\n<meta property=\"og:locale\" content=\"fr_FR\" \/>\n<meta property=\"og:type\" content=\"article\" \/>\n<meta property=\"og:title\" content=\"Jouer au casino en ligne maintenant avec seulement 1$ de d\u00e9p\u00f4t - Casino de l&#039;\u00eele Maurice\" \/>\n<meta property=\"og:description\" content=\"La meilleure exp\u00e9rience de casino dans l&#039;oc\u00e9an Indien. Un casino en ligne ouvert 24hr\/7jr. Des jeux s\u00fbrs et s\u00e9curis\u00e9s. Jouer maintenant !\" \/>\n<meta property=\"og:url\" content=\"https:\/\/www.casinomauritius.mu\/fr\/jouer-maintenant\/\" \/>\n<meta property=\"og:site_name\" content=\"Casino de l&#039;\u00eele Maurice\" \/>\n<meta property=\"article:modified_time\" content=\"2025-04-27T06:41:12+00:00\" \/>\n<meta property=\"og:image\" content=\"https:\/\/www.casinomauritius.mu\/wp-content\/uploads\/2023\/06\/Casino-Mauritius-Play-Now.webp\" \/>\n\t<meta property=\"og:image:width\" content=\"1024\" \/>\n\t<meta property=\"og:image:height\" content=\"1024\" \/>\n\t<meta property=\"og:image:type\" content=\"image\/webp\" \/>\n<meta name=\"twitter:card\" content=\"summary_large_image\" \/>\n<meta name=\"twitter:label1\" content=\"Dur\u00e9e de lecture estim\u00e9e\" \/>\n\t<meta name=\"twitter:data1\" content=\"3 minutes\" \/>\n<script type=\"application\/ld+json\" class=\"yoast-schema-graph\">{\"@context\":\"https:\\\/\\\/schema.org\",\"@graph\":[{\"@type\":\"WebPage\",\"@id\":\"https:\\\/\\\/www.casinomauritius.mu\\\/fr\\\/jouer-maintenant\\\/\",\"url\":\"https:\\\/\\\/www.casinomauritius.mu\\\/fr\\\/jouer-maintenant\\\/\",\"name\":\"Jouer au casino en ligne maintenant avec seulement 1$ de d\u00e9p\u00f4t - Casino de l'\u00eele Maurice\",\"isPartOf\":{\"@id\":\"https:\\\/\\\/www.casinomauritius.mu\\\/fr\\\/#website\"},\"primaryImageOfPage\":{\"@id\":\"https:\\\/\\\/www.casinomauritius.mu\\\/fr\\\/jouer-maintenant\\\/#primaryimage\"},\"image\":{\"@id\":\"https:\\\/\\\/www.casinomauritius.mu\\\/fr\\\/jouer-maintenant\\\/#primaryimage\"},\"thumbnailUrl\":\"https:\\\/\\\/www.casinomauritius.mu\\\/wp-content\\\/uploads\\\/2023\\\/06\\\/Casino-Mauritius-Play-Now.webp\",\"datePublished\":\"2024-09-11T19:44:20+00:00\",\"dateModified\":\"2025-04-27T06:41:12+00:00\",\"description\":\"La meilleure exp\u00e9rience de casino dans l'oc\u00e9an Indien. Un casino en ligne ouvert 24hr\\\/7jr. Des jeux s\u00fbrs et s\u00e9curis\u00e9s. Jouer maintenant !\",\"breadcrumb\":{\"@id\":\"https:\\\/\\\/www.casinomauritius.mu\\\/fr\\\/jouer-maintenant\\\/#breadcrumb\"},\"inLanguage\":\"fr-FR\",\"potentialAction\":[{\"@type\":\"ReadAction\",\"target\":[\"https:\\\/\\\/www.casinomauritius.mu\\\/fr\\\/jouer-maintenant\\\/\"]}]},{\"@type\":\"ImageObject\",\"inLanguage\":\"fr-FR\",\"@id\":\"https:\\\/\\\/www.casinomauritius.mu\\\/fr\\\/jouer-maintenant\\\/#primaryimage\",\"url\":\"https:\\\/\\\/www.casinomauritius.mu\\\/wp-content\\\/uploads\\\/2023\\\/06\\\/Casino-Mauritius-Play-Now.webp\",\"contentUrl\":\"https:\\\/\\\/www.casinomauritius.mu\\\/wp-content\\\/uploads\\\/2023\\\/06\\\/Casino-Mauritius-Play-Now.webp\",\"width\":1024,\"height\":1024,\"caption\":\"Casino Mauritius - Jouer\"},{\"@type\":\"BreadcrumbList\",\"@id\":\"https:\\\/\\\/www.casinomauritius.mu\\\/fr\\\/jouer-maintenant\\\/#breadcrumb\",\"itemListElement\":[{\"@type\":\"ListItem\",\"position\":1,\"name\":\"Home\",\"item\":\"https:\\\/\\\/www.casinomauritius.mu\\\/fr\\\/\"},{\"@type\":\"ListItem\",\"position\":2,\"name\":\"Jouer maintenant\"}]},{\"@type\":\"WebSite\",\"@id\":\"https:\\\/\\\/www.casinomauritius.mu\\\/fr\\\/#website\",\"url\":\"https:\\\/\\\/www.casinomauritius.mu\\\/fr\\\/\",\"name\":\"Casino de l'\u00eele Maurice\",\"description\":\"Venez le c\u0153ur plein, repartez le portefeuille plein\",\"publisher\":{\"@id\":\"https:\\\/\\\/www.casinomauritius.mu\\\/fr\\\/#organization\"},\"potentialAction\":[{\"@type\":\"SearchAction\",\"target\":{\"@type\":\"EntryPoint\",\"urlTemplate\":\"https:\\\/\\\/www.casinomauritius.mu\\\/fr\\\/?s={search_term_string}\"},\"query-input\":{\"@type\":\"PropertyValueSpecification\",\"valueRequired\":true,\"valueName\":\"search_term_string\"}}],\"inLanguage\":\"fr-FR\"},{\"@type\":\"Organization\",\"@id\":\"https:\\\/\\\/www.casinomauritius.mu\\\/fr\\\/#organization\",\"name\":\"Casino de l'\u00eele Maurice\",\"url\":\"https:\\\/\\\/www.casinomauritius.mu\\\/fr\\\/\",\"logo\":{\"@type\":\"ImageObject\",\"inLanguage\":\"fr-FR\",\"@id\":\"https:\\\/\\\/www.casinomauritius.mu\\\/fr\\\/#\\\/schema\\\/logo\\\/image\\\/\",\"url\":\"https:\\\/\\\/www.casinomauritius.mu\\\/wp-content\\\/uploads\\\/2020\\\/06\\\/Casino_Mauritius_Logo-01.png\",\"contentUrl\":\"https:\\\/\\\/www.casinomauritius.mu\\\/wp-content\\\/uploads\\\/2020\\\/06\\\/Casino_Mauritius_Logo-01.png\",\"width\":200,\"height\":63,\"caption\":\"Casino de l'\u00eele Maurice\"},\"image\":{\"@id\":\"https:\\\/\\\/www.casinomauritius.mu\\\/fr\\\/#\\\/schema\\\/logo\\\/image\\\/\"}}]}<\/script>\n<!-- \/ Yoast SEO plugin. -->","yoast_head_json":{"title":"Jouer au casino en ligne maintenant avec seulement 1$ de d\u00e9p\u00f4t - Casino de l'\u00eele Maurice","description":"La meilleure exp\u00e9rience de casino dans l'oc\u00e9an Indien. Un casino en ligne ouvert 24hr\/7jr. Des jeux s\u00fbrs et s\u00e9curis\u00e9s. Jouer maintenant !","robots":{"index":"index","follow":"follow","max-snippet":"max-snippet:-1","max-image-preview":"max-image-preview:large","max-video-preview":"max-video-preview:-1"},"canonical":"https:\/\/www.casinomauritius.mu\/fr\/jouer-maintenant\/","og_locale":"fr_FR","og_type":"article","og_title":"Jouer au casino en ligne maintenant avec seulement 1$ de d\u00e9p\u00f4t - Casino de l'\u00eele Maurice","og_description":"La meilleure exp\u00e9rience de casino dans l'oc\u00e9an Indien. Un casino en ligne ouvert 24hr\/7jr. Des jeux s\u00fbrs et s\u00e9curis\u00e9s. Jouer maintenant !","og_url":"https:\/\/www.casinomauritius.mu\/fr\/jouer-maintenant\/","og_site_name":"Casino de l'\u00eele Maurice","article_modified_time":"2025-04-27T06:41:12+00:00","og_image":[{"width":1024,"height":1024,"url":"https:\/\/www.casinomauritius.mu\/wp-content\/uploads\/2023\/06\/Casino-Mauritius-Play-Now.webp","type":"image\/webp"}],"twitter_card":"summary_large_image","twitter_misc":{"Dur\u00e9e de lecture estim\u00e9e":"3 minutes"},"schema":{"@context":"https:\/\/schema.org","@graph":[{"@type":"WebPage","@id":"https:\/\/www.casinomauritius.mu\/fr\/jouer-maintenant\/","url":"https:\/\/www.casinomauritius.mu\/fr\/jouer-maintenant\/","name":"Jouer au casino en ligne maintenant avec seulement 1$ de d\u00e9p\u00f4t - Casino de l'\u00eele Maurice","isPartOf":{"@id":"https:\/\/www.casinomauritius.mu\/fr\/#website"},"primaryImageOfPage":{"@id":"https:\/\/www.casinomauritius.mu\/fr\/jouer-maintenant\/#primaryimage"},"image":{"@id":"https:\/\/www.casinomauritius.mu\/fr\/jouer-maintenant\/#primaryimage"},"thumbnailUrl":"https:\/\/www.casinomauritius.mu\/wp-content\/uploads\/2023\/06\/Casino-Mauritius-Play-Now.webp","datePublished":"2024-09-11T19:44:20+00:00","dateModified":"2025-04-27T06:41:12+00:00","description":"La meilleure exp\u00e9rience de casino dans l'oc\u00e9an Indien. Un casino en ligne ouvert 24hr\/7jr. Des jeux s\u00fbrs et s\u00e9curis\u00e9s. Jouer maintenant !","breadcrumb":{"@id":"https:\/\/www.casinomauritius.mu\/fr\/jouer-maintenant\/#breadcrumb"},"inLanguage":"fr-FR","potentialAction":[{"@type":"ReadAction","target":["https:\/\/www.casinomauritius.mu\/fr\/jouer-maintenant\/"]}]},{"@type":"ImageObject","inLanguage":"fr-FR","@id":"https:\/\/www.casinomauritius.mu\/fr\/jouer-maintenant\/#primaryimage","url":"https:\/\/www.casinomauritius.mu\/wp-content\/uploads\/2023\/06\/Casino-Mauritius-Play-Now.webp","contentUrl":"https:\/\/www.casinomauritius.mu\/wp-content\/uploads\/2023\/06\/Casino-Mauritius-Play-Now.webp","width":1024,"height":1024,"caption":"Casino Mauritius - Jouer"},{"@type":"BreadcrumbList","@id":"https:\/\/www.casinomauritius.mu\/fr\/jouer-maintenant\/#breadcrumb","itemListElement":[{"@type":"ListItem","position":1,"name":"Home","item":"https:\/\/www.casinomauritius.mu\/fr\/"},{"@type":"ListItem","position":2,"name":"Jouer maintenant"}]},{"@type":"WebSite","@id":"https:\/\/www.casinomauritius.mu\/fr\/#website","url":"https:\/\/www.casinomauritius.mu\/fr\/","name":"Casino de l'\u00eele Maurice","description":"Venez le c\u0153ur plein, repartez le portefeuille plein","publisher":{"@id":"https:\/\/www.casinomauritius.mu\/fr\/#organization"},"potentialAction":[{"@type":"SearchAction","target":{"@type":"EntryPoint","urlTemplate":"https:\/\/www.casinomauritius.mu\/fr\/?s={search_term_string}"},"query-input":{"@type":"PropertyValueSpecification","valueRequired":true,"valueName":"search_term_string"}}],"inLanguage":"fr-FR"},{"@type":"Organization","@id":"https:\/\/www.casinomauritius.mu\/fr\/#organization","name":"Casino de l'\u00eele Maurice","url":"https:\/\/www.casinomauritius.mu\/fr\/","logo":{"@type":"ImageObject","inLanguage":"fr-FR","@id":"https:\/\/www.casinomauritius.mu\/fr\/#\/schema\/logo\/image\/","url":"https:\/\/www.casinomauritius.mu\/wp-content\/uploads\/2020\/06\/Casino_Mauritius_Logo-01.png","contentUrl":"https:\/\/www.casinomauritius.mu\/wp-content\/uploads\/2020\/06\/Casino_Mauritius_Logo-01.png","width":200,"height":63,"caption":"Casino de l'\u00eele Maurice"},"image":{"@id":"https:\/\/www.casinomauritius.mu\/fr\/#\/schema\/logo\/image\/"}}]}},"_links":{"self":[{"href":"https:\/\/www.casinomauritius.mu\/fr\/wp-json\/wp\/v2\/pages\/14620","targetHints":{"allow":["GET"]}}],"collection":[{"href":"https:\/\/www.casinomauritius.mu\/fr\/wp-json\/wp\/v2\/pages"}],"about":[{"href":"https:\/\/www.casinomauritius.mu\/fr\/wp-json\/wp\/v2\/types\/page"}],"author":[{"embeddable":true,"href":"https:\/\/www.casinomauritius.mu\/fr\/wp-json\/wp\/v2\/users\/1"}],"replies":[{"embeddable":true,"href":"https:\/\/www.casinomauritius.mu\/fr\/wp-json\/wp\/v2\/comments?post=14620"}],"version-history":[{"count":2,"href":"https:\/\/www.casinomauritius.mu\/fr\/wp-json\/wp\/v2\/pages\/14620\/revisions"}],"predecessor-version":[{"id":21247,"href":"https:\/\/www.casinomauritius.mu\/fr\/wp-json\/wp\/v2\/pages\/14620\/revisions\/21247"}],"wp:featuredmedia":[{"embeddable":true,"href":"https:\/\/www.casinomauritius.mu\/fr\/wp-json\/wp\/v2\/media\/15676"}],"wp:attachment":[{"href":"https:\/\/www.casinomauritius.mu\/fr\/wp-json\/wp\/v2\/media?parent=14620"}],"wp:term":[{"taxonomy":"category","embeddable":true,"href":"https:\/\/www.casinomauritius.mu\/fr\/wp-json\/wp\/v2\/categories?post=14620"},{"taxonomy":"post_tag","embeddable":true,"href":"https:\/\/www.casinomauritius.mu\/fr\/wp-json\/wp\/v2\/tags?post=14620"}],"curies":[{"name":"wp","href":"https:\/\/api.w.org\/{rel}","templated":true}]}}