{"id":14691,"date":"2024-09-12T02:43:08","date_gmt":"2024-09-11T22:43:08","guid":{"rendered":"https:\/\/www.casinomauritius.mu\/modes-de-paiement\/"},"modified":"2025-09-11T15:10:59","modified_gmt":"2025-09-11T11:10:59","slug":"modes-de-paiement","status":"publish","type":"page","link":"https:\/\/www.casinomauritius.mu\/fr\/modes-de-paiement\/","title":{"rendered":"Modes de paiement"},"content":{"rendered":"<div class=\"wpb-content-wrapper\"><p>[vc_row full_width=\u00a0\u00bbstretch_row\u00a0\u00bb][vc_column][vc_empty_space][vc_column_text]<\/p>\r\n<h1>Payment Methods<\/h1>\r\n<p>Choose from many options how to deposit money to your account and withdraw your winnings.<\/p>\r\n<p>Casino MauritiusCasino Classic accepte les trois types de m\u00e9thodes de paiement suivants. Cependant, en fonction de votre localisation, vous disposez d&rsquo;autres options pour d\u00e9poser des fonds sur votre compte joueur.<\/p>\r\n<p>La r\u00e8gle la plus importante \u00e0 respecter dans les casinos en ligne est la suivante : la m\u00e9thode que vous utilisez pour d\u00e9poser votre argent est la m\u00eame que celle que vous utiliserez pour payer vos gains.<\/p>\r\n<p>[\/vc_column_text][vc_separator][\/vc_column][\/vc_row][vc_row full_width=\u00a0\u00bbstretch_row\u00a0\u00bb gap=\u00a0\u00bb5&Prime; equal_height=\u00a0\u00bbyes\u00a0\u00bb][vc_column width=\u00a0\u00bb1\/3&Prime; css=\u00a0\u00bb.vc_custom_1595607127357{background-color: rgba(206,206,206,0.29) !important;*background-color: rgb(206,206,206) !important;}\u00a0\u00bb][vc_column_text]<\/p>\r\n<h2 style=\"text-align: center;\">Credit and Debit Cards<\/h2>\r\n<p>[\/vc_column_text][vc_single_image image=\u00a0\u00bb10259&Prime; img_size=\u00a0\u00bbfull\u00a0\u00bb alignment=\u00a0\u00bbcenter\u00a0\u00bb][vc_column_text]<\/p>\r\n<p>Nous acceptons les cartes de d\u00e9bit et de cr\u00e9dit Visa, MasterCard et Maestro. Ce sont les m\u00e9thodes les plus s\u00fbres et les plus faciles pour d\u00e9poser et retirer vos fonds. Il vous suffit de s\u00e9lectionner l&rsquo;une des m\u00e9thodes de d\u00e9p\u00f4t, d&rsquo;entrer les informations de paiement de votre carte et l&rsquo;argent sera transf\u00e9r\u00e9 instantan\u00e9ment sur votre compte joueur.<\/p>\r\n<p>[\/vc_column_text][vc_column_text]<\/p>\r\n<div class=\"one_half\">Transaction Time:\u00a0<strong>Instant<\/strong><\/div>\r\n<div class=\"one_half\">Fee:\u00a0<strong>0%<\/strong><\/div>\r\n<div class=\"one_half\">Minimum Deposit:\u00a0<strong>$10<\/strong><\/div>\r\n<div class=\"one_half\">Maximum Deposit:\u00a0<strong>$5,000<\/strong><\/div>\r\n<p>[\/vc_column_text][\/vc_column][vc_column width=\u00a0\u00bb1\/3&Prime; css=\u00a0\u00bb.vc_custom_1595607132474{background-color: rgba(206,206,206,0.29) !important;*background-color: rgb(206,206,206) !important;}\u00a0\u00bb][vc_column_text]<\/p>\r\n<h2 style=\"text-align: center;\">Skrill e-wallet<\/h2>\r\n<p>[\/vc_column_text][vc_single_image image=\u00a0\u00bb10260&Prime; img_size=\u00a0\u00bbfull\u00a0\u00bb alignment=\u00a0\u00bbcenter\u00a0\u00bb][vc_column_text]<\/p>\r\n<p>M\u00e9thode de paiement s\u00fbre et s\u00e9curis\u00e9e, tr\u00e8s souvent utilis\u00e9e pour jouer dans les casinos en ligne et pour faire des achats en ligne. Skrill est une m\u00e9thode de paiement par portefeuille \u00e9lectronique tr\u00e8s r\u00e9pandue. Pour ouvrir un compte Skrill, tout ce dont vous avez besoin est une adresse e-mail et une carte de cr\u00e9dit ou un compte bancaire. Tous les d\u00e9p\u00f4ts effectu\u00e9s via Skrill sont trait\u00e9s instantan\u00e9ment et il n&rsquo;y a pas de frais. Vous pouvez ouvrir un compte <a href=\"\/go\/skrill.php\">Skrill gratuit ici<\/a>.<\/p>\r\n<p>[\/vc_column_text][vc_column_text]<\/p>\r\n<div class=\"one_half\">Transaction Time:\u00a0<strong>Instant<\/strong><\/div>\r\n<div class=\"one_half\">Fee:\u00a0<strong>0%<\/strong><\/div>\r\n<div class=\"one_half\">Minimum Deposit: <strong>$10<\/strong><\/div>\r\n<div class=\"one_half\">Maximum Deposit:\u00a0<strong>$5,000<\/strong><\/div>\r\n<p>[\/vc_column_text][\/vc_column][vc_column width=\u00a0\u00bb1\/3&Prime; css=\u00a0\u00bb.vc_custom_1595607136938{background-color: rgba(206,206,206,0.29) !important;*background-color: rgb(206,206,206) !important;}\u00a0\u00bb][vc_column_text]<\/p>\r\n<h2 style=\"text-align: center;\">Neteller e-wallet<\/h2>\r\n<p>[\/vc_column_text][vc_single_image image=\u00a0\u00bb10261&Prime; img_size=\u00a0\u00bbfull\u00a0\u00bb alignment=\u00a0\u00bbcenter\u00a0\u00bb][vc_column_text]<\/p>\r\n<p>Faites vos achats en ligne ou jouez \u00e0 votre jeu pr\u00e9f\u00e9r\u00e9 en toute s\u00e9curit\u00e9. Neteller est un portefeuille \u00e9lectronique accept\u00e9 dans le monde entier. Les d\u00e9p\u00f4ts effectu\u00e9s par Neteller sont s\u00e9curis\u00e9s, sans frais et instantan\u00e9s, de sorte que vos fonds sont disponibles imm\u00e9diatement pour jouer au casino. Neteller offre \u00e9galement un d\u00e9p\u00f4t maximum de 5 000 $. Vous pouvez ouvrir un compte <a href=\"\/go\/neteller.php\">Neteller gratuit ici.<\/a><\/p>\r\n<p>[\/vc_column_text][vc_column_text]<\/p>\r\n<div class=\"one_half\">Transaction Time:\u00a0<strong>Instant<\/strong><\/div>\r\n<div class=\"one_half\">Fee: <strong>0%<\/strong><\/div>\r\n<div class=\"one_half\">Minimum Deposit:\u00a0<strong>$10<\/strong><\/div>\r\n<div class=\"one_half\">Maximum Deposit: <strong>$5,000<\/strong><\/div>\r\n<p>[\/vc_column_text][\/vc_column][\/vc_row][vc_row][vc_column][vc_empty_space][vc_separator][\/vc_column][\/vc_row][vc_row full_width=\u00a0\u00bbstretch_row\u00a0\u00bb][vc_column][vc_column_text]<\/p>\r\n<h3>Local Payment Methods<\/h3>\r\n<p>&nbsp;<\/p>\r\n<p><\/p>\r\n<p>At Casino Classic you can also deposit and play through most common debit and credit cards. Below you will find a list of cards from major banks.<\/p>\r\n<p>[\/vc_column_text][\/vc_column][\/vc_row][vc_row full_width=\u00a0\u00bbstretch_row\u00a0\u00bb gap=\u00a0\u00bb5&Prime; equal_height=\u00a0\u00bbyes\u00a0\u00bb][vc_column width=\u00a0\u00bb1\/4&Prime; css=\u00a0\u00bb.vc_custom_1606401272955{background-color: rgba(206,206,206,0.29) !important;*background-color: rgb(206,206,206) !important;}\u00a0\u00bb][vc_column_text]<\/p>\r\n<h4><strong>MCB Bank<\/strong><\/h4>\r\n<ul>\r\n<li>MCB Maestro Debit Card<\/li>\r\n<li>MCB MasterCard Debit Card<\/li>\r\n<li>MCB Credit Cards<\/li>\r\n<\/ul>\r\n<p>[\/vc_column_text][\/vc_column][vc_column width=\u00a0\u00bb1\/4&Prime; css=\u00a0\u00bb.vc_custom_1606401300960{background-color: rgba(206,206,206,0.29) !important;*background-color: rgb(206,206,206) !important;}\u00a0\u00bb][vc_column_text]<\/p>\r\n<h4><strong>SBM Bank<\/strong><\/h4>\r\n<ul>\r\n<li>SBM Classic Debit Card<\/li>\r\n<li>SBM UPI Debit Card<\/li>\r\n<li>SBM MasterCard Debit Card<\/li>\r\n<li>SBM Visa Platinum Debit<\/li>\r\n<li>SBM MasterCard Platinum Debit<\/li>\r\n<li>SBM Visa Classic Credit Card<\/li>\r\n<li>SBM MasterCard Classic Credit Card<\/li>\r\n<\/ul>\r\n<p>[\/vc_column_text][\/vc_column][vc_column width=\u00a0\u00bb1\/4&Prime; css=\u00a0\u00bb.vc_custom_1606401305846{background-color: rgba(206,206,206,0.29) !important;*background-color: rgb(206,206,206) !important;}\u00a0\u00bb][vc_column_text]<\/p>\r\n<h4><strong>Bank One<\/strong><\/h4>\r\n<ul>\r\n<li>Bank One VISA Debit Card<\/li>\r\n<li>Bank One Infinite Credit Card<\/li>\r\n<li>Bank One Platinum Credit Card<\/li>\r\n<li>Bank One Gold Credit Card<\/li>\r\n<li>Bank One Classic Credit Card<\/li>\r\n<\/ul>\r\n<p>[\/vc_column_text][\/vc_column][vc_column width=\u00a0\u00bb1\/4&Prime; css=\u00a0\u00bb.vc_custom_1606401310945{background-color: rgba(206,206,206,0.29) !important;*background-color: rgb(206,206,206) !important;}\u00a0\u00bb][vc_column_text]<\/p>\r\n<h4><strong>AfrAsia Bank<\/strong><\/h4>\r\n<ul>\r\n<li>AfrAsia World MasterCard Credit Card<\/li>\r\n<li>AfrAsia Titanium MasterCard Credit Card<\/li>\r\n<li>AfrAsia Current Account Debit and Prepaid Cards<\/li>\r\n<\/ul>\r\n<p>[\/vc_column_text][\/vc_column][\/vc_row][vc_row][vc_column][vc_empty_space][\/vc_column][\/vc_row][vc_row full_width=\u00a0\u00bbstretch_row\u00a0\u00bb gap=\u00a0\u00bb5&Prime; equal_height=\u00a0\u00bbyes\u00a0\u00bb][vc_column width=\u00a0\u00bb1\/4&Prime; css=\u00a0\u00bb.vc_custom_1606401338245{background-color: rgba(206,206,206,0.29) !important;*background-color: rgb(206,206,206) !important;}\u00a0\u00bb][vc_column_text]<\/p>\r\n<h4><strong>MauBank<\/strong><\/h4>\r\n<ul>\r\n<li>MauBank Visa Classic Debit Card<\/li>\r\n<li>MauBank Visa Platinum Debit Card<\/li>\r\n<li>MauBank Visa Classic Credit Card<\/li>\r\n<li>MauBank Visa Gold Credit Card<\/li>\r\n<li>MauBank Visa Platinum Credit Card<\/li>\r\n<li>MauBank MasterCard Standard Credit Card<\/li>\r\n<li>MauBank MasterCard Gold Credit Card<\/li>\r\n<\/ul>\r\n<p>[\/vc_column_text][\/vc_column][vc_column width=\u00a0\u00bb1\/4&Prime; css=\u00a0\u00bb.vc_custom_1606401342791{background-color: rgba(206,206,206,0.29) !important;*background-color: rgb(206,206,206) !important;}\u00a0\u00bb][vc_column_text]<\/p>\r\n<h4><strong>Absa Bank<\/strong><\/h4>\r\n<ul>\r\n<li>Absa Debit Card<\/li>\r\n<li>Absa Platinum Credit Card<\/li>\r\n<li>Absa Gold Credit Card<\/li>\r\n<li>Absa Classic Credit Card<\/li>\r\n<\/ul>\r\n<p>[\/vc_column_text][\/vc_column][vc_column width=\u00a0\u00bb1\/4&Prime; css=\u00a0\u00bb.vc_custom_1606401346929{background-color: rgba(206,206,206,0.29) !important;*background-color: rgb(206,206,206) !important;}\u00a0\u00bb][vc_column_text]<\/p>\r\n<h4><strong>Bank of Baroda<\/strong><\/h4>\r\n<ul>\r\n<li>Bank of Baroda VISA Debit Card<\/li>\r\n<li>Bank of Baroda Credit Cards<\/li>\r\n<\/ul>\r\n<p>[\/vc_column_text][\/vc_column][vc_column width=\u00a0\u00bb1\/4&Prime; css=\u00a0\u00bb.vc_custom_1606401351232{background-color: rgba(206,206,206,0.29) !important;*background-color: rgb(206,206,206) !important;}\u00a0\u00bb][vc_column_text]<\/p>\r\n<h4><strong>Habib Bank<\/strong><\/h4>\r\n<ul>\r\n<li>Habib Visa Debit Card<\/li>\r\n<\/ul>\r\n<p>[\/vc_column_text][\/vc_column][\/vc_row][vc_row][vc_column][vc_empty_space][vc_separator][\/vc_column][\/vc_row][vc_row][vc_column][vc_btn title=\u00a0\u00bbPLAY FOR REAL MONEY\u00a0\u00bb color=\u00a0\u00bbwarning\u00a0\u00bb size=\u00a0\u00bbsm\u00a0\u00bb align=\u00a0\u00bbcenter\u00a0\u00bb link=\u00a0\u00bburl:%2Fgo%2Fjoin-now.php|||rel:nofollow\u00a0\u00bb][\/vc_column][\/vc_row][vc_row][vc_column][\/vc_column][\/vc_row]<\/p><\/div>","protected":false},"excerpt":{"rendered":"<p> [&hellip;]<\/p>\n","protected":false},"author":1,"featured_media":15682,"parent":0,"menu_order":0,"comment_status":"closed","ping_status":"closed","template":"","meta":{"site-sidebar-layout":"no-sidebar","site-content-layout":"plain-container","ast-site-content-layout":"normal-width-container","site-content-style":"unboxed","site-sidebar-style":"unboxed","ast-global-header-display":"","ast-banner-title-visibility":"","ast-main-header-display":"","ast-hfb-above-header-display":"","ast-hfb-below-header-display":"","ast-hfb-mobile-header-display":"","site-post-title":"disabled","ast-breadcrumbs-content":"","ast-featured-img":"disabled","footer-sml-layout":"","ast-disable-related-posts":"","theme-transparent-header-meta":"default","adv-header-id-meta":"","stick-header-meta":"default","header-above-stick-meta":"","header-main-stick-meta":"","header-below-stick-meta":"","astra-migrate-meta-layouts":"set","ast-page-background-enabled":"default","ast-page-background-meta":{"desktop":{"background-color":"","background-image":"","background-repeat":"repeat","background-position":"center center","background-size":"auto","background-attachment":"scroll","background-type":"","background-media":"","overlay-type":"","overlay-color":"","overlay-opacity":"","overlay-gradient":""},"tablet":{"background-color":"","background-image":"","background-repeat":"repeat","background-position":"center center","background-size":"auto","background-attachment":"scroll","background-type":"","background-media":"","overlay-type":"","overlay-color":"","overlay-opacity":"","overlay-gradient":""},"mobile":{"background-color":"","background-image":"","background-repeat":"repeat","background-position":"center center","background-size":"auto","background-attachment":"scroll","background-type":"","background-media":"","overlay-type":"","overlay-color":"","overlay-opacity":"","overlay-gradient":""}},"ast-content-background-meta":{"desktop":{"background-color":"var(--ast-global-color-5)","background-image":"","background-repeat":"repeat","background-position":"center center","background-size":"auto","background-attachment":"scroll","background-type":"","background-media":"","overlay-type":"","overlay-color":"","overlay-opacity":"","overlay-gradient":""},"tablet":{"background-color":"var(--ast-global-color-5)","background-image":"","background-repeat":"repeat","background-position":"center center","background-size":"auto","background-attachment":"scroll","background-type":"","background-media":"","overlay-type":"","overlay-color":"","overlay-opacity":"","overlay-gradient":""},"mobile":{"background-color":"var(--ast-global-color-5)","background-image":"","background-repeat":"repeat","background-position":"center center","background-size":"auto","background-attachment":"scroll","background-type":"","background-media":"","overlay-type":"","overlay-color":"","overlay-opacity":"","overlay-gradient":""}},"footnotes":""},"categories":[],"tags":[],"class_list":["post-14691","page","type-page","status-publish","has-post-thumbnail","hentry"],"yoast_head":"<!-- This site is optimized with the Yoast SEO plugin v27.4 - https:\/\/yoast.com\/product\/yoast-seo-wordpress\/ -->\n<title>Modes de paiement - Casino de l&#039;\u00eele Maurice<\/title>\n<meta name=\"description\" content=\"Choisissez parmi de nombreuses options au Casino Mauritius, en relation avec Casino Classic, diff\u00e9rents types de m\u00e9thodes de paiement.\" \/>\n<meta name=\"robots\" content=\"index, follow, max-snippet:-1, max-image-preview:large, max-video-preview:-1\" \/>\n<link rel=\"canonical\" href=\"https:\/\/www.casinomauritius.mu\/fr\/modes-de-paiement\/\" \/>\n<meta property=\"og:locale\" content=\"fr_FR\" \/>\n<meta property=\"og:type\" content=\"article\" \/>\n<meta property=\"og:title\" content=\"Modes de paiement - Casino de l&#039;\u00eele Maurice\" \/>\n<meta property=\"og:description\" content=\"Choisissez parmi de nombreuses options au Casino Mauritius, en relation avec Casino Classic, diff\u00e9rents types de m\u00e9thodes de paiement.\" \/>\n<meta property=\"og:url\" content=\"https:\/\/www.casinomauritius.mu\/fr\/modes-de-paiement\/\" \/>\n<meta property=\"og:site_name\" content=\"Casino de l&#039;\u00eele Maurice\" \/>\n<meta property=\"article:modified_time\" content=\"2025-09-11T11:10:59+00:00\" \/>\n<meta property=\"og:image\" content=\"https:\/\/www.casinomauritius.mu\/wp-content\/uploads\/2023\/06\/Casino-Mauritius-Payment-Method.webp\" \/>\n\t<meta property=\"og:image:width\" content=\"1024\" \/>\n\t<meta property=\"og:image:height\" content=\"1024\" \/>\n\t<meta property=\"og:image:type\" content=\"image\/webp\" \/>\n<meta name=\"twitter:card\" content=\"summary_large_image\" \/>\n<meta name=\"twitter:label1\" content=\"Dur\u00e9e de lecture estim\u00e9e\" \/>\n\t<meta name=\"twitter:data1\" content=\"3 minutes\" \/>\n<script type=\"application\/ld+json\" class=\"yoast-schema-graph\">{\"@context\":\"https:\\\/\\\/schema.org\",\"@graph\":[{\"@type\":\"WebPage\",\"@id\":\"https:\\\/\\\/www.casinomauritius.mu\\\/fr\\\/modes-de-paiement\\\/\",\"url\":\"https:\\\/\\\/www.casinomauritius.mu\\\/fr\\\/modes-de-paiement\\\/\",\"name\":\"Modes de paiement - Casino de l'\u00eele Maurice\",\"isPartOf\":{\"@id\":\"https:\\\/\\\/www.casinomauritius.mu\\\/fr\\\/#website\"},\"primaryImageOfPage\":{\"@id\":\"https:\\\/\\\/www.casinomauritius.mu\\\/fr\\\/modes-de-paiement\\\/#primaryimage\"},\"image\":{\"@id\":\"https:\\\/\\\/www.casinomauritius.mu\\\/fr\\\/modes-de-paiement\\\/#primaryimage\"},\"thumbnailUrl\":\"https:\\\/\\\/www.casinomauritius.mu\\\/wp-content\\\/uploads\\\/2023\\\/06\\\/Casino-Mauritius-Payment-Method.webp\",\"datePublished\":\"2024-09-11T22:43:08+00:00\",\"dateModified\":\"2025-09-11T11:10:59+00:00\",\"description\":\"Choisissez parmi de nombreuses options au Casino Mauritius, en relation avec Casino Classic, diff\u00e9rents types de m\u00e9thodes de paiement.\",\"breadcrumb\":{\"@id\":\"https:\\\/\\\/www.casinomauritius.mu\\\/fr\\\/modes-de-paiement\\\/#breadcrumb\"},\"inLanguage\":\"fr-FR\",\"potentialAction\":[{\"@type\":\"ReadAction\",\"target\":[\"https:\\\/\\\/www.casinomauritius.mu\\\/fr\\\/modes-de-paiement\\\/\"]}]},{\"@type\":\"ImageObject\",\"inLanguage\":\"fr-FR\",\"@id\":\"https:\\\/\\\/www.casinomauritius.mu\\\/fr\\\/modes-de-paiement\\\/#primaryimage\",\"url\":\"https:\\\/\\\/www.casinomauritius.mu\\\/wp-content\\\/uploads\\\/2023\\\/06\\\/Casino-Mauritius-Payment-Method.webp\",\"contentUrl\":\"https:\\\/\\\/www.casinomauritius.mu\\\/wp-content\\\/uploads\\\/2023\\\/06\\\/Casino-Mauritius-Payment-Method.webp\",\"width\":1024,\"height\":1024,\"caption\":\"Casino Mauritius - Payment Method\"},{\"@type\":\"BreadcrumbList\",\"@id\":\"https:\\\/\\\/www.casinomauritius.mu\\\/fr\\\/modes-de-paiement\\\/#breadcrumb\",\"itemListElement\":[{\"@type\":\"ListItem\",\"position\":1,\"name\":\"Home\",\"item\":\"https:\\\/\\\/www.casinomauritius.mu\\\/fr\\\/\"},{\"@type\":\"ListItem\",\"position\":2,\"name\":\"Modes de paiement\"}]},{\"@type\":\"WebSite\",\"@id\":\"https:\\\/\\\/www.casinomauritius.mu\\\/fr\\\/#website\",\"url\":\"https:\\\/\\\/www.casinomauritius.mu\\\/fr\\\/\",\"name\":\"Casino de l'\u00eele Maurice\",\"description\":\"Venez le c\u0153ur plein, repartez le portefeuille plein\",\"publisher\":{\"@id\":\"https:\\\/\\\/www.casinomauritius.mu\\\/fr\\\/#organization\"},\"potentialAction\":[{\"@type\":\"SearchAction\",\"target\":{\"@type\":\"EntryPoint\",\"urlTemplate\":\"https:\\\/\\\/www.casinomauritius.mu\\\/fr\\\/?s={search_term_string}\"},\"query-input\":{\"@type\":\"PropertyValueSpecification\",\"valueRequired\":true,\"valueName\":\"search_term_string\"}}],\"inLanguage\":\"fr-FR\"},{\"@type\":\"Organization\",\"@id\":\"https:\\\/\\\/www.casinomauritius.mu\\\/fr\\\/#organization\",\"name\":\"Casino de l'\u00eele Maurice\",\"url\":\"https:\\\/\\\/www.casinomauritius.mu\\\/fr\\\/\",\"logo\":{\"@type\":\"ImageObject\",\"inLanguage\":\"fr-FR\",\"@id\":\"https:\\\/\\\/www.casinomauritius.mu\\\/fr\\\/#\\\/schema\\\/logo\\\/image\\\/\",\"url\":\"https:\\\/\\\/www.casinomauritius.mu\\\/wp-content\\\/uploads\\\/2020\\\/06\\\/Casino_Mauritius_Logo-01.png\",\"contentUrl\":\"https:\\\/\\\/www.casinomauritius.mu\\\/wp-content\\\/uploads\\\/2020\\\/06\\\/Casino_Mauritius_Logo-01.png\",\"width\":200,\"height\":63,\"caption\":\"Casino de l'\u00eele Maurice\"},\"image\":{\"@id\":\"https:\\\/\\\/www.casinomauritius.mu\\\/fr\\\/#\\\/schema\\\/logo\\\/image\\\/\"}}]}<\/script>\n<!-- \/ Yoast SEO plugin. -->","yoast_head_json":{"title":"Modes de paiement - Casino de l'\u00eele Maurice","description":"Choisissez parmi de nombreuses options au Casino Mauritius, en relation avec Casino Classic, diff\u00e9rents types de m\u00e9thodes de paiement.","robots":{"index":"index","follow":"follow","max-snippet":"max-snippet:-1","max-image-preview":"max-image-preview:large","max-video-preview":"max-video-preview:-1"},"canonical":"https:\/\/www.casinomauritius.mu\/fr\/modes-de-paiement\/","og_locale":"fr_FR","og_type":"article","og_title":"Modes de paiement - Casino de l'\u00eele Maurice","og_description":"Choisissez parmi de nombreuses options au Casino Mauritius, en relation avec Casino Classic, diff\u00e9rents types de m\u00e9thodes de paiement.","og_url":"https:\/\/www.casinomauritius.mu\/fr\/modes-de-paiement\/","og_site_name":"Casino de l'\u00eele Maurice","article_modified_time":"2025-09-11T11:10:59+00:00","og_image":[{"width":1024,"height":1024,"url":"https:\/\/www.casinomauritius.mu\/wp-content\/uploads\/2023\/06\/Casino-Mauritius-Payment-Method.webp","type":"image\/webp"}],"twitter_card":"summary_large_image","twitter_misc":{"Dur\u00e9e de lecture estim\u00e9e":"3 minutes"},"schema":{"@context":"https:\/\/schema.org","@graph":[{"@type":"WebPage","@id":"https:\/\/www.casinomauritius.mu\/fr\/modes-de-paiement\/","url":"https:\/\/www.casinomauritius.mu\/fr\/modes-de-paiement\/","name":"Modes de paiement - Casino de l'\u00eele Maurice","isPartOf":{"@id":"https:\/\/www.casinomauritius.mu\/fr\/#website"},"primaryImageOfPage":{"@id":"https:\/\/www.casinomauritius.mu\/fr\/modes-de-paiement\/#primaryimage"},"image":{"@id":"https:\/\/www.casinomauritius.mu\/fr\/modes-de-paiement\/#primaryimage"},"thumbnailUrl":"https:\/\/www.casinomauritius.mu\/wp-content\/uploads\/2023\/06\/Casino-Mauritius-Payment-Method.webp","datePublished":"2024-09-11T22:43:08+00:00","dateModified":"2025-09-11T11:10:59+00:00","description":"Choisissez parmi de nombreuses options au Casino Mauritius, en relation avec Casino Classic, diff\u00e9rents types de m\u00e9thodes de paiement.","breadcrumb":{"@id":"https:\/\/www.casinomauritius.mu\/fr\/modes-de-paiement\/#breadcrumb"},"inLanguage":"fr-FR","potentialAction":[{"@type":"ReadAction","target":["https:\/\/www.casinomauritius.mu\/fr\/modes-de-paiement\/"]}]},{"@type":"ImageObject","inLanguage":"fr-FR","@id":"https:\/\/www.casinomauritius.mu\/fr\/modes-de-paiement\/#primaryimage","url":"https:\/\/www.casinomauritius.mu\/wp-content\/uploads\/2023\/06\/Casino-Mauritius-Payment-Method.webp","contentUrl":"https:\/\/www.casinomauritius.mu\/wp-content\/uploads\/2023\/06\/Casino-Mauritius-Payment-Method.webp","width":1024,"height":1024,"caption":"Casino Mauritius - Payment Method"},{"@type":"BreadcrumbList","@id":"https:\/\/www.casinomauritius.mu\/fr\/modes-de-paiement\/#breadcrumb","itemListElement":[{"@type":"ListItem","position":1,"name":"Home","item":"https:\/\/www.casinomauritius.mu\/fr\/"},{"@type":"ListItem","position":2,"name":"Modes de paiement"}]},{"@type":"WebSite","@id":"https:\/\/www.casinomauritius.mu\/fr\/#website","url":"https:\/\/www.casinomauritius.mu\/fr\/","name":"Casino de l'\u00eele Maurice","description":"Venez le c\u0153ur plein, repartez le portefeuille plein","publisher":{"@id":"https:\/\/www.casinomauritius.mu\/fr\/#organization"},"potentialAction":[{"@type":"SearchAction","target":{"@type":"EntryPoint","urlTemplate":"https:\/\/www.casinomauritius.mu\/fr\/?s={search_term_string}"},"query-input":{"@type":"PropertyValueSpecification","valueRequired":true,"valueName":"search_term_string"}}],"inLanguage":"fr-FR"},{"@type":"Organization","@id":"https:\/\/www.casinomauritius.mu\/fr\/#organization","name":"Casino de l'\u00eele Maurice","url":"https:\/\/www.casinomauritius.mu\/fr\/","logo":{"@type":"ImageObject","inLanguage":"fr-FR","@id":"https:\/\/www.casinomauritius.mu\/fr\/#\/schema\/logo\/image\/","url":"https:\/\/www.casinomauritius.mu\/wp-content\/uploads\/2020\/06\/Casino_Mauritius_Logo-01.png","contentUrl":"https:\/\/www.casinomauritius.mu\/wp-content\/uploads\/2020\/06\/Casino_Mauritius_Logo-01.png","width":200,"height":63,"caption":"Casino de l'\u00eele Maurice"},"image":{"@id":"https:\/\/www.casinomauritius.mu\/fr\/#\/schema\/logo\/image\/"}}]}},"_links":{"self":[{"href":"https:\/\/www.casinomauritius.mu\/fr\/wp-json\/wp\/v2\/pages\/14691","targetHints":{"allow":["GET"]}}],"collection":[{"href":"https:\/\/www.casinomauritius.mu\/fr\/wp-json\/wp\/v2\/pages"}],"about":[{"href":"https:\/\/www.casinomauritius.mu\/fr\/wp-json\/wp\/v2\/types\/page"}],"author":[{"embeddable":true,"href":"https:\/\/www.casinomauritius.mu\/fr\/wp-json\/wp\/v2\/users\/1"}],"replies":[{"embeddable":true,"href":"https:\/\/www.casinomauritius.mu\/fr\/wp-json\/wp\/v2\/comments?post=14691"}],"version-history":[{"count":2,"href":"https:\/\/www.casinomauritius.mu\/fr\/wp-json\/wp\/v2\/pages\/14691\/revisions"}],"predecessor-version":[{"id":22664,"href":"https:\/\/www.casinomauritius.mu\/fr\/wp-json\/wp\/v2\/pages\/14691\/revisions\/22664"}],"wp:featuredmedia":[{"embeddable":true,"href":"https:\/\/www.casinomauritius.mu\/fr\/wp-json\/wp\/v2\/media\/15682"}],"wp:attachment":[{"href":"https:\/\/www.casinomauritius.mu\/fr\/wp-json\/wp\/v2\/media?parent=14691"}],"wp:term":[{"taxonomy":"category","embeddable":true,"href":"https:\/\/www.casinomauritius.mu\/fr\/wp-json\/wp\/v2\/categories?post=14691"},{"taxonomy":"post_tag","embeddable":true,"href":"https:\/\/www.casinomauritius.mu\/fr\/wp-json\/wp\/v2\/tags?post=14691"}],"curies":[{"name":"wp","href":"https:\/\/api.w.org\/{rel}","templated":true}]}}