{"id":14796,"date":"2024-09-12T04:03:36","date_gmt":"2024-09-12T00:03:36","guid":{"rendered":"https:\/\/www.casinomauritius.mu\/live-casino\/"},"modified":"2025-09-11T15:09:17","modified_gmt":"2025-09-11T11:09:17","slug":"casino-en-direct","status":"publish","type":"page","link":"https:\/\/www.casinomauritius.mu\/fr\/casino-en-direct\/","title":{"rendered":"Live Casino"},"content":{"rendered":"<div class=\"wpb-content-wrapper\">[vc_row full_width=\u00a0\u00bbstretch_row_content_no_spaces\u00a0\u00bb][vc_column][vc_single_image image=\u00a0\u00bb10704&Prime; img_size=\u00a0\u00bbfull\u00a0\u00bb alignment=\u00a0\u00bbcenter\u00a0\u00bb onclick=\u00a0\u00bbcustom_link\u00a0\u00bb link=\u00a0\u00bb\/go\/joinnow.php\u00a0\u00bb][\/vc_column][\/vc_row][vc_row full_width=\u00a0\u00bbstretch_row\u00a0\u00bb gap=\u00a0\u00bb5&Prime; equal_height=\u00a0\u00bbyes\u00a0\u00bb content_placement=\u00a0\u00bbmiddle\u00a0\u00bb][vc_column width=\u00a0\u00bb2\/3&Prime;][vc_column_text css=\u00a0\u00bb\u00a0\u00bb]\r\n<h1>Casino Mauritius Casino en Direct<\/h1>\r\nL&rsquo;excitation de l&rsquo;exp\u00e9rience du direct &#8211; directement chez vous. Le plaisir de se retrouver \u00e0 une table de poker, de blackjack ou de baccarat&#8230; peut donner lieu \u00e0 des soir\u00e9es passionnantes. Vous savez ce qui est encore mieux ? Le fait de pouvoir en faire l&rsquo;exp\u00e9rience depuis le confort de son propre canap\u00e9. Venez vous amuser. Des croupiers en direct vous attendent ![\/vc_column_text][vc_column_text]<strong>Meilleurs jeux de casino en direct<\/strong>\r\n\r\nAvec la gamme compl\u00e8te de jeux de casino en direct, nous offrons d\u00e9sormais aux joueurs une exp\u00e9rience de jeu en direct en ligne qui ressemble \u00e0 celle d&rsquo;un vrai casino. Le nombre de jeux de table disponibles est encore plus \u00e9poustouflant. Vous pouvez d\u00e9sormais trouver votre place id\u00e9ale sur votre table id\u00e9ale. D\u00e9couvrez les jeux de casino en direct comme jamais auparavant ![\/vc_column_text][\/vc_column][vc_column width=\u00a0\u00bb1\/3&Prime;][vc_message message_box_style=\u00a0\u00bb3d\u00a0\u00bb message_box_color=\u00a0\u00bbalert-success\u00a0\u00bb icon_type=\u00a0\u00bbpixelicons\u00a0\u00bb icon_pixelicons=\u00a0\u00bbvc_pixel_icon vc_pixel_icon-tick\u00a0\u00bb]Toutes vos tables de casino pr\u00e9f\u00e9r\u00e9es[\/vc_message][vc_message message_box_style=\u00a0\u00bb3d\u00a0\u00bb message_box_color=\u00a0\u00bbalert-success\u00a0\u00bb icon_type=\u00a0\u00bbpixelicons\u00a0\u00bb icon_pixelicons=\u00a0\u00bbvc_pixel_icon vc_pixel_icon-tick\u00a0\u00bb]Diffusion en temps r\u00e9el[\/vc_message][vc_message message_box_style=\u00a0\u00bb3d\u00a0\u00bb message_box_color=\u00a0\u00bbalert-success\u00a0\u00bb icon_type=\u00a0\u00bbpixelicons\u00a0\u00bb icon_pixelicons=\u00a0\u00bbvc_pixel_icon vc_pixel_icon-tick\u00a0\u00bb]Angles de cam\u00e9ra multiples[\/vc_message][vc_message message_box_style=\u00a0\u00bb3d\u00a0\u00bb message_box_color=\u00a0\u00bbalert-success\u00a0\u00bb icon_type=\u00a0\u00bbpixelicons\u00a0\u00bb icon_pixelicons=\u00a0\u00bbvc_pixel_icon vc_pixel_icon-tick\u00a0\u00bb]Gros gains[\/vc_message][\/vc_column][\/vc_row][vc_row full_width=\u00a0\u00bbstretch_row_content\u00a0\u00bb css=\u00a0\u00bb.vc_custom_1696442318046{padding-top: 50px !important;}\u00a0\u00bb][vc_column][vc_basic_grid post_type=\u00a0\u00bbids\u00a0\u00bb gap=\u00a0\u00bb5&Prime; item=\u00a0\u00bb56&Prime; initial_loading_animation=\u00a0\u00bbnone\u00a0\u00bb grid_id=\u00a0\u00bbvc_gid:1743825766971-122861cc-6890-2&Prime; include=\u00a0\u00bb8293, 8079, 8764, 8767, 8509, 7808&Prime;][\/vc_column][\/vc_row][vc_row][vc_column][vc_btn title=\u00a0\u00bbJOUER\u00a0\u00bb color=\u00a0\u00bbwarning\u00a0\u00bb align=\u00a0\u00bbcenter\u00a0\u00bb link=\u00a0\u00bburl:%2Fgo%2Fjoin-now.php|rel:nofollow|\u00a0\u00bb][\/vc_column][\/vc_row][vc_row full_width=\u00a0\u00bbstretch_row_content\u00a0\u00bb disable_element=\u00a0\u00bbyes\u00a0\u00bb][vc_column width=\u00a0\u00bb1\/2&Prime; offset=\u00a0\u00bbvc_hidden-lg vc_hidden-md vc_hidden-sm vc_col-xs-6&Prime;][vc_basic_grid post_type=\u00a0\u00bbids\u00a0\u00bb element_width=\u00a0\u00bb2&Prime; gap=\u00a0\u00bb3&Prime; item=\u00a0\u00bb56&Prime; initial_loading_animation=\u00a0\u00bbnone\u00a0\u00bb grid_id=\u00a0\u00bbvc_gid:1743825766977-fefd917a-b20b-0&Prime; include=\u00a0\u00bb8764, 8509, 8767&Prime;][\/vc_column][vc_column width=\u00a0\u00bb1\/2&Prime; offset=\u00a0\u00bbvc_hidden-lg vc_hidden-md vc_hidden-sm vc_col-xs-6&Prime;][vc_basic_grid post_type=\u00a0\u00bbids\u00a0\u00bb element_width=\u00a0\u00bb2&Prime; gap=\u00a0\u00bb3&Prime; item=\u00a0\u00bb56&Prime; initial_loading_animation=\u00a0\u00bbnone\u00a0\u00bb grid_id=\u00a0\u00bbvc_gid:1743825766985-1c5f55ad-8a7a-1&Prime; include=\u00a0\u00bb8512, 8287, 8089&Prime;][\/vc_column][\/vc_row][vc_row full_width=\u00a0\u00bbstretch_row_content_no_spaces\u00a0\u00bb][vc_column width=\u00a0\u00bb1\/6&Prime;][\/vc_column][vc_column width=\u00a0\u00bb2\/3&Prime;]<div id=\"ultimate-video-938069e00215878b4\" class=\"ult-video  ult-adjust-bottom-margin ultimate-video-938069e00215878b4 ultv-5922 \"><div class=\"ultv-video ultv-aspect-ratio-16_9 ultv-subscribe-responsive-none\" data-videotype=\"uv_iframe\">\n\t\t\t\t\t\t<div class=\"ultv-video__outer-wrap\" data-autoplay=\"0\" data-device=\"false\"  data-iconbg=\"#3A3A3A\" data-overcolor=\"\" data-defaultbg=\"#1f1f1e\" data-defaultplay=\"defaulticon\"><div class=\"ultv-video__play\" data-src=\"https:\/\/www.youtube.com\/embed\/lHOrxWySiw8?rel=0&#038;start&#038;end&#038;controls=1&#038;mute=0&#038;modestbranding=0&#038;autoplay=1\">\n\t\t\t\t\t\t\t\t<img decoding=\"async\" class=\"ultv-video__thumb\" src=\"https:\/\/i.ytimg.com\/vi\/lHOrxWySiw8\/maxresdefault.jpg\"\/>\n\t\t\t\t\t\t\t\t<div class=\"ultv-video__play-icon  ultv-animation-none\" style=\"width:75px\"><svg height=\"100%\" version=\"1.1\" viewBox=\"0 0 68 48\" width=\"100%\"><path class=\"ultv-youtube-icon-bg\" d=\"m .66,37.62 c 0,0 .66,4.70 2.70,6.77 2.58,2.71 5.98,2.63 7.49,2.91 5.43,.52 23.10,.68 23.12,.68 .00,-1.3e-5 14.29,-0.02 23.81,-0.71 1.32,-0.15 4.22,-0.17 6.81,-2.89 2.03,-2.07 2.70,-6.77 2.70,-6.77 0,0 .67,-5.52 .67,-11.04 l 0,-5.17 c 0,-5.52 -0.67,-11.04 -0.67,-11.04 0,0 -0.66,-4.70 -2.70,-6.77 C 62.03,.86 59.13,.84 57.80,.69 48.28,0 34.00,0 34.00,0 33.97,0 19.69,0 10.18,.69 8.85,.84 5.95,.86 3.36,3.58 1.32,5.65 .66,10.35 .66,10.35 c 0,0 -0.55,4.50 -0.66,9.45 l 0,8.36 c .10,4.94 .66,9.45 .66,9.45 z\" fill=\"#1f1f1e\" ><\/path><path d=\"m 26.96,13.67 18.37,9.62 -18.37,9.55 -0.00,-19.17 z\" fill=\"#fff\"><\/path><path d=\"M 45.02,23.46 45.32,23.28 26.96,13.67 43.32,22.34 45.02,23.46 z\" fill=\"#ccc\"><\/path><\/svg><\/div> <\/div> <\/div><\/div><\/div>[\/vc_column][vc_column width=\u00a0\u00bb1\/6&Prime;][\/vc_column][\/vc_row][vc_row][vc_column][vc_column_text]\r\n<h2>Comment fonctionne Casino Mauritius un casino en ligne ?<\/h2>\r\nDe nombreuses personnes trouvent qu&rsquo;il est beaucoup plus int\u00e9ressant de jouer contre un vrai croupier, et non contre un ordinateur, car il semble que le facteur humain soit encore important pour la plupart des joueurs.\r\n\r\nLes jeux de casino avec croupier en direct sont g\u00e9n\u00e9ralement diffus\u00e9s sur Internet, ce qui permet aux joueurs d&rsquo;observer \u00e0 la fois la table et le croupier, ainsi que toute l&rsquo;action en direct. Le croupier du casino en direct se comportera de la m\u00eame mani\u00e8re que ceux que vous trouverez dans un casino en dur et vous demandera, par exemple, de placer des paris et de faire des choix si n\u00e9cessaire. Vous pouvez le faire via l&rsquo;interface o\u00f9 vous pouvez choisir le montant \u00e0 parier et le type de paris que vous souhaitez jouer. Vos choix s&rsquo;affichent devant le croupier, qui peut \u00e0 son tour jouer ses mains ou faire tourner la roulette, selon le jeu de casino en ligne auquel vous jouez. Traditionnellement, il y aura de nombreuses cam\u00e9ras \u00e0 chaque table et vous pourrez suivre l&rsquo;action sous diff\u00e9rents angles. Par exemple, si vous jouez au poker ou au blackjack en direct, vous pourrez \u00e9galement voir les cartes scann\u00e9es sur votre interface, et vous saurez quelles cartes sont d\u00e9j\u00e0 sur la table.\r\n\r\nCertains casinos en ligne disposent de fonctions sociales sp\u00e9ciales, telles que la possibilit\u00e9 de discuter avec d&rsquo;autres joueurs et, dans certains cas, avec le croupier en direct. La roulette avec croupier en direct peut \u00eatre transform\u00e9e en jeux t\u00e9l\u00e9vis\u00e9s passionnants, ce qui en fait un \u00e9v\u00e9nement extraordinaire.\r\n\r\nVous ne pouvez jouer qu&rsquo;avec de l&rsquo;argent r\u00e9el dans les casinos en ligne en direct, ce qui est normal \u00e9tant donn\u00e9 qu&rsquo;il est plus co\u00fbteux d&rsquo;exploiter des jeux de casino en direct en ligne. Les croupiers et autres employ\u00e9s doivent \u00eatre pay\u00e9s, et les places \u00e0 la table de jeu sont limit\u00e9es &#8211; seules les personnes qui paient ont une chance de jouer.[\/vc_column_text][\/vc_column][\/vc_row][vc_row][vc_column][vc_column_text css=\u00a0\u00bb\u00a0\u00bb]\r\n<h2>Casino en ligne avec croupiers en direct<\/h2>\r\nIls proposent un grand nombre de tables diff\u00e9rentes, mais peu d&rsquo;entre elles peuvent \u00eatre consid\u00e9r\u00e9es comme les meilleurs jeux de casino en direct. Le blackjack avec croupier en direct est l&rsquo;un de ces jeux, dans lequel vous pouvez essayer de battre la main du croupier sans faire faillite (c&rsquo;est-\u00e0-dire sans d\u00e9passer 21). Comme ce jeu est \u00e9galement consid\u00e9r\u00e9 comme le jeu de table le plus populaire au monde, il est tout \u00e0 fait naturel d&rsquo;inclure le blackjack dans les casinos en direct.\r\n\r\nLes flambeurs et les joueurs disposant d&rsquo;un budget plus important pr\u00e9f\u00e9reront le baccarat en direct, un jeu relativement facile \u00e0 jouer qui devient encore plus authentique dans un casino avec croupier en direct &#8211; peut-\u00eatre parce que les joueurs superstitieux se sentent plus \u00e0 l&rsquo;aise lorsqu&rsquo;ils jouent contre un croupier en direct que contre une machine.\r\n\r\nLa roulette avec croupier en direct est vraiment amusante, surtout pour les joueurs qui appr\u00e9cient l&rsquo;aspect social des jeux de casino en ligne en direct. Certaines tables n&rsquo;ont pas de limite au nombre de si\u00e8ges disponibles pour les joueurs.\r\n\r\nN&rsquo;oublions pas le roi des jeux de casino en ligne en direct, l&#8217;embl\u00e9matique Texas Hold&#8217;em. Une grande vari\u00e9t\u00e9 de jeux avec croupier en direct est disponible sur Casino Classic.[\/vc_column_text][\/vc_column][\/vc_row][vc_row][vc_column][vc_btn title=\u00a0\u00bbJOUER\u00a0\u00bb color=\u00a0\u00bbwarning\u00a0\u00bb align=\u00a0\u00bbcenter\u00a0\u00bb link=\u00a0\u00bburl:%2Fgo%2Fjoin-now.php|rel:nofollow|\u00a0\u00bb][\/vc_column][\/vc_row]<!-- \/wp:post-content --><\/div>","protected":false},"excerpt":{"rendered":"<p> [&hellip;]<\/p>\n","protected":false},"author":1,"featured_media":15679,"parent":0,"menu_order":0,"comment_status":"closed","ping_status":"closed","template":"","meta":{"site-sidebar-layout":"no-sidebar","site-content-layout":"plain-container","ast-site-content-layout":"normal-width-container","site-content-style":"unboxed","site-sidebar-style":"unboxed","ast-global-header-display":"","ast-banner-title-visibility":"","ast-main-header-display":"","ast-hfb-above-header-display":"","ast-hfb-below-header-display":"","ast-hfb-mobile-header-display":"","site-post-title":"disabled","ast-breadcrumbs-content":"","ast-featured-img":"disabled","footer-sml-layout":"","ast-disable-related-posts":"","theme-transparent-header-meta":"default","adv-header-id-meta":"","stick-header-meta":"default","header-above-stick-meta":"","header-main-stick-meta":"","header-below-stick-meta":"","astra-migrate-meta-layouts":"set","ast-page-background-enabled":"default","ast-page-background-meta":{"desktop":{"background-color":"","background-image":"","background-repeat":"repeat","background-position":"center center","background-size":"auto","background-attachment":"scroll","background-type":"","background-media":"","overlay-type":"","overlay-color":"","overlay-opacity":"","overlay-gradient":""},"tablet":{"background-color":"","background-image":"","background-repeat":"repeat","background-position":"center center","background-size":"auto","background-attachment":"scroll","background-type":"","background-media":"","overlay-type":"","overlay-color":"","overlay-opacity":"","overlay-gradient":""},"mobile":{"background-color":"","background-image":"","background-repeat":"repeat","background-position":"center center","background-size":"auto","background-attachment":"scroll","background-type":"","background-media":"","overlay-type":"","overlay-color":"","overlay-opacity":"","overlay-gradient":""}},"ast-content-background-meta":{"desktop":{"background-color":"var(--ast-global-color-5)","background-image":"","background-repeat":"repeat","background-position":"center center","background-size":"auto","background-attachment":"scroll","background-type":"","background-media":"","overlay-type":"","overlay-color":"","overlay-opacity":"","overlay-gradient":""},"tablet":{"background-color":"var(--ast-global-color-5)","background-image":"","background-repeat":"repeat","background-position":"center center","background-size":"auto","background-attachment":"scroll","background-type":"","background-media":"","overlay-type":"","overlay-color":"","overlay-opacity":"","overlay-gradient":""},"mobile":{"background-color":"var(--ast-global-color-5)","background-image":"","background-repeat":"repeat","background-position":"center center","background-size":"auto","background-attachment":"scroll","background-type":"","background-media":"","overlay-type":"","overlay-color":"","overlay-opacity":"","overlay-gradient":""}},"footnotes":""},"categories":[],"tags":[],"class_list":["post-14796","page","type-page","status-publish","has-post-thumbnail","hentry"],"yoast_head":"<!-- This site is optimized with the Yoast SEO plugin v27.0 - https:\/\/yoast.com\/product\/yoast-seo-wordpress\/ -->\n<title>Live Casino - Casino de l&#039;\u00eele Maurice<\/title>\n<meta name=\"description\" content=\"Avec la gamme compl\u00e8te de jeux de casino en direct, nous offrons d\u00e9sormais aux joueurs une exp\u00e9rience de jeu en direct en ligne qui ressemble \u00e0 celle d&#039;un vrai casino.\" \/>\n<meta name=\"robots\" content=\"index, follow, max-snippet:-1, max-image-preview:large, max-video-preview:-1\" \/>\n<link rel=\"canonical\" href=\"https:\/\/www.casinomauritius.mu\/fr\/casino-en-direct\/\" \/>\n<meta property=\"og:locale\" content=\"fr_FR\" \/>\n<meta property=\"og:type\" content=\"article\" \/>\n<meta property=\"og:title\" content=\"Live Casino - Casino de l&#039;\u00eele Maurice\" \/>\n<meta property=\"og:description\" content=\"Avec la gamme compl\u00e8te de jeux de casino en direct, nous offrons d\u00e9sormais aux joueurs une exp\u00e9rience de jeu en direct en ligne qui ressemble \u00e0 celle d&#039;un vrai casino.\" \/>\n<meta property=\"og:url\" content=\"https:\/\/www.casinomauritius.mu\/fr\/casino-en-direct\/\" \/>\n<meta property=\"og:site_name\" content=\"Casino de l&#039;\u00eele Maurice\" \/>\n<meta property=\"article:modified_time\" content=\"2025-09-11T11:09:17+00:00\" \/>\n<meta property=\"og:image\" content=\"https:\/\/www.casinomauritius.mu\/wp-content\/uploads\/2023\/06\/Casino-Mauritius-Live.webp\" \/>\n\t<meta property=\"og:image:width\" content=\"1024\" \/>\n\t<meta property=\"og:image:height\" content=\"1024\" \/>\n\t<meta property=\"og:image:type\" content=\"image\/webp\" \/>\n<meta name=\"twitter:card\" content=\"summary_large_image\" \/>\n<meta name=\"twitter:label1\" content=\"Dur\u00e9e de lecture estim\u00e9e\" \/>\n\t<meta name=\"twitter:data1\" content=\"4 minutes\" \/>\n<script type=\"application\/ld+json\" class=\"yoast-schema-graph\">{\"@context\":\"https:\/\/schema.org\",\"@graph\":[{\"@type\":\"WebPage\",\"@id\":\"https:\/\/www.casinomauritius.mu\/fr\/casino-en-direct\/\",\"url\":\"https:\/\/www.casinomauritius.mu\/fr\/casino-en-direct\/\",\"name\":\"Live Casino - Casino de l'\u00eele Maurice\",\"isPartOf\":{\"@id\":\"https:\/\/www.casinomauritius.mu\/fr\/#website\"},\"primaryImageOfPage\":{\"@id\":\"https:\/\/www.casinomauritius.mu\/fr\/casino-en-direct\/#primaryimage\"},\"image\":{\"@id\":\"https:\/\/www.casinomauritius.mu\/fr\/casino-en-direct\/#primaryimage\"},\"thumbnailUrl\":\"https:\/\/www.casinomauritius.mu\/wp-content\/uploads\/2023\/06\/Casino-Mauritius-Live.webp\",\"datePublished\":\"2024-09-12T00:03:36+00:00\",\"dateModified\":\"2025-09-11T11:09:17+00:00\",\"description\":\"Avec la gamme compl\u00e8te de jeux de casino en direct, nous offrons d\u00e9sormais aux joueurs une exp\u00e9rience de jeu en direct en ligne qui ressemble \u00e0 celle d'un vrai casino.\",\"breadcrumb\":{\"@id\":\"https:\/\/www.casinomauritius.mu\/fr\/casino-en-direct\/#breadcrumb\"},\"inLanguage\":\"fr-FR\",\"potentialAction\":[{\"@type\":\"ReadAction\",\"target\":[\"https:\/\/www.casinomauritius.mu\/fr\/casino-en-direct\/\"]}]},{\"@type\":\"ImageObject\",\"inLanguage\":\"fr-FR\",\"@id\":\"https:\/\/www.casinomauritius.mu\/fr\/casino-en-direct\/#primaryimage\",\"url\":\"https:\/\/www.casinomauritius.mu\/wp-content\/uploads\/2023\/06\/Casino-Mauritius-Live.webp\",\"contentUrl\":\"https:\/\/www.casinomauritius.mu\/wp-content\/uploads\/2023\/06\/Casino-Mauritius-Live.webp\",\"width\":1024,\"height\":1024,\"caption\":\"Casino Mauritius - Play Live Roulette\"},{\"@type\":\"BreadcrumbList\",\"@id\":\"https:\/\/www.casinomauritius.mu\/fr\/casino-en-direct\/#breadcrumb\",\"itemListElement\":[{\"@type\":\"ListItem\",\"position\":1,\"name\":\"Home\",\"item\":\"https:\/\/www.casinomauritius.mu\/fr\/\"},{\"@type\":\"ListItem\",\"position\":2,\"name\":\"Live Casino\"}]},{\"@type\":\"WebSite\",\"@id\":\"https:\/\/www.casinomauritius.mu\/fr\/#website\",\"url\":\"https:\/\/www.casinomauritius.mu\/fr\/\",\"name\":\"Casino de l'\u00eele Maurice\",\"description\":\"Venez le c\u0153ur plein, repartez le portefeuille plein\",\"publisher\":{\"@id\":\"https:\/\/www.casinomauritius.mu\/fr\/#organization\"},\"potentialAction\":[{\"@type\":\"SearchAction\",\"target\":{\"@type\":\"EntryPoint\",\"urlTemplate\":\"https:\/\/www.casinomauritius.mu\/fr\/?s={search_term_string}\"},\"query-input\":{\"@type\":\"PropertyValueSpecification\",\"valueRequired\":true,\"valueName\":\"search_term_string\"}}],\"inLanguage\":\"fr-FR\"},{\"@type\":\"Organization\",\"@id\":\"https:\/\/www.casinomauritius.mu\/fr\/#organization\",\"name\":\"Casino de l'\u00eele Maurice\",\"url\":\"https:\/\/www.casinomauritius.mu\/fr\/\",\"logo\":{\"@type\":\"ImageObject\",\"inLanguage\":\"fr-FR\",\"@id\":\"https:\/\/www.casinomauritius.mu\/fr\/#\/schema\/logo\/image\/\",\"url\":\"https:\/\/www.casinomauritius.mu\/wp-content\/uploads\/2020\/06\/Casino_Mauritius_Logo-01.png\",\"contentUrl\":\"https:\/\/www.casinomauritius.mu\/wp-content\/uploads\/2020\/06\/Casino_Mauritius_Logo-01.png\",\"width\":200,\"height\":63,\"caption\":\"Casino de l'\u00eele Maurice\"},\"image\":{\"@id\":\"https:\/\/www.casinomauritius.mu\/fr\/#\/schema\/logo\/image\/\"}}]}<\/script>\n<!-- \/ Yoast SEO plugin. -->","yoast_head_json":{"title":"Live Casino - Casino de l'\u00eele Maurice","description":"Avec la gamme compl\u00e8te de jeux de casino en direct, nous offrons d\u00e9sormais aux joueurs une exp\u00e9rience de jeu en direct en ligne qui ressemble \u00e0 celle d'un vrai casino.","robots":{"index":"index","follow":"follow","max-snippet":"max-snippet:-1","max-image-preview":"max-image-preview:large","max-video-preview":"max-video-preview:-1"},"canonical":"https:\/\/www.casinomauritius.mu\/fr\/casino-en-direct\/","og_locale":"fr_FR","og_type":"article","og_title":"Live Casino - Casino de l'\u00eele Maurice","og_description":"Avec la gamme compl\u00e8te de jeux de casino en direct, nous offrons d\u00e9sormais aux joueurs une exp\u00e9rience de jeu en direct en ligne qui ressemble \u00e0 celle d'un vrai casino.","og_url":"https:\/\/www.casinomauritius.mu\/fr\/casino-en-direct\/","og_site_name":"Casino de l'\u00eele Maurice","article_modified_time":"2025-09-11T11:09:17+00:00","og_image":[{"width":1024,"height":1024,"url":"https:\/\/www.casinomauritius.mu\/wp-content\/uploads\/2023\/06\/Casino-Mauritius-Live.webp","type":"image\/webp"}],"twitter_card":"summary_large_image","twitter_misc":{"Dur\u00e9e de lecture estim\u00e9e":"4 minutes"},"schema":{"@context":"https:\/\/schema.org","@graph":[{"@type":"WebPage","@id":"https:\/\/www.casinomauritius.mu\/fr\/casino-en-direct\/","url":"https:\/\/www.casinomauritius.mu\/fr\/casino-en-direct\/","name":"Live Casino - Casino de l'\u00eele Maurice","isPartOf":{"@id":"https:\/\/www.casinomauritius.mu\/fr\/#website"},"primaryImageOfPage":{"@id":"https:\/\/www.casinomauritius.mu\/fr\/casino-en-direct\/#primaryimage"},"image":{"@id":"https:\/\/www.casinomauritius.mu\/fr\/casino-en-direct\/#primaryimage"},"thumbnailUrl":"https:\/\/www.casinomauritius.mu\/wp-content\/uploads\/2023\/06\/Casino-Mauritius-Live.webp","datePublished":"2024-09-12T00:03:36+00:00","dateModified":"2025-09-11T11:09:17+00:00","description":"Avec la gamme compl\u00e8te de jeux de casino en direct, nous offrons d\u00e9sormais aux joueurs une exp\u00e9rience de jeu en direct en ligne qui ressemble \u00e0 celle d'un vrai casino.","breadcrumb":{"@id":"https:\/\/www.casinomauritius.mu\/fr\/casino-en-direct\/#breadcrumb"},"inLanguage":"fr-FR","potentialAction":[{"@type":"ReadAction","target":["https:\/\/www.casinomauritius.mu\/fr\/casino-en-direct\/"]}]},{"@type":"ImageObject","inLanguage":"fr-FR","@id":"https:\/\/www.casinomauritius.mu\/fr\/casino-en-direct\/#primaryimage","url":"https:\/\/www.casinomauritius.mu\/wp-content\/uploads\/2023\/06\/Casino-Mauritius-Live.webp","contentUrl":"https:\/\/www.casinomauritius.mu\/wp-content\/uploads\/2023\/06\/Casino-Mauritius-Live.webp","width":1024,"height":1024,"caption":"Casino Mauritius - Play Live Roulette"},{"@type":"BreadcrumbList","@id":"https:\/\/www.casinomauritius.mu\/fr\/casino-en-direct\/#breadcrumb","itemListElement":[{"@type":"ListItem","position":1,"name":"Home","item":"https:\/\/www.casinomauritius.mu\/fr\/"},{"@type":"ListItem","position":2,"name":"Live Casino"}]},{"@type":"WebSite","@id":"https:\/\/www.casinomauritius.mu\/fr\/#website","url":"https:\/\/www.casinomauritius.mu\/fr\/","name":"Casino de l'\u00eele Maurice","description":"Venez le c\u0153ur plein, repartez le portefeuille plein","publisher":{"@id":"https:\/\/www.casinomauritius.mu\/fr\/#organization"},"potentialAction":[{"@type":"SearchAction","target":{"@type":"EntryPoint","urlTemplate":"https:\/\/www.casinomauritius.mu\/fr\/?s={search_term_string}"},"query-input":{"@type":"PropertyValueSpecification","valueRequired":true,"valueName":"search_term_string"}}],"inLanguage":"fr-FR"},{"@type":"Organization","@id":"https:\/\/www.casinomauritius.mu\/fr\/#organization","name":"Casino de l'\u00eele Maurice","url":"https:\/\/www.casinomauritius.mu\/fr\/","logo":{"@type":"ImageObject","inLanguage":"fr-FR","@id":"https:\/\/www.casinomauritius.mu\/fr\/#\/schema\/logo\/image\/","url":"https:\/\/www.casinomauritius.mu\/wp-content\/uploads\/2020\/06\/Casino_Mauritius_Logo-01.png","contentUrl":"https:\/\/www.casinomauritius.mu\/wp-content\/uploads\/2020\/06\/Casino_Mauritius_Logo-01.png","width":200,"height":63,"caption":"Casino de l'\u00eele Maurice"},"image":{"@id":"https:\/\/www.casinomauritius.mu\/fr\/#\/schema\/logo\/image\/"}}]}},"_links":{"self":[{"href":"https:\/\/www.casinomauritius.mu\/fr\/wp-json\/wp\/v2\/pages\/14796","targetHints":{"allow":["GET"]}}],"collection":[{"href":"https:\/\/www.casinomauritius.mu\/fr\/wp-json\/wp\/v2\/pages"}],"about":[{"href":"https:\/\/www.casinomauritius.mu\/fr\/wp-json\/wp\/v2\/types\/page"}],"author":[{"embeddable":true,"href":"https:\/\/www.casinomauritius.mu\/fr\/wp-json\/wp\/v2\/users\/1"}],"replies":[{"embeddable":true,"href":"https:\/\/www.casinomauritius.mu\/fr\/wp-json\/wp\/v2\/comments?post=14796"}],"version-history":[{"count":4,"href":"https:\/\/www.casinomauritius.mu\/fr\/wp-json\/wp\/v2\/pages\/14796\/revisions"}],"predecessor-version":[{"id":22663,"href":"https:\/\/www.casinomauritius.mu\/fr\/wp-json\/wp\/v2\/pages\/14796\/revisions\/22663"}],"wp:featuredmedia":[{"embeddable":true,"href":"https:\/\/www.casinomauritius.mu\/fr\/wp-json\/wp\/v2\/media\/15679"}],"wp:attachment":[{"href":"https:\/\/www.casinomauritius.mu\/fr\/wp-json\/wp\/v2\/media?parent=14796"}],"wp:term":[{"taxonomy":"category","embeddable":true,"href":"https:\/\/www.casinomauritius.mu\/fr\/wp-json\/wp\/v2\/categories?post=14796"},{"taxonomy":"post_tag","embeddable":true,"href":"https:\/\/www.casinomauritius.mu\/fr\/wp-json\/wp\/v2\/tags?post=14796"}],"curies":[{"name":"wp","href":"https:\/\/api.w.org\/{rel}","templated":true}]}}