{"id":16218,"date":"2024-09-12T00:13:25","date_gmt":"2024-09-11T20:13:25","guid":{"rendered":"https:\/\/www.casinomauritius.mu\/systeme-de-roulette-martingale\/"},"modified":"2025-11-13T11:21:16","modified_gmt":"2025-11-13T07:21:16","slug":"systeme-martingale-a-la-roulette","status":"publish","type":"page","link":"https:\/\/www.casinomauritius.mu\/fr\/roulette\/systeme-martingale-a-la-roulette\/","title":{"rendered":"Syst\u00e8me de roulette Martingale"},"content":{"rendered":"<div class=\"wpb-content-wrapper\"><p>[vc_row][vc_column][vc_column_text]<\/p>\n<h1>Syst\u00e8me Martingale<\/h1>\n<h2>Syst\u00e8me Martingale, strat\u00e9gie de roulette<\/h2>\n<p>Le syst\u00e8me Martingale est l&rsquo;une des plus anciennes strat\u00e9gies de jeu. Il a \u00e9t\u00e9 invent\u00e9 au XVIIIe si\u00e8cle en France pour le jeu de Pile ou Face, o\u00f9 les chances de gagner \u00e0 chaque fois sont de 50 %. Elle a rapidement \u00e9t\u00e9 appliqu\u00e9e au jeu de la roulette, o\u00f9 la probabilit\u00e9 de tomber sur le <strong>NOIR<\/strong> ou le <span style=\"color: #ff0000;\"><strong>ROUGE<\/strong><\/span> est \u00e9galement proche de 50 %. C&rsquo;est l&rsquo;une des strat\u00e9gies les plus populaires parmi les joueurs professionnels de roulette.[\/vc_column_text][\/vc_column][\/vc_row][vc_row][vc_column][vc_column_text]<\/p>\n<h2>Les principes de base du syst\u00e8me Martingale \u00e0 la roulette<\/h2>\n<p>Le principe de base de la roulette est simple. La strat\u00e9gie Martingale dit qu&rsquo;au d\u00e9but vous devez parier par exemple 1$ sur <span style=\"color: #ff0000;\"><strong>ROUGE<\/strong><\/span> ou <strong>NOIR<\/strong>. Si le joueur gagne, il re\u00e7oit 2$ et r\u00e9alise donc un b\u00e9n\u00e9fice de 1$. Si le joueur perd, la mise est toujours doubl\u00e9e, par exemple :[\/vc_column_text][vc_separator style=\u00a0\u00bbshadow\u00a0\u00bb border_width=\u00a0\u00bb3&Prime;][\/vc_column][\/vc_row][vc_row][vc_column][vc_column_text]<\/p>\n<h3>Strat\u00e9gie Martingale dans le casino en ligne Live<\/h3>\n<p>[\/vc_column_text]<div id=\"ultimate-video-602469e0bbc78c17a\" class=\"ult-video  ult-adjust-bottom-margin ultimate-video-602469e0bbc78c17a ultv-4519 \"><div class=\"ultv-video ultv-aspect-ratio-16_9 ultv-subscribe-responsive-none\" data-videotype=\"uv_iframe\">\n\t\t\t\t\t\t<div class=\"ultv-video__outer-wrap\" data-autoplay=\"0\" data-device=\"false\"  data-iconbg=\"#3A3A3A\" data-overcolor=\"\" data-defaultbg=\"#1f1f1e\" data-defaultplay=\"defaulticon\"><div class=\"ultv-video__play\" data-src=\"https:\/\/www.youtube.com\/embed\/Wx0uuyS0oiY?rel=0&#038;start&#038;end&#038;controls=1&#038;mute=0&#038;modestbranding=0&#038;autoplay=1\">\n\t\t\t\t\t\t\t\t<img decoding=\"async\" class=\"ultv-video__thumb\" src=\"https:\/\/i.ytimg.com\/vi\/Wx0uuyS0oiY\/maxresdefault.jpg\"\/>\n\t\t\t\t\t\t\t\t<div class=\"ultv-video__play-icon  ultv-animation-none\" style=\"width:75px\"><svg height=\"100%\" version=\"1.1\" viewBox=\"0 0 68 48\" width=\"100%\"><path class=\"ultv-youtube-icon-bg\" d=\"m .66,37.62 c 0,0 .66,4.70 2.70,6.77 2.58,2.71 5.98,2.63 7.49,2.91 5.43,.52 23.10,.68 23.12,.68 .00,-1.3e-5 14.29,-0.02 23.81,-0.71 1.32,-0.15 4.22,-0.17 6.81,-2.89 2.03,-2.07 2.70,-6.77 2.70,-6.77 0,0 .67,-5.52 .67,-11.04 l 0,-5.17 c 0,-5.52 -0.67,-11.04 -0.67,-11.04 0,0 -0.66,-4.70 -2.70,-6.77 C 62.03,.86 59.13,.84 57.80,.69 48.28,0 34.00,0 34.00,0 33.97,0 19.69,0 10.18,.69 8.85,.84 5.95,.86 3.36,3.58 1.32,5.65 .66,10.35 .66,10.35 c 0,0 -0.55,4.50 -0.66,9.45 l 0,8.36 c .10,4.94 .66,9.45 .66,9.45 z\" fill=\"#1f1f1e\" ><\/path><path d=\"m 26.96,13.67 18.37,9.62 -18.37,9.55 -0.00,-19.17 z\" fill=\"#fff\"><\/path><path d=\"M 45.02,23.46 45.32,23.28 26.96,13.67 43.32,22.34 45.02,23.46 z\" fill=\"#ccc\"><\/path><\/svg><\/div> <\/div> <\/div><\/div><\/div>[vc_separator style=\u00a0\u00bbshadow\u00a0\u00bb border_width=\u00a0\u00bb3&Prime;][\/vc_column][\/vc_row][vc_row][vc_column][vc_column_text]<\/p>\n<h3>Exemple avec une mise de d\u00e9part de 1<\/h3>\n<p>1<sup>er<\/sup> pari sur le <strong>NOIR<\/strong> 1$ &#8230; r\u00e9sultat <span style=\"color: #ff0000;\"><strong>ROUGE<\/strong><\/span>= perdre<\/p>\n<p>2<sup>\u00e8me<\/sup> pari sur le <strong>NOIR<\/strong> 2$ &#8230; r\u00e9sultat <span style=\"color: #ff0000;\"><strong>ROUGE<\/strong><\/span>= perdre<\/p>\n<p>3<sup>\u00e8me<\/sup> pari sur le <strong>NOIR<\/strong> 4$ &#8230; r\u00e9sultat <span style=\"color: #ff0000;\"><strong>ROUGE<\/strong><\/span>= perdre<\/p>\n<p>4<sup>\u00e8me<\/sup> pari sur le <strong>NOIR<\/strong> 8$ &#8230; r\u00e9sultat <span style=\"color: #ff0000;\"><strong>ROUGE<\/strong><\/span>= perdre<\/p>\n<p>5<sup>\u00e8me<\/sup> pari sur <strong>NOIR<\/strong> 16$ &#8230; r\u00e9sultat <strong>NOIR<\/strong> = <span style=\"color: #339966;\"><strong>GAGNANT<\/strong><\/span><\/p>\n<p>Le joueur mise un total de 1 + 2 + 4 + 8 + 16 = 31$ et gagne 32$ \u00e0 la fin. Il a donc un <strong>PROFIT de 1$<\/strong> et peut recommencer \u00e0 jouer. Bien s\u00fbr, vous n&rsquo;\u00eates pas oblig\u00e9 de commencer avec 1$, vous pouvez fixer vous-m\u00eame la limite de d\u00e9part. Dans l&rsquo;exemple suivant, nous commen\u00e7ons le<sup>premier<\/sup> pari avec 10$ :[\/vc_column_text][vc_separator style=\u00a0\u00bbshadow\u00a0\u00bb border_width=\u00a0\u00bb3&Prime;][\/vc_column][\/vc_row][vc_row][vc_column][vc_column_text]<\/p>\n<h3>Exemple avec une mise de d\u00e9part de 10<\/h3>\n<p>1<sup>er<\/sup> pari sur le <strong>NOIR<\/strong> 10$ &#8230; r\u00e9sultat <span style=\"color: #ff0000;\"><strong>ROUGE<\/strong><\/span>= perdre<\/p>\n<p>2<sup>\u00e8me<\/sup> pari sur le <strong>NOIR<\/strong> 20$ &#8230; r\u00e9sultat <span style=\"color: #ff0000;\"><strong>ROUGE<\/strong><\/span>= perdre<\/p>\n<p>3<sup>\u00e8me<\/sup> pari sur le <strong>NOIR<\/strong> 40$ &#8230; r\u00e9sultat <span style=\"color: #ff0000;\"><strong>ROUGE<\/strong><\/span>= perdre<\/p>\n<p>4<sup>\u00e8me<\/sup> pari sur le <strong>NOIR<\/strong> 80$ &#8230; r\u00e9sultat <span style=\"color: #ff0000;\"><strong>ROUGE<\/strong><\/span>= perdant<\/p>\n<p>5<sup>\u00e8me<\/sup> pari sur <strong>NOIR<\/strong> 160$ &#8230; r\u00e9sultat <strong>NOIR<\/strong> = <span style=\"color: #339966;\"><strong>GAGNANT<\/strong><\/span><\/p>\n<p>Le joueur mise un total de 10 + 20 + 40 + 80 + 160 = 310$ et gagne 320$ \u00e0 la fin. Il a donc un <strong>PROFIT de 10$<\/strong> et peut recommencer \u00e0 jouer.[\/vc_column_text][vc_separator style=\u00a0\u00bbshadow\u00a0\u00bb border_width=\u00a0\u00bb3&Prime;][\/vc_column][\/vc_row][vc_row][vc_column][vc_column_text css=\u00a0\u00bb\u00a0\u00bb]<\/p>\n<h4>Avantages et inconv\u00e9nients de la Syst\u00e8me Martingale \u00e0 la roulette<\/h4>\n<p>Avec des fonds infinis, le syst\u00e8me Martingale permet de gagner \u00e0 coup s\u00fbr. L&rsquo;inconv\u00e9nient est que le joueur peut disposer de fonds limit\u00e9s lorsqu&rsquo;il joue. M\u00eame si la probabilit\u00e9 de perdre plusieurs fois de suite est presque nulle, elle existe toujours et, avec les paris exponentiels, elle peut avoir des cons\u00e9quences d\u00e9sastreuses pour le joueur. Par cons\u00e9quent, avec les strat\u00e9gies Martingale, le revenu attendu presque certain est contrebalanc\u00e9 par le risque minimal de perdre. Si vous optez pour cette strat\u00e9gie, vous devez conserver suffisamment d&rsquo;argent sur votre compte casino pour pouvoir couvrir plusieurs s\u00e9ries de pertes cons\u00e9cutives.[\/vc_column_text][\/vc_column][\/vc_row][vc_row][vc_column][vc_column_text]<\/p>\n<h2>Essayez cette strat\u00e9gie de roulette d\u00e8s aujourd&rsquo;hui !<\/h2>\n<p>[\/vc_column_text][\/vc_column][\/vc_row][vc_row][vc_column][vc_btn title=\u00a0\u00bbPLAY NOW\u00a0\u00bb color=\u00a0\u00bbwarning\u00a0\u00bb align=\u00a0\u00bbcenter\u00a0\u00bb link=\u00a0\u00bburl:%2Fgo%2Fjoinnow.php|\u00a0\u00bb][\/vc_column][\/vc_row][vc_row][vc_column][vc_column_text]<\/p>\n<h3>More Roulette Strategies and Systems<\/h3>\n<p>[\/vc_column_text][vc_basic_grid post_type=\u00a0\u00bbids\u00a0\u00bb gap=\u00a0\u00bb20&Prime; item=\u00a0\u00bb56&Prime; grid_id=\u00a0\u00bbvc_gid:1744263986580-ace5d374-f6c5-5&Prime; include=\u00a0\u00bb16203, 16862, 16871, 16867, 16869, 16865, 16877, 16874&Prime;][\/vc_column][\/vc_row][vc_row][vc_column][vc_column_text]<\/p>\n<h3>Learn about Roulette Variations<\/h3>\n<p>[\/vc_column_text][vc_basic_grid post_type=\u00a0\u00bbids\u00a0\u00bb gap=\u00a0\u00bb20&Prime; item=\u00a0\u00bb56&Prime; grid_id=\u00a0\u00bbvc_gid:1744263986580-5f581ee6-d675-7&Prime; include=\u00a0\u00bb17076, 17105, 17107, 17110, 17112, 17115, 17117, 17119, 17121, 17123, 17125, 17127, 17129, 17133, 17135&Prime;][\/vc_column][\/vc_row]<\/p>\n<\/div>","protected":false},"excerpt":{"rendered":"<p> [&hellip;]<\/p>\n","protected":false},"author":1,"featured_media":16553,"parent":17944,"menu_order":0,"comment_status":"closed","ping_status":"closed","template":"","meta":{"site-sidebar-layout":"no-sidebar","site-content-layout":"plain-container","ast-site-content-layout":"normal-width-container","site-content-style":"unboxed","site-sidebar-style":"unboxed","ast-global-header-display":"","ast-banner-title-visibility":"","ast-main-header-display":"","ast-hfb-above-header-display":"","ast-hfb-below-header-display":"","ast-hfb-mobile-header-display":"","site-post-title":"disabled","ast-breadcrumbs-content":"","ast-featured-img":"disabled","footer-sml-layout":"","ast-disable-related-posts":"","theme-transparent-header-meta":"default","adv-header-id-meta":"","stick-header-meta":"default","header-above-stick-meta":"","header-main-stick-meta":"","header-below-stick-meta":"","astra-migrate-meta-layouts":"set","ast-page-background-enabled":"default","ast-page-background-meta":{"desktop":{"background-color":"","background-image":"","background-repeat":"repeat","background-position":"center center","background-size":"auto","background-attachment":"scroll","background-type":"","background-media":"","overlay-type":"","overlay-color":"","overlay-opacity":"","overlay-gradient":""},"tablet":{"background-color":"","background-image":"","background-repeat":"repeat","background-position":"center center","background-size":"auto","background-attachment":"scroll","background-type":"","background-media":"","overlay-type":"","overlay-color":"","overlay-opacity":"","overlay-gradient":""},"mobile":{"background-color":"","background-image":"","background-repeat":"repeat","background-position":"center center","background-size":"auto","background-attachment":"scroll","background-type":"","background-media":"","overlay-type":"","overlay-color":"","overlay-opacity":"","overlay-gradient":""}},"ast-content-background-meta":{"desktop":{"background-color":"var(--ast-global-color-5)","background-image":"","background-repeat":"repeat","background-position":"center center","background-size":"auto","background-attachment":"scroll","background-type":"","background-media":"","overlay-type":"","overlay-color":"","overlay-opacity":"","overlay-gradient":""},"tablet":{"background-color":"var(--ast-global-color-5)","background-image":"","background-repeat":"repeat","background-position":"center center","background-size":"auto","background-attachment":"scroll","background-type":"","background-media":"","overlay-type":"","overlay-color":"","overlay-opacity":"","overlay-gradient":""},"mobile":{"background-color":"var(--ast-global-color-5)","background-image":"","background-repeat":"repeat","background-position":"center center","background-size":"auto","background-attachment":"scroll","background-type":"","background-media":"","overlay-type":"","overlay-color":"","overlay-opacity":"","overlay-gradient":""}},"footnotes":""},"categories":[],"tags":[],"class_list":["post-16218","page","type-page","status-publish","has-post-thumbnail","hentry"],"yoast_head":"<!-- This site is optimized with the Yoast SEO plugin v27.0 - https:\/\/yoast.com\/product\/yoast-seo-wordpress\/ -->\n<title>Syst\u00e8me de roulette Martingale - Casino de l&#039;\u00eele Maurice<\/title>\n<meta name=\"description\" content=\"D\u00e9couvrez comment fonctionne le syst\u00e8me Martingale \u00e0 la roulette et comment il peut influencer votre strat\u00e9gie de pari pour vous permettre d&#039;obtenir de meilleurs r\u00e9sultats.\" \/>\n<meta name=\"robots\" content=\"index, follow, max-snippet:-1, max-image-preview:large, max-video-preview:-1\" \/>\n<link rel=\"canonical\" href=\"https:\/\/www.casinomauritius.mu\/fr\/roulette\/systeme-martingale-a-la-roulette\/\" \/>\n<meta property=\"og:locale\" content=\"fr_FR\" \/>\n<meta property=\"og:type\" content=\"article\" \/>\n<meta property=\"og:title\" content=\"Syst\u00e8me de roulette Martingale - Casino de l&#039;\u00eele Maurice\" \/>\n<meta property=\"og:description\" content=\"D\u00e9couvrez comment fonctionne le syst\u00e8me Martingale \u00e0 la roulette et comment il peut influencer votre strat\u00e9gie de pari pour vous permettre d&#039;obtenir de meilleurs r\u00e9sultats.\" \/>\n<meta property=\"og:url\" content=\"https:\/\/www.casinomauritius.mu\/fr\/roulette\/systeme-martingale-a-la-roulette\/\" \/>\n<meta property=\"og:site_name\" content=\"Casino de l&#039;\u00eele Maurice\" \/>\n<meta property=\"article:modified_time\" content=\"2025-11-13T07:21:16+00:00\" \/>\n<meta property=\"og:image\" content=\"https:\/\/www.casinomauritius.mu\/wp-content\/uploads\/2023\/09\/Roulette.webp\" \/>\n\t<meta property=\"og:image:width\" content=\"1920\" \/>\n\t<meta property=\"og:image:height\" content=\"1080\" \/>\n\t<meta property=\"og:image:type\" content=\"image\/webp\" \/>\n<meta name=\"twitter:card\" content=\"summary_large_image\" \/>\n<meta name=\"twitter:label1\" content=\"Dur\u00e9e de lecture estim\u00e9e\" \/>\n\t<meta name=\"twitter:data1\" content=\"3 minutes\" \/>\n<script type=\"application\/ld+json\" class=\"yoast-schema-graph\">{\"@context\":\"https:\/\/schema.org\",\"@graph\":[{\"@type\":\"WebPage\",\"@id\":\"https:\/\/www.casinomauritius.mu\/fr\/roulette\/systeme-martingale-a-la-roulette\/\",\"url\":\"https:\/\/www.casinomauritius.mu\/fr\/roulette\/systeme-martingale-a-la-roulette\/\",\"name\":\"Syst\u00e8me de roulette Martingale - Casino de l'\u00eele Maurice\",\"isPartOf\":{\"@id\":\"https:\/\/www.casinomauritius.mu\/fr\/#website\"},\"primaryImageOfPage\":{\"@id\":\"https:\/\/www.casinomauritius.mu\/fr\/roulette\/systeme-martingale-a-la-roulette\/#primaryimage\"},\"image\":{\"@id\":\"https:\/\/www.casinomauritius.mu\/fr\/roulette\/systeme-martingale-a-la-roulette\/#primaryimage\"},\"thumbnailUrl\":\"https:\/\/www.casinomauritius.mu\/wp-content\/uploads\/2023\/09\/Roulette.webp\",\"datePublished\":\"2024-09-11T20:13:25+00:00\",\"dateModified\":\"2025-11-13T07:21:16+00:00\",\"description\":\"D\u00e9couvrez comment fonctionne le syst\u00e8me Martingale \u00e0 la roulette et comment il peut influencer votre strat\u00e9gie de pari pour vous permettre d'obtenir de meilleurs r\u00e9sultats.\",\"breadcrumb\":{\"@id\":\"https:\/\/www.casinomauritius.mu\/fr\/roulette\/systeme-martingale-a-la-roulette\/#breadcrumb\"},\"inLanguage\":\"fr-FR\",\"potentialAction\":[{\"@type\":\"ReadAction\",\"target\":[\"https:\/\/www.casinomauritius.mu\/fr\/roulette\/systeme-martingale-a-la-roulette\/\"]}]},{\"@type\":\"ImageObject\",\"inLanguage\":\"fr-FR\",\"@id\":\"https:\/\/www.casinomauritius.mu\/fr\/roulette\/systeme-martingale-a-la-roulette\/#primaryimage\",\"url\":\"https:\/\/www.casinomauritius.mu\/wp-content\/uploads\/2023\/09\/Roulette.webp\",\"contentUrl\":\"https:\/\/www.casinomauritius.mu\/wp-content\/uploads\/2023\/09\/Roulette.webp\",\"width\":1920,\"height\":1080,\"caption\":\"Syst\u00e8me Martingale - Strat\u00e9gie \u00e0 la roulette\"},{\"@type\":\"BreadcrumbList\",\"@id\":\"https:\/\/www.casinomauritius.mu\/fr\/roulette\/systeme-martingale-a-la-roulette\/#breadcrumb\",\"itemListElement\":[{\"@type\":\"ListItem\",\"position\":1,\"name\":\"Home\",\"item\":\"https:\/\/www.casinomauritius.mu\/fr\/\"},{\"@type\":\"ListItem\",\"position\":2,\"name\":\"Roulette\",\"item\":\"https:\/\/www.casinomauritius.mu\/fr\/roulette\/\"},{\"@type\":\"ListItem\",\"position\":3,\"name\":\"Syst\u00e8me de roulette Martingale\"}]},{\"@type\":\"WebSite\",\"@id\":\"https:\/\/www.casinomauritius.mu\/fr\/#website\",\"url\":\"https:\/\/www.casinomauritius.mu\/fr\/\",\"name\":\"Casino de l'\u00eele Maurice\",\"description\":\"Venez le c\u0153ur plein, repartez le portefeuille plein\",\"publisher\":{\"@id\":\"https:\/\/www.casinomauritius.mu\/fr\/#organization\"},\"potentialAction\":[{\"@type\":\"SearchAction\",\"target\":{\"@type\":\"EntryPoint\",\"urlTemplate\":\"https:\/\/www.casinomauritius.mu\/fr\/?s={search_term_string}\"},\"query-input\":{\"@type\":\"PropertyValueSpecification\",\"valueRequired\":true,\"valueName\":\"search_term_string\"}}],\"inLanguage\":\"fr-FR\"},{\"@type\":\"Organization\",\"@id\":\"https:\/\/www.casinomauritius.mu\/fr\/#organization\",\"name\":\"Casino de l'\u00eele Maurice\",\"url\":\"https:\/\/www.casinomauritius.mu\/fr\/\",\"logo\":{\"@type\":\"ImageObject\",\"inLanguage\":\"fr-FR\",\"@id\":\"https:\/\/www.casinomauritius.mu\/fr\/#\/schema\/logo\/image\/\",\"url\":\"https:\/\/www.casinomauritius.mu\/wp-content\/uploads\/2020\/06\/Casino_Mauritius_Logo-01.png\",\"contentUrl\":\"https:\/\/www.casinomauritius.mu\/wp-content\/uploads\/2020\/06\/Casino_Mauritius_Logo-01.png\",\"width\":200,\"height\":63,\"caption\":\"Casino de l'\u00eele Maurice\"},\"image\":{\"@id\":\"https:\/\/www.casinomauritius.mu\/fr\/#\/schema\/logo\/image\/\"}}]}<\/script>\n<!-- \/ Yoast SEO plugin. -->","yoast_head_json":{"title":"Syst\u00e8me de roulette Martingale - Casino de l'\u00eele Maurice","description":"D\u00e9couvrez comment fonctionne le syst\u00e8me Martingale \u00e0 la roulette et comment il peut influencer votre strat\u00e9gie de pari pour vous permettre d'obtenir de meilleurs r\u00e9sultats.","robots":{"index":"index","follow":"follow","max-snippet":"max-snippet:-1","max-image-preview":"max-image-preview:large","max-video-preview":"max-video-preview:-1"},"canonical":"https:\/\/www.casinomauritius.mu\/fr\/roulette\/systeme-martingale-a-la-roulette\/","og_locale":"fr_FR","og_type":"article","og_title":"Syst\u00e8me de roulette Martingale - Casino de l'\u00eele Maurice","og_description":"D\u00e9couvrez comment fonctionne le syst\u00e8me Martingale \u00e0 la roulette et comment il peut influencer votre strat\u00e9gie de pari pour vous permettre d'obtenir de meilleurs r\u00e9sultats.","og_url":"https:\/\/www.casinomauritius.mu\/fr\/roulette\/systeme-martingale-a-la-roulette\/","og_site_name":"Casino de l'\u00eele Maurice","article_modified_time":"2025-11-13T07:21:16+00:00","og_image":[{"width":1920,"height":1080,"url":"https:\/\/www.casinomauritius.mu\/wp-content\/uploads\/2023\/09\/Roulette.webp","type":"image\/webp"}],"twitter_card":"summary_large_image","twitter_misc":{"Dur\u00e9e de lecture estim\u00e9e":"3 minutes"},"schema":{"@context":"https:\/\/schema.org","@graph":[{"@type":"WebPage","@id":"https:\/\/www.casinomauritius.mu\/fr\/roulette\/systeme-martingale-a-la-roulette\/","url":"https:\/\/www.casinomauritius.mu\/fr\/roulette\/systeme-martingale-a-la-roulette\/","name":"Syst\u00e8me de roulette Martingale - Casino de l'\u00eele Maurice","isPartOf":{"@id":"https:\/\/www.casinomauritius.mu\/fr\/#website"},"primaryImageOfPage":{"@id":"https:\/\/www.casinomauritius.mu\/fr\/roulette\/systeme-martingale-a-la-roulette\/#primaryimage"},"image":{"@id":"https:\/\/www.casinomauritius.mu\/fr\/roulette\/systeme-martingale-a-la-roulette\/#primaryimage"},"thumbnailUrl":"https:\/\/www.casinomauritius.mu\/wp-content\/uploads\/2023\/09\/Roulette.webp","datePublished":"2024-09-11T20:13:25+00:00","dateModified":"2025-11-13T07:21:16+00:00","description":"D\u00e9couvrez comment fonctionne le syst\u00e8me Martingale \u00e0 la roulette et comment il peut influencer votre strat\u00e9gie de pari pour vous permettre d'obtenir de meilleurs r\u00e9sultats.","breadcrumb":{"@id":"https:\/\/www.casinomauritius.mu\/fr\/roulette\/systeme-martingale-a-la-roulette\/#breadcrumb"},"inLanguage":"fr-FR","potentialAction":[{"@type":"ReadAction","target":["https:\/\/www.casinomauritius.mu\/fr\/roulette\/systeme-martingale-a-la-roulette\/"]}]},{"@type":"ImageObject","inLanguage":"fr-FR","@id":"https:\/\/www.casinomauritius.mu\/fr\/roulette\/systeme-martingale-a-la-roulette\/#primaryimage","url":"https:\/\/www.casinomauritius.mu\/wp-content\/uploads\/2023\/09\/Roulette.webp","contentUrl":"https:\/\/www.casinomauritius.mu\/wp-content\/uploads\/2023\/09\/Roulette.webp","width":1920,"height":1080,"caption":"Syst\u00e8me Martingale - Strat\u00e9gie \u00e0 la roulette"},{"@type":"BreadcrumbList","@id":"https:\/\/www.casinomauritius.mu\/fr\/roulette\/systeme-martingale-a-la-roulette\/#breadcrumb","itemListElement":[{"@type":"ListItem","position":1,"name":"Home","item":"https:\/\/www.casinomauritius.mu\/fr\/"},{"@type":"ListItem","position":2,"name":"Roulette","item":"https:\/\/www.casinomauritius.mu\/fr\/roulette\/"},{"@type":"ListItem","position":3,"name":"Syst\u00e8me de roulette Martingale"}]},{"@type":"WebSite","@id":"https:\/\/www.casinomauritius.mu\/fr\/#website","url":"https:\/\/www.casinomauritius.mu\/fr\/","name":"Casino de l'\u00eele Maurice","description":"Venez le c\u0153ur plein, repartez le portefeuille plein","publisher":{"@id":"https:\/\/www.casinomauritius.mu\/fr\/#organization"},"potentialAction":[{"@type":"SearchAction","target":{"@type":"EntryPoint","urlTemplate":"https:\/\/www.casinomauritius.mu\/fr\/?s={search_term_string}"},"query-input":{"@type":"PropertyValueSpecification","valueRequired":true,"valueName":"search_term_string"}}],"inLanguage":"fr-FR"},{"@type":"Organization","@id":"https:\/\/www.casinomauritius.mu\/fr\/#organization","name":"Casino de l'\u00eele Maurice","url":"https:\/\/www.casinomauritius.mu\/fr\/","logo":{"@type":"ImageObject","inLanguage":"fr-FR","@id":"https:\/\/www.casinomauritius.mu\/fr\/#\/schema\/logo\/image\/","url":"https:\/\/www.casinomauritius.mu\/wp-content\/uploads\/2020\/06\/Casino_Mauritius_Logo-01.png","contentUrl":"https:\/\/www.casinomauritius.mu\/wp-content\/uploads\/2020\/06\/Casino_Mauritius_Logo-01.png","width":200,"height":63,"caption":"Casino de l'\u00eele Maurice"},"image":{"@id":"https:\/\/www.casinomauritius.mu\/fr\/#\/schema\/logo\/image\/"}}]}},"_links":{"self":[{"href":"https:\/\/www.casinomauritius.mu\/fr\/wp-json\/wp\/v2\/pages\/16218","targetHints":{"allow":["GET"]}}],"collection":[{"href":"https:\/\/www.casinomauritius.mu\/fr\/wp-json\/wp\/v2\/pages"}],"about":[{"href":"https:\/\/www.casinomauritius.mu\/fr\/wp-json\/wp\/v2\/types\/page"}],"author":[{"embeddable":true,"href":"https:\/\/www.casinomauritius.mu\/fr\/wp-json\/wp\/v2\/users\/1"}],"replies":[{"embeddable":true,"href":"https:\/\/www.casinomauritius.mu\/fr\/wp-json\/wp\/v2\/comments?post=16218"}],"version-history":[{"count":3,"href":"https:\/\/www.casinomauritius.mu\/fr\/wp-json\/wp\/v2\/pages\/16218\/revisions"}],"predecessor-version":[{"id":27538,"href":"https:\/\/www.casinomauritius.mu\/fr\/wp-json\/wp\/v2\/pages\/16218\/revisions\/27538"}],"up":[{"embeddable":true,"href":"https:\/\/www.casinomauritius.mu\/fr\/wp-json\/wp\/v2\/pages\/17944"}],"wp:featuredmedia":[{"embeddable":true,"href":"https:\/\/www.casinomauritius.mu\/fr\/wp-json\/wp\/v2\/media\/16553"}],"wp:attachment":[{"href":"https:\/\/www.casinomauritius.mu\/fr\/wp-json\/wp\/v2\/media?parent=16218"}],"wp:term":[{"taxonomy":"category","embeddable":true,"href":"https:\/\/www.casinomauritius.mu\/fr\/wp-json\/wp\/v2\/categories?post=16218"},{"taxonomy":"post_tag","embeddable":true,"href":"https:\/\/www.casinomauritius.mu\/fr\/wp-json\/wp\/v2\/tags?post=16218"}],"curies":[{"name":"wp","href":"https:\/\/api.w.org\/{rel}","templated":true}]}}