{"id":16380,"date":"2024-09-11T22:11:53","date_gmt":"2024-09-11T18:11:53","guid":{"rendered":"https:\/\/www.casinomauritius.mu\/jeux-a-la-mode\/"},"modified":"2025-09-11T15:04:21","modified_gmt":"2025-09-11T11:04:21","slug":"jeux-a-la-mode","status":"publish","type":"page","link":"https:\/\/www.casinomauritius.mu\/fr\/jeux-a-la-mode\/","title":{"rendered":"Jeux \u00e0 la mode"},"content":{"rendered":"<div class=\"wpb-content-wrapper\">[vc_row full_width=\u00a0\u00bbstretch_row_content_no_spaces\u00a0\u00bb][vc_column][vc_single_image image=\u00a0\u00bb17654&Prime; img_size=\u00a0\u00bbfull\u00a0\u00bb alignment=\u00a0\u00bbcenter\u00a0\u00bb onclick=\u00a0\u00bbcustom_link\u00a0\u00bb link=\u00a0\u00bb\/go\/trending1.php\u00a0\u00bb][\/vc_column][\/vc_row][vc_row full_width=\u00a0\u00bbstretch_row\u00a0\u00bb gap=\u00a0\u00bb5&Prime; equal_height=\u00a0\u00bbyes\u00a0\u00bb content_placement=\u00a0\u00bbmiddle\u00a0\u00bb][vc_column][vc_column_text]\r\n<h1>Casino Mauritius Jeux \u00e0 la mode<\/h1>\r\nAugmentez vos chances de gagner avec les <strong>jeux Hot Trending<\/strong> de Casino Classic ! Chaque semaine, nous vous pr\u00e9sentons une liste de jeux chauds dont le <em>pourcentage de retour statistique (SRP)<\/em> est plus \u00e9lev\u00e9 que le <em>pourcentage de retour au joueur (RTP)<\/em> du jeu.\r\n<h2>Qu&rsquo;est-ce que cela signifie ?<\/h2>\r\nEn d&rsquo;autres termes, le <strong>jeu donne plus de gains (HOT)<\/strong> par rapport aux gains attendus selon les r\u00e8gles du jeu dans la p\u00e9riode actuelle.\r\n\r\nSur Casino Classic, vous trouverez \u00e9galement plusieurs jeux marqu\u00e9s comme \u00a0\u00bb Cold \u00ab\u00a0. Les jeux froids sont les jeux dont le SRP actuel est inf\u00e9rieur au RTP des r\u00e8gles du jeu, les chances de gagner sur les jeux froids sont donc plus faibles que d&rsquo;habitude.\r\n<h3><\/h3>\r\n[\/vc_column_text][\/vc_column][\/vc_row][vc_row][vc_column][vc_btn title=\u00a0\u00bbJOUER\u00a0\u00bb color=\u00a0\u00bbwarning\u00a0\u00bb align=\u00a0\u00bbcenter\u00a0\u00bb link=\u00a0\u00bburl:%2Fgo%2Ftrending1.php|rel:nofollow|\u00a0\u00bb][\/vc_column][\/vc_row][vc_row full_width=\u00a0\u00bbstretch_row\u00a0\u00bb gap=\u00a0\u00bb5&Prime; equal_height=\u00a0\u00bbyes\u00a0\u00bb content_placement=\u00a0\u00bbmiddle\u00a0\u00bb][vc_column][vc_column_text]\r\n<h3>En d\u00e9tail<\/h3>\r\n<h4>Hot Slots<\/h4>\r\nLa plupart des gens s&rsquo;int\u00e9ressent aux machines \u00e0 sous. Les machines \u00e0 sous chaudes sont des jeux qui sont sur une s\u00e9quence gagnante et qui distribuent des gains aux joueurs. Si une machine \u00e0 sous continue d&rsquo;offrir des gains importants les uns apr\u00e8s les autres, elle est consid\u00e9r\u00e9e comme une \u00ab\u00a0machine \u00e0 sous chaude\u00a0\u00bb.\r\n\r\nCertaines personnes consid\u00e8rent que les \u00ab\u00a0hot slots\u00a0\u00bb sont des jeux qui sont tr\u00e8s proches du jackpot.\r\n<h4>Machines \u00e0 sous froides<\/h4>\r\nLes cr\u00e9neaux froids sont le contraire des cr\u00e9neaux chauds. Il s&rsquo;agit essentiellement de jeux qu&rsquo;il est pratiquement impossible de gagner \u00e0 un moment donn\u00e9. Cela signifie que les machines \u00e0 sous froides n&rsquo;offrent tout simplement pas de combinaisons gagnantes, quelle que soit la strat\u00e9gie de pari utilis\u00e9e par le joueur.\r\n\r\n&nbsp;\r\n<h3>Conclusion<\/h3>\r\nConsultez r\u00e9guli\u00e8rement notre page et nos <a href=\"https:\/\/www.facebook.com\/casinomauritius\">posts Facebook<\/a> pour d\u00e9couvrir les jeux de Casino Classic qui sont actuellement HOT et remportez les plus gros gains possibles ![\/vc_column_text][\/vc_column][\/vc_row]<!-- \/wp:post-content --><\/div>","protected":false},"excerpt":{"rendered":"<p> [&hellip;]<\/p>\n","protected":false},"author":1,"featured_media":16429,"parent":0,"menu_order":0,"comment_status":"closed","ping_status":"closed","template":"","meta":{"site-sidebar-layout":"no-sidebar","site-content-layout":"plain-container","ast-site-content-layout":"normal-width-container","site-content-style":"unboxed","site-sidebar-style":"unboxed","ast-global-header-display":"","ast-banner-title-visibility":"","ast-main-header-display":"","ast-hfb-above-header-display":"","ast-hfb-below-header-display":"","ast-hfb-mobile-header-display":"","site-post-title":"disabled","ast-breadcrumbs-content":"","ast-featured-img":"disabled","footer-sml-layout":"","ast-disable-related-posts":"","theme-transparent-header-meta":"default","adv-header-id-meta":"","stick-header-meta":"default","header-above-stick-meta":"","header-main-stick-meta":"","header-below-stick-meta":"","astra-migrate-meta-layouts":"set","ast-page-background-enabled":"default","ast-page-background-meta":{"desktop":{"background-color":"","background-image":"","background-repeat":"repeat","background-position":"center center","background-size":"auto","background-attachment":"scroll","background-type":"","background-media":"","overlay-type":"","overlay-color":"","overlay-opacity":"","overlay-gradient":""},"tablet":{"background-color":"","background-image":"","background-repeat":"repeat","background-position":"center center","background-size":"auto","background-attachment":"scroll","background-type":"","background-media":"","overlay-type":"","overlay-color":"","overlay-opacity":"","overlay-gradient":""},"mobile":{"background-color":"","background-image":"","background-repeat":"repeat","background-position":"center center","background-size":"auto","background-attachment":"scroll","background-type":"","background-media":"","overlay-type":"","overlay-color":"","overlay-opacity":"","overlay-gradient":""}},"ast-content-background-meta":{"desktop":{"background-color":"var(--ast-global-color-5)","background-image":"","background-repeat":"repeat","background-position":"center center","background-size":"auto","background-attachment":"scroll","background-type":"","background-media":"","overlay-type":"","overlay-color":"","overlay-opacity":"","overlay-gradient":""},"tablet":{"background-color":"var(--ast-global-color-5)","background-image":"","background-repeat":"repeat","background-position":"center center","background-size":"auto","background-attachment":"scroll","background-type":"","background-media":"","overlay-type":"","overlay-color":"","overlay-opacity":"","overlay-gradient":""},"mobile":{"background-color":"var(--ast-global-color-5)","background-image":"","background-repeat":"repeat","background-position":"center center","background-size":"auto","background-attachment":"scroll","background-type":"","background-media":"","overlay-type":"","overlay-color":"","overlay-opacity":"","overlay-gradient":""}},"footnotes":""},"categories":[],"tags":[],"class_list":["post-16380","page","type-page","status-publish","has-post-thumbnail","hentry"],"yoast_head":"<!-- This site is optimized with the Yoast SEO plugin v27.4 - https:\/\/yoast.com\/product\/yoast-seo-wordpress\/ -->\n<title>Jeux \u00e0 la mode - Casino de l&#039;\u00eele Maurice<\/title>\n<meta name=\"description\" content=\"Explorez les derniers jeux \u00e0 la mode au Casino Mauritius et profitez de nouveaux titres passionnants pour une exp\u00e9rience de jeu inoubliable.\" \/>\n<meta name=\"robots\" content=\"index, follow, max-snippet:-1, max-image-preview:large, max-video-preview:-1\" \/>\n<link rel=\"canonical\" href=\"https:\/\/www.casinomauritius.mu\/fr\/jeux-a-la-mode\/\" \/>\n<meta property=\"og:locale\" content=\"fr_FR\" \/>\n<meta property=\"og:type\" content=\"article\" \/>\n<meta property=\"og:title\" content=\"Jeux \u00e0 la mode - Casino de l&#039;\u00eele Maurice\" \/>\n<meta property=\"og:description\" content=\"Explorez les derniers jeux \u00e0 la mode au Casino Mauritius et profitez de nouveaux titres passionnants pour une exp\u00e9rience de jeu inoubliable.\" \/>\n<meta property=\"og:url\" content=\"https:\/\/www.casinomauritius.mu\/fr\/jeux-a-la-mode\/\" \/>\n<meta property=\"og:site_name\" content=\"Casino de l&#039;\u00eele Maurice\" \/>\n<meta property=\"article:modified_time\" content=\"2025-09-11T11:04:21+00:00\" \/>\n<meta property=\"og:image\" content=\"https:\/\/www.casinomauritius.mu\/wp-content\/uploads\/2023\/08\/CMU-Hot-Trending-Banner.webp\" \/>\n\t<meta property=\"og:image:width\" content=\"1280\" \/>\n\t<meta property=\"og:image:height\" content=\"720\" \/>\n\t<meta property=\"og:image:type\" content=\"image\/webp\" \/>\n<meta name=\"twitter:card\" content=\"summary_large_image\" \/>\n<meta name=\"twitter:label1\" content=\"Dur\u00e9e de lecture estim\u00e9e\" \/>\n\t<meta name=\"twitter:data1\" content=\"2 minutes\" \/>\n<script type=\"application\/ld+json\" class=\"yoast-schema-graph\">{\"@context\":\"https:\\\/\\\/schema.org\",\"@graph\":[{\"@type\":\"WebPage\",\"@id\":\"https:\\\/\\\/www.casinomauritius.mu\\\/fr\\\/jeux-a-la-mode\\\/\",\"url\":\"https:\\\/\\\/www.casinomauritius.mu\\\/fr\\\/jeux-a-la-mode\\\/\",\"name\":\"Jeux \u00e0 la mode - Casino de l'\u00eele Maurice\",\"isPartOf\":{\"@id\":\"https:\\\/\\\/www.casinomauritius.mu\\\/fr\\\/#website\"},\"primaryImageOfPage\":{\"@id\":\"https:\\\/\\\/www.casinomauritius.mu\\\/fr\\\/jeux-a-la-mode\\\/#primaryimage\"},\"image\":{\"@id\":\"https:\\\/\\\/www.casinomauritius.mu\\\/fr\\\/jeux-a-la-mode\\\/#primaryimage\"},\"thumbnailUrl\":\"https:\\\/\\\/www.casinomauritius.mu\\\/wp-content\\\/uploads\\\/2023\\\/08\\\/CMU-Hot-Trending-Banner.webp\",\"datePublished\":\"2024-09-11T18:11:53+00:00\",\"dateModified\":\"2025-09-11T11:04:21+00:00\",\"description\":\"Explorez les derniers jeux \u00e0 la mode au Casino Mauritius et profitez de nouveaux titres passionnants pour une exp\u00e9rience de jeu inoubliable.\",\"breadcrumb\":{\"@id\":\"https:\\\/\\\/www.casinomauritius.mu\\\/fr\\\/jeux-a-la-mode\\\/#breadcrumb\"},\"inLanguage\":\"fr-FR\",\"potentialAction\":[{\"@type\":\"ReadAction\",\"target\":[\"https:\\\/\\\/www.casinomauritius.mu\\\/fr\\\/jeux-a-la-mode\\\/\"]}]},{\"@type\":\"ImageObject\",\"inLanguage\":\"fr-FR\",\"@id\":\"https:\\\/\\\/www.casinomauritius.mu\\\/fr\\\/jeux-a-la-mode\\\/#primaryimage\",\"url\":\"https:\\\/\\\/www.casinomauritius.mu\\\/wp-content\\\/uploads\\\/2023\\\/08\\\/CMU-Hot-Trending-Banner.webp\",\"contentUrl\":\"https:\\\/\\\/www.casinomauritius.mu\\\/wp-content\\\/uploads\\\/2023\\\/08\\\/CMU-Hot-Trending-Banner.webp\",\"width\":1280,\"height\":720,\"caption\":\"Casino Mauritius Hot Trending Banner\"},{\"@type\":\"BreadcrumbList\",\"@id\":\"https:\\\/\\\/www.casinomauritius.mu\\\/fr\\\/jeux-a-la-mode\\\/#breadcrumb\",\"itemListElement\":[{\"@type\":\"ListItem\",\"position\":1,\"name\":\"Home\",\"item\":\"https:\\\/\\\/www.casinomauritius.mu\\\/fr\\\/\"},{\"@type\":\"ListItem\",\"position\":2,\"name\":\"Jeux \u00e0 la mode\"}]},{\"@type\":\"WebSite\",\"@id\":\"https:\\\/\\\/www.casinomauritius.mu\\\/fr\\\/#website\",\"url\":\"https:\\\/\\\/www.casinomauritius.mu\\\/fr\\\/\",\"name\":\"Casino de l'\u00eele Maurice\",\"description\":\"Venez le c\u0153ur plein, repartez le portefeuille plein\",\"publisher\":{\"@id\":\"https:\\\/\\\/www.casinomauritius.mu\\\/fr\\\/#organization\"},\"potentialAction\":[{\"@type\":\"SearchAction\",\"target\":{\"@type\":\"EntryPoint\",\"urlTemplate\":\"https:\\\/\\\/www.casinomauritius.mu\\\/fr\\\/?s={search_term_string}\"},\"query-input\":{\"@type\":\"PropertyValueSpecification\",\"valueRequired\":true,\"valueName\":\"search_term_string\"}}],\"inLanguage\":\"fr-FR\"},{\"@type\":\"Organization\",\"@id\":\"https:\\\/\\\/www.casinomauritius.mu\\\/fr\\\/#organization\",\"name\":\"Casino de l'\u00eele Maurice\",\"url\":\"https:\\\/\\\/www.casinomauritius.mu\\\/fr\\\/\",\"logo\":{\"@type\":\"ImageObject\",\"inLanguage\":\"fr-FR\",\"@id\":\"https:\\\/\\\/www.casinomauritius.mu\\\/fr\\\/#\\\/schema\\\/logo\\\/image\\\/\",\"url\":\"https:\\\/\\\/www.casinomauritius.mu\\\/wp-content\\\/uploads\\\/2020\\\/06\\\/Casino_Mauritius_Logo-01.png\",\"contentUrl\":\"https:\\\/\\\/www.casinomauritius.mu\\\/wp-content\\\/uploads\\\/2020\\\/06\\\/Casino_Mauritius_Logo-01.png\",\"width\":200,\"height\":63,\"caption\":\"Casino de l'\u00eele Maurice\"},\"image\":{\"@id\":\"https:\\\/\\\/www.casinomauritius.mu\\\/fr\\\/#\\\/schema\\\/logo\\\/image\\\/\"}}]}<\/script>\n<!-- \/ Yoast SEO plugin. -->","yoast_head_json":{"title":"Jeux \u00e0 la mode - Casino de l'\u00eele Maurice","description":"Explorez les derniers jeux \u00e0 la mode au Casino Mauritius et profitez de nouveaux titres passionnants pour une exp\u00e9rience de jeu inoubliable.","robots":{"index":"index","follow":"follow","max-snippet":"max-snippet:-1","max-image-preview":"max-image-preview:large","max-video-preview":"max-video-preview:-1"},"canonical":"https:\/\/www.casinomauritius.mu\/fr\/jeux-a-la-mode\/","og_locale":"fr_FR","og_type":"article","og_title":"Jeux \u00e0 la mode - Casino de l'\u00eele Maurice","og_description":"Explorez les derniers jeux \u00e0 la mode au Casino Mauritius et profitez de nouveaux titres passionnants pour une exp\u00e9rience de jeu inoubliable.","og_url":"https:\/\/www.casinomauritius.mu\/fr\/jeux-a-la-mode\/","og_site_name":"Casino de l'\u00eele Maurice","article_modified_time":"2025-09-11T11:04:21+00:00","og_image":[{"width":1280,"height":720,"url":"https:\/\/www.casinomauritius.mu\/wp-content\/uploads\/2023\/08\/CMU-Hot-Trending-Banner.webp","type":"image\/webp"}],"twitter_card":"summary_large_image","twitter_misc":{"Dur\u00e9e de lecture estim\u00e9e":"2 minutes"},"schema":{"@context":"https:\/\/schema.org","@graph":[{"@type":"WebPage","@id":"https:\/\/www.casinomauritius.mu\/fr\/jeux-a-la-mode\/","url":"https:\/\/www.casinomauritius.mu\/fr\/jeux-a-la-mode\/","name":"Jeux \u00e0 la mode - Casino de l'\u00eele Maurice","isPartOf":{"@id":"https:\/\/www.casinomauritius.mu\/fr\/#website"},"primaryImageOfPage":{"@id":"https:\/\/www.casinomauritius.mu\/fr\/jeux-a-la-mode\/#primaryimage"},"image":{"@id":"https:\/\/www.casinomauritius.mu\/fr\/jeux-a-la-mode\/#primaryimage"},"thumbnailUrl":"https:\/\/www.casinomauritius.mu\/wp-content\/uploads\/2023\/08\/CMU-Hot-Trending-Banner.webp","datePublished":"2024-09-11T18:11:53+00:00","dateModified":"2025-09-11T11:04:21+00:00","description":"Explorez les derniers jeux \u00e0 la mode au Casino Mauritius et profitez de nouveaux titres passionnants pour une exp\u00e9rience de jeu inoubliable.","breadcrumb":{"@id":"https:\/\/www.casinomauritius.mu\/fr\/jeux-a-la-mode\/#breadcrumb"},"inLanguage":"fr-FR","potentialAction":[{"@type":"ReadAction","target":["https:\/\/www.casinomauritius.mu\/fr\/jeux-a-la-mode\/"]}]},{"@type":"ImageObject","inLanguage":"fr-FR","@id":"https:\/\/www.casinomauritius.mu\/fr\/jeux-a-la-mode\/#primaryimage","url":"https:\/\/www.casinomauritius.mu\/wp-content\/uploads\/2023\/08\/CMU-Hot-Trending-Banner.webp","contentUrl":"https:\/\/www.casinomauritius.mu\/wp-content\/uploads\/2023\/08\/CMU-Hot-Trending-Banner.webp","width":1280,"height":720,"caption":"Casino Mauritius Hot Trending Banner"},{"@type":"BreadcrumbList","@id":"https:\/\/www.casinomauritius.mu\/fr\/jeux-a-la-mode\/#breadcrumb","itemListElement":[{"@type":"ListItem","position":1,"name":"Home","item":"https:\/\/www.casinomauritius.mu\/fr\/"},{"@type":"ListItem","position":2,"name":"Jeux \u00e0 la mode"}]},{"@type":"WebSite","@id":"https:\/\/www.casinomauritius.mu\/fr\/#website","url":"https:\/\/www.casinomauritius.mu\/fr\/","name":"Casino de l'\u00eele Maurice","description":"Venez le c\u0153ur plein, repartez le portefeuille plein","publisher":{"@id":"https:\/\/www.casinomauritius.mu\/fr\/#organization"},"potentialAction":[{"@type":"SearchAction","target":{"@type":"EntryPoint","urlTemplate":"https:\/\/www.casinomauritius.mu\/fr\/?s={search_term_string}"},"query-input":{"@type":"PropertyValueSpecification","valueRequired":true,"valueName":"search_term_string"}}],"inLanguage":"fr-FR"},{"@type":"Organization","@id":"https:\/\/www.casinomauritius.mu\/fr\/#organization","name":"Casino de l'\u00eele Maurice","url":"https:\/\/www.casinomauritius.mu\/fr\/","logo":{"@type":"ImageObject","inLanguage":"fr-FR","@id":"https:\/\/www.casinomauritius.mu\/fr\/#\/schema\/logo\/image\/","url":"https:\/\/www.casinomauritius.mu\/wp-content\/uploads\/2020\/06\/Casino_Mauritius_Logo-01.png","contentUrl":"https:\/\/www.casinomauritius.mu\/wp-content\/uploads\/2020\/06\/Casino_Mauritius_Logo-01.png","width":200,"height":63,"caption":"Casino de l'\u00eele Maurice"},"image":{"@id":"https:\/\/www.casinomauritius.mu\/fr\/#\/schema\/logo\/image\/"}}]}},"_links":{"self":[{"href":"https:\/\/www.casinomauritius.mu\/fr\/wp-json\/wp\/v2\/pages\/16380","targetHints":{"allow":["GET"]}}],"collection":[{"href":"https:\/\/www.casinomauritius.mu\/fr\/wp-json\/wp\/v2\/pages"}],"about":[{"href":"https:\/\/www.casinomauritius.mu\/fr\/wp-json\/wp\/v2\/types\/page"}],"author":[{"embeddable":true,"href":"https:\/\/www.casinomauritius.mu\/fr\/wp-json\/wp\/v2\/users\/1"}],"replies":[{"embeddable":true,"href":"https:\/\/www.casinomauritius.mu\/fr\/wp-json\/wp\/v2\/comments?post=16380"}],"version-history":[{"count":2,"href":"https:\/\/www.casinomauritius.mu\/fr\/wp-json\/wp\/v2\/pages\/16380\/revisions"}],"predecessor-version":[{"id":22661,"href":"https:\/\/www.casinomauritius.mu\/fr\/wp-json\/wp\/v2\/pages\/16380\/revisions\/22661"}],"wp:featuredmedia":[{"embeddable":true,"href":"https:\/\/www.casinomauritius.mu\/fr\/wp-json\/wp\/v2\/media\/16429"}],"wp:attachment":[{"href":"https:\/\/www.casinomauritius.mu\/fr\/wp-json\/wp\/v2\/media?parent=16380"}],"wp:term":[{"taxonomy":"category","embeddable":true,"href":"https:\/\/www.casinomauritius.mu\/fr\/wp-json\/wp\/v2\/categories?post=16380"},{"taxonomy":"post_tag","embeddable":true,"href":"https:\/\/www.casinomauritius.mu\/fr\/wp-json\/wp\/v2\/tags?post=16380"}],"curies":[{"name":"wp","href":"https:\/\/api.w.org\/{rel}","templated":true}]}}