{"id":17944,"date":"2024-09-12T18:37:13","date_gmt":"2024-09-12T14:37:13","guid":{"rendered":"https:\/\/www.casinomauritius.mu\/roulette\/"},"modified":"2025-09-11T15:12:09","modified_gmt":"2025-09-11T11:12:09","slug":"roulette","status":"publish","type":"page","link":"https:\/\/www.casinomauritius.mu\/fr\/roulette\/","title":{"rendered":"Roulette"},"content":{"rendered":"<div class=\"wpb-content-wrapper\"><p>[vc_row][vc_column][vc_single_image source=\u00a0\u00bbfeatured_image\u00a0\u00bb img_size=\u00a0\u00bbfull\u00a0\u00bb alignment=\u00a0\u00bbcenter\u00a0\u00bb css=\u00a0\u00bb\u00a0\u00bb][vc_column_text]<\/p>\n<h1>Roulette<\/h1>\n<p>La roulette, un jeu de casino tr\u00e8s populaire dans le monde entier, est d\u00e9sormais accessible gratuitement sur votre ordinateur, votre t\u00e9l\u00e9phone et votre tablette gr\u00e2ce \u00e0 Casino Mauritius ! Ce jeu de roulette HTML5 est jouable directement depuis le navigateur de votre appareil, \u00e9liminant ainsi le besoin de t\u00e9l\u00e9charger une application ou un logiciel flash. D\u00e9couvrez l&rsquo;avenir du jeu avec la roulette au Casino Mauritius.<\/p>\n<p>Pour participer au jeu, commencez par s\u00e9lectionner le montant de jetons de votre choix en bas de l&rsquo;\u00e9cran. Placez vos paris sur diff\u00e9rentes cases du plateau de la roulette, en essayant de pr\u00e9dire le num\u00e9ro qui sortira apr\u00e8s le tour de la roue. Les options de pari comprennent des mises sur des espaces individuels, entre deux espaces ou dans le coin de quatre espaces. Une fois que toutes les mises sont r\u00e9gl\u00e9es, cliquez sur le bouton Spin pour lancer la balle dans la roue. Suivez le parcours de la balle qui atterrit dans une fente et d\u00e9termine le num\u00e9ro gagnant. Les gains sont distribu\u00e9s pour les paris r\u00e9ussis, tandis que les paris perdants sont effac\u00e9s, pr\u00e9parant ainsi le processus pour le tour suivant.<\/p>\n<p>Les gains \u00e0 la roulette sont les suivants : 35 contre 1 pour une mise sur un seul num\u00e9ro, 17 contre 1 pour une mise sur un num\u00e9ro double, 11 contre 1 pour une mise sur trois num\u00e9ros, 8 contre 1 pour une mise sur quatre num\u00e9ros dans un coin, 5 contre 1 pour une mise sur six num\u00e9ros, 2 contre 1 pour une mise sur une colonne et 1 contre 1 pour les mises ext\u00e9rieures paires.[\/vc_column_text][\/vc_column][\/vc_row][vc_row][vc_column][vc_separator style=\u00a0\u00bbshadow\u00a0\u00bb border_width=\u00a0\u00bb3&Prime;][\/vc_column][\/vc_row][vc_row][vc_column][vc_column_text]<\/p>\n<h2>Types de jeux de roulette<\/h2>\n<p>[\/vc_column_text][\/vc_column][\/vc_row][vc_row][vc_column][vc_basic_grid post_type=\u00a0\u00bbids\u00a0\u00bb gap=\u00a0\u00bb20&Prime; item=\u00a0\u00bb56&Prime; initial_loading_animation=\u00a0\u00bbnone\u00a0\u00bb grid_id=\u00a0\u00bbvc_gid:1730142810130-9df056b8-2a5f-8&Prime; include=\u00a0\u00bb17076, 17105, 17107, 17110, 17112, 17115, 17117, 17119, 17121, 17123, 17125, 17127, 17129, 17133, 17135&Prime;][\/vc_column][\/vc_row][vc_row][vc_column][vc_separator style=\u00a0\u00bbshadow\u00a0\u00bb border_width=\u00a0\u00bb3&Prime;][\/vc_column][\/vc_row][vc_row][vc_column][vc_column_text]<\/p>\n<h2>Strat\u00e9gie de jeu \u00e0 la roulette<\/h2>\n<p>Une tactique de base \u00e0 la roulette consiste \u00e0 placer une mise sur le rouge ou le noir, en doublant la mise apr\u00e8s chaque perte jusqu&rsquo;\u00e0 ce que vous r\u00e9cup\u00e9riez votre montant initial.<\/p>\n<p>Une autre strat\u00e9gie pour la roulette consiste \u00e0 miser davantage apr\u00e8s un gain et \u00e0 r\u00e9duire les mises apr\u00e8s une perte.<\/p>\n<p>Une approche math\u00e9matique de la roulette consiste \u00e0 augmenter progressivement votre mise d&rsquo;une unit\u00e9 apr\u00e8s chaque perte.<\/p>\n<p>Nous vous encourageons \u00e0 d\u00e9couvrir votre propre strat\u00e9gie de roulette et \u00e0 accepter l&rsquo;\u00e9l\u00e9ment de chance lorsque vous jouez ! Vous pouvez \u00e9galement \u00e9tudier l&rsquo;un des syst\u00e8mes de roulette que nous avons pr\u00e9par\u00e9s pour vous ici :[\/vc_column_text][\/vc_column][\/vc_row][vc_row][vc_column][vc_basic_grid post_type=\u00a0\u00bbids\u00a0\u00bb gap=\u00a0\u00bb20&Prime; item=\u00a0\u00bb56&Prime; initial_loading_animation=\u00a0\u00bbnone\u00a0\u00bb grid_id=\u00a0\u00bbvc_gid:1730142810133-bc7e3035-02ef-5&Prime; include=\u00a0\u00bb16203, 16862, 16871, 16867, 16869, 16865, 16877, 16874&Prime;][\/vc_column][\/vc_row]<\/p>\n<\/div>","protected":false},"excerpt":{"rendered":"<p> [&hellip;]<\/p>\n","protected":false},"author":1,"featured_media":19238,"parent":0,"menu_order":0,"comment_status":"closed","ping_status":"closed","template":"","meta":{"site-sidebar-layout":"no-sidebar","site-content-layout":"plain-container","ast-site-content-layout":"normal-width-container","site-content-style":"unboxed","site-sidebar-style":"unboxed","ast-global-header-display":"","ast-banner-title-visibility":"","ast-main-header-display":"","ast-hfb-above-header-display":"","ast-hfb-below-header-display":"","ast-hfb-mobile-header-display":"","site-post-title":"disabled","ast-breadcrumbs-content":"","ast-featured-img":"disabled","footer-sml-layout":"","ast-disable-related-posts":"","theme-transparent-header-meta":"default","adv-header-id-meta":"","stick-header-meta":"default","header-above-stick-meta":"","header-main-stick-meta":"","header-below-stick-meta":"","astra-migrate-meta-layouts":"set","ast-page-background-enabled":"default","ast-page-background-meta":{"desktop":{"background-color":"","background-image":"","background-repeat":"repeat","background-position":"center center","background-size":"auto","background-attachment":"scroll","background-type":"","background-media":"","overlay-type":"","overlay-color":"","overlay-opacity":"","overlay-gradient":""},"tablet":{"background-color":"","background-image":"","background-repeat":"repeat","background-position":"center center","background-size":"auto","background-attachment":"scroll","background-type":"","background-media":"","overlay-type":"","overlay-color":"","overlay-opacity":"","overlay-gradient":""},"mobile":{"background-color":"","background-image":"","background-repeat":"repeat","background-position":"center center","background-size":"auto","background-attachment":"scroll","background-type":"","background-media":"","overlay-type":"","overlay-color":"","overlay-opacity":"","overlay-gradient":""}},"ast-content-background-meta":{"desktop":{"background-color":"var(--ast-global-color-5)","background-image":"","background-repeat":"repeat","background-position":"center center","background-size":"auto","background-attachment":"scroll","background-type":"","background-media":"","overlay-type":"","overlay-color":"","overlay-opacity":"","overlay-gradient":""},"tablet":{"background-color":"var(--ast-global-color-5)","background-image":"","background-repeat":"repeat","background-position":"center center","background-size":"auto","background-attachment":"scroll","background-type":"","background-media":"","overlay-type":"","overlay-color":"","overlay-opacity":"","overlay-gradient":""},"mobile":{"background-color":"var(--ast-global-color-5)","background-image":"","background-repeat":"repeat","background-position":"center center","background-size":"auto","background-attachment":"scroll","background-type":"","background-media":"","overlay-type":"","overlay-color":"","overlay-opacity":"","overlay-gradient":""}},"footnotes":""},"categories":[],"tags":[],"class_list":["post-17944","page","type-page","status-publish","has-post-thumbnail","hentry"],"yoast_head":"<!-- This site is optimized with the Yoast SEO plugin v27.4 - https:\/\/yoast.com\/product\/yoast-seo-wordpress\/ -->\n<title>Roulette - Casino de l&#039;\u00eele Maurice<\/title>\n<meta name=\"description\" content=\"Explorez les diff\u00e9rents jeux de roulette du Casino Mauritius, y compris les options am\u00e9ricaine, fran\u00e7aise et en direct, pour une exp\u00e9rience passionnante.\" \/>\n<meta name=\"robots\" content=\"index, follow, max-snippet:-1, max-image-preview:large, max-video-preview:-1\" \/>\n<link rel=\"canonical\" href=\"https:\/\/www.casinomauritius.mu\/fr\/roulette\/\" \/>\n<meta property=\"og:locale\" content=\"fr_FR\" \/>\n<meta property=\"og:type\" content=\"article\" \/>\n<meta property=\"og:title\" content=\"Roulette - Casino de l&#039;\u00eele Maurice\" \/>\n<meta property=\"og:description\" content=\"Explorez les diff\u00e9rents jeux de roulette du Casino Mauritius, y compris les options am\u00e9ricaine, fran\u00e7aise et en direct, pour une exp\u00e9rience passionnante.\" \/>\n<meta property=\"og:url\" content=\"https:\/\/www.casinomauritius.mu\/fr\/roulette\/\" \/>\n<meta property=\"og:site_name\" content=\"Casino de l&#039;\u00eele Maurice\" \/>\n<meta property=\"article:modified_time\" content=\"2025-09-11T11:12:09+00:00\" \/>\n<meta property=\"og:image\" content=\"https:\/\/www.casinomauritius.mu\/wp-content\/uploads\/2024\/10\/Casino-Mauritius-Roulette.webp\" \/>\n\t<meta property=\"og:image:width\" content=\"1280\" \/>\n\t<meta property=\"og:image:height\" content=\"720\" \/>\n\t<meta property=\"og:image:type\" content=\"image\/webp\" \/>\n<meta name=\"twitter:card\" content=\"summary_large_image\" \/>\n<meta name=\"twitter:label1\" content=\"Dur\u00e9e de lecture estim\u00e9e\" \/>\n\t<meta name=\"twitter:data1\" content=\"2 minutes\" \/>\n<script type=\"application\/ld+json\" class=\"yoast-schema-graph\">{\"@context\":\"https:\\\/\\\/schema.org\",\"@graph\":[{\"@type\":\"WebPage\",\"@id\":\"https:\\\/\\\/www.casinomauritius.mu\\\/fr\\\/roulette\\\/\",\"url\":\"https:\\\/\\\/www.casinomauritius.mu\\\/fr\\\/roulette\\\/\",\"name\":\"Roulette - Casino de l'\u00eele Maurice\",\"isPartOf\":{\"@id\":\"https:\\\/\\\/www.casinomauritius.mu\\\/fr\\\/#website\"},\"primaryImageOfPage\":{\"@id\":\"https:\\\/\\\/www.casinomauritius.mu\\\/fr\\\/roulette\\\/#primaryimage\"},\"image\":{\"@id\":\"https:\\\/\\\/www.casinomauritius.mu\\\/fr\\\/roulette\\\/#primaryimage\"},\"thumbnailUrl\":\"https:\\\/\\\/www.casinomauritius.mu\\\/wp-content\\\/uploads\\\/2024\\\/10\\\/Casino-Mauritius-Roulette.webp\",\"datePublished\":\"2024-09-12T14:37:13+00:00\",\"dateModified\":\"2025-09-11T11:12:09+00:00\",\"description\":\"Explorez les diff\u00e9rents jeux de roulette du Casino Mauritius, y compris les options am\u00e9ricaine, fran\u00e7aise et en direct, pour une exp\u00e9rience passionnante.\",\"breadcrumb\":{\"@id\":\"https:\\\/\\\/www.casinomauritius.mu\\\/fr\\\/roulette\\\/#breadcrumb\"},\"inLanguage\":\"fr-FR\",\"potentialAction\":[{\"@type\":\"ReadAction\",\"target\":[\"https:\\\/\\\/www.casinomauritius.mu\\\/fr\\\/roulette\\\/\"]}]},{\"@type\":\"ImageObject\",\"inLanguage\":\"fr-FR\",\"@id\":\"https:\\\/\\\/www.casinomauritius.mu\\\/fr\\\/roulette\\\/#primaryimage\",\"url\":\"https:\\\/\\\/www.casinomauritius.mu\\\/wp-content\\\/uploads\\\/2024\\\/10\\\/Casino-Mauritius-Roulette.webp\",\"contentUrl\":\"https:\\\/\\\/www.casinomauritius.mu\\\/wp-content\\\/uploads\\\/2024\\\/10\\\/Casino-Mauritius-Roulette.webp\",\"width\":1280,\"height\":720,\"caption\":\"Casino Mauritius Roulette\"},{\"@type\":\"BreadcrumbList\",\"@id\":\"https:\\\/\\\/www.casinomauritius.mu\\\/fr\\\/roulette\\\/#breadcrumb\",\"itemListElement\":[{\"@type\":\"ListItem\",\"position\":1,\"name\":\"Home\",\"item\":\"https:\\\/\\\/www.casinomauritius.mu\\\/fr\\\/\"},{\"@type\":\"ListItem\",\"position\":2,\"name\":\"Roulette\"}]},{\"@type\":\"WebSite\",\"@id\":\"https:\\\/\\\/www.casinomauritius.mu\\\/fr\\\/#website\",\"url\":\"https:\\\/\\\/www.casinomauritius.mu\\\/fr\\\/\",\"name\":\"Casino de l'\u00eele Maurice\",\"description\":\"Venez le c\u0153ur plein, repartez le portefeuille plein\",\"publisher\":{\"@id\":\"https:\\\/\\\/www.casinomauritius.mu\\\/fr\\\/#organization\"},\"potentialAction\":[{\"@type\":\"SearchAction\",\"target\":{\"@type\":\"EntryPoint\",\"urlTemplate\":\"https:\\\/\\\/www.casinomauritius.mu\\\/fr\\\/?s={search_term_string}\"},\"query-input\":{\"@type\":\"PropertyValueSpecification\",\"valueRequired\":true,\"valueName\":\"search_term_string\"}}],\"inLanguage\":\"fr-FR\"},{\"@type\":\"Organization\",\"@id\":\"https:\\\/\\\/www.casinomauritius.mu\\\/fr\\\/#organization\",\"name\":\"Casino de l'\u00eele Maurice\",\"url\":\"https:\\\/\\\/www.casinomauritius.mu\\\/fr\\\/\",\"logo\":{\"@type\":\"ImageObject\",\"inLanguage\":\"fr-FR\",\"@id\":\"https:\\\/\\\/www.casinomauritius.mu\\\/fr\\\/#\\\/schema\\\/logo\\\/image\\\/\",\"url\":\"https:\\\/\\\/www.casinomauritius.mu\\\/wp-content\\\/uploads\\\/2020\\\/06\\\/Casino_Mauritius_Logo-01.png\",\"contentUrl\":\"https:\\\/\\\/www.casinomauritius.mu\\\/wp-content\\\/uploads\\\/2020\\\/06\\\/Casino_Mauritius_Logo-01.png\",\"width\":200,\"height\":63,\"caption\":\"Casino de l'\u00eele Maurice\"},\"image\":{\"@id\":\"https:\\\/\\\/www.casinomauritius.mu\\\/fr\\\/#\\\/schema\\\/logo\\\/image\\\/\"}}]}<\/script>\n<!-- \/ Yoast SEO plugin. -->","yoast_head_json":{"title":"Roulette - Casino de l'\u00eele Maurice","description":"Explorez les diff\u00e9rents jeux de roulette du Casino Mauritius, y compris les options am\u00e9ricaine, fran\u00e7aise et en direct, pour une exp\u00e9rience passionnante.","robots":{"index":"index","follow":"follow","max-snippet":"max-snippet:-1","max-image-preview":"max-image-preview:large","max-video-preview":"max-video-preview:-1"},"canonical":"https:\/\/www.casinomauritius.mu\/fr\/roulette\/","og_locale":"fr_FR","og_type":"article","og_title":"Roulette - Casino de l'\u00eele Maurice","og_description":"Explorez les diff\u00e9rents jeux de roulette du Casino Mauritius, y compris les options am\u00e9ricaine, fran\u00e7aise et en direct, pour une exp\u00e9rience passionnante.","og_url":"https:\/\/www.casinomauritius.mu\/fr\/roulette\/","og_site_name":"Casino de l'\u00eele Maurice","article_modified_time":"2025-09-11T11:12:09+00:00","og_image":[{"width":1280,"height":720,"url":"https:\/\/www.casinomauritius.mu\/wp-content\/uploads\/2024\/10\/Casino-Mauritius-Roulette.webp","type":"image\/webp"}],"twitter_card":"summary_large_image","twitter_misc":{"Dur\u00e9e de lecture estim\u00e9e":"2 minutes"},"schema":{"@context":"https:\/\/schema.org","@graph":[{"@type":"WebPage","@id":"https:\/\/www.casinomauritius.mu\/fr\/roulette\/","url":"https:\/\/www.casinomauritius.mu\/fr\/roulette\/","name":"Roulette - Casino de l'\u00eele Maurice","isPartOf":{"@id":"https:\/\/www.casinomauritius.mu\/fr\/#website"},"primaryImageOfPage":{"@id":"https:\/\/www.casinomauritius.mu\/fr\/roulette\/#primaryimage"},"image":{"@id":"https:\/\/www.casinomauritius.mu\/fr\/roulette\/#primaryimage"},"thumbnailUrl":"https:\/\/www.casinomauritius.mu\/wp-content\/uploads\/2024\/10\/Casino-Mauritius-Roulette.webp","datePublished":"2024-09-12T14:37:13+00:00","dateModified":"2025-09-11T11:12:09+00:00","description":"Explorez les diff\u00e9rents jeux de roulette du Casino Mauritius, y compris les options am\u00e9ricaine, fran\u00e7aise et en direct, pour une exp\u00e9rience passionnante.","breadcrumb":{"@id":"https:\/\/www.casinomauritius.mu\/fr\/roulette\/#breadcrumb"},"inLanguage":"fr-FR","potentialAction":[{"@type":"ReadAction","target":["https:\/\/www.casinomauritius.mu\/fr\/roulette\/"]}]},{"@type":"ImageObject","inLanguage":"fr-FR","@id":"https:\/\/www.casinomauritius.mu\/fr\/roulette\/#primaryimage","url":"https:\/\/www.casinomauritius.mu\/wp-content\/uploads\/2024\/10\/Casino-Mauritius-Roulette.webp","contentUrl":"https:\/\/www.casinomauritius.mu\/wp-content\/uploads\/2024\/10\/Casino-Mauritius-Roulette.webp","width":1280,"height":720,"caption":"Casino Mauritius Roulette"},{"@type":"BreadcrumbList","@id":"https:\/\/www.casinomauritius.mu\/fr\/roulette\/#breadcrumb","itemListElement":[{"@type":"ListItem","position":1,"name":"Home","item":"https:\/\/www.casinomauritius.mu\/fr\/"},{"@type":"ListItem","position":2,"name":"Roulette"}]},{"@type":"WebSite","@id":"https:\/\/www.casinomauritius.mu\/fr\/#website","url":"https:\/\/www.casinomauritius.mu\/fr\/","name":"Casino de l'\u00eele Maurice","description":"Venez le c\u0153ur plein, repartez le portefeuille plein","publisher":{"@id":"https:\/\/www.casinomauritius.mu\/fr\/#organization"},"potentialAction":[{"@type":"SearchAction","target":{"@type":"EntryPoint","urlTemplate":"https:\/\/www.casinomauritius.mu\/fr\/?s={search_term_string}"},"query-input":{"@type":"PropertyValueSpecification","valueRequired":true,"valueName":"search_term_string"}}],"inLanguage":"fr-FR"},{"@type":"Organization","@id":"https:\/\/www.casinomauritius.mu\/fr\/#organization","name":"Casino de l'\u00eele Maurice","url":"https:\/\/www.casinomauritius.mu\/fr\/","logo":{"@type":"ImageObject","inLanguage":"fr-FR","@id":"https:\/\/www.casinomauritius.mu\/fr\/#\/schema\/logo\/image\/","url":"https:\/\/www.casinomauritius.mu\/wp-content\/uploads\/2020\/06\/Casino_Mauritius_Logo-01.png","contentUrl":"https:\/\/www.casinomauritius.mu\/wp-content\/uploads\/2020\/06\/Casino_Mauritius_Logo-01.png","width":200,"height":63,"caption":"Casino de l'\u00eele Maurice"},"image":{"@id":"https:\/\/www.casinomauritius.mu\/fr\/#\/schema\/logo\/image\/"}}]}},"_links":{"self":[{"href":"https:\/\/www.casinomauritius.mu\/fr\/wp-json\/wp\/v2\/pages\/17944","targetHints":{"allow":["GET"]}}],"collection":[{"href":"https:\/\/www.casinomauritius.mu\/fr\/wp-json\/wp\/v2\/pages"}],"about":[{"href":"https:\/\/www.casinomauritius.mu\/fr\/wp-json\/wp\/v2\/types\/page"}],"author":[{"embeddable":true,"href":"https:\/\/www.casinomauritius.mu\/fr\/wp-json\/wp\/v2\/users\/1"}],"replies":[{"embeddable":true,"href":"https:\/\/www.casinomauritius.mu\/fr\/wp-json\/wp\/v2\/comments?post=17944"}],"version-history":[{"count":2,"href":"https:\/\/www.casinomauritius.mu\/fr\/wp-json\/wp\/v2\/pages\/17944\/revisions"}],"predecessor-version":[{"id":19242,"href":"https:\/\/www.casinomauritius.mu\/fr\/wp-json\/wp\/v2\/pages\/17944\/revisions\/19242"}],"wp:featuredmedia":[{"embeddable":true,"href":"https:\/\/www.casinomauritius.mu\/fr\/wp-json\/wp\/v2\/media\/19238"}],"wp:attachment":[{"href":"https:\/\/www.casinomauritius.mu\/fr\/wp-json\/wp\/v2\/media?parent=17944"}],"wp:term":[{"taxonomy":"category","embeddable":true,"href":"https:\/\/www.casinomauritius.mu\/fr\/wp-json\/wp\/v2\/categories?post=17944"},{"taxonomy":"post_tag","embeddable":true,"href":"https:\/\/www.casinomauritius.mu\/fr\/wp-json\/wp\/v2\/tags?post=17944"}],"curies":[{"name":"wp","href":"https:\/\/api.w.org\/{rel}","templated":true}]}}