{"id":18165,"date":"2024-09-12T21:50:03","date_gmt":"2024-09-12T17:50:03","guid":{"rendered":"https:\/\/www.casinomauritius.mu\/roulette\/immersive-roulette\/"},"modified":"2025-11-13T11:35:00","modified_gmt":"2025-11-13T07:35:00","slug":"roulette-immersive","status":"publish","type":"page","link":"https:\/\/www.casinomauritius.mu\/fr\/roulette\/roulette-immersive\/","title":{"rendered":"Immersive Roulette"},"content":{"rendered":"<div class=\"wpb-content-wrapper\"><p>[vc_row][vc_column][vc_column_text]<\/p>\n<h1>Roulette Immersive<\/h1>\n<p><strong>La Roulette Immersive<\/strong> est une roulette de type classique avec des ralentis de chaque boule atterrissant et s&rsquo;immobilisant &#8211; pour une exp\u00e9rience de jeu immersive et en gros plan.[\/vc_column_text][vc_btn title=\u00a0\u00bbJouer\u00a0\u00bb color=\u00a0\u00bbwarning\u00a0\u00bb align=\u00a0\u00bbcenter\u00a0\u00bb link=\u00a0\u00bburl:%2Fgo%2Fjoinnow.php|\u00a0\u00bb][\/vc_column][\/vc_row][vc_row][vc_column][vc_separator style=\u00a0\u00bbshadow\u00a0\u00bb border_width=\u00a0\u00bb3&Prime;][\/vc_column][\/vc_row][vc_row][vc_column width=\u00a0\u00bb1\/2&Prime;][vc_column_text]<\/p>\n<h3>Roulette Immersive mises: $1 &#8211; 10,000<\/h3>\n<p>Dans le tableau ci-dessous, vous trouverez les mises minimales et maximales sur la table Immersive Roulette.[\/vc_column_text][vc_single_image source=\u00a0\u00bbfeatured_image\u00a0\u00bb img_size=\u00a0\u00bbfull\u00a0\u00bb alignment=\u00a0\u00bbcenter\u00a0\u00bb onclick=\u00a0\u00bblink_image\u00a0\u00bb][\/vc_column][vc_column width=\u00a0\u00bb1\/2&Prime;][vc_column_text]<\/p>\n<table width=\"329\">\n<tbody>\n<tr>\n<td width=\"129\">BET<\/td>\n<td width=\"107\">LIMITES DE MISE<\/td>\n<td width=\"93\">PAYOUT<\/td>\n<\/tr>\n<tr>\n<td>STRAIGHT UP<\/td>\n<td>$ 1-500<\/td>\n<td>11:1<\/td>\n<\/tr>\n<tr>\n<td>SPLIT<\/td>\n<td>$ 1-1.000<\/td>\n<td>17:1<\/td>\n<\/tr>\n<tr>\n<td>STREET<\/td>\n<td>$ 1-1,500<\/td>\n<td>11:1<\/td>\n<\/tr>\n<tr>\n<td>CORNER<\/td>\n<td>$ 1-2.000<\/td>\n<td>8:1<\/td>\n<\/tr>\n<tr>\n<td>LINE<\/td>\n<td>$ 1-3,000<\/td>\n<td>5:1<\/td>\n<\/tr>\n<tr>\n<td>COLONNE<\/td>\n<td>$ 1-6,000<\/td>\n<td>2:1<\/td>\n<\/tr>\n<tr>\n<td>DOZEN<\/td>\n<td>$ 1-6.000<\/td>\n<td>2:1<\/td>\n<\/tr>\n<tr>\n<td>ROUGE \/ NOIR<\/td>\n<td>$ 1-10.000<\/td>\n<td>1:1<\/td>\n<\/tr>\n<tr>\n<td>EVEN \/ ODD<\/td>\n<td>$ 1-10.000<\/td>\n<td>1:1<\/td>\n<\/tr>\n<tr>\n<td>1-18 \/ 19-36<\/td>\n<td>$ 1-10.000<\/td>\n<td>1:1<\/td>\n<\/tr>\n<\/tbody>\n<\/table>\n<p>[\/vc_column_text][\/vc_column][\/vc_row][vc_row][vc_column][vc_separator style=\u00a0\u00bbshadow\u00a0\u00bb border_width=\u00a0\u00bb3&Prime;][\/vc_column][\/vc_row][vc_row][vc_column][vc_column_text]<\/p>\n<h2>Autres types de roulette<\/h2>\n<p>[\/vc_column_text][\/vc_column][\/vc_row][vc_row gap=\u00a0\u00bb20&Prime; post_type=\u00a0\u00bbids\u00a0\u00bb max_items=\u00a0\u00bb10&Prime; style=\u00a0\u00bball\u00a0\u00bb items_per_page=\u00a0\u00bb10&Prime; show_filter=\u00a0\u00bb\u00a0\u00bb element_width=\u00a0\u00bb4&Prime; orderby=\u00a0\u00bbdate\u00a0\u00bb order=\u00a0\u00bbDESC\u00a0\u00bb filter_style=\u00a0\u00bbdefault\u00a0\u00bb filter_default_title=\u00a0\u00bbAll\u00a0\u00bb filter_align=\u00a0\u00bbcenter\u00a0\u00bb filter_color=\u00a0\u00bbgrey\u00a0\u00bb filter_size=\u00a0\u00bbmd\u00a0\u00bb arrows_design=\u00a0\u00bbnone\u00a0\u00bb arrows_position=\u00a0\u00bbinside\u00a0\u00bb arrows_color=\u00a0\u00bbblue\u00a0\u00bb paging_design=\u00a0\u00bbradio_dots\u00a0\u00bb paging_color=\u00a0\u00bbgrey\u00a0\u00bb loop=\u00a0\u00bb\u00a0\u00bb autoplay=\u00a0\u00bb-1&Prime; item=\u00a0\u00bb56&Prime; initial_loading_animation=\u00a0\u00bbnone\u00a0\u00bb button_style=\u00a0\u00bb\u00a0\u00bb button_color=\u00a0\u00bb\u00a0\u00bb button_size=\u00a0\u00bb\u00a0\u00bb btn_title=\u00a0\u00bbLoad more\u00a0\u00bb btn_style=\u00a0\u00bbflat\u00a0\u00bb btn_gradient_color_1=\u00a0\u00bbturquoise\u00a0\u00bb btn_gradient_color_2=\u00a0\u00bbblue\u00a0\u00bb btn_gradient_custom_color_1=\u00a0\u00bb#dd3333&Prime; btn_gradient_custom_color_2=\u00a0\u00bb#eeee22&Prime; btn_gradient_text_color=\u00a0\u00bb#ffffff\u00a0\u00bb btn_custom_background=\u00a0\u00bb#ededed\u00a0\u00bb btn_custom_text=\u00a0\u00bb#666&Prime; btn_outline_custom_color=\u00a0\u00bb#666&Prime; btn_outline_custom_hover_background=\u00a0\u00bb#666&Prime; btn_outline_custom_hover_text=\u00a0\u00bb#fff\u00a0\u00bb btn_shape=\u00a0\u00bbrounded\u00a0\u00bb btn_color=\u00a0\u00bbblue\u00a0\u00bb btn_size=\u00a0\u00bbmd\u00a0\u00bb btn_align=\u00a0\u00bbinline\u00a0\u00bb btn_button_block=\u00a0\u00bb\u00a0\u00bb btn_add_icon=\u00a0\u00bb\u00a0\u00bb btn_i_align=\u00a0\u00bbleft\u00a0\u00bb btn_i_type=\u00a0\u00bbfontawesome\u00a0\u00bb btn_i_icon_fontawesome=\u00a0\u00bbfas fa-adjust\u00a0\u00bb btn_i_icon_openiconic=\u00a0\u00bbvc-oi vc-oi-dial\u00a0\u00bb btn_i_icon_typicons=\u00a0\u00bbtypcn typcn-adjust-brightness\u00a0\u00bb btn_i_icon_entypo=\u00a0\u00bbentypo-icon entypo-icon-note\u00a0\u00bb btn_i_icon_linecons=\u00a0\u00bbvc_li vc_li-heart\u00a0\u00bb btn_i_icon_monosocial=\u00a0\u00bbvc-mono vc-mono-fivehundredpx\u00a0\u00bb btn_i_icon_material=\u00a0\u00bbvc-material vc-material-cake\u00a0\u00bb btn_i_icon_pixelicons=\u00a0\u00bbvc_pixel_icon vc_pixel_icon-alert\u00a0\u00bb btn_custom_onclick=\u00a0\u00bb\u00a0\u00bb grid_id=\u00a0\u00bbvc_gid:1699005307666-a156b4d4-fe3c-8&Prime; include=\u00a0\u00bb17076, 17105, 17107, 17110, 17112, 17115, 17117, 17119, 17121, 17123, 17125, 17127, 17129, 17133, 17135&Prime; custom_query=\u00a0\u00bb\u00a0\u00bb taxonomies=\u00a0\u00bb\u00a0\u00bb meta_key=\u00a0\u00bb\u00a0\u00bb offset=\u00a0\u00bb\u00a0\u00bb exclude=\u00a0\u00bb\u00a0\u00bb filter_source=\u00a0\u00bbcategory\u00a0\u00bb exclude_filter=\u00a0\u00bb\u00a0\u00bb paging_animation_in=\u00a0\u00bb\u00a0\u00bb paging_animation_out=\u00a0\u00bb\u00a0\u00bb btn_el_id=\u00a0\u00bb\u00a0\u00bb btn_custom_onclick_code=\u00a0\u00bb\u00a0\u00bb][vc_column][vc_basic_grid post_type=\u00a0\u00bbids\u00a0\u00bb element_width=\u00a0\u00bb3&Prime; gap=\u00a0\u00bb20&Prime; item=\u00a0\u00bb56&Prime; initial_loading_animation=\u00a0\u00bbnone\u00a0\u00bb grid_id=\u00a0\u00bbvc_gid:1699451170914-ab8d0189-f99b-1&Prime; include=\u00a0\u00bb17076, 17105, 17107, 17110, 17112, 17115, 17117, 17121, 17123, 17125, 17127, 17129, 17133, 17135&Prime;][\/vc_column][\/vc_row][vc_row][vc_column][vc_column_text]<\/p>\n<h3>Strat\u00e9gies et syst\u00e8mes de roulette<\/h3>\n<p>[\/vc_column_text][vc_basic_grid post_type=\u00a0\u00bbids\u00a0\u00bb element_width=\u00a0\u00bb3&Prime; gap=\u00a0\u00bb20&Prime; item=\u00a0\u00bb56&Prime; grid_id=\u00a0\u00bbvc_gid:1699451184400-044513fa-603a-4&Prime; include=\u00a0\u00bb16203, 16862, 16871, 16867, 16869, 16865, 16877, 16874&Prime;][\/vc_column][\/vc_row]<\/p>\n<\/div>","protected":false},"excerpt":{"rendered":"<p> [&hellip;]<\/p>\n","protected":false},"author":1,"featured_media":16791,"parent":17944,"menu_order":0,"comment_status":"closed","ping_status":"closed","template":"","meta":{"site-sidebar-layout":"no-sidebar","site-content-layout":"plain-container","ast-site-content-layout":"default","site-content-style":"default","site-sidebar-style":"default","ast-global-header-display":"","ast-banner-title-visibility":"","ast-main-header-display":"","ast-hfb-above-header-display":"","ast-hfb-below-header-display":"","ast-hfb-mobile-header-display":"","site-post-title":"disabled","ast-breadcrumbs-content":"","ast-featured-img":"disabled","footer-sml-layout":"","ast-disable-related-posts":"","theme-transparent-header-meta":"default","adv-header-id-meta":"","stick-header-meta":"default","header-above-stick-meta":"","header-main-stick-meta":"","header-below-stick-meta":"","astra-migrate-meta-layouts":"set","ast-page-background-enabled":"default","ast-page-background-meta":{"desktop":{"background-color":"","background-image":"","background-repeat":"repeat","background-position":"center center","background-size":"auto","background-attachment":"scroll","background-type":"","background-media":"","overlay-type":"","overlay-color":"","overlay-opacity":"","overlay-gradient":""},"tablet":{"background-color":"","background-image":"","background-repeat":"repeat","background-position":"center center","background-size":"auto","background-attachment":"scroll","background-type":"","background-media":"","overlay-type":"","overlay-color":"","overlay-opacity":"","overlay-gradient":""},"mobile":{"background-color":"","background-image":"","background-repeat":"repeat","background-position":"center center","background-size":"auto","background-attachment":"scroll","background-type":"","background-media":"","overlay-type":"","overlay-color":"","overlay-opacity":"","overlay-gradient":""}},"ast-content-background-meta":{"desktop":{"background-color":"var(--ast-global-color-5)","background-image":"","background-repeat":"repeat","background-position":"center center","background-size":"auto","background-attachment":"scroll","background-type":"","background-media":"","overlay-type":"","overlay-color":"","overlay-opacity":"","overlay-gradient":""},"tablet":{"background-color":"var(--ast-global-color-5)","background-image":"","background-repeat":"repeat","background-position":"center center","background-size":"auto","background-attachment":"scroll","background-type":"","background-media":"","overlay-type":"","overlay-color":"","overlay-opacity":"","overlay-gradient":""},"mobile":{"background-color":"var(--ast-global-color-5)","background-image":"","background-repeat":"repeat","background-position":"center center","background-size":"auto","background-attachment":"scroll","background-type":"","background-media":"","overlay-type":"","overlay-color":"","overlay-opacity":"","overlay-gradient":""}},"footnotes":""},"categories":[],"tags":[],"class_list":["post-18165","page","type-page","status-publish","has-post-thumbnail","hentry"],"yoast_head":"<!-- This site is optimized with the Yoast SEO plugin v27.0 - https:\/\/yoast.com\/product\/yoast-seo-wordpress\/ -->\n<title>Immersive Roulette - Casino de l&#039;\u00eele Maurice<\/title>\n<meta name=\"description\" content=\"D\u00e9couvrez le frisson de la roulette immersive avec plusieurs angles de cam\u00e9ra et des ralentis en HD. Jouez d\u00e8s maintenant au Casino Mauritius !\" \/>\n<meta name=\"robots\" content=\"index, follow, max-snippet:-1, max-image-preview:large, max-video-preview:-1\" \/>\n<link rel=\"canonical\" href=\"https:\/\/www.casinomauritius.mu\/fr\/roulette\/roulette-immersive\/\" \/>\n<meta property=\"og:locale\" content=\"fr_FR\" \/>\n<meta property=\"og:type\" content=\"article\" \/>\n<meta property=\"og:title\" content=\"Immersive Roulette - Casino de l&#039;\u00eele Maurice\" \/>\n<meta property=\"og:description\" content=\"D\u00e9couvrez le frisson de la roulette immersive avec plusieurs angles de cam\u00e9ra et des ralentis en HD. Jouez d\u00e8s maintenant au Casino Mauritius !\" \/>\n<meta property=\"og:url\" content=\"https:\/\/www.casinomauritius.mu\/fr\/roulette\/roulette-immersive\/\" \/>\n<meta property=\"og:site_name\" content=\"Casino de l&#039;\u00eele Maurice\" \/>\n<meta property=\"article:modified_time\" content=\"2025-11-13T07:35:00+00:00\" \/>\n<meta property=\"og:image\" content=\"https:\/\/www.casinomauritius.mu\/wp-content\/uploads\/2023\/09\/Immersive-Roulette-Live-Casino-Mauritius.webp\" \/>\n\t<meta property=\"og:image:width\" content=\"1280\" \/>\n\t<meta property=\"og:image:height\" content=\"720\" \/>\n\t<meta property=\"og:image:type\" content=\"image\/webp\" \/>\n<meta name=\"twitter:card\" content=\"summary_large_image\" \/>\n<meta name=\"twitter:label1\" content=\"Dur\u00e9e de lecture estim\u00e9e\" \/>\n\t<meta name=\"twitter:data1\" content=\"2 minutes\" \/>\n<script type=\"application\/ld+json\" class=\"yoast-schema-graph\">{\"@context\":\"https:\/\/schema.org\",\"@graph\":[{\"@type\":\"WebPage\",\"@id\":\"https:\/\/www.casinomauritius.mu\/fr\/roulette\/roulette-immersive\/\",\"url\":\"https:\/\/www.casinomauritius.mu\/fr\/roulette\/roulette-immersive\/\",\"name\":\"Immersive Roulette - Casino de l'\u00eele Maurice\",\"isPartOf\":{\"@id\":\"https:\/\/www.casinomauritius.mu\/fr\/#website\"},\"primaryImageOfPage\":{\"@id\":\"https:\/\/www.casinomauritius.mu\/fr\/roulette\/roulette-immersive\/#primaryimage\"},\"image\":{\"@id\":\"https:\/\/www.casinomauritius.mu\/fr\/roulette\/roulette-immersive\/#primaryimage\"},\"thumbnailUrl\":\"https:\/\/www.casinomauritius.mu\/wp-content\/uploads\/2023\/09\/Immersive-Roulette-Live-Casino-Mauritius.webp\",\"datePublished\":\"2024-09-12T17:50:03+00:00\",\"dateModified\":\"2025-11-13T07:35:00+00:00\",\"description\":\"D\u00e9couvrez le frisson de la roulette immersive avec plusieurs angles de cam\u00e9ra et des ralentis en HD. Jouez d\u00e8s maintenant au Casino Mauritius !\",\"breadcrumb\":{\"@id\":\"https:\/\/www.casinomauritius.mu\/fr\/roulette\/roulette-immersive\/#breadcrumb\"},\"inLanguage\":\"fr-FR\",\"potentialAction\":[{\"@type\":\"ReadAction\",\"target\":[\"https:\/\/www.casinomauritius.mu\/fr\/roulette\/roulette-immersive\/\"]}]},{\"@type\":\"ImageObject\",\"inLanguage\":\"fr-FR\",\"@id\":\"https:\/\/www.casinomauritius.mu\/fr\/roulette\/roulette-immersive\/#primaryimage\",\"url\":\"https:\/\/www.casinomauritius.mu\/wp-content\/uploads\/2023\/09\/Immersive-Roulette-Live-Casino-Mauritius.webp\",\"contentUrl\":\"https:\/\/www.casinomauritius.mu\/wp-content\/uploads\/2023\/09\/Immersive-Roulette-Live-Casino-Mauritius.webp\",\"width\":1280,\"height\":720,\"caption\":\"Immersive Roulette Live - Casino Mauritius\"},{\"@type\":\"BreadcrumbList\",\"@id\":\"https:\/\/www.casinomauritius.mu\/fr\/roulette\/roulette-immersive\/#breadcrumb\",\"itemListElement\":[{\"@type\":\"ListItem\",\"position\":1,\"name\":\"Home\",\"item\":\"https:\/\/www.casinomauritius.mu\/fr\/\"},{\"@type\":\"ListItem\",\"position\":2,\"name\":\"Roulette\",\"item\":\"https:\/\/www.casinomauritius.mu\/fr\/roulette\/\"},{\"@type\":\"ListItem\",\"position\":3,\"name\":\"Immersive Roulette\"}]},{\"@type\":\"WebSite\",\"@id\":\"https:\/\/www.casinomauritius.mu\/fr\/#website\",\"url\":\"https:\/\/www.casinomauritius.mu\/fr\/\",\"name\":\"Casino de l'\u00eele Maurice\",\"description\":\"Venez le c\u0153ur plein, repartez le portefeuille plein\",\"publisher\":{\"@id\":\"https:\/\/www.casinomauritius.mu\/fr\/#organization\"},\"potentialAction\":[{\"@type\":\"SearchAction\",\"target\":{\"@type\":\"EntryPoint\",\"urlTemplate\":\"https:\/\/www.casinomauritius.mu\/fr\/?s={search_term_string}\"},\"query-input\":{\"@type\":\"PropertyValueSpecification\",\"valueRequired\":true,\"valueName\":\"search_term_string\"}}],\"inLanguage\":\"fr-FR\"},{\"@type\":\"Organization\",\"@id\":\"https:\/\/www.casinomauritius.mu\/fr\/#organization\",\"name\":\"Casino de l'\u00eele Maurice\",\"url\":\"https:\/\/www.casinomauritius.mu\/fr\/\",\"logo\":{\"@type\":\"ImageObject\",\"inLanguage\":\"fr-FR\",\"@id\":\"https:\/\/www.casinomauritius.mu\/fr\/#\/schema\/logo\/image\/\",\"url\":\"https:\/\/www.casinomauritius.mu\/wp-content\/uploads\/2020\/06\/Casino_Mauritius_Logo-01.png\",\"contentUrl\":\"https:\/\/www.casinomauritius.mu\/wp-content\/uploads\/2020\/06\/Casino_Mauritius_Logo-01.png\",\"width\":200,\"height\":63,\"caption\":\"Casino de l'\u00eele Maurice\"},\"image\":{\"@id\":\"https:\/\/www.casinomauritius.mu\/fr\/#\/schema\/logo\/image\/\"}}]}<\/script>\n<!-- \/ Yoast SEO plugin. -->","yoast_head_json":{"title":"Immersive Roulette - Casino de l'\u00eele Maurice","description":"D\u00e9couvrez le frisson de la roulette immersive avec plusieurs angles de cam\u00e9ra et des ralentis en HD. Jouez d\u00e8s maintenant au Casino Mauritius !","robots":{"index":"index","follow":"follow","max-snippet":"max-snippet:-1","max-image-preview":"max-image-preview:large","max-video-preview":"max-video-preview:-1"},"canonical":"https:\/\/www.casinomauritius.mu\/fr\/roulette\/roulette-immersive\/","og_locale":"fr_FR","og_type":"article","og_title":"Immersive Roulette - Casino de l'\u00eele Maurice","og_description":"D\u00e9couvrez le frisson de la roulette immersive avec plusieurs angles de cam\u00e9ra et des ralentis en HD. Jouez d\u00e8s maintenant au Casino Mauritius !","og_url":"https:\/\/www.casinomauritius.mu\/fr\/roulette\/roulette-immersive\/","og_site_name":"Casino de l'\u00eele Maurice","article_modified_time":"2025-11-13T07:35:00+00:00","og_image":[{"width":1280,"height":720,"url":"https:\/\/www.casinomauritius.mu\/wp-content\/uploads\/2023\/09\/Immersive-Roulette-Live-Casino-Mauritius.webp","type":"image\/webp"}],"twitter_card":"summary_large_image","twitter_misc":{"Dur\u00e9e de lecture estim\u00e9e":"2 minutes"},"schema":{"@context":"https:\/\/schema.org","@graph":[{"@type":"WebPage","@id":"https:\/\/www.casinomauritius.mu\/fr\/roulette\/roulette-immersive\/","url":"https:\/\/www.casinomauritius.mu\/fr\/roulette\/roulette-immersive\/","name":"Immersive Roulette - Casino de l'\u00eele Maurice","isPartOf":{"@id":"https:\/\/www.casinomauritius.mu\/fr\/#website"},"primaryImageOfPage":{"@id":"https:\/\/www.casinomauritius.mu\/fr\/roulette\/roulette-immersive\/#primaryimage"},"image":{"@id":"https:\/\/www.casinomauritius.mu\/fr\/roulette\/roulette-immersive\/#primaryimage"},"thumbnailUrl":"https:\/\/www.casinomauritius.mu\/wp-content\/uploads\/2023\/09\/Immersive-Roulette-Live-Casino-Mauritius.webp","datePublished":"2024-09-12T17:50:03+00:00","dateModified":"2025-11-13T07:35:00+00:00","description":"D\u00e9couvrez le frisson de la roulette immersive avec plusieurs angles de cam\u00e9ra et des ralentis en HD. Jouez d\u00e8s maintenant au Casino Mauritius !","breadcrumb":{"@id":"https:\/\/www.casinomauritius.mu\/fr\/roulette\/roulette-immersive\/#breadcrumb"},"inLanguage":"fr-FR","potentialAction":[{"@type":"ReadAction","target":["https:\/\/www.casinomauritius.mu\/fr\/roulette\/roulette-immersive\/"]}]},{"@type":"ImageObject","inLanguage":"fr-FR","@id":"https:\/\/www.casinomauritius.mu\/fr\/roulette\/roulette-immersive\/#primaryimage","url":"https:\/\/www.casinomauritius.mu\/wp-content\/uploads\/2023\/09\/Immersive-Roulette-Live-Casino-Mauritius.webp","contentUrl":"https:\/\/www.casinomauritius.mu\/wp-content\/uploads\/2023\/09\/Immersive-Roulette-Live-Casino-Mauritius.webp","width":1280,"height":720,"caption":"Immersive Roulette Live - Casino Mauritius"},{"@type":"BreadcrumbList","@id":"https:\/\/www.casinomauritius.mu\/fr\/roulette\/roulette-immersive\/#breadcrumb","itemListElement":[{"@type":"ListItem","position":1,"name":"Home","item":"https:\/\/www.casinomauritius.mu\/fr\/"},{"@type":"ListItem","position":2,"name":"Roulette","item":"https:\/\/www.casinomauritius.mu\/fr\/roulette\/"},{"@type":"ListItem","position":3,"name":"Immersive Roulette"}]},{"@type":"WebSite","@id":"https:\/\/www.casinomauritius.mu\/fr\/#website","url":"https:\/\/www.casinomauritius.mu\/fr\/","name":"Casino de l'\u00eele Maurice","description":"Venez le c\u0153ur plein, repartez le portefeuille plein","publisher":{"@id":"https:\/\/www.casinomauritius.mu\/fr\/#organization"},"potentialAction":[{"@type":"SearchAction","target":{"@type":"EntryPoint","urlTemplate":"https:\/\/www.casinomauritius.mu\/fr\/?s={search_term_string}"},"query-input":{"@type":"PropertyValueSpecification","valueRequired":true,"valueName":"search_term_string"}}],"inLanguage":"fr-FR"},{"@type":"Organization","@id":"https:\/\/www.casinomauritius.mu\/fr\/#organization","name":"Casino de l'\u00eele Maurice","url":"https:\/\/www.casinomauritius.mu\/fr\/","logo":{"@type":"ImageObject","inLanguage":"fr-FR","@id":"https:\/\/www.casinomauritius.mu\/fr\/#\/schema\/logo\/image\/","url":"https:\/\/www.casinomauritius.mu\/wp-content\/uploads\/2020\/06\/Casino_Mauritius_Logo-01.png","contentUrl":"https:\/\/www.casinomauritius.mu\/wp-content\/uploads\/2020\/06\/Casino_Mauritius_Logo-01.png","width":200,"height":63,"caption":"Casino de l'\u00eele Maurice"},"image":{"@id":"https:\/\/www.casinomauritius.mu\/fr\/#\/schema\/logo\/image\/"}}]}},"_links":{"self":[{"href":"https:\/\/www.casinomauritius.mu\/fr\/wp-json\/wp\/v2\/pages\/18165","targetHints":{"allow":["GET"]}}],"collection":[{"href":"https:\/\/www.casinomauritius.mu\/fr\/wp-json\/wp\/v2\/pages"}],"about":[{"href":"https:\/\/www.casinomauritius.mu\/fr\/wp-json\/wp\/v2\/types\/page"}],"author":[{"embeddable":true,"href":"https:\/\/www.casinomauritius.mu\/fr\/wp-json\/wp\/v2\/users\/1"}],"replies":[{"embeddable":true,"href":"https:\/\/www.casinomauritius.mu\/fr\/wp-json\/wp\/v2\/comments?post=18165"}],"version-history":[{"count":3,"href":"https:\/\/www.casinomauritius.mu\/fr\/wp-json\/wp\/v2\/pages\/18165\/revisions"}],"predecessor-version":[{"id":27543,"href":"https:\/\/www.casinomauritius.mu\/fr\/wp-json\/wp\/v2\/pages\/18165\/revisions\/27543"}],"up":[{"embeddable":true,"href":"https:\/\/www.casinomauritius.mu\/fr\/wp-json\/wp\/v2\/pages\/17944"}],"wp:featuredmedia":[{"embeddable":true,"href":"https:\/\/www.casinomauritius.mu\/fr\/wp-json\/wp\/v2\/media\/16791"}],"wp:attachment":[{"href":"https:\/\/www.casinomauritius.mu\/fr\/wp-json\/wp\/v2\/media?parent=18165"}],"wp:term":[{"taxonomy":"category","embeddable":true,"href":"https:\/\/www.casinomauritius.mu\/fr\/wp-json\/wp\/v2\/categories?post=18165"},{"taxonomy":"post_tag","embeddable":true,"href":"https:\/\/www.casinomauritius.mu\/fr\/wp-json\/wp\/v2\/tags?post=18165"}],"curies":[{"name":"wp","href":"https:\/\/api.w.org\/{rel}","templated":true}]}}