{"id":18189,"date":"2024-09-13T02:14:06","date_gmt":"2024-09-12T22:14:06","guid":{"rendered":"https:\/\/www.casinomauritius.mu\/roulette\/systeme-de-roulette-andrucci\/"},"modified":"2025-11-13T11:22:38","modified_gmt":"2025-11-13T07:22:38","slug":"systeme-de-roulette-andrucci","status":"publish","type":"page","link":"https:\/\/www.casinomauritius.mu\/fr\/roulette\/systeme-de-roulette-andrucci\/","title":{"rendered":"Syst\u00e8me de roulette Andrucci"},"content":{"rendered":"<div class=\"wpb-content-wrapper\"><p>[vc_row][vc_column][vc_column_text]<\/p>\n<h1>Syst\u00e8me de roulette Andrucci<\/h1>\n<p>Le syst\u00e8me Andrucci ne suit pas un \u00ab\u00a0syst\u00e8me\u00a0\u00bb structur\u00e9 mais embrasse plut\u00f4t le chaos organis\u00e9, en s&rsquo;appuyant fortement sur l&rsquo;instinct et les \u00e9v\u00e9nements pass\u00e9s pour anticiper les \u00e9v\u00e9nements futurs. Malgr\u00e9 sa nature peu orthodoxe, elle a ses m\u00e9rites.<\/p>\n<p>L&rsquo;essence du syst\u00e8me Andrucci consiste \u00e0 placer initialement des paris sur des sommes relativement \u00e9gales \u00e0 la table de roulette. Pendant combien de temps devez-vous le faire ? Environ 30 \u00e0 37 fois, pour \u00eatre pr\u00e9cis.[\/vc_column_text][\/vc_column][\/vc_row][vc_row][vc_column][vc_column_text]Cependant, au cours de cette phase, vous ne jouez pas simplement, vous observez et enregistrez. Plus pr\u00e9cis\u00e9ment, votre objectif est d&rsquo;identifier les num\u00e9ros qui semblent \u00eatre favoris\u00e9s par la roulette ce jour-l\u00e0.[\/vc_column_text][vc_separator style=\u00a0\u00bbshadow\u00a0\u00bb border_width=\u00a0\u00bb3&Prime;][\/vc_column][\/vc_row][vc_row][vc_column][vc_column_text]<\/p>\n<h3>Le syst\u00e8me Andrucci dans le casino en ligne<\/h3>\n<p>[\/vc_column_text]<div id=\"ultimate-video-769569e5dffdbe1e6\" class=\"ult-video  ult-adjust-bottom-margin ultimate-video-769569e5dffdbe1e6 ultv-8041 \"><div class=\"ultv-video ultv-aspect-ratio-16_9 ultv-subscribe-responsive-none\" data-videotype=\"uv_iframe\">\n\t\t\t\t\t\t<div class=\"ultv-video__outer-wrap\" data-autoplay=\"1\" data-device=\"false\"  data-iconbg=\"#3A3A3A\" data-overcolor=\"\" data-defaultbg=\"#1f1f1e\" data-defaultplay=\"defaulticon\"><div class=\"ultv-video__play\" data-src=\"https:\/\/www.youtube.com\/embed\/T9F_sKcu9aQ?autoplay=1&#038;rel=0&#038;start&#038;end&#038;controls=1&#038;mute=0&#038;modestbranding=0&#038;autoplay=1\">\n\t\t\t\t\t\t\t\t<img decoding=\"async\" class=\"ultv-video__thumb\" src=\"https:\/\/i.ytimg.com\/vi\/T9F_sKcu9aQ\/maxresdefault.jpg\"\/>\n\t\t\t\t\t\t\t\t<div class=\"ultv-video__play-icon  ultv-animation-none\" style=\"width:75px\"><svg height=\"100%\" version=\"1.1\" viewBox=\"0 0 68 48\" width=\"100%\"><path class=\"ultv-youtube-icon-bg\" d=\"m .66,37.62 c 0,0 .66,4.70 2.70,6.77 2.58,2.71 5.98,2.63 7.49,2.91 5.43,.52 23.10,.68 23.12,.68 .00,-1.3e-5 14.29,-0.02 23.81,-0.71 1.32,-0.15 4.22,-0.17 6.81,-2.89 2.03,-2.07 2.70,-6.77 2.70,-6.77 0,0 .67,-5.52 .67,-11.04 l 0,-5.17 c 0,-5.52 -0.67,-11.04 -0.67,-11.04 0,0 -0.66,-4.70 -2.70,-6.77 C 62.03,.86 59.13,.84 57.80,.69 48.28,0 34.00,0 34.00,0 33.97,0 19.69,0 10.18,.69 8.85,.84 5.95,.86 3.36,3.58 1.32,5.65 .66,10.35 .66,10.35 c 0,0 -0.55,4.50 -0.66,9.45 l 0,8.36 c .10,4.94 .66,9.45 .66,9.45 z\" fill=\"#1f1f1e\" ><\/path><path d=\"m 26.96,13.67 18.37,9.62 -18.37,9.55 -0.00,-19.17 z\" fill=\"#fff\"><\/path><path d=\"M 45.02,23.46 45.32,23.28 26.96,13.67 43.32,22.34 45.02,23.46 z\" fill=\"#ccc\"><\/path><\/svg><\/div> <\/div> <\/div><\/div><\/div>[vc_separator style=\u00a0\u00bbshadow\u00a0\u00bb border_width=\u00a0\u00bb3&Prime;][\/vc_column][\/vc_row][vc_row][vc_column][vc_column_text]Une fois que vous avez termin\u00e9 votre s\u00e9rie de paris \u00e0 sommes \u00e9gales, vous passez aux paris simples sur les num\u00e9ros qui vous semblent \u00ab\u00a0chauds\u00a0\u00bb. L&rsquo;objectif est de capitaliser sur ces chiffres per\u00e7us comme chauds, ce qui pourrait permettre de r\u00e9aliser des gains substantiels.<\/p>\n<p>En effet, cette strat\u00e9gie peut conduire \u00e0 des gains importants, si l&rsquo;on consid\u00e8re le g\u00e9n\u00e9reux paiement de 35 pour 1 pour la pr\u00e9diction correcte d&rsquo;un seul num\u00e9ro. Cependant, il est essentiel de reconna\u00eetre que les chances de choisir correctement un seul num\u00e9ro sont de 37 contre 1. \u00c0 moins que vous ne poss\u00e9diez une capacit\u00e9 \u00e9tonnante \u00e0 pr\u00e9voir l&rsquo;avenir, cette approche peut conduire \u00e0 une diminution rapide de votre bankroll.[\/vc_column_text][\/vc_column][\/vc_row][vc_row][vc_column][vc_column_text]En outre, elle n\u00e9cessite un travail de fond avant de pouvoir \u00eatre mise en pratique. D\u00e9terminer quels num\u00e9ros sont \u00ab\u00a0chauds\u00a0\u00bb peut prendre une heure ou plus, et si la roulette ne coop\u00e8re pas, vous risquez de ne jamais discerner de mod\u00e8le.[\/vc_column_text][\/vc_column][\/vc_row][vc_row][vc_column][vc_column_text]Les strat\u00e9gies telles que le syst\u00e8me Andrucci peuvent s\u00e9duire les joueurs novices, car le fait de miser sur un seul num\u00e9ro peut se traduire par un gain substantiel. Cependant, il est essentiel de se rappeler que l&rsquo;attrait d&rsquo;un gros gain peut occulter le fait qu&rsquo;au fil du temps, vous risquez de perdre plus que vous ne gagnez sur la plupart des tours de roue.[\/vc_column_text][\/vc_column][\/vc_row][vc_row][vc_column][vc_column_text]En fin de compte, c&rsquo;est pr\u00e9cis\u00e9ment ce genre de raisonnement qui explique pourquoi des casinos comme ceux de Las Vegas continuent de prosp\u00e9rer.[\/vc_column_text][\/vc_column][\/vc_row][vc_row][vc_column][vc_column_text]<\/p>\n<h2>Essayez cette strat\u00e9gie de roulette d\u00e8s aujourd&rsquo;hui !<\/h2>\n<p>[\/vc_column_text][\/vc_column][\/vc_row][vc_row][vc_column][vc_btn title=\u00a0\u00bbJOUER\u00a0\u00bb color=\u00a0\u00bbwarning\u00a0\u00bb align=\u00a0\u00bbcenter\u00a0\u00bb link=\u00a0\u00bburl:%2Fgo%2Fjoinnow.php|\u00a0\u00bb][\/vc_column][\/vc_row][vc_row][vc_column][vc_column_text]<\/p>\n<h3>Plus de strat\u00e9gies et de syst\u00e8mes de roulette<\/h3>\n<p>[\/vc_column_text][vc_basic_grid post_type=\u00a0\u00bbids\u00a0\u00bb gap=\u00a0\u00bb20&Prime; item=\u00a0\u00bb56&Prime; grid_id=\u00a0\u00bbvc_gid:1715189074758-6b5b47b0-a39f-5&Prime; include=\u00a0\u00bb16203, 16862, 16871, 16867, 16865, 16877, 16874&Prime;][\/vc_column][\/vc_row][vc_row][vc_column][vc_column_text]<\/p>\n<h3>En savoir plus sur les variantes de la roulette<\/h3>\n<p>[\/vc_column_text][vc_basic_grid post_type=\u00a0\u00bbids\u00a0\u00bb gap=\u00a0\u00bb20&Prime; item=\u00a0\u00bb56&Prime; grid_id=\u00a0\u00bbvc_gid:1715189074761-545238f6-d4fc-4&Prime; include=\u00a0\u00bb17076, 17105, 17107, 17110, 17112, 17115, 17117, 17119, 17121, 17123, 17125, 17127, 17129, 17133, 17135&Prime;][\/vc_column][\/vc_row]<\/p>\n<\/div>","protected":false},"excerpt":{"rendered":"<p> [&hellip;]<\/p>\n","protected":false},"author":1,"featured_media":17242,"parent":17944,"menu_order":0,"comment_status":"closed","ping_status":"closed","template":"","meta":{"site-sidebar-layout":"no-sidebar","site-content-layout":"plain-container","ast-site-content-layout":"normal-width-container","site-content-style":"unboxed","site-sidebar-style":"unboxed","ast-global-header-display":"","ast-banner-title-visibility":"","ast-main-header-display":"","ast-hfb-above-header-display":"","ast-hfb-below-header-display":"","ast-hfb-mobile-header-display":"","site-post-title":"disabled","ast-breadcrumbs-content":"","ast-featured-img":"disabled","footer-sml-layout":"","ast-disable-related-posts":"","theme-transparent-header-meta":"default","adv-header-id-meta":"","stick-header-meta":"default","header-above-stick-meta":"","header-main-stick-meta":"","header-below-stick-meta":"","astra-migrate-meta-layouts":"set","ast-page-background-enabled":"default","ast-page-background-meta":{"desktop":{"background-color":"","background-image":"","background-repeat":"repeat","background-position":"center center","background-size":"auto","background-attachment":"scroll","background-type":"","background-media":"","overlay-type":"","overlay-color":"","overlay-opacity":"","overlay-gradient":""},"tablet":{"background-color":"","background-image":"","background-repeat":"repeat","background-position":"center center","background-size":"auto","background-attachment":"scroll","background-type":"","background-media":"","overlay-type":"","overlay-color":"","overlay-opacity":"","overlay-gradient":""},"mobile":{"background-color":"","background-image":"","background-repeat":"repeat","background-position":"center center","background-size":"auto","background-attachment":"scroll","background-type":"","background-media":"","overlay-type":"","overlay-color":"","overlay-opacity":"","overlay-gradient":""}},"ast-content-background-meta":{"desktop":{"background-color":"var(--ast-global-color-5)","background-image":"","background-repeat":"repeat","background-position":"center center","background-size":"auto","background-attachment":"scroll","background-type":"","background-media":"","overlay-type":"","overlay-color":"","overlay-opacity":"","overlay-gradient":""},"tablet":{"background-color":"var(--ast-global-color-5)","background-image":"","background-repeat":"repeat","background-position":"center center","background-size":"auto","background-attachment":"scroll","background-type":"","background-media":"","overlay-type":"","overlay-color":"","overlay-opacity":"","overlay-gradient":""},"mobile":{"background-color":"var(--ast-global-color-5)","background-image":"","background-repeat":"repeat","background-position":"center center","background-size":"auto","background-attachment":"scroll","background-type":"","background-media":"","overlay-type":"","overlay-color":"","overlay-opacity":"","overlay-gradient":""}},"footnotes":""},"categories":[],"tags":[],"class_list":["post-18189","page","type-page","status-publish","has-post-thumbnail","hentry"],"yoast_head":"<!-- This site is optimized with the Yoast SEO plugin v27.4 - https:\/\/yoast.com\/product\/yoast-seo-wordpress\/ -->\n<title>Syst\u00e8me de roulette Andrucci - Casino de l&#039;\u00eele Maurice<\/title>\n<meta name=\"description\" content=\"D\u00e9couvrez le syst\u00e8me de roulette Andrucci au Casino Mauritius : suivez les num\u00e9ros chauds et placez des paris strat\u00e9giques pour remporter des gains potentiels.\" \/>\n<meta name=\"robots\" content=\"index, follow, max-snippet:-1, max-image-preview:large, max-video-preview:-1\" \/>\n<link rel=\"canonical\" href=\"https:\/\/www.casinomauritius.mu\/fr\/roulette\/systeme-de-roulette-andrucci\/\" \/>\n<meta property=\"og:locale\" content=\"fr_FR\" \/>\n<meta property=\"og:type\" content=\"article\" \/>\n<meta property=\"og:title\" content=\"Syst\u00e8me de roulette Andrucci - Casino de l&#039;\u00eele Maurice\" \/>\n<meta property=\"og:description\" content=\"D\u00e9couvrez le syst\u00e8me de roulette Andrucci au Casino Mauritius : suivez les num\u00e9ros chauds et placez des paris strat\u00e9giques pour remporter des gains potentiels.\" \/>\n<meta property=\"og:url\" content=\"https:\/\/www.casinomauritius.mu\/fr\/roulette\/systeme-de-roulette-andrucci\/\" \/>\n<meta property=\"og:site_name\" content=\"Casino de l&#039;\u00eele Maurice\" \/>\n<meta property=\"article:modified_time\" content=\"2025-11-13T07:22:38+00:00\" \/>\n<meta property=\"og:image\" content=\"https:\/\/www.casinomauritius.mu\/wp-content\/uploads\/2023\/11\/Andrucci-System.webp\" \/>\n\t<meta property=\"og:image:width\" content=\"1280\" \/>\n\t<meta property=\"og:image:height\" content=\"720\" \/>\n\t<meta property=\"og:image:type\" content=\"image\/webp\" \/>\n<meta name=\"twitter:card\" content=\"summary_large_image\" \/>\n<meta name=\"twitter:label1\" content=\"Dur\u00e9e de lecture estim\u00e9e\" \/>\n\t<meta name=\"twitter:data1\" content=\"2 minutes\" \/>\n<script type=\"application\/ld+json\" class=\"yoast-schema-graph\">{\"@context\":\"https:\\\/\\\/schema.org\",\"@graph\":[{\"@type\":\"WebPage\",\"@id\":\"https:\\\/\\\/www.casinomauritius.mu\\\/fr\\\/roulette\\\/systeme-de-roulette-andrucci\\\/\",\"url\":\"https:\\\/\\\/www.casinomauritius.mu\\\/fr\\\/roulette\\\/systeme-de-roulette-andrucci\\\/\",\"name\":\"Syst\u00e8me de roulette Andrucci - Casino de l'\u00eele Maurice\",\"isPartOf\":{\"@id\":\"https:\\\/\\\/www.casinomauritius.mu\\\/fr\\\/#website\"},\"primaryImageOfPage\":{\"@id\":\"https:\\\/\\\/www.casinomauritius.mu\\\/fr\\\/roulette\\\/systeme-de-roulette-andrucci\\\/#primaryimage\"},\"image\":{\"@id\":\"https:\\\/\\\/www.casinomauritius.mu\\\/fr\\\/roulette\\\/systeme-de-roulette-andrucci\\\/#primaryimage\"},\"thumbnailUrl\":\"https:\\\/\\\/www.casinomauritius.mu\\\/wp-content\\\/uploads\\\/2023\\\/11\\\/Andrucci-System.webp\",\"datePublished\":\"2024-09-12T22:14:06+00:00\",\"dateModified\":\"2025-11-13T07:22:38+00:00\",\"description\":\"D\u00e9couvrez le syst\u00e8me de roulette Andrucci au Casino Mauritius : suivez les num\u00e9ros chauds et placez des paris strat\u00e9giques pour remporter des gains potentiels.\",\"breadcrumb\":{\"@id\":\"https:\\\/\\\/www.casinomauritius.mu\\\/fr\\\/roulette\\\/systeme-de-roulette-andrucci\\\/#breadcrumb\"},\"inLanguage\":\"fr-FR\",\"potentialAction\":[{\"@type\":\"ReadAction\",\"target\":[\"https:\\\/\\\/www.casinomauritius.mu\\\/fr\\\/roulette\\\/systeme-de-roulette-andrucci\\\/\"]}]},{\"@type\":\"ImageObject\",\"inLanguage\":\"fr-FR\",\"@id\":\"https:\\\/\\\/www.casinomauritius.mu\\\/fr\\\/roulette\\\/systeme-de-roulette-andrucci\\\/#primaryimage\",\"url\":\"https:\\\/\\\/www.casinomauritius.mu\\\/wp-content\\\/uploads\\\/2023\\\/11\\\/Andrucci-System.webp\",\"contentUrl\":\"https:\\\/\\\/www.casinomauritius.mu\\\/wp-content\\\/uploads\\\/2023\\\/11\\\/Andrucci-System.webp\",\"width\":1280,\"height\":720,\"caption\":\"Syst\u00e8me Andrucci\"},{\"@type\":\"BreadcrumbList\",\"@id\":\"https:\\\/\\\/www.casinomauritius.mu\\\/fr\\\/roulette\\\/systeme-de-roulette-andrucci\\\/#breadcrumb\",\"itemListElement\":[{\"@type\":\"ListItem\",\"position\":1,\"name\":\"Home\",\"item\":\"https:\\\/\\\/www.casinomauritius.mu\\\/fr\\\/\"},{\"@type\":\"ListItem\",\"position\":2,\"name\":\"Roulette\",\"item\":\"https:\\\/\\\/www.casinomauritius.mu\\\/fr\\\/roulette\\\/\"},{\"@type\":\"ListItem\",\"position\":3,\"name\":\"Syst\u00e8me de roulette Andrucci\"}]},{\"@type\":\"WebSite\",\"@id\":\"https:\\\/\\\/www.casinomauritius.mu\\\/fr\\\/#website\",\"url\":\"https:\\\/\\\/www.casinomauritius.mu\\\/fr\\\/\",\"name\":\"Casino de l'\u00eele Maurice\",\"description\":\"Venez le c\u0153ur plein, repartez le portefeuille plein\",\"publisher\":{\"@id\":\"https:\\\/\\\/www.casinomauritius.mu\\\/fr\\\/#organization\"},\"potentialAction\":[{\"@type\":\"SearchAction\",\"target\":{\"@type\":\"EntryPoint\",\"urlTemplate\":\"https:\\\/\\\/www.casinomauritius.mu\\\/fr\\\/?s={search_term_string}\"},\"query-input\":{\"@type\":\"PropertyValueSpecification\",\"valueRequired\":true,\"valueName\":\"search_term_string\"}}],\"inLanguage\":\"fr-FR\"},{\"@type\":\"Organization\",\"@id\":\"https:\\\/\\\/www.casinomauritius.mu\\\/fr\\\/#organization\",\"name\":\"Casino de l'\u00eele Maurice\",\"url\":\"https:\\\/\\\/www.casinomauritius.mu\\\/fr\\\/\",\"logo\":{\"@type\":\"ImageObject\",\"inLanguage\":\"fr-FR\",\"@id\":\"https:\\\/\\\/www.casinomauritius.mu\\\/fr\\\/#\\\/schema\\\/logo\\\/image\\\/\",\"url\":\"https:\\\/\\\/www.casinomauritius.mu\\\/wp-content\\\/uploads\\\/2020\\\/06\\\/Casino_Mauritius_Logo-01.png\",\"contentUrl\":\"https:\\\/\\\/www.casinomauritius.mu\\\/wp-content\\\/uploads\\\/2020\\\/06\\\/Casino_Mauritius_Logo-01.png\",\"width\":200,\"height\":63,\"caption\":\"Casino de l'\u00eele Maurice\"},\"image\":{\"@id\":\"https:\\\/\\\/www.casinomauritius.mu\\\/fr\\\/#\\\/schema\\\/logo\\\/image\\\/\"}}]}<\/script>\n<!-- \/ Yoast SEO plugin. -->","yoast_head_json":{"title":"Syst\u00e8me de roulette Andrucci - Casino de l'\u00eele Maurice","description":"D\u00e9couvrez le syst\u00e8me de roulette Andrucci au Casino Mauritius : suivez les num\u00e9ros chauds et placez des paris strat\u00e9giques pour remporter des gains potentiels.","robots":{"index":"index","follow":"follow","max-snippet":"max-snippet:-1","max-image-preview":"max-image-preview:large","max-video-preview":"max-video-preview:-1"},"canonical":"https:\/\/www.casinomauritius.mu\/fr\/roulette\/systeme-de-roulette-andrucci\/","og_locale":"fr_FR","og_type":"article","og_title":"Syst\u00e8me de roulette Andrucci - Casino de l'\u00eele Maurice","og_description":"D\u00e9couvrez le syst\u00e8me de roulette Andrucci au Casino Mauritius : suivez les num\u00e9ros chauds et placez des paris strat\u00e9giques pour remporter des gains potentiels.","og_url":"https:\/\/www.casinomauritius.mu\/fr\/roulette\/systeme-de-roulette-andrucci\/","og_site_name":"Casino de l'\u00eele Maurice","article_modified_time":"2025-11-13T07:22:38+00:00","og_image":[{"width":1280,"height":720,"url":"https:\/\/www.casinomauritius.mu\/wp-content\/uploads\/2023\/11\/Andrucci-System.webp","type":"image\/webp"}],"twitter_card":"summary_large_image","twitter_misc":{"Dur\u00e9e de lecture estim\u00e9e":"2 minutes"},"schema":{"@context":"https:\/\/schema.org","@graph":[{"@type":"WebPage","@id":"https:\/\/www.casinomauritius.mu\/fr\/roulette\/systeme-de-roulette-andrucci\/","url":"https:\/\/www.casinomauritius.mu\/fr\/roulette\/systeme-de-roulette-andrucci\/","name":"Syst\u00e8me de roulette Andrucci - Casino de l'\u00eele Maurice","isPartOf":{"@id":"https:\/\/www.casinomauritius.mu\/fr\/#website"},"primaryImageOfPage":{"@id":"https:\/\/www.casinomauritius.mu\/fr\/roulette\/systeme-de-roulette-andrucci\/#primaryimage"},"image":{"@id":"https:\/\/www.casinomauritius.mu\/fr\/roulette\/systeme-de-roulette-andrucci\/#primaryimage"},"thumbnailUrl":"https:\/\/www.casinomauritius.mu\/wp-content\/uploads\/2023\/11\/Andrucci-System.webp","datePublished":"2024-09-12T22:14:06+00:00","dateModified":"2025-11-13T07:22:38+00:00","description":"D\u00e9couvrez le syst\u00e8me de roulette Andrucci au Casino Mauritius : suivez les num\u00e9ros chauds et placez des paris strat\u00e9giques pour remporter des gains potentiels.","breadcrumb":{"@id":"https:\/\/www.casinomauritius.mu\/fr\/roulette\/systeme-de-roulette-andrucci\/#breadcrumb"},"inLanguage":"fr-FR","potentialAction":[{"@type":"ReadAction","target":["https:\/\/www.casinomauritius.mu\/fr\/roulette\/systeme-de-roulette-andrucci\/"]}]},{"@type":"ImageObject","inLanguage":"fr-FR","@id":"https:\/\/www.casinomauritius.mu\/fr\/roulette\/systeme-de-roulette-andrucci\/#primaryimage","url":"https:\/\/www.casinomauritius.mu\/wp-content\/uploads\/2023\/11\/Andrucci-System.webp","contentUrl":"https:\/\/www.casinomauritius.mu\/wp-content\/uploads\/2023\/11\/Andrucci-System.webp","width":1280,"height":720,"caption":"Syst\u00e8me Andrucci"},{"@type":"BreadcrumbList","@id":"https:\/\/www.casinomauritius.mu\/fr\/roulette\/systeme-de-roulette-andrucci\/#breadcrumb","itemListElement":[{"@type":"ListItem","position":1,"name":"Home","item":"https:\/\/www.casinomauritius.mu\/fr\/"},{"@type":"ListItem","position":2,"name":"Roulette","item":"https:\/\/www.casinomauritius.mu\/fr\/roulette\/"},{"@type":"ListItem","position":3,"name":"Syst\u00e8me de roulette Andrucci"}]},{"@type":"WebSite","@id":"https:\/\/www.casinomauritius.mu\/fr\/#website","url":"https:\/\/www.casinomauritius.mu\/fr\/","name":"Casino de l'\u00eele Maurice","description":"Venez le c\u0153ur plein, repartez le portefeuille plein","publisher":{"@id":"https:\/\/www.casinomauritius.mu\/fr\/#organization"},"potentialAction":[{"@type":"SearchAction","target":{"@type":"EntryPoint","urlTemplate":"https:\/\/www.casinomauritius.mu\/fr\/?s={search_term_string}"},"query-input":{"@type":"PropertyValueSpecification","valueRequired":true,"valueName":"search_term_string"}}],"inLanguage":"fr-FR"},{"@type":"Organization","@id":"https:\/\/www.casinomauritius.mu\/fr\/#organization","name":"Casino de l'\u00eele Maurice","url":"https:\/\/www.casinomauritius.mu\/fr\/","logo":{"@type":"ImageObject","inLanguage":"fr-FR","@id":"https:\/\/www.casinomauritius.mu\/fr\/#\/schema\/logo\/image\/","url":"https:\/\/www.casinomauritius.mu\/wp-content\/uploads\/2020\/06\/Casino_Mauritius_Logo-01.png","contentUrl":"https:\/\/www.casinomauritius.mu\/wp-content\/uploads\/2020\/06\/Casino_Mauritius_Logo-01.png","width":200,"height":63,"caption":"Casino de l'\u00eele Maurice"},"image":{"@id":"https:\/\/www.casinomauritius.mu\/fr\/#\/schema\/logo\/image\/"}}]}},"_links":{"self":[{"href":"https:\/\/www.casinomauritius.mu\/fr\/wp-json\/wp\/v2\/pages\/18189","targetHints":{"allow":["GET"]}}],"collection":[{"href":"https:\/\/www.casinomauritius.mu\/fr\/wp-json\/wp\/v2\/pages"}],"about":[{"href":"https:\/\/www.casinomauritius.mu\/fr\/wp-json\/wp\/v2\/types\/page"}],"author":[{"embeddable":true,"href":"https:\/\/www.casinomauritius.mu\/fr\/wp-json\/wp\/v2\/users\/1"}],"replies":[{"embeddable":true,"href":"https:\/\/www.casinomauritius.mu\/fr\/wp-json\/wp\/v2\/comments?post=18189"}],"version-history":[{"count":1,"href":"https:\/\/www.casinomauritius.mu\/fr\/wp-json\/wp\/v2\/pages\/18189\/revisions"}],"predecessor-version":[{"id":21017,"href":"https:\/\/www.casinomauritius.mu\/fr\/wp-json\/wp\/v2\/pages\/18189\/revisions\/21017"}],"up":[{"embeddable":true,"href":"https:\/\/www.casinomauritius.mu\/fr\/wp-json\/wp\/v2\/pages\/17944"}],"wp:featuredmedia":[{"embeddable":true,"href":"https:\/\/www.casinomauritius.mu\/fr\/wp-json\/wp\/v2\/media\/17242"}],"wp:attachment":[{"href":"https:\/\/www.casinomauritius.mu\/fr\/wp-json\/wp\/v2\/media?parent=18189"}],"wp:term":[{"taxonomy":"category","embeddable":true,"href":"https:\/\/www.casinomauritius.mu\/fr\/wp-json\/wp\/v2\/categories?post=18189"},{"taxonomy":"post_tag","embeddable":true,"href":"https:\/\/www.casinomauritius.mu\/fr\/wp-json\/wp\/v2\/tags?post=18189"}],"curies":[{"name":"wp","href":"https:\/\/api.w.org\/{rel}","templated":true}]}}