{"id":18201,"date":"2024-09-13T00:54:39","date_gmt":"2024-09-12T20:54:39","guid":{"rendered":"https:\/\/www.casinomauritius.mu\/roulette\/strategie-de-roulette-pour-james-bond\/"},"modified":"2025-11-13T11:37:06","modified_gmt":"2025-11-13T07:37:06","slug":"strategie-de-roulette-pour-james-bond","status":"publish","type":"page","link":"https:\/\/www.casinomauritius.mu\/fr\/roulette\/strategie-de-roulette-pour-james-bond\/","title":{"rendered":"Strat\u00e9gie de roulette pour James Bond"},"content":{"rendered":"<div class=\"wpb-content-wrapper\"><p>[vc_row][vc_column][vc_column_text]<\/p>\n<h1>Strat\u00e9gie de roulette pour James Bond<\/h1>\n<p>Si vous souhaitez d\u00e9gager un air de sophistication et de charme au casino, il vous suffit d&rsquo;annoncer votre intention d&rsquo;adopter la strat\u00e9gie de James Bond \u00e0 la table de roulette. Apr\u00e8s quelques minutes d&rsquo;observation, vos compagnons de jeu vous diront peut-\u00eatre en plaisantant qu&rsquo;ils n&rsquo;ont jamais vu James Bond endurer une s\u00e9ance de jeu aussi rude. N\u00e9anmoins, pendant un moment fugace, vous vous d\u00e9lecterez de l&rsquo;attrait de vous sentir comme un agent secret suave.[\/vc_column_text][\/vc_column][\/vc_row][vc_row][vc_column][vc_column_text]La strat\u00e9gie de James Bond est nettement plus complexe que la plupart des autres techniques de cette liste. Il n\u00e9cessite une mise de 20 unit\u00e9s par tour, ce qui le rend quelque peu gourmand en capital. En outre, il ne peut \u00eatre appliqu\u00e9 que sur les tables de roulette europ\u00e9enne et fran\u00e7aise.[\/vc_column_text][vc_separator style=\u00a0\u00bbshadow\u00a0\u00bb border_width=\u00a0\u00bb3&Prime;][\/vc_column][\/vc_row][vc_row][vc_column][vc_column_text]<\/p>\n<h3>Strat\u00e9gie James Bond dans le casino en ligne Live<\/h3>\n<p>[\/vc_column_text]<div id=\"ultimate-video-22069fa105b6d610\" class=\"ult-video  ult-adjust-bottom-margin ultimate-video-22069fa105b6d610 ultv-4463 \"><div class=\"ultv-video ultv-aspect-ratio-16_9 ultv-subscribe-responsive-none\" data-videotype=\"uv_iframe\">\n\t\t\t\t\t\t<div class=\"ultv-video__outer-wrap\" data-autoplay=\"1\" data-device=\"false\"  data-iconbg=\"#3A3A3A\" data-overcolor=\"\" data-defaultbg=\"#1f1f1e\" data-defaultplay=\"defaulticon\"><div class=\"ultv-video__play\" data-src=\"https:\/\/www.youtube.com\/embed\/bAPazP2aCTQ?autoplay=1&#038;rel=0&#038;start&#038;end&#038;controls=1&#038;mute=0&#038;modestbranding=0&#038;autoplay=1\">\n\t\t\t\t\t\t\t\t<img decoding=\"async\" class=\"ultv-video__thumb\" src=\"https:\/\/i.ytimg.com\/vi\/bAPazP2aCTQ\/maxresdefault.jpg\"\/>\n\t\t\t\t\t\t\t\t<div class=\"ultv-video__play-icon  ultv-animation-none\" style=\"width:75px\"><svg height=\"100%\" version=\"1.1\" viewBox=\"0 0 68 48\" width=\"100%\"><path class=\"ultv-youtube-icon-bg\" d=\"m .66,37.62 c 0,0 .66,4.70 2.70,6.77 2.58,2.71 5.98,2.63 7.49,2.91 5.43,.52 23.10,.68 23.12,.68 .00,-1.3e-5 14.29,-0.02 23.81,-0.71 1.32,-0.15 4.22,-0.17 6.81,-2.89 2.03,-2.07 2.70,-6.77 2.70,-6.77 0,0 .67,-5.52 .67,-11.04 l 0,-5.17 c 0,-5.52 -0.67,-11.04 -0.67,-11.04 0,0 -0.66,-4.70 -2.70,-6.77 C 62.03,.86 59.13,.84 57.80,.69 48.28,0 34.00,0 34.00,0 33.97,0 19.69,0 10.18,.69 8.85,.84 5.95,.86 3.36,3.58 1.32,5.65 .66,10.35 .66,10.35 c 0,0 -0.55,4.50 -0.66,9.45 l 0,8.36 c .10,4.94 .66,9.45 .66,9.45 z\" fill=\"#1f1f1e\" ><\/path><path d=\"m 26.96,13.67 18.37,9.62 -18.37,9.55 -0.00,-19.17 z\" fill=\"#fff\"><\/path><path d=\"M 45.02,23.46 45.32,23.28 26.96,13.67 43.32,22.34 45.02,23.46 z\" fill=\"#ccc\"><\/path><\/svg><\/div> <\/div> <\/div><\/div><\/div>[vc_separator style=\u00a0\u00bbshadow\u00a0\u00bb border_width=\u00a0\u00bb3&Prime;][\/vc_column][\/vc_row][vc_row][vc_column][vc_column_text]Voici comment cela fonctionne : Vous placez 14 unit\u00e9s sur les num\u00e9ros \u00e9lev\u00e9s (19-36), allouez 5 unit\u00e9s sur la ligne couvrant 13-18, et investissez votre derni\u00e8re unit\u00e9 sur le z\u00e9ro vert. Cette strat\u00e9gie suppose la pr\u00e9sence d&rsquo;un seul z\u00e9ro, c&rsquo;est pourquoi elle est incompatible avec les tables de roulette am\u00e9ricaine.[\/vc_column_text][\/vc_column][\/vc_row][vc_row][vc_column][vc_column_text]Le concept sous-jacent consiste \u00e0 couvrir une grande partie du plateau, vous offrant ainsi de multiples possibilit\u00e9s \u00e0 chaque fois que la bille de la roulette descend. Cependant, il est essentiel de reconna\u00eetre que cette strat\u00e9gie a tendance \u00e0 \u00eatre une arme \u00e0 double tranchant. Bien qu&rsquo;il puisse en r\u00e9sulter des gains de petite ou moyenne importance, vous risquez \u00e9galement de subir des pertes significatives. En particulier, si un num\u00e9ro entre 1 et 12 sort, vous risquez de perdre toutes vos mises.[\/vc_column_text][\/vc_column][\/vc_row][vc_row][vc_column][vc_column_text]Dans la pratique, vous pouvez accumuler une s\u00e9rie de gains modestes avant de subir une perte nette. Ce n&rsquo;est pas un moyen viable de gagner sa vie, mais il peut \u00eatre agr\u00e9able d&rsquo;accumuler des jetons apr\u00e8s presque chaque tour.<\/p>\n<p>Par-dessus tout, la strat\u00e9gie James Bond est parfaite pour donner l&rsquo;impression que vous \u00eates en train de gagner, un aspect qui correspond \u00e0 ce que James Bond lui-m\u00eame privil\u00e9gierait probablement \u00e0 la table de roulette.[\/vc_column_text][\/vc_column][\/vc_row][vc_row][vc_column][vc_column_text]<\/p>\n<h2>Essayez cette strat\u00e9gie de roulette d\u00e8s aujourd&rsquo;hui !<\/h2>\n<p>[\/vc_column_text][\/vc_column][\/vc_row][vc_row][vc_column][vc_btn title=\u00a0\u00bbJOUEZ MAINTENANT\u00a0\u00bb color=\u00a0\u00bbwarning\u00a0\u00bb align=\u00a0\u00bbcenter\u00a0\u00bb link=\u00a0\u00bburl:%2Fgo%2Fjoinnow.php|\u00a0\u00bb][\/vc_column][\/vc_row][vc_row][vc_column][vc_column_text]<\/p>\n<h3>Plus de strat\u00e9gies et de syst\u00e8mes de roulette<\/h3>\n<p>[\/vc_column_text][vc_basic_grid post_type=\u00a0\u00bbids\u00a0\u00bb gap=\u00a0\u00bb20&Prime; item=\u00a0\u00bb56&Prime; grid_id=\u00a0\u00bbvc_gid:1715168727866-66a7ee97-7f30-5&Prime; include=\u00a0\u00bb16203, 16862, 16871, 16867, 16869, 16865, 16877&Prime;][\/vc_column][\/vc_row][vc_row][vc_column][vc_column_text]<\/p>\n<h3>En savoir plus sur les variantes de la roulette<\/h3>\n<p>[\/vc_column_text][vc_basic_grid post_type=\u00a0\u00bbids\u00a0\u00bb gap=\u00a0\u00bb20&Prime; item=\u00a0\u00bb56&Prime; grid_id=\u00a0\u00bbvc_gid:1715168727871-cc6c9ec2-cbba-6&Prime; include=\u00a0\u00bb17076, 17105, 17107, 17110, 17112, 17115, 17117, 17119, 17121, 17123, 17125, 17127, 17129, 17133, 17135&Prime;][\/vc_column][\/vc_row]<\/p>\n<\/div>","protected":false},"excerpt":{"rendered":"<p> [&hellip;]<\/p>\n","protected":false},"author":1,"featured_media":17246,"parent":17944,"menu_order":0,"comment_status":"closed","ping_status":"closed","template":"","meta":{"site-sidebar-layout":"no-sidebar","site-content-layout":"plain-container","ast-site-content-layout":"normal-width-container","site-content-style":"unboxed","site-sidebar-style":"unboxed","ast-global-header-display":"","ast-banner-title-visibility":"","ast-main-header-display":"","ast-hfb-above-header-display":"","ast-hfb-below-header-display":"","ast-hfb-mobile-header-display":"","site-post-title":"disabled","ast-breadcrumbs-content":"","ast-featured-img":"disabled","footer-sml-layout":"","ast-disable-related-posts":"","theme-transparent-header-meta":"default","adv-header-id-meta":"","stick-header-meta":"default","header-above-stick-meta":"","header-main-stick-meta":"","header-below-stick-meta":"","astra-migrate-meta-layouts":"set","ast-page-background-enabled":"default","ast-page-background-meta":{"desktop":{"background-color":"","background-image":"","background-repeat":"repeat","background-position":"center center","background-size":"auto","background-attachment":"scroll","background-type":"","background-media":"","overlay-type":"","overlay-color":"","overlay-opacity":"","overlay-gradient":""},"tablet":{"background-color":"","background-image":"","background-repeat":"repeat","background-position":"center center","background-size":"auto","background-attachment":"scroll","background-type":"","background-media":"","overlay-type":"","overlay-color":"","overlay-opacity":"","overlay-gradient":""},"mobile":{"background-color":"","background-image":"","background-repeat":"repeat","background-position":"center center","background-size":"auto","background-attachment":"scroll","background-type":"","background-media":"","overlay-type":"","overlay-color":"","overlay-opacity":"","overlay-gradient":""}},"ast-content-background-meta":{"desktop":{"background-color":"var(--ast-global-color-5)","background-image":"","background-repeat":"repeat","background-position":"center center","background-size":"auto","background-attachment":"scroll","background-type":"","background-media":"","overlay-type":"","overlay-color":"","overlay-opacity":"","overlay-gradient":""},"tablet":{"background-color":"var(--ast-global-color-5)","background-image":"","background-repeat":"repeat","background-position":"center center","background-size":"auto","background-attachment":"scroll","background-type":"","background-media":"","overlay-type":"","overlay-color":"","overlay-opacity":"","overlay-gradient":""},"mobile":{"background-color":"var(--ast-global-color-5)","background-image":"","background-repeat":"repeat","background-position":"center center","background-size":"auto","background-attachment":"scroll","background-type":"","background-media":"","overlay-type":"","overlay-color":"","overlay-opacity":"","overlay-gradient":""}},"footnotes":""},"categories":[],"tags":[],"class_list":["post-18201","page","type-page","status-publish","has-post-thumbnail","hentry"],"yoast_head":"<!-- This site is optimized with the Yoast SEO plugin v27.4 - https:\/\/yoast.com\/product\/yoast-seo-wordpress\/ -->\n<title>Strat\u00e9gie de roulette pour James Bond - Casino de l&#039;\u00eele Maurice<\/title>\n<meta name=\"description\" content=\"Ma\u00eetrisez la strat\u00e9gie de roulette James Bond au Casino Mauritius : placez des paris strat\u00e9giques sur les num\u00e9ros \u00e9lev\u00e9s, les lignes et le z\u00e9ro pour multiplier vos chances.\" \/>\n<meta name=\"robots\" content=\"index, follow, max-snippet:-1, max-image-preview:large, max-video-preview:-1\" \/>\n<link rel=\"canonical\" href=\"https:\/\/www.casinomauritius.mu\/fr\/roulette\/strategie-de-roulette-pour-james-bond\/\" \/>\n<meta property=\"og:locale\" content=\"fr_FR\" \/>\n<meta property=\"og:type\" content=\"article\" \/>\n<meta property=\"og:title\" content=\"Strat\u00e9gie de roulette pour James Bond - Casino de l&#039;\u00eele Maurice\" \/>\n<meta property=\"og:description\" content=\"Ma\u00eetrisez la strat\u00e9gie de roulette James Bond au Casino Mauritius : placez des paris strat\u00e9giques sur les num\u00e9ros \u00e9lev\u00e9s, les lignes et le z\u00e9ro pour multiplier vos chances.\" \/>\n<meta property=\"og:url\" content=\"https:\/\/www.casinomauritius.mu\/fr\/roulette\/strategie-de-roulette-pour-james-bond\/\" \/>\n<meta property=\"og:site_name\" content=\"Casino de l&#039;\u00eele Maurice\" \/>\n<meta property=\"article:modified_time\" content=\"2025-11-13T07:37:06+00:00\" \/>\n<meta property=\"og:image\" content=\"https:\/\/www.casinomauritius.mu\/wp-content\/uploads\/2023\/11\/James-Bond-System.webp\" \/>\n\t<meta property=\"og:image:width\" content=\"1280\" \/>\n\t<meta property=\"og:image:height\" content=\"720\" \/>\n\t<meta property=\"og:image:type\" content=\"image\/webp\" \/>\n<meta name=\"twitter:card\" content=\"summary_large_image\" \/>\n<meta name=\"twitter:label1\" content=\"Dur\u00e9e de lecture estim\u00e9e\" \/>\n\t<meta name=\"twitter:data1\" content=\"2 minutes\" \/>\n<script type=\"application\/ld+json\" class=\"yoast-schema-graph\">{\"@context\":\"https:\\\/\\\/schema.org\",\"@graph\":[{\"@type\":\"WebPage\",\"@id\":\"https:\\\/\\\/www.casinomauritius.mu\\\/fr\\\/roulette\\\/strategie-de-roulette-pour-james-bond\\\/\",\"url\":\"https:\\\/\\\/www.casinomauritius.mu\\\/fr\\\/roulette\\\/strategie-de-roulette-pour-james-bond\\\/\",\"name\":\"Strat\u00e9gie de roulette pour James Bond - Casino de l'\u00eele Maurice\",\"isPartOf\":{\"@id\":\"https:\\\/\\\/www.casinomauritius.mu\\\/fr\\\/#website\"},\"primaryImageOfPage\":{\"@id\":\"https:\\\/\\\/www.casinomauritius.mu\\\/fr\\\/roulette\\\/strategie-de-roulette-pour-james-bond\\\/#primaryimage\"},\"image\":{\"@id\":\"https:\\\/\\\/www.casinomauritius.mu\\\/fr\\\/roulette\\\/strategie-de-roulette-pour-james-bond\\\/#primaryimage\"},\"thumbnailUrl\":\"https:\\\/\\\/www.casinomauritius.mu\\\/wp-content\\\/uploads\\\/2023\\\/11\\\/James-Bond-System.webp\",\"datePublished\":\"2024-09-12T20:54:39+00:00\",\"dateModified\":\"2025-11-13T07:37:06+00:00\",\"description\":\"Ma\u00eetrisez la strat\u00e9gie de roulette James Bond au Casino Mauritius : placez des paris strat\u00e9giques sur les num\u00e9ros \u00e9lev\u00e9s, les lignes et le z\u00e9ro pour multiplier vos chances.\",\"breadcrumb\":{\"@id\":\"https:\\\/\\\/www.casinomauritius.mu\\\/fr\\\/roulette\\\/strategie-de-roulette-pour-james-bond\\\/#breadcrumb\"},\"inLanguage\":\"fr-FR\",\"potentialAction\":[{\"@type\":\"ReadAction\",\"target\":[\"https:\\\/\\\/www.casinomauritius.mu\\\/fr\\\/roulette\\\/strategie-de-roulette-pour-james-bond\\\/\"]}]},{\"@type\":\"ImageObject\",\"inLanguage\":\"fr-FR\",\"@id\":\"https:\\\/\\\/www.casinomauritius.mu\\\/fr\\\/roulette\\\/strategie-de-roulette-pour-james-bond\\\/#primaryimage\",\"url\":\"https:\\\/\\\/www.casinomauritius.mu\\\/wp-content\\\/uploads\\\/2023\\\/11\\\/James-Bond-System.webp\",\"contentUrl\":\"https:\\\/\\\/www.casinomauritius.mu\\\/wp-content\\\/uploads\\\/2023\\\/11\\\/James-Bond-System.webp\",\"width\":1280,\"height\":720,\"caption\":\"Syst\u00e8me James Bond\"},{\"@type\":\"BreadcrumbList\",\"@id\":\"https:\\\/\\\/www.casinomauritius.mu\\\/fr\\\/roulette\\\/strategie-de-roulette-pour-james-bond\\\/#breadcrumb\",\"itemListElement\":[{\"@type\":\"ListItem\",\"position\":1,\"name\":\"Home\",\"item\":\"https:\\\/\\\/www.casinomauritius.mu\\\/fr\\\/\"},{\"@type\":\"ListItem\",\"position\":2,\"name\":\"Roulette\",\"item\":\"https:\\\/\\\/www.casinomauritius.mu\\\/fr\\\/roulette\\\/\"},{\"@type\":\"ListItem\",\"position\":3,\"name\":\"Strat\u00e9gie de roulette pour James Bond\"}]},{\"@type\":\"WebSite\",\"@id\":\"https:\\\/\\\/www.casinomauritius.mu\\\/fr\\\/#website\",\"url\":\"https:\\\/\\\/www.casinomauritius.mu\\\/fr\\\/\",\"name\":\"Casino de l'\u00eele Maurice\",\"description\":\"Venez le c\u0153ur plein, repartez le portefeuille plein\",\"publisher\":{\"@id\":\"https:\\\/\\\/www.casinomauritius.mu\\\/fr\\\/#organization\"},\"potentialAction\":[{\"@type\":\"SearchAction\",\"target\":{\"@type\":\"EntryPoint\",\"urlTemplate\":\"https:\\\/\\\/www.casinomauritius.mu\\\/fr\\\/?s={search_term_string}\"},\"query-input\":{\"@type\":\"PropertyValueSpecification\",\"valueRequired\":true,\"valueName\":\"search_term_string\"}}],\"inLanguage\":\"fr-FR\"},{\"@type\":\"Organization\",\"@id\":\"https:\\\/\\\/www.casinomauritius.mu\\\/fr\\\/#organization\",\"name\":\"Casino de l'\u00eele Maurice\",\"url\":\"https:\\\/\\\/www.casinomauritius.mu\\\/fr\\\/\",\"logo\":{\"@type\":\"ImageObject\",\"inLanguage\":\"fr-FR\",\"@id\":\"https:\\\/\\\/www.casinomauritius.mu\\\/fr\\\/#\\\/schema\\\/logo\\\/image\\\/\",\"url\":\"https:\\\/\\\/www.casinomauritius.mu\\\/wp-content\\\/uploads\\\/2020\\\/06\\\/Casino_Mauritius_Logo-01.png\",\"contentUrl\":\"https:\\\/\\\/www.casinomauritius.mu\\\/wp-content\\\/uploads\\\/2020\\\/06\\\/Casino_Mauritius_Logo-01.png\",\"width\":200,\"height\":63,\"caption\":\"Casino de l'\u00eele Maurice\"},\"image\":{\"@id\":\"https:\\\/\\\/www.casinomauritius.mu\\\/fr\\\/#\\\/schema\\\/logo\\\/image\\\/\"}}]}<\/script>\n<!-- \/ Yoast SEO plugin. -->","yoast_head_json":{"title":"Strat\u00e9gie de roulette pour James Bond - Casino de l'\u00eele Maurice","description":"Ma\u00eetrisez la strat\u00e9gie de roulette James Bond au Casino Mauritius : placez des paris strat\u00e9giques sur les num\u00e9ros \u00e9lev\u00e9s, les lignes et le z\u00e9ro pour multiplier vos chances.","robots":{"index":"index","follow":"follow","max-snippet":"max-snippet:-1","max-image-preview":"max-image-preview:large","max-video-preview":"max-video-preview:-1"},"canonical":"https:\/\/www.casinomauritius.mu\/fr\/roulette\/strategie-de-roulette-pour-james-bond\/","og_locale":"fr_FR","og_type":"article","og_title":"Strat\u00e9gie de roulette pour James Bond - Casino de l'\u00eele Maurice","og_description":"Ma\u00eetrisez la strat\u00e9gie de roulette James Bond au Casino Mauritius : placez des paris strat\u00e9giques sur les num\u00e9ros \u00e9lev\u00e9s, les lignes et le z\u00e9ro pour multiplier vos chances.","og_url":"https:\/\/www.casinomauritius.mu\/fr\/roulette\/strategie-de-roulette-pour-james-bond\/","og_site_name":"Casino de l'\u00eele Maurice","article_modified_time":"2025-11-13T07:37:06+00:00","og_image":[{"width":1280,"height":720,"url":"https:\/\/www.casinomauritius.mu\/wp-content\/uploads\/2023\/11\/James-Bond-System.webp","type":"image\/webp"}],"twitter_card":"summary_large_image","twitter_misc":{"Dur\u00e9e de lecture estim\u00e9e":"2 minutes"},"schema":{"@context":"https:\/\/schema.org","@graph":[{"@type":"WebPage","@id":"https:\/\/www.casinomauritius.mu\/fr\/roulette\/strategie-de-roulette-pour-james-bond\/","url":"https:\/\/www.casinomauritius.mu\/fr\/roulette\/strategie-de-roulette-pour-james-bond\/","name":"Strat\u00e9gie de roulette pour James Bond - Casino de l'\u00eele Maurice","isPartOf":{"@id":"https:\/\/www.casinomauritius.mu\/fr\/#website"},"primaryImageOfPage":{"@id":"https:\/\/www.casinomauritius.mu\/fr\/roulette\/strategie-de-roulette-pour-james-bond\/#primaryimage"},"image":{"@id":"https:\/\/www.casinomauritius.mu\/fr\/roulette\/strategie-de-roulette-pour-james-bond\/#primaryimage"},"thumbnailUrl":"https:\/\/www.casinomauritius.mu\/wp-content\/uploads\/2023\/11\/James-Bond-System.webp","datePublished":"2024-09-12T20:54:39+00:00","dateModified":"2025-11-13T07:37:06+00:00","description":"Ma\u00eetrisez la strat\u00e9gie de roulette James Bond au Casino Mauritius : placez des paris strat\u00e9giques sur les num\u00e9ros \u00e9lev\u00e9s, les lignes et le z\u00e9ro pour multiplier vos chances.","breadcrumb":{"@id":"https:\/\/www.casinomauritius.mu\/fr\/roulette\/strategie-de-roulette-pour-james-bond\/#breadcrumb"},"inLanguage":"fr-FR","potentialAction":[{"@type":"ReadAction","target":["https:\/\/www.casinomauritius.mu\/fr\/roulette\/strategie-de-roulette-pour-james-bond\/"]}]},{"@type":"ImageObject","inLanguage":"fr-FR","@id":"https:\/\/www.casinomauritius.mu\/fr\/roulette\/strategie-de-roulette-pour-james-bond\/#primaryimage","url":"https:\/\/www.casinomauritius.mu\/wp-content\/uploads\/2023\/11\/James-Bond-System.webp","contentUrl":"https:\/\/www.casinomauritius.mu\/wp-content\/uploads\/2023\/11\/James-Bond-System.webp","width":1280,"height":720,"caption":"Syst\u00e8me James Bond"},{"@type":"BreadcrumbList","@id":"https:\/\/www.casinomauritius.mu\/fr\/roulette\/strategie-de-roulette-pour-james-bond\/#breadcrumb","itemListElement":[{"@type":"ListItem","position":1,"name":"Home","item":"https:\/\/www.casinomauritius.mu\/fr\/"},{"@type":"ListItem","position":2,"name":"Roulette","item":"https:\/\/www.casinomauritius.mu\/fr\/roulette\/"},{"@type":"ListItem","position":3,"name":"Strat\u00e9gie de roulette pour James Bond"}]},{"@type":"WebSite","@id":"https:\/\/www.casinomauritius.mu\/fr\/#website","url":"https:\/\/www.casinomauritius.mu\/fr\/","name":"Casino de l'\u00eele Maurice","description":"Venez le c\u0153ur plein, repartez le portefeuille plein","publisher":{"@id":"https:\/\/www.casinomauritius.mu\/fr\/#organization"},"potentialAction":[{"@type":"SearchAction","target":{"@type":"EntryPoint","urlTemplate":"https:\/\/www.casinomauritius.mu\/fr\/?s={search_term_string}"},"query-input":{"@type":"PropertyValueSpecification","valueRequired":true,"valueName":"search_term_string"}}],"inLanguage":"fr-FR"},{"@type":"Organization","@id":"https:\/\/www.casinomauritius.mu\/fr\/#organization","name":"Casino de l'\u00eele Maurice","url":"https:\/\/www.casinomauritius.mu\/fr\/","logo":{"@type":"ImageObject","inLanguage":"fr-FR","@id":"https:\/\/www.casinomauritius.mu\/fr\/#\/schema\/logo\/image\/","url":"https:\/\/www.casinomauritius.mu\/wp-content\/uploads\/2020\/06\/Casino_Mauritius_Logo-01.png","contentUrl":"https:\/\/www.casinomauritius.mu\/wp-content\/uploads\/2020\/06\/Casino_Mauritius_Logo-01.png","width":200,"height":63,"caption":"Casino de l'\u00eele Maurice"},"image":{"@id":"https:\/\/www.casinomauritius.mu\/fr\/#\/schema\/logo\/image\/"}}]}},"_links":{"self":[{"href":"https:\/\/www.casinomauritius.mu\/fr\/wp-json\/wp\/v2\/pages\/18201","targetHints":{"allow":["GET"]}}],"collection":[{"href":"https:\/\/www.casinomauritius.mu\/fr\/wp-json\/wp\/v2\/pages"}],"about":[{"href":"https:\/\/www.casinomauritius.mu\/fr\/wp-json\/wp\/v2\/types\/page"}],"author":[{"embeddable":true,"href":"https:\/\/www.casinomauritius.mu\/fr\/wp-json\/wp\/v2\/users\/1"}],"replies":[{"embeddable":true,"href":"https:\/\/www.casinomauritius.mu\/fr\/wp-json\/wp\/v2\/comments?post=18201"}],"version-history":[{"count":3,"href":"https:\/\/www.casinomauritius.mu\/fr\/wp-json\/wp\/v2\/pages\/18201\/revisions"}],"predecessor-version":[{"id":27546,"href":"https:\/\/www.casinomauritius.mu\/fr\/wp-json\/wp\/v2\/pages\/18201\/revisions\/27546"}],"up":[{"embeddable":true,"href":"https:\/\/www.casinomauritius.mu\/fr\/wp-json\/wp\/v2\/pages\/17944"}],"wp:featuredmedia":[{"embeddable":true,"href":"https:\/\/www.casinomauritius.mu\/fr\/wp-json\/wp\/v2\/media\/17246"}],"wp:attachment":[{"href":"https:\/\/www.casinomauritius.mu\/fr\/wp-json\/wp\/v2\/media?parent=18201"}],"wp:term":[{"taxonomy":"category","embeddable":true,"href":"https:\/\/www.casinomauritius.mu\/fr\/wp-json\/wp\/v2\/categories?post=18201"},{"taxonomy":"post_tag","embeddable":true,"href":"https:\/\/www.casinomauritius.mu\/fr\/wp-json\/wp\/v2\/tags?post=18201"}],"curies":[{"name":"wp","href":"https:\/\/api.w.org\/{rel}","templated":true}]}}