{"id":18209,"date":"2024-09-13T01:21:57","date_gmt":"2024-09-12T21:21:57","guid":{"rendered":"https:\/\/www.casinomauritius.mu\/roulette\/systeme-paroli-strategie-de-roulette\/"},"modified":"2025-11-13T11:21:42","modified_gmt":"2025-11-13T07:21:42","slug":"systeme-paroli-a-la-roulette","status":"publish","type":"page","link":"https:\/\/www.casinomauritius.mu\/fr\/roulette\/systeme-paroli-a-la-roulette\/","title":{"rendered":"Syst\u00e8me Paroli Strat\u00e9gie de Roulette"},"content":{"rendered":"<div class=\"wpb-content-wrapper\"><p>[vc_row][vc_column][vc_column_text]<\/p>\n<h1>Syst\u00e8me Paroli \u00e0 la roulette<\/h1>\n<p>Le nom du syst\u00e8me est d\u00e9riv\u00e9 du mot \u00ab\u00a0par\u00a0\u00bb (latin &#8211; \u00ab\u00a0celui qui est \u00e9gal\u00a0\u00bb). Le syst\u00e8me Paroli est fondamentalement l&rsquo;oppos\u00e9 du syst\u00e8me Martingale car il est bas\u00e9 sur une progression positive des mises mais a des limites fixes pour les mises maximales des joueurs.[\/vc_column_text][\/vc_column][\/vc_row][vc_row][vc_column][vc_column_text]Si vous croyez fermement qu&rsquo;il faut capitaliser sur les s\u00e9ries de victoires et profiter de l&rsquo;excitation des s\u00e9ries chaudes, alors le syst\u00e8me Paroli pourrait correspondre \u00e0 vos pr\u00e9f\u00e9rences. Le concept fondamental est simple : maintenez votre mise \u00e0 un niveau constant lorsque vous perdez, mais doublez-la apr\u00e8s une victoire.<\/p>\n<p>Bien entendu, ce doublement des mises n&rsquo;est pas ind\u00e9fini. L&rsquo;objectif est de r\u00e9ussir trois tours cons\u00e9cutifs, apr\u00e8s quoi vous revenez \u00e0 votre mise initiale.[\/vc_column_text][vc_separator style=\u00a0\u00bbshadow\u00a0\u00bb border_width=\u00a0\u00bb3&Prime;][\/vc_column][\/vc_row][vc_row][vc_column][vc_column_text]<\/p>\n<h3>Syst\u00e8me Paroli dans le casino en ligne Live<\/h3>\n<p>[\/vc_column_text]<div id=\"ultimate-video-85766a088380a9427\" class=\"ult-video  ult-adjust-bottom-margin ultimate-video-85766a088380a9427 ultv-520 \"><div class=\"ultv-video ultv-aspect-ratio-16_9 ultv-subscribe-responsive-none\" data-videotype=\"uv_iframe\">\n\t\t\t\t\t\t<div class=\"ultv-video__outer-wrap\" data-autoplay=\"1\" data-device=\"false\"  data-iconbg=\"#3A3A3A\" data-overcolor=\"\" data-defaultbg=\"#1f1f1e\" data-defaultplay=\"defaulticon\"><div class=\"ultv-video__play\" data-src=\"https:\/\/www.youtube.com\/embed\/WeGpzCDgRWU?autoplay=1&#038;rel=0&#038;start&#038;end&#038;controls=1&#038;mute=0&#038;modestbranding=0&#038;autoplay=1\">\n\t\t\t\t\t\t\t\t<img decoding=\"async\" class=\"ultv-video__thumb\" src=\"https:\/\/i.ytimg.com\/vi\/WeGpzCDgRWU\/maxresdefault.jpg\"\/>\n\t\t\t\t\t\t\t\t<div class=\"ultv-video__play-icon  ultv-animation-none\" style=\"width:75px\"><svg height=\"100%\" version=\"1.1\" viewBox=\"0 0 68 48\" width=\"100%\"><path class=\"ultv-youtube-icon-bg\" d=\"m .66,37.62 c 0,0 .66,4.70 2.70,6.77 2.58,2.71 5.98,2.63 7.49,2.91 5.43,.52 23.10,.68 23.12,.68 .00,-1.3e-5 14.29,-0.02 23.81,-0.71 1.32,-0.15 4.22,-0.17 6.81,-2.89 2.03,-2.07 2.70,-6.77 2.70,-6.77 0,0 .67,-5.52 .67,-11.04 l 0,-5.17 c 0,-5.52 -0.67,-11.04 -0.67,-11.04 0,0 -0.66,-4.70 -2.70,-6.77 C 62.03,.86 59.13,.84 57.80,.69 48.28,0 34.00,0 34.00,0 33.97,0 19.69,0 10.18,.69 8.85,.84 5.95,.86 3.36,3.58 1.32,5.65 .66,10.35 .66,10.35 c 0,0 -0.55,4.50 -0.66,9.45 l 0,8.36 c .10,4.94 .66,9.45 .66,9.45 z\" fill=\"#1f1f1e\" ><\/path><path d=\"m 26.96,13.67 18.37,9.62 -18.37,9.55 -0.00,-19.17 z\" fill=\"#fff\"><\/path><path d=\"M 45.02,23.46 45.32,23.28 26.96,13.67 43.32,22.34 45.02,23.46 z\" fill=\"#ccc\"><\/path><\/svg><\/div> <\/div> <\/div><\/div><\/div>[vc_separator style=\u00a0\u00bbshadow\u00a0\u00bb border_width=\u00a0\u00bb3&Prime;][\/vc_column][\/vc_row][vc_row][vc_column][vc_column_text]Lorsqu&rsquo;il est ex\u00e9cut\u00e9 efficacement, le syst\u00e8me Paroli peut g\u00e9n\u00e9rer des gains mod\u00e9r\u00e9s tout en limitant les pertes. Cependant, il est essentiel de reconna\u00eetre que cette strat\u00e9gie ne conduira pas \u00e0 des conqu\u00eates remarquables dans les casinos ; le r\u00e9sultat le plus favorable consiste \u00e0 gagner sept unit\u00e9s apr\u00e8s trois tours, ce qui n&rsquo;est pas une aubaine monumentale.[\/vc_column_text][\/vc_column][\/vc_row][vc_row][vc_column][vc_column_text]\u00c0 l&rsquo;inverse, si vous \u00eates en perte de vitesse, le syst\u00e8me Paroli ne vous sortira pas rapidement de vos difficult\u00e9s financi\u00e8res. Le plus souvent, elle ne fera que ralentir le rythme auquel vous perdez de l&rsquo;argent.[\/vc_column_text][\/vc_column][\/vc_row][vc_row][vc_column][vc_column_text]En outre, il peut \u00eatre difficile de suivre votre progression dans le tumulte et l&rsquo;excitation du casino. S&rsquo;agit-il de trois victoires cons\u00e9cutives ou seulement de deux ? Si vous n&rsquo;\u00eates pas en mesure de contr\u00f4ler ces d\u00e9tails de mani\u00e8re coh\u00e9rente, vous risquez de compromettre l&rsquo;objectif m\u00eame de cette strat\u00e9gie.[\/vc_column_text][\/vc_column][\/vc_row][vc_row][vc_column][vc_column_text]<\/p>\n<h2>Essayez cette strat\u00e9gie de roulette d\u00e8s aujourd&rsquo;hui !<\/h2>\n<p>[\/vc_column_text][\/vc_column][\/vc_row][vc_row][vc_column][vc_btn title=\u00a0\u00bbJOUER\u00a0\u00bb color=\u00a0\u00bbwarning\u00a0\u00bb align=\u00a0\u00bbcenter\u00a0\u00bb link=\u00a0\u00bburl:%2Fgo%2Fjoinnow.php|\u00a0\u00bb][\/vc_column][\/vc_row][vc_row][vc_column][vc_column_text]<\/p>\n<h3>Plus de strat\u00e9gies et de syst\u00e8mes de roulette<\/h3>\n<p>[\/vc_column_text][vc_basic_grid post_type=\u00a0\u00bbids\u00a0\u00bb gap=\u00a0\u00bb20&Prime; item=\u00a0\u00bb56&Prime; grid_id=\u00a0\u00bbvc_gid:1715190111249-2f793b8c-6afc-9&Prime; include=\u00a0\u00bb16203, 16862, 16871, 16867, 16869, 16877, 16874&Prime;][\/vc_column][\/vc_row][vc_row][vc_column][vc_column_text]<\/p>\n<h3>En savoir plus sur les variantes de la roulette<\/h3>\n<p>[\/vc_column_text][vc_basic_grid post_type=\u00a0\u00bbids\u00a0\u00bb gap=\u00a0\u00bb20&Prime; item=\u00a0\u00bb56&Prime; grid_id=\u00a0\u00bbvc_gid:1715190111252-d83214e9-6ab6-7&Prime; include=\u00a0\u00bb17076, 17105, 17107, 17110, 17112, 17115, 17117, 17119, 17121, 17123, 17125, 17127, 17129, 17133, 17135&Prime;][\/vc_column][\/vc_row]<\/p>\n<\/div>","protected":false},"excerpt":{"rendered":"<p> [&hellip;]<\/p>\n","protected":false},"author":1,"featured_media":17236,"parent":17944,"menu_order":0,"comment_status":"closed","ping_status":"closed","template":"","meta":{"site-sidebar-layout":"default","site-content-layout":"default","ast-site-content-layout":"default","site-content-style":"default","site-sidebar-style":"default","ast-global-header-display":"","ast-banner-title-visibility":"","ast-main-header-display":"","ast-hfb-above-header-display":"","ast-hfb-below-header-display":"","ast-hfb-mobile-header-display":"","site-post-title":"disabled","ast-breadcrumbs-content":"","ast-featured-img":"disabled","footer-sml-layout":"","ast-disable-related-posts":"","theme-transparent-header-meta":"default","adv-header-id-meta":"","stick-header-meta":"default","header-above-stick-meta":"","header-main-stick-meta":"","header-below-stick-meta":"","astra-migrate-meta-layouts":"set","ast-page-background-enabled":"default","ast-page-background-meta":{"desktop":{"background-color":"","background-image":"","background-repeat":"repeat","background-position":"center center","background-size":"auto","background-attachment":"scroll","background-type":"","background-media":"","overlay-type":"","overlay-color":"","overlay-opacity":"","overlay-gradient":""},"tablet":{"background-color":"","background-image":"","background-repeat":"repeat","background-position":"center center","background-size":"auto","background-attachment":"scroll","background-type":"","background-media":"","overlay-type":"","overlay-color":"","overlay-opacity":"","overlay-gradient":""},"mobile":{"background-color":"","background-image":"","background-repeat":"repeat","background-position":"center center","background-size":"auto","background-attachment":"scroll","background-type":"","background-media":"","overlay-type":"","overlay-color":"","overlay-opacity":"","overlay-gradient":""}},"ast-content-background-meta":{"desktop":{"background-color":"var(--ast-global-color-5)","background-image":"","background-repeat":"repeat","background-position":"center center","background-size":"auto","background-attachment":"scroll","background-type":"","background-media":"","overlay-type":"","overlay-color":"","overlay-opacity":"","overlay-gradient":""},"tablet":{"background-color":"var(--ast-global-color-5)","background-image":"","background-repeat":"repeat","background-position":"center center","background-size":"auto","background-attachment":"scroll","background-type":"","background-media":"","overlay-type":"","overlay-color":"","overlay-opacity":"","overlay-gradient":""},"mobile":{"background-color":"var(--ast-global-color-5)","background-image":"","background-repeat":"repeat","background-position":"center center","background-size":"auto","background-attachment":"scroll","background-type":"","background-media":"","overlay-type":"","overlay-color":"","overlay-opacity":"","overlay-gradient":""}},"footnotes":""},"categories":[],"tags":[],"class_list":["post-18209","page","type-page","status-publish","has-post-thumbnail","hentry"],"yoast_head":"<!-- This site is optimized with the Yoast SEO plugin v27.4 - https:\/\/yoast.com\/product\/yoast-seo-wordpress\/ -->\n<title>Syst\u00e8me Paroli Strat\u00e9gie de Roulette - Casino de l&#039;\u00eele Maurice<\/title>\n<meta name=\"description\" content=\"Apprenez la strat\u00e9gie Paroli \u00e0 la roulette au Casino Mauritius, un syst\u00e8me qui augmente les mises apr\u00e8s les gains pour obtenir des gains potentiels importants.\" \/>\n<meta name=\"robots\" content=\"index, follow, max-snippet:-1, max-image-preview:large, max-video-preview:-1\" \/>\n<link rel=\"canonical\" href=\"https:\/\/www.casinomauritius.mu\/fr\/roulette\/systeme-paroli-a-la-roulette\/\" \/>\n<meta property=\"og:locale\" content=\"fr_FR\" \/>\n<meta property=\"og:type\" content=\"article\" \/>\n<meta property=\"og:title\" content=\"Syst\u00e8me Paroli Strat\u00e9gie de Roulette - Casino de l&#039;\u00eele Maurice\" \/>\n<meta property=\"og:description\" content=\"Apprenez la strat\u00e9gie Paroli \u00e0 la roulette au Casino Mauritius, un syst\u00e8me qui augmente les mises apr\u00e8s les gains pour obtenir des gains potentiels importants.\" \/>\n<meta property=\"og:url\" content=\"https:\/\/www.casinomauritius.mu\/fr\/roulette\/systeme-paroli-a-la-roulette\/\" \/>\n<meta property=\"og:site_name\" content=\"Casino de l&#039;\u00eele Maurice\" \/>\n<meta property=\"article:modified_time\" content=\"2025-11-13T07:21:42+00:00\" \/>\n<meta property=\"og:image\" content=\"https:\/\/www.casinomauritius.mu\/wp-content\/uploads\/2023\/11\/Paroli-system.webp\" \/>\n\t<meta property=\"og:image:width\" content=\"1280\" \/>\n\t<meta property=\"og:image:height\" content=\"720\" \/>\n\t<meta property=\"og:image:type\" content=\"image\/webp\" \/>\n<meta name=\"twitter:card\" content=\"summary_large_image\" \/>\n<meta name=\"twitter:label1\" content=\"Dur\u00e9e de lecture estim\u00e9e\" \/>\n\t<meta name=\"twitter:data1\" content=\"2 minutes\" \/>\n<script type=\"application\/ld+json\" class=\"yoast-schema-graph\">{\"@context\":\"https:\\\/\\\/schema.org\",\"@graph\":[{\"@type\":\"WebPage\",\"@id\":\"https:\\\/\\\/www.casinomauritius.mu\\\/fr\\\/roulette\\\/systeme-paroli-a-la-roulette\\\/\",\"url\":\"https:\\\/\\\/www.casinomauritius.mu\\\/fr\\\/roulette\\\/systeme-paroli-a-la-roulette\\\/\",\"name\":\"Syst\u00e8me Paroli Strat\u00e9gie de Roulette - Casino de l'\u00eele Maurice\",\"isPartOf\":{\"@id\":\"https:\\\/\\\/www.casinomauritius.mu\\\/fr\\\/#website\"},\"primaryImageOfPage\":{\"@id\":\"https:\\\/\\\/www.casinomauritius.mu\\\/fr\\\/roulette\\\/systeme-paroli-a-la-roulette\\\/#primaryimage\"},\"image\":{\"@id\":\"https:\\\/\\\/www.casinomauritius.mu\\\/fr\\\/roulette\\\/systeme-paroli-a-la-roulette\\\/#primaryimage\"},\"thumbnailUrl\":\"https:\\\/\\\/www.casinomauritius.mu\\\/wp-content\\\/uploads\\\/2023\\\/11\\\/Paroli-system.webp\",\"datePublished\":\"2024-09-12T21:21:57+00:00\",\"dateModified\":\"2025-11-13T07:21:42+00:00\",\"description\":\"Apprenez la strat\u00e9gie Paroli \u00e0 la roulette au Casino Mauritius, un syst\u00e8me qui augmente les mises apr\u00e8s les gains pour obtenir des gains potentiels importants.\",\"breadcrumb\":{\"@id\":\"https:\\\/\\\/www.casinomauritius.mu\\\/fr\\\/roulette\\\/systeme-paroli-a-la-roulette\\\/#breadcrumb\"},\"inLanguage\":\"fr-FR\",\"potentialAction\":[{\"@type\":\"ReadAction\",\"target\":[\"https:\\\/\\\/www.casinomauritius.mu\\\/fr\\\/roulette\\\/systeme-paroli-a-la-roulette\\\/\"]}]},{\"@type\":\"ImageObject\",\"inLanguage\":\"fr-FR\",\"@id\":\"https:\\\/\\\/www.casinomauritius.mu\\\/fr\\\/roulette\\\/systeme-paroli-a-la-roulette\\\/#primaryimage\",\"url\":\"https:\\\/\\\/www.casinomauritius.mu\\\/wp-content\\\/uploads\\\/2023\\\/11\\\/Paroli-system.webp\",\"contentUrl\":\"https:\\\/\\\/www.casinomauritius.mu\\\/wp-content\\\/uploads\\\/2023\\\/11\\\/Paroli-system.webp\",\"width\":1280,\"height\":720,\"caption\":\"Syst\u00e8me Paroli\"},{\"@type\":\"BreadcrumbList\",\"@id\":\"https:\\\/\\\/www.casinomauritius.mu\\\/fr\\\/roulette\\\/systeme-paroli-a-la-roulette\\\/#breadcrumb\",\"itemListElement\":[{\"@type\":\"ListItem\",\"position\":1,\"name\":\"Home\",\"item\":\"https:\\\/\\\/www.casinomauritius.mu\\\/fr\\\/\"},{\"@type\":\"ListItem\",\"position\":2,\"name\":\"Roulette\",\"item\":\"https:\\\/\\\/www.casinomauritius.mu\\\/fr\\\/roulette\\\/\"},{\"@type\":\"ListItem\",\"position\":3,\"name\":\"Syst\u00e8me Paroli Strat\u00e9gie de Roulette\"}]},{\"@type\":\"WebSite\",\"@id\":\"https:\\\/\\\/www.casinomauritius.mu\\\/fr\\\/#website\",\"url\":\"https:\\\/\\\/www.casinomauritius.mu\\\/fr\\\/\",\"name\":\"Casino de l'\u00eele Maurice\",\"description\":\"Venez le c\u0153ur plein, repartez le portefeuille plein\",\"publisher\":{\"@id\":\"https:\\\/\\\/www.casinomauritius.mu\\\/fr\\\/#organization\"},\"potentialAction\":[{\"@type\":\"SearchAction\",\"target\":{\"@type\":\"EntryPoint\",\"urlTemplate\":\"https:\\\/\\\/www.casinomauritius.mu\\\/fr\\\/?s={search_term_string}\"},\"query-input\":{\"@type\":\"PropertyValueSpecification\",\"valueRequired\":true,\"valueName\":\"search_term_string\"}}],\"inLanguage\":\"fr-FR\"},{\"@type\":\"Organization\",\"@id\":\"https:\\\/\\\/www.casinomauritius.mu\\\/fr\\\/#organization\",\"name\":\"Casino de l'\u00eele Maurice\",\"url\":\"https:\\\/\\\/www.casinomauritius.mu\\\/fr\\\/\",\"logo\":{\"@type\":\"ImageObject\",\"inLanguage\":\"fr-FR\",\"@id\":\"https:\\\/\\\/www.casinomauritius.mu\\\/fr\\\/#\\\/schema\\\/logo\\\/image\\\/\",\"url\":\"https:\\\/\\\/www.casinomauritius.mu\\\/wp-content\\\/uploads\\\/2020\\\/06\\\/Casino_Mauritius_Logo-01.png\",\"contentUrl\":\"https:\\\/\\\/www.casinomauritius.mu\\\/wp-content\\\/uploads\\\/2020\\\/06\\\/Casino_Mauritius_Logo-01.png\",\"width\":200,\"height\":63,\"caption\":\"Casino de l'\u00eele Maurice\"},\"image\":{\"@id\":\"https:\\\/\\\/www.casinomauritius.mu\\\/fr\\\/#\\\/schema\\\/logo\\\/image\\\/\"}}]}<\/script>\n<!-- \/ Yoast SEO plugin. -->","yoast_head_json":{"title":"Syst\u00e8me Paroli Strat\u00e9gie de Roulette - Casino de l'\u00eele Maurice","description":"Apprenez la strat\u00e9gie Paroli \u00e0 la roulette au Casino Mauritius, un syst\u00e8me qui augmente les mises apr\u00e8s les gains pour obtenir des gains potentiels importants.","robots":{"index":"index","follow":"follow","max-snippet":"max-snippet:-1","max-image-preview":"max-image-preview:large","max-video-preview":"max-video-preview:-1"},"canonical":"https:\/\/www.casinomauritius.mu\/fr\/roulette\/systeme-paroli-a-la-roulette\/","og_locale":"fr_FR","og_type":"article","og_title":"Syst\u00e8me Paroli Strat\u00e9gie de Roulette - Casino de l'\u00eele Maurice","og_description":"Apprenez la strat\u00e9gie Paroli \u00e0 la roulette au Casino Mauritius, un syst\u00e8me qui augmente les mises apr\u00e8s les gains pour obtenir des gains potentiels importants.","og_url":"https:\/\/www.casinomauritius.mu\/fr\/roulette\/systeme-paroli-a-la-roulette\/","og_site_name":"Casino de l'\u00eele Maurice","article_modified_time":"2025-11-13T07:21:42+00:00","og_image":[{"width":1280,"height":720,"url":"https:\/\/www.casinomauritius.mu\/wp-content\/uploads\/2023\/11\/Paroli-system.webp","type":"image\/webp"}],"twitter_card":"summary_large_image","twitter_misc":{"Dur\u00e9e de lecture estim\u00e9e":"2 minutes"},"schema":{"@context":"https:\/\/schema.org","@graph":[{"@type":"WebPage","@id":"https:\/\/www.casinomauritius.mu\/fr\/roulette\/systeme-paroli-a-la-roulette\/","url":"https:\/\/www.casinomauritius.mu\/fr\/roulette\/systeme-paroli-a-la-roulette\/","name":"Syst\u00e8me Paroli Strat\u00e9gie de Roulette - Casino de l'\u00eele Maurice","isPartOf":{"@id":"https:\/\/www.casinomauritius.mu\/fr\/#website"},"primaryImageOfPage":{"@id":"https:\/\/www.casinomauritius.mu\/fr\/roulette\/systeme-paroli-a-la-roulette\/#primaryimage"},"image":{"@id":"https:\/\/www.casinomauritius.mu\/fr\/roulette\/systeme-paroli-a-la-roulette\/#primaryimage"},"thumbnailUrl":"https:\/\/www.casinomauritius.mu\/wp-content\/uploads\/2023\/11\/Paroli-system.webp","datePublished":"2024-09-12T21:21:57+00:00","dateModified":"2025-11-13T07:21:42+00:00","description":"Apprenez la strat\u00e9gie Paroli \u00e0 la roulette au Casino Mauritius, un syst\u00e8me qui augmente les mises apr\u00e8s les gains pour obtenir des gains potentiels importants.","breadcrumb":{"@id":"https:\/\/www.casinomauritius.mu\/fr\/roulette\/systeme-paroli-a-la-roulette\/#breadcrumb"},"inLanguage":"fr-FR","potentialAction":[{"@type":"ReadAction","target":["https:\/\/www.casinomauritius.mu\/fr\/roulette\/systeme-paroli-a-la-roulette\/"]}]},{"@type":"ImageObject","inLanguage":"fr-FR","@id":"https:\/\/www.casinomauritius.mu\/fr\/roulette\/systeme-paroli-a-la-roulette\/#primaryimage","url":"https:\/\/www.casinomauritius.mu\/wp-content\/uploads\/2023\/11\/Paroli-system.webp","contentUrl":"https:\/\/www.casinomauritius.mu\/wp-content\/uploads\/2023\/11\/Paroli-system.webp","width":1280,"height":720,"caption":"Syst\u00e8me Paroli"},{"@type":"BreadcrumbList","@id":"https:\/\/www.casinomauritius.mu\/fr\/roulette\/systeme-paroli-a-la-roulette\/#breadcrumb","itemListElement":[{"@type":"ListItem","position":1,"name":"Home","item":"https:\/\/www.casinomauritius.mu\/fr\/"},{"@type":"ListItem","position":2,"name":"Roulette","item":"https:\/\/www.casinomauritius.mu\/fr\/roulette\/"},{"@type":"ListItem","position":3,"name":"Syst\u00e8me Paroli Strat\u00e9gie de Roulette"}]},{"@type":"WebSite","@id":"https:\/\/www.casinomauritius.mu\/fr\/#website","url":"https:\/\/www.casinomauritius.mu\/fr\/","name":"Casino de l'\u00eele Maurice","description":"Venez le c\u0153ur plein, repartez le portefeuille plein","publisher":{"@id":"https:\/\/www.casinomauritius.mu\/fr\/#organization"},"potentialAction":[{"@type":"SearchAction","target":{"@type":"EntryPoint","urlTemplate":"https:\/\/www.casinomauritius.mu\/fr\/?s={search_term_string}"},"query-input":{"@type":"PropertyValueSpecification","valueRequired":true,"valueName":"search_term_string"}}],"inLanguage":"fr-FR"},{"@type":"Organization","@id":"https:\/\/www.casinomauritius.mu\/fr\/#organization","name":"Casino de l'\u00eele Maurice","url":"https:\/\/www.casinomauritius.mu\/fr\/","logo":{"@type":"ImageObject","inLanguage":"fr-FR","@id":"https:\/\/www.casinomauritius.mu\/fr\/#\/schema\/logo\/image\/","url":"https:\/\/www.casinomauritius.mu\/wp-content\/uploads\/2020\/06\/Casino_Mauritius_Logo-01.png","contentUrl":"https:\/\/www.casinomauritius.mu\/wp-content\/uploads\/2020\/06\/Casino_Mauritius_Logo-01.png","width":200,"height":63,"caption":"Casino de l'\u00eele Maurice"},"image":{"@id":"https:\/\/www.casinomauritius.mu\/fr\/#\/schema\/logo\/image\/"}}]}},"_links":{"self":[{"href":"https:\/\/www.casinomauritius.mu\/fr\/wp-json\/wp\/v2\/pages\/18209","targetHints":{"allow":["GET"]}}],"collection":[{"href":"https:\/\/www.casinomauritius.mu\/fr\/wp-json\/wp\/v2\/pages"}],"about":[{"href":"https:\/\/www.casinomauritius.mu\/fr\/wp-json\/wp\/v2\/types\/page"}],"author":[{"embeddable":true,"href":"https:\/\/www.casinomauritius.mu\/fr\/wp-json\/wp\/v2\/users\/1"}],"replies":[{"embeddable":true,"href":"https:\/\/www.casinomauritius.mu\/fr\/wp-json\/wp\/v2\/comments?post=18209"}],"version-history":[{"count":3,"href":"https:\/\/www.casinomauritius.mu\/fr\/wp-json\/wp\/v2\/pages\/18209\/revisions"}],"predecessor-version":[{"id":27539,"href":"https:\/\/www.casinomauritius.mu\/fr\/wp-json\/wp\/v2\/pages\/18209\/revisions\/27539"}],"up":[{"embeddable":true,"href":"https:\/\/www.casinomauritius.mu\/fr\/wp-json\/wp\/v2\/pages\/17944"}],"wp:featuredmedia":[{"embeddable":true,"href":"https:\/\/www.casinomauritius.mu\/fr\/wp-json\/wp\/v2\/media\/17236"}],"wp:attachment":[{"href":"https:\/\/www.casinomauritius.mu\/fr\/wp-json\/wp\/v2\/media?parent=18209"}],"wp:term":[{"taxonomy":"category","embeddable":true,"href":"https:\/\/www.casinomauritius.mu\/fr\/wp-json\/wp\/v2\/categories?post=18209"},{"taxonomy":"post_tag","embeddable":true,"href":"https:\/\/www.casinomauritius.mu\/fr\/wp-json\/wp\/v2\/tags?post=18209"}],"curies":[{"name":"wp","href":"https:\/\/api.w.org\/{rel}","templated":true}]}}