{"id":20510,"date":"2025-01-31T11:48:21","date_gmt":"2025-01-31T07:48:21","guid":{"rendered":"https:\/\/www.casinomauritius.mu\/bonus\/rewards-riches\/"},"modified":"2025-04-05T07:45:39","modified_gmt":"2025-04-05T03:45:39","slug":"rewards-riches","status":"publish","type":"page","link":"https:\/\/www.casinomauritius.mu\/fr\/bonus\/rewards-riches\/","title":{"rendered":"Rewards Riches"},"content":{"rendered":"<div class=\"wpb-content-wrapper\"><p>[vc_row full_width=\u00a0\u00bbstretch_row\u00a0\u00bb][vc_column][vc_single_image image=\u00a0\u00bb20894&Prime; img_size=\u00a0\u00bbfull\u00a0\u00bb alignment=\u00a0\u00bbcenter\u00a0\u00bb css=\u00a0\u00bb\u00a0\u00bb][vc_custom_heading text=\u00a0\u00bbD\u00e9bloquez des r\u00e9compenses incroyables avec Rewards Riches\u00a0\u00bb font_container=\u00a0\u00bbtag:h1|text_align:center\u00a0\u00bb use_theme_fonts=\u00a0\u00bbyes\u00a0\u00bb css=\u00a0\u00bb\u00a0\u00bb][vc_column_text css=\u00a0\u00bb\u00a0\u00bb]<\/p>\n<h2>D\u00e9couvrez Rewards Riches : Votre acc\u00e8s aux avantages et bonus exclusifs des casinos<\/h2>\n<p>Bienvenue \u00e0 Rewards Riches, le programme exclusif du groupe Casino Rewards, con\u00e7u pour porter votre exp\u00e9rience de jeu \u00e0 de nouveaux sommets. Dans le cadre de ce programme de r\u00e9compenses dynamique, les joueurs ont acc\u00e8s \u00e0 un \u00e9ventail de bonus, de promotions et d&rsquo;avantages uniques. Que vous soyez un joueur exp\u00e9riment\u00e9 ou que vous d\u00e9butiez, Rewards Riches vous offre la possibilit\u00e9 de d\u00e9bloquer des r\u00e9compenses exclusives et d&rsquo;augmenter vos chances de gagner. Pr\u00e9parez-vous \u00e0 profiter d&rsquo;\u00e9v\u00e9nements sp\u00e9ciaux, de points de fid\u00e9lit\u00e9 et de bien d&rsquo;autres choses encore au cours de votre voyage \u00e0 travers cette fonctionnalit\u00e9 enrichissante, qui am\u00e9liorera \u00e0 la fois votre jeu et votre exp\u00e9rience globale du casino.[\/vc_column_text][\/vc_column][\/vc_row][vc_row][vc_column][vc_custom_heading text=\u00a0\u00bbComment fonctionne Rewards Riches ?\u00a0\u00bb use_theme_fonts=\u00a0\u00bbyes\u00a0\u00bb css=\u00a0\u00bb\u00a0\u00bb][vc_column_text css=\u00a0\u00bb\u00a0\u00bb]Rewards Riches est con\u00e7u pour am\u00e9liorer votre exp\u00e9rience de jeu gr\u00e2ce \u00e0 un processus simple mais passionnant. Voici comment cela fonctionne :<\/p>\n<ol>\n<li><strong>Rejoinez un casino affili\u00e9 au groupe Casino Rewards <\/strong>\u2013 Devenez membre de ce groupe exclusif pour acc\u00e9der \u00e0 des bonus sp\u00e9ciaux, des promotions et des r\u00e9compenses de fid\u00e9lit\u00e9. Rejoignez l&rsquo;un des casinos ci-dessous qui vous donnera acc\u00e8s \u00e0 Rewards Riches.<\/li>\n<li><strong>Gagnez des points de fid\u00e9lit\u00e9<\/strong> &#8211; Jouez \u00e0 vos jeux pr\u00e9f\u00e9r\u00e9s et commencez \u00e0 gagner des points de fid\u00e9lit\u00e9. Plus vous jouez, plus vous gagnez, ce qui vous permet de d\u00e9bloquer des r\u00e9compenses suppl\u00e9mentaires.<\/li>\n<li><strong>R\u00e9clamez vos r\u00e9compenses <\/strong> &#8211; Utilisez vos points gagn\u00e9s pour r\u00e9clamer des r\u00e9compenses telles que des tours gratuits, des fonds bonus et d&rsquo;autres avantages excitants, tous con\u00e7us pour am\u00e9liorer votre exp\u00e9rience de jeu.<\/li>\n<li><strong>Promotions exclusives<\/strong> &#8211; Profitez d&rsquo;offres sp\u00e9ciales et de promotions personnalis\u00e9es qui vous donnent encore plus de chances de gagner !<\/li>\n<\/ol>\n<p>Avec Rewards Riches, vous ferez l&rsquo;exp\u00e9rience d&rsquo;un niveau d&rsquo;excitation et d&rsquo;exclusivit\u00e9 sans pr\u00e9c\u00e9dent.[\/vc_column_text][vc_custom_heading text=\u00a0\u00bbO\u00f9 jouer \u00e0 Rewards Riches ?\u00a0\u00bb use_theme_fonts=\u00a0\u00bbyes\u00a0\u00bb css=\u00a0\u00bb\u00a0\u00bb][vc_gallery type=\u00a0\u00bbimage_grid\u00a0\u00bb images=\u00a0\u00bb20093,20089,20091,20097,20095&Prime; img_size=\u00a0\u00bb175&#215;100&Prime; onclick=\u00a0\u00bbcustom_link\u00a0\u00bb css=\u00a0\u00bb\u00a0\u00bb custom_links=\u00a0\u00bb#E-8_JUEyJTI5JUU3JUEzJTBBYSVBNyVGOCUyOCVGRiUzQSUxRCU4OSVBNyUyOSU4NiU5RiVFMCVBMyVGNyUyOCVBMkslMjklODYlOUYlRTAlQTMlRkMlQUUlOTIlODklRTklODYlOUYlRTAlQTMlRjklQTglOUQlRDglOUElOTYlOThp\u00a0\u00bb][\/vc_column][\/vc_row][vc_row][vc_column][vc_separator css=\u00a0\u00bb\u00a0\u00bb][vc_custom_heading text=\u00a0\u00bbRewards Riches : ThunderBall Draw\u00a0\u00bb use_theme_fonts=\u00a0\u00bbyes\u00a0\u00bb css=\u00a0\u00bb\u00a0\u00bb][\/vc_column][\/vc_row][vc_row][vc_column width=\u00a0\u00bb1\/4&Prime;][vc_column_text css=\u00a0\u00bb\u00a0\u00bb]Thunderball is an exciting weekly jackpot game where you have the chance to win big! Each ticket consists of six numbers, and you can earn these numbers by collecting prizes through Rewards and Freebies. Every time you win a number as a prize, it\u2019s added to your Thunderball ticket. Complete your ticket by collecting all six numbers, and you&rsquo;ll be eligible for the next weekly draw. Additionally, any extra numbers you win will be saved toward your next ticket for the upcoming draw.[\/vc_column_text][\/vc_column][vc_column width=\u00a0\u00bb3\/4&Prime;][vc_single_image image=\u00a0\u00bb20170&Prime; img_size=\u00a0\u00bblarge\u00a0\u00bb alignment=\u00a0\u00bbcenter\u00a0\u00bb css=\u00a0\u00bb\u00a0\u00bb][\/vc_column][\/vc_row][vc_row][vc_column][vc_column_text css=\u00a0\u00bb\u00a0\u00bb]<\/p>\n<h3>\ud83c\udf9f\ufe0f How to Collect Thunderball Tickets<\/h3>\n<p>To earn Thunderball tickets, you need to win numbers through Rewards Riches prizes. There&rsquo;s no cap on how many tickets you can accumulate, and the more numbers you win, the more tickets you can enter into the draw. Keep in mind that each ticket reset after the draw, meaning only completed tickets will be entered, and any leftover numbers will carry over to the next round.<\/p>\n<h3>\ud83c\udfc6 Winning with Thunderball \u2013 What You Need to Know<\/h3>\n<p>Each weekly Thunderball draw consists of six numbers. For your ticket to be eligible, it must have at least two numbers that match the drawn numbers. If you match more numbers, the prize tier increases. The tiers are as follows:<\/p>\n<ul>\n<li><strong>Tier 1<\/strong>: 6 numbers match.<\/li>\n<li><strong>Tier 2<\/strong>: 5 numbers match.<\/li>\n<li><strong>Tier 3<\/strong>: 4 numbers match.<\/li>\n<li><strong>Tier 4<\/strong>: 3 numbers match.<\/li>\n<li><strong>Tier 5<\/strong>: 2 numbers match.<\/li>\n<\/ul>\n<p>If your ticket also matches the Thunderball number drawn, your winnings will increase even more!<\/p>\n<h3>\u274c Why Didn&rsquo;t My Ticket Win?<\/h3>\n<p>If your ticket didn\u2019t win, it\u2019s because none of your tickets had at least two matching numbers. Remember, only tickets with a minimum of two matching numbers are considered valid entries for a prize.<\/p>\n<h3>\ud83d\udcec How to Check If You\u2019ve Won Thunderball<\/h3>\n<p>You\u2019ll be notified of your winnings on the Rewards Riches page. In addition, you\u2019ll receive an email alerting you to your victory. Make sure your account\u2019s email notifications are turned on to avoid missing out on any big wins![\/vc_column_text][\/vc_column][\/vc_row][vc_row][vc_column][vc_zigzag][\/vc_column][\/vc_row][vc_row][vc_column][vc_column_text css=\u00a0\u00bb\u00a0\u00bb][\/vc_column_text][\/vc_column][\/vc_row][vc_row css=\u00a0\u00bb.vc_custom_gold{background-color: #f1c40f; padding: 60px 0;}\u00a0\u00bb][vc_column width=\u00a0\u00bb1\/2&Prime;][vc_custom_heading text=\u00a0\u00bbD\u00e9bloquez votre surcharge d&rsquo;or\u00a0\u00bb use_theme_fonts=\u00a0\u00bbyes\u00a0\u00bb css=\u00a0\u00bb\u00a0\u00bb][vc_column_text css=\u00a0\u00bb\u00a0\u00bb]Gold Surge is a special feature that rewards you for your consistency! If you manage to claim a Rewards Riches prize for 8 consecutive days, you can activate Gold Surge and receive a special Upgraded Reward. To unlock this, simply tap the Gold Surge button located at the top right of your page. Once activated, your Rewards Riches page will turn gold, and you\u2019ll enjoy 24 hours of exclusive, Upgraded Rewards.<\/p>\n<h4>My Rewards Riches Page Just Turned Gold \ud83c\udfb0<\/h4>\n<p>Congratulations, you\u2019ve hit a Gold Surge! This means you\u2019ve successfully claimed a Rewards Riches prize every day for 8 consecutive days, earning your Gold Surge Extra Reward. For the next 24 hours, your page will turn gold, and you\u2019ll be able to claim exciting, Upgraded Rewards that are even better than before![\/vc_column_text][\/vc_column][vc_column width=\u00a0\u00bb1\/2&Prime;][vc_single_image image=\u00a0\u00bb20176&Prime; img_size=\u00a0\u00bb350&#215;350&Prime; alignment=\u00a0\u00bbcenter\u00a0\u00bb css=\u00a0\u00bb\u00a0\u00bb][\/vc_column][\/vc_row][vc_row][vc_column][vc_zigzag][\/vc_column][\/vc_row][vc_row][vc_column][vc_column_text css=\u00a0\u00bb\u00a0\u00bb][\/vc_column_text][\/vc_column][\/vc_row][vc_row][vc_column][vc_custom_heading text=\u00a0\u00bbQuestions fr\u00e9quemment pos\u00e9es\u00a0\u00bb use_theme_fonts=\u00a0\u00bbyes\u00a0\u00bb css=\u00a0\u00bb\u00a0\u00bb][vc_accordion][vc_accordion_tab title=\u00a0\u00bbQu&rsquo;est-ce que Rewards Riches ?\u00a0\u00bb][vc_column_text css=\u00a0\u00bb\u00a0\u00bb]Rewards Riches est un programme passionnant qui vous permet de gagner des r\u00e9compenses de fid\u00e9lit\u00e9, des bonus exclusifs et bien plus encore, simplement en jouant \u00e0 vos jeux de casino pr\u00e9f\u00e9r\u00e9s. Plus vous jouez, plus vous gagnez ![\/vc_column_text][\/vc_accordion_tab][vc_accordion_tab title=\u00a0\u00bbComment gagner des r\u00e9compenses ?\u00a0\u00bb][vc_column_text css=\u00a0\u00bb\u00a0\u00bb]Gagnez des r\u00e9compenses en jouant r\u00e9guli\u00e8rement. Pour chaque jeu auquel vous jouez, vous accumulez des points et d\u00e9bloquez de nouvelles r\u00e9compenses, allant de tours gratuits \u00e0 des bonus sp\u00e9ciaux et des prix exclusifs.[\/vc_column_text][\/vc_accordion_tab][vc_accordion_tab title=\u00a0\u00bbQu&rsquo;est-ce que le tirage Thunderball ?\u00a0\u00bb][vc_column_text css=\u00a0\u00bb\u00a0\u00bb]Le tirage Thunderball est un \u00e9v\u00e9nement hebdomadaire au cours duquel vous pouvez gagner des prix garantis. Rassemblez vos num\u00e9ros, participez au tirage et vous aurez une chance de gagner des r\u00e9compenses fantastiques ![\/vc_column_text][\/vc_accordion_tab][\/vc_accordion][\/vc_column][\/vc_row][vc_row][vc_column][vc_custom_heading text=\u00a0\u00bbEarn More by Checking Out These Exclusive Offers!\u00a0\u00bb use_theme_fonts=\u00a0\u00bbyes\u00a0\u00bb css=\u00a0\u00bb\u00a0\u00bb][\/vc_column][\/vc_row][vc_row][vc_column][vc_column_text css=\u00a0\u00bb\u00a0\u00bb]Discover the best ways to boost your winnings with <a href=\"https:\/\/www.casinomauritius.mu\/fr\/bonus-de-tours-gratuits\/\">Free Spins<\/a>, <a href=\"https:\/\/www.casinomauritius.mu\/fr\/bonus\/\">Bonus<\/a>, and <a href=\"https:\/\/www.casinomauritius.mu\/fr\/bonus-sans-depot\/\">No Deposit Bonus<\/a>. Take advantage of these amazing offers and maximize your chances of hitting big![\/vc_column_text][\/vc_column][\/vc_row]<\/p>\n<\/div>","protected":false},"excerpt":{"rendered":"<p> [&hellip;]<\/p>\n","protected":false},"author":6,"featured_media":20895,"parent":14607,"menu_order":0,"comment_status":"closed","ping_status":"closed","template":"","meta":{"site-sidebar-layout":"no-sidebar","site-content-layout":"plain-container","ast-site-content-layout":"normal-width-container","site-content-style":"unboxed","site-sidebar-style":"unboxed","ast-global-header-display":"","ast-banner-title-visibility":"","ast-main-header-display":"","ast-hfb-above-header-display":"","ast-hfb-below-header-display":"","ast-hfb-mobile-header-display":"","site-post-title":"disabled","ast-breadcrumbs-content":"","ast-featured-img":"disabled","footer-sml-layout":"","ast-disable-related-posts":"","theme-transparent-header-meta":"default","adv-header-id-meta":"","stick-header-meta":"default","header-above-stick-meta":"","header-main-stick-meta":"","header-below-stick-meta":"","astra-migrate-meta-layouts":"set","ast-page-background-enabled":"default","ast-page-background-meta":{"desktop":{"background-color":"","background-image":"","background-repeat":"repeat","background-position":"center center","background-size":"auto","background-attachment":"scroll","background-type":"","background-media":"","overlay-type":"","overlay-color":"","overlay-opacity":"","overlay-gradient":""},"tablet":{"background-color":"","background-image":"","background-repeat":"repeat","background-position":"center center","background-size":"auto","background-attachment":"scroll","background-type":"","background-media":"","overlay-type":"","overlay-color":"","overlay-opacity":"","overlay-gradient":""},"mobile":{"background-color":"","background-image":"","background-repeat":"repeat","background-position":"center center","background-size":"auto","background-attachment":"scroll","background-type":"","background-media":"","overlay-type":"","overlay-color":"","overlay-opacity":"","overlay-gradient":""}},"ast-content-background-meta":{"desktop":{"background-color":"var(--ast-global-color-5)","background-image":"","background-repeat":"repeat","background-position":"center center","background-size":"auto","background-attachment":"scroll","background-type":"","background-media":"","overlay-type":"","overlay-color":"","overlay-opacity":"","overlay-gradient":""},"tablet":{"background-color":"var(--ast-global-color-5)","background-image":"","background-repeat":"repeat","background-position":"center center","background-size":"auto","background-attachment":"scroll","background-type":"","background-media":"","overlay-type":"","overlay-color":"","overlay-opacity":"","overlay-gradient":""},"mobile":{"background-color":"var(--ast-global-color-5)","background-image":"","background-repeat":"repeat","background-position":"center center","background-size":"auto","background-attachment":"scroll","background-type":"","background-media":"","overlay-type":"","overlay-color":"","overlay-opacity":"","overlay-gradient":""}},"footnotes":""},"categories":[],"tags":[],"class_list":["post-20510","page","type-page","status-publish","has-post-thumbnail","hentry"],"yoast_head":"<!-- This site is optimized with the Yoast SEO plugin v27.0 - https:\/\/yoast.com\/product\/yoast-seo-wordpress\/ -->\n<title>Rewards Riches - Casino de l&#039;\u00eele Maurice<\/title>\n<meta name=\"description\" content=\"D\u00e9bloquez des r\u00e9compenses incroyables avec Rewards Riches ! Profitez de bonus exclusifs, de tours gratuits et d&#039;offres sans d\u00e9p\u00f4t.\" \/>\n<meta name=\"robots\" content=\"index, follow, max-snippet:-1, max-image-preview:large, max-video-preview:-1\" \/>\n<link rel=\"canonical\" href=\"https:\/\/www.casinomauritius.mu\/fr\/bonus\/rewards-riches\/\" \/>\n<meta property=\"og:locale\" content=\"fr_FR\" \/>\n<meta property=\"og:type\" content=\"article\" \/>\n<meta property=\"og:title\" content=\"Rewards Riches - Casino de l&#039;\u00eele Maurice\" \/>\n<meta property=\"og:description\" content=\"D\u00e9bloquez des r\u00e9compenses incroyables avec Rewards Riches ! Profitez de bonus exclusifs, de tours gratuits et d&#039;offres sans d\u00e9p\u00f4t.\" \/>\n<meta property=\"og:url\" content=\"https:\/\/www.casinomauritius.mu\/fr\/bonus\/rewards-riches\/\" \/>\n<meta property=\"og:site_name\" content=\"Casino de l&#039;\u00eele Maurice\" \/>\n<meta property=\"article:modified_time\" content=\"2025-04-05T03:45:39+00:00\" \/>\n<meta property=\"og:image\" content=\"https:\/\/www.casinomauritius.mu\/wp-content\/uploads\/2025\/01\/Rewards-Riches-Logo.webp\" \/>\n\t<meta property=\"og:image:width\" content=\"1280\" \/>\n\t<meta property=\"og:image:height\" content=\"720\" \/>\n\t<meta property=\"og:image:type\" content=\"image\/webp\" \/>\n<meta name=\"twitter:card\" content=\"summary_large_image\" \/>\n<meta name=\"twitter:label1\" content=\"Dur\u00e9e de lecture estim\u00e9e\" \/>\n\t<meta name=\"twitter:data1\" content=\"5 minutes\" \/>\n<script type=\"application\/ld+json\" class=\"yoast-schema-graph\">{\"@context\":\"https:\/\/schema.org\",\"@graph\":[{\"@type\":\"WebPage\",\"@id\":\"https:\/\/www.casinomauritius.mu\/fr\/bonus\/rewards-riches\/\",\"url\":\"https:\/\/www.casinomauritius.mu\/fr\/bonus\/rewards-riches\/\",\"name\":\"Rewards Riches - Casino de l'\u00eele Maurice\",\"isPartOf\":{\"@id\":\"https:\/\/www.casinomauritius.mu\/fr\/#website\"},\"primaryImageOfPage\":{\"@id\":\"https:\/\/www.casinomauritius.mu\/fr\/bonus\/rewards-riches\/#primaryimage\"},\"image\":{\"@id\":\"https:\/\/www.casinomauritius.mu\/fr\/bonus\/rewards-riches\/#primaryimage\"},\"thumbnailUrl\":\"https:\/\/www.casinomauritius.mu\/wp-content\/uploads\/2025\/03\/Casino-Mauritius-Rewards-Riches.webp\",\"datePublished\":\"2025-01-31T07:48:21+00:00\",\"dateModified\":\"2025-04-05T03:45:39+00:00\",\"description\":\"D\u00e9bloquez des r\u00e9compenses incroyables avec Rewards Riches ! Profitez de bonus exclusifs, de tours gratuits et d'offres sans d\u00e9p\u00f4t.\",\"breadcrumb\":{\"@id\":\"https:\/\/www.casinomauritius.mu\/fr\/bonus\/rewards-riches\/#breadcrumb\"},\"inLanguage\":\"fr-FR\",\"potentialAction\":[{\"@type\":\"ReadAction\",\"target\":[\"https:\/\/www.casinomauritius.mu\/fr\/bonus\/rewards-riches\/\"]}]},{\"@type\":\"ImageObject\",\"inLanguage\":\"fr-FR\",\"@id\":\"https:\/\/www.casinomauritius.mu\/fr\/bonus\/rewards-riches\/#primaryimage\",\"url\":\"https:\/\/www.casinomauritius.mu\/wp-content\/uploads\/2025\/03\/Casino-Mauritius-Rewards-Riches.webp\",\"contentUrl\":\"https:\/\/www.casinomauritius.mu\/wp-content\/uploads\/2025\/03\/Casino-Mauritius-Rewards-Riches.webp\",\"width\":1280,\"height\":720,\"caption\":\"Rewards Riches\"},{\"@type\":\"BreadcrumbList\",\"@id\":\"https:\/\/www.casinomauritius.mu\/fr\/bonus\/rewards-riches\/#breadcrumb\",\"itemListElement\":[{\"@type\":\"ListItem\",\"position\":1,\"name\":\"Home\",\"item\":\"https:\/\/www.casinomauritius.mu\/fr\/\"},{\"@type\":\"ListItem\",\"position\":2,\"name\":\"Bonus\",\"item\":\"https:\/\/www.casinomauritius.mu\/fr\/bonus\/\"},{\"@type\":\"ListItem\",\"position\":3,\"name\":\"Rewards Riches\"}]},{\"@type\":\"WebSite\",\"@id\":\"https:\/\/www.casinomauritius.mu\/fr\/#website\",\"url\":\"https:\/\/www.casinomauritius.mu\/fr\/\",\"name\":\"Casino de l'\u00eele Maurice\",\"description\":\"Venez le c\u0153ur plein, repartez le portefeuille plein\",\"publisher\":{\"@id\":\"https:\/\/www.casinomauritius.mu\/fr\/#organization\"},\"potentialAction\":[{\"@type\":\"SearchAction\",\"target\":{\"@type\":\"EntryPoint\",\"urlTemplate\":\"https:\/\/www.casinomauritius.mu\/fr\/?s={search_term_string}\"},\"query-input\":{\"@type\":\"PropertyValueSpecification\",\"valueRequired\":true,\"valueName\":\"search_term_string\"}}],\"inLanguage\":\"fr-FR\"},{\"@type\":\"Organization\",\"@id\":\"https:\/\/www.casinomauritius.mu\/fr\/#organization\",\"name\":\"Casino de l'\u00eele Maurice\",\"url\":\"https:\/\/www.casinomauritius.mu\/fr\/\",\"logo\":{\"@type\":\"ImageObject\",\"inLanguage\":\"fr-FR\",\"@id\":\"https:\/\/www.casinomauritius.mu\/fr\/#\/schema\/logo\/image\/\",\"url\":\"https:\/\/www.casinomauritius.mu\/wp-content\/uploads\/2020\/06\/Casino_Mauritius_Logo-01.png\",\"contentUrl\":\"https:\/\/www.casinomauritius.mu\/wp-content\/uploads\/2020\/06\/Casino_Mauritius_Logo-01.png\",\"width\":200,\"height\":63,\"caption\":\"Casino de l'\u00eele Maurice\"},\"image\":{\"@id\":\"https:\/\/www.casinomauritius.mu\/fr\/#\/schema\/logo\/image\/\"}}]}<\/script>\n<!-- \/ Yoast SEO plugin. -->","yoast_head_json":{"title":"Rewards Riches - Casino de l'\u00eele Maurice","description":"D\u00e9bloquez des r\u00e9compenses incroyables avec Rewards Riches ! Profitez de bonus exclusifs, de tours gratuits et d'offres sans d\u00e9p\u00f4t.","robots":{"index":"index","follow":"follow","max-snippet":"max-snippet:-1","max-image-preview":"max-image-preview:large","max-video-preview":"max-video-preview:-1"},"canonical":"https:\/\/www.casinomauritius.mu\/fr\/bonus\/rewards-riches\/","og_locale":"fr_FR","og_type":"article","og_title":"Rewards Riches - Casino de l'\u00eele Maurice","og_description":"D\u00e9bloquez des r\u00e9compenses incroyables avec Rewards Riches ! Profitez de bonus exclusifs, de tours gratuits et d'offres sans d\u00e9p\u00f4t.","og_url":"https:\/\/www.casinomauritius.mu\/fr\/bonus\/rewards-riches\/","og_site_name":"Casino de l'\u00eele Maurice","article_modified_time":"2025-04-05T03:45:39+00:00","og_image":[{"width":1280,"height":720,"url":"https:\/\/www.casinomauritius.mu\/wp-content\/uploads\/2025\/01\/Rewards-Riches-Logo.webp","type":"image\/webp"}],"twitter_card":"summary_large_image","twitter_misc":{"Dur\u00e9e de lecture estim\u00e9e":"5 minutes"},"schema":{"@context":"https:\/\/schema.org","@graph":[{"@type":"WebPage","@id":"https:\/\/www.casinomauritius.mu\/fr\/bonus\/rewards-riches\/","url":"https:\/\/www.casinomauritius.mu\/fr\/bonus\/rewards-riches\/","name":"Rewards Riches - Casino de l'\u00eele Maurice","isPartOf":{"@id":"https:\/\/www.casinomauritius.mu\/fr\/#website"},"primaryImageOfPage":{"@id":"https:\/\/www.casinomauritius.mu\/fr\/bonus\/rewards-riches\/#primaryimage"},"image":{"@id":"https:\/\/www.casinomauritius.mu\/fr\/bonus\/rewards-riches\/#primaryimage"},"thumbnailUrl":"https:\/\/www.casinomauritius.mu\/wp-content\/uploads\/2025\/03\/Casino-Mauritius-Rewards-Riches.webp","datePublished":"2025-01-31T07:48:21+00:00","dateModified":"2025-04-05T03:45:39+00:00","description":"D\u00e9bloquez des r\u00e9compenses incroyables avec Rewards Riches ! Profitez de bonus exclusifs, de tours gratuits et d'offres sans d\u00e9p\u00f4t.","breadcrumb":{"@id":"https:\/\/www.casinomauritius.mu\/fr\/bonus\/rewards-riches\/#breadcrumb"},"inLanguage":"fr-FR","potentialAction":[{"@type":"ReadAction","target":["https:\/\/www.casinomauritius.mu\/fr\/bonus\/rewards-riches\/"]}]},{"@type":"ImageObject","inLanguage":"fr-FR","@id":"https:\/\/www.casinomauritius.mu\/fr\/bonus\/rewards-riches\/#primaryimage","url":"https:\/\/www.casinomauritius.mu\/wp-content\/uploads\/2025\/03\/Casino-Mauritius-Rewards-Riches.webp","contentUrl":"https:\/\/www.casinomauritius.mu\/wp-content\/uploads\/2025\/03\/Casino-Mauritius-Rewards-Riches.webp","width":1280,"height":720,"caption":"Rewards Riches"},{"@type":"BreadcrumbList","@id":"https:\/\/www.casinomauritius.mu\/fr\/bonus\/rewards-riches\/#breadcrumb","itemListElement":[{"@type":"ListItem","position":1,"name":"Home","item":"https:\/\/www.casinomauritius.mu\/fr\/"},{"@type":"ListItem","position":2,"name":"Bonus","item":"https:\/\/www.casinomauritius.mu\/fr\/bonus\/"},{"@type":"ListItem","position":3,"name":"Rewards Riches"}]},{"@type":"WebSite","@id":"https:\/\/www.casinomauritius.mu\/fr\/#website","url":"https:\/\/www.casinomauritius.mu\/fr\/","name":"Casino de l'\u00eele Maurice","description":"Venez le c\u0153ur plein, repartez le portefeuille plein","publisher":{"@id":"https:\/\/www.casinomauritius.mu\/fr\/#organization"},"potentialAction":[{"@type":"SearchAction","target":{"@type":"EntryPoint","urlTemplate":"https:\/\/www.casinomauritius.mu\/fr\/?s={search_term_string}"},"query-input":{"@type":"PropertyValueSpecification","valueRequired":true,"valueName":"search_term_string"}}],"inLanguage":"fr-FR"},{"@type":"Organization","@id":"https:\/\/www.casinomauritius.mu\/fr\/#organization","name":"Casino de l'\u00eele Maurice","url":"https:\/\/www.casinomauritius.mu\/fr\/","logo":{"@type":"ImageObject","inLanguage":"fr-FR","@id":"https:\/\/www.casinomauritius.mu\/fr\/#\/schema\/logo\/image\/","url":"https:\/\/www.casinomauritius.mu\/wp-content\/uploads\/2020\/06\/Casino_Mauritius_Logo-01.png","contentUrl":"https:\/\/www.casinomauritius.mu\/wp-content\/uploads\/2020\/06\/Casino_Mauritius_Logo-01.png","width":200,"height":63,"caption":"Casino de l'\u00eele Maurice"},"image":{"@id":"https:\/\/www.casinomauritius.mu\/fr\/#\/schema\/logo\/image\/"}}]}},"_links":{"self":[{"href":"https:\/\/www.casinomauritius.mu\/fr\/wp-json\/wp\/v2\/pages\/20510","targetHints":{"allow":["GET"]}}],"collection":[{"href":"https:\/\/www.casinomauritius.mu\/fr\/wp-json\/wp\/v2\/pages"}],"about":[{"href":"https:\/\/www.casinomauritius.mu\/fr\/wp-json\/wp\/v2\/types\/page"}],"author":[{"embeddable":true,"href":"https:\/\/www.casinomauritius.mu\/fr\/wp-json\/wp\/v2\/users\/6"}],"replies":[{"embeddable":true,"href":"https:\/\/www.casinomauritius.mu\/fr\/wp-json\/wp\/v2\/comments?post=20510"}],"version-history":[{"count":2,"href":"https:\/\/www.casinomauritius.mu\/fr\/wp-json\/wp\/v2\/pages\/20510\/revisions"}],"predecessor-version":[{"id":20962,"href":"https:\/\/www.casinomauritius.mu\/fr\/wp-json\/wp\/v2\/pages\/20510\/revisions\/20962"}],"up":[{"embeddable":true,"href":"https:\/\/www.casinomauritius.mu\/fr\/wp-json\/wp\/v2\/pages\/14607"}],"wp:featuredmedia":[{"embeddable":true,"href":"https:\/\/www.casinomauritius.mu\/fr\/wp-json\/wp\/v2\/media\/20895"}],"wp:attachment":[{"href":"https:\/\/www.casinomauritius.mu\/fr\/wp-json\/wp\/v2\/media?parent=20510"}],"wp:term":[{"taxonomy":"category","embeddable":true,"href":"https:\/\/www.casinomauritius.mu\/fr\/wp-json\/wp\/v2\/categories?post=20510"},{"taxonomy":"post_tag","embeddable":true,"href":"https:\/\/www.casinomauritius.mu\/fr\/wp-json\/wp\/v2\/tags?post=20510"}],"curies":[{"name":"wp","href":"https:\/\/api.w.org\/{rel}","templated":true}]}}